{"id":11510,"date":"2025-06-02T16:04:47","date_gmt":"2025-06-02T20:04:47","guid":{"rendered":"https:\/\/dectron.com\/?page_id=11510"},"modified":"2025-06-03T10:33:42","modified_gmt":"2025-06-03T14:33:42","slug":"dry-o-tron-serie-ds-2","status":"publish","type":"page","link":"https:\/\/dectron.com\/fr\/produits\/dry-o-tron-serie-ds-2\/","title":{"rendered":"<strong>Dry-O-Tron<\/strong> S\u00e9rie DS <br>avec option point de ros\u00e9e bas"},"content":{"rendered":"\t\t<div data-elementor-type=\"wp-page\" data-elementor-id=\"11510\" class=\"elementor elementor-11510 elementor-11509\" data-elementor-post-type=\"page\">\n\t\t\t\t\t\t<section class=\"elementor-section elementor-top-section elementor-element elementor-element-426a82c elementor-section-boxed elementor-section-height-default elementor-section-height-default\" data-id=\"426a82c\" data-element_type=\"section\" data-e-type=\"section\">\n\t\t\t\t\t\t<div class=\"elementor-container elementor-column-gap-default\">\n\t\t\t\t\t<div class=\"elementor-column elementor-col-100 elementor-top-column elementor-element elementor-element-16a4d2ff\" data-id=\"16a4d2ff\" data-element_type=\"column\" data-e-type=\"column\">\n\t\t\t<div class=\"elementor-widget-wrap elementor-element-populated\">\n\t\t\t\t\t\t<div class=\"elementor-element elementor-element-ee28076 elementor-widget elementor-widget-heading\" data-id=\"ee28076\" data-element_type=\"widget\" data-e-type=\"widget\" data-widget_type=\"heading.default\">\n\t\t\t\t<div class=\"elementor-widget-container\">\n\t\t\t\t\t<h2 class=\"elementor-heading-title elementor-size-default\"><strong>Dry-O-Tron<\/strong><\/h2>\t\t\t\t<\/div>\n\t\t\t\t<\/div>\n\t\t\t\t<div class=\"elementor-element elementor-element-fb3a5b2 elementor-widget elementor-widget-text-editor\" data-id=\"fb3a5b2\" data-element_type=\"widget\" data-e-type=\"widget\" data-widget_type=\"text-editor.default\">\n\t\t\t\t<div class=\"elementor-widget-container\">\n\t\t\t\t\t\t\t\t\t<p><strong>w\/ Option bas point de ros\u00e9e<\/strong><\/p>\t\t\t\t\t\t\t\t<\/div>\n\t\t\t\t<\/div>\n\t\t\t\t<div class=\"elementor-element elementor-element-9be403b elementor-widget elementor-widget-heading\" data-id=\"9be403b\" data-element_type=\"widget\" data-e-type=\"widget\" data-widget_type=\"heading.default\">\n\t\t\t\t<div class=\"elementor-widget-container\">\n\t\t\t\t\t<h3 class=\"elementor-heading-title elementor-size-default\">Fiabilit\u00e9 in\u00e9gal\u00e9e dans divers environnements<\/h3>\t\t\t\t<\/div>\n\t\t\t\t<\/div>\n\t\t\t\t<div class=\"elementor-element elementor-element-26652a4 elementor-widget elementor-widget-text-editor\" data-id=\"26652a4\" data-element_type=\"widget\" data-e-type=\"widget\" data-widget_type=\"text-editor.default\">\n\t\t\t\t<div class=\"elementor-widget-container\">\n\t\t\t\t\t\t\t\t\t<p>Les syst\u00e8mes CVC \u00e0 faible point de ros\u00e9e de Dectron sont sp\u00e9cialement con\u00e7us pour r\u00e9pondre aux besoins extr\u00eames de d\u00e9shumidification des centres de traitement de l&#8217;eau, des installations d&#8217;archivage ou de tout autre environnement o\u00f9 la d\u00e9shumidification est n\u00e9cessaire \u00e0 des points de ros\u00e9e inf\u00e9rieurs.<\/p><p>Notre technologie de compresseur \u00e0 deux \u00e9tages offre non seulement une faible consommation d \u00ab \u00e9nergie, mais emp\u00eache \u00e9galement le gel du serpentin d \u00bb \u00e9vaporation, ce qui <span dir=\"ltr\">permet de climatiser et de d\u00e9shumidifier avec des points de ros\u00e9e de l&#8217;air entrant aussi bas que 40\u00b0F<\/span>. Gr\u00e2ce \u00e0 la surveillance Internet 24\/7 via WebSentry\u00ae, vous pouvez garantir des performances optimales et des alertes imm\u00e9diates, pour une tranquillit\u00e9 d&#8217;esprit et une efficacit\u00e9 op\u00e9rationnelle accrues. <\/p>\t\t\t\t\t\t\t\t<\/div>\n\t\t\t\t<\/div>\n\t\t\t\t<div class=\"elementor-element elementor-element-59a2526 elementor-widget elementor-widget-heading\" data-id=\"59a2526\" data-element_type=\"widget\" data-e-type=\"widget\" data-widget_type=\"heading.default\">\n\t\t\t\t<div class=\"elementor-widget-container\">\n\t\t\t\t\t<h3 class=\"elementor-heading-title elementor-size-default\">\u00c0 propos de <sup>WebSentry<\/sup><\/h3>\t\t\t\t<\/div>\n\t\t\t\t<\/div>\n\t\t\t\t<div class=\"elementor-element elementor-element-c8e1a32 elementor-widget elementor-widget-text-editor\" data-id=\"c8e1a32\" data-element_type=\"widget\" data-e-type=\"widget\" data-widget_type=\"text-editor.default\">\n\t\t\t\t<div class=\"elementor-widget-container\">\n\t\t\t\t\t\t\t\t\t<p class=\"p1\">Notre technologie de surveillance <sup>WebSentry\u00ae<\/sup> red\u00e9finit le concept de service et d&#8217;assistance en surveillant, analysant et signalant \u00e0 distance toutes les fonctions critiques de votre d\u00e9shumidificateur 24 heures sur 24, 7 jours sur 7, en temps r\u00e9el via Internet, sans frais suppl\u00e9mentaires !<\/p>\n\n<ul>\n \t<li>Surveillance automatis\u00e9e des performances avec des alertes de probl\u00e8mes, des rappels de service et des donn\u00e9es sur les performances envoy\u00e9es par courrier \u00e9lectronique.<\/li>\n \t<li>Les techniciens d&#8217;usine ou les techniciens agr\u00e9\u00e9s peuvent r\u00e9gler et affiner les performances de l&#8217;unit\u00e9 \u00e0 distance ou r\u00e9soudre les probl\u00e8mes.<\/li>\n<\/ul>\t\t\t\t\t\t\t\t<\/div>\n\t\t\t\t<\/div>\n\t\t\t\t<div class=\"elementor-element elementor-element-769cc40 elementor-widget elementor-widget-accordion\" data-id=\"769cc40\" data-element_type=\"widget\" data-e-type=\"widget\" data-widget_type=\"accordion.default\">\n\t\t\t\t<div class=\"elementor-widget-container\">\n\t\t\t\t\t\t\t<div class=\"elementor-accordion\">\n\t\t\t\t\t\t\t<div class=\"elementor-accordion-item\">\n\t\t\t\t\t<div id=\"elementor-tab-title-1241\" class=\"elementor-tab-title\" data-tab=\"1\" role=\"button\" aria-controls=\"elementor-tab-content-1241\" aria-expanded=\"false\">\n\t\t\t\t\t\t\t\t\t\t\t\t<a class=\"elementor-accordion-title\" tabindex=\"0\">FAITS MARQUANTS<\/a>\n\t\t\t\t\t<\/div>\n\t\t\t\t\t<div id=\"elementor-tab-content-1241\" class=\"elementor-tab-content elementor-clearfix\" data-tab=\"1\" role=\"region\" aria-labelledby=\"elementor-tab-title-1241\"><ul class=\"clo-2\"><li>Disponible sur les s\u00e9ries Dry-O-Tron DS existantes de 2 \u00e0 8 tonnes, y compris les unit\u00e9s empil\u00e9es.<\/li><li>Compresseurs \u00e0 2 \u00e9tages pour un contr\u00f4le pr\u00e9cis de l&#8217;environnement<\/li><li>Valves d&#8217;expansion \u00e9lectroniques (EEV) pour un d\u00e9bit exact du r\u00e9frig\u00e9rant<\/li><li>Capacit\u00e9 de climatisation<\/li><li>Technologie de d\u00e9shumidification silencieuse et ultra-efficace dans un encombrement r\u00e9duit<\/li><li>Les multiples options de raccordement des conduits d&#8217;air offrent une grande souplesse pour les r\u00e9novations ou les nouvelles constructions.<\/li><li>Les composants critiques sont maintenus hors du flux d&#8217;air.<\/li><li>Surveillance de l&#8217;Internet 24\/7 via <sup>WebSentry\u00ae<\/sup>.<\/li><li>Garantie in\u00e9gal\u00e9e d&#8217;un an sur la main d&#8217;\u0153uvre avec la connexion <sup>WebSentry<\/sup><\/li><li>Garantie de 2 ans sur les pi\u00e8ces<\/li><\/ul><\/div>\n\t\t\t\t<\/div>\n\t\t\t\t\t\t\t<div class=\"elementor-accordion-item\">\n\t\t\t\t\t<div id=\"elementor-tab-title-1242\" class=\"elementor-tab-title\" data-tab=\"2\" role=\"button\" aria-controls=\"elementor-tab-content-1242\" aria-expanded=\"false\">\n\t\t\t\t\t\t\t\t\t\t\t\t<a class=\"elementor-accordion-title\" tabindex=\"0\">CANDIDATURES<\/a>\n\t\t\t\t\t<\/div>\n\t\t\t\t\t<div id=\"elementor-tab-content-1242\" class=\"elementor-tab-content elementor-clearfix\" data-tab=\"2\" role=\"region\" aria-labelledby=\"elementor-tab-title-1242\"><ul class=\"clo-2\"><li>Centres de traitement des eaux<\/li><li>Archives<\/li><li>Biblioth\u00e8ques<\/li><li>Salles de serveurs<\/li><li>Installations de stockage<\/li><li>Entrep\u00f4ts<\/li><li>Vides sanitaires<\/li><li>Grottes<\/li><li>Salles de s\u00e9chage pour parachutes<\/li><li>Locaux de s\u00e9chage des tuyaux d&#8217;incendie<\/li><li>Et plus encore&#8230;<\/li><\/ul><\/div>\n\t\t\t\t<\/div>\n\t\t\t\t\t\t\t<div class=\"elementor-accordion-item\">\n\t\t\t\t\t<div id=\"elementor-tab-title-1243\" class=\"elementor-tab-title\" data-tab=\"3\" role=\"button\" aria-controls=\"elementor-tab-content-1243\" aria-expanded=\"false\">\n\t\t\t\t\t\t\t\t\t\t\t\t<a class=\"elementor-accordion-title\" tabindex=\"0\">OPTIONS<\/a>\n\t\t\t\t\t<\/div>\n\t\t\t\t\t<div id=\"elementor-tab-content-1243\" class=\"elementor-tab-content elementor-clearfix\" data-tab=\"3\" role=\"region\" aria-labelledby=\"elementor-tab-title-1243\"><ul class=\"clo-2\"><li><span style=\"font-style: inherit;\">\u00c9chappement avec r\u00e9cup\u00e9ration de chaleur<\/span><\/li><li>Mode purge avec \u00e9conomiseur<\/li><li>Climatisation &#8211; refroidie \u00e0 l&#8217;air ou \u00e0 l&#8217;eau, split ou packag\u00e9e<\/li><li>Chauffage de l&#8217;air auxiliaire<\/li><li>Registre motoris\u00e9 de mise en marche et d&#8217;arr\u00eat de l&#8217;air ext\u00e9rieur li\u00e9 \u00e0 une horloge int\u00e9gr\u00e9e de 7 jours<\/li><li>Ventilation ext\u00e9rieure int\u00e9gr\u00e9e, avec filtre et registre<\/li><\/ul><\/div>\n\t\t\t\t<\/div>\n\t\t\t\t\t\t\t<div class=\"elementor-accordion-item\">\n\t\t\t\t\t<div id=\"elementor-tab-title-1244\" class=\"elementor-tab-title\" data-tab=\"4\" role=\"button\" aria-controls=\"elementor-tab-content-1244\" aria-expanded=\"false\">\n\t\t\t\t\t\t\t\t\t\t\t\t<a class=\"elementor-accordion-title\" tabindex=\"0\">CARACT\u00c9RISTIQUES STANDARD<\/a>\n\t\t\t\t\t<\/div>\n\t\t\t\t\t<div id=\"elementor-tab-content-1244\" class=\"elementor-tab-content elementor-clearfix\" data-tab=\"4\" role=\"region\" aria-labelledby=\"elementor-tab-title-1244\"><ul class=\"clo-2\"><li>Surveillance et contr\u00f4le de l&#8217;Internet <a href=\"https:\/\/dectron.com\/service\/vision-2-0-technology\/\">par WebSentry<\/a><ul><li>Mise en service de l&#8217;usine et assistance via Internet<\/li><li>Surveillance des performances 24 heures sur 24 et 7 jours sur 7<\/li><li>Avertissements de probl\u00e8mes par courrier \u00e9lectronique<\/li><li>Acc\u00e8s et contr\u00f4le par navigateur<\/li><li>Acc\u00e8s et contr\u00f4le par t\u00e9l\u00e9phone intelligent<\/li><\/ul><\/li><li>Garantie in\u00e9gal\u00e9e d&#8217;un an sur la main d&#8217;\u0153uvre avec la connexion <a href=\"https:\/\/dectron.com\/service\/vision-2-0-technology\/\">WebSentry<\/a><\/li><li>Garantie de 2 ans sur les pi\u00e8ces<\/li><li>Syst\u00e8me de contr\u00f4le SuperviseAire avec interface \u00e9cran tactile en option<ul><li>Composants critiques hors du flux d&#8217;air chlor\u00e9<\/li><li>Connectivit\u00e9 BACnet et Modbus int\u00e9gr\u00e9e<\/li><\/ul><\/li><li>Vestibule de service \u00e0 l&#8217;ext\u00e9rieur de la chambre d&#8217;air &#8211; sur tous les appareils<ul><li>Composants critiques hors du flux d&#8217;air chlor\u00e9<\/li><li>Efficacit\u00e9 maximale de la climatisation, pas d&#8217;apport de chaleur par les composants chauds<\/li><li>Facilit\u00e9 d&#8217;entretien, m\u00eame lorsque l&#8217;unit\u00e9 est en fonctionnement<\/li><\/ul><\/li><li>Ventilateurs ECM \u00e0 entra\u00eenement direct, plenum \u00e0 ailettes inclin\u00e9 vers l&#8217;arri\u00e8re<ul><li>Silencieux, puissant, efficace, fiable, \u00e9conome en \u00e9nergie<\/li><li>Pressions statiques plus \u00e9lev\u00e9es<\/li><li>Fonctionnement plus silencieux et plus grande efficacit\u00e9 \u00e9nerg\u00e9tique<\/li><li>Permet l&#8217;installation en usine d&#8217;un chauffage d&#8217;air auxiliaire<\/li><li>Offre une flexibilit\u00e9 maximale pour les options de gaines de soufflage d&#8217;air<\/li><li>Pas de courroies \u00e0 ajuster, \u00e0 user ou \u00e0 remplacer<\/li><\/ul><\/li><li>Bobines enti\u00e8rement tremp\u00e9es pour une protection \u00e0 100 % contre la corrosion &#8211; pas seulement les ailettes !<\/li><li>Protection exceptionnelle du compresseur<ul><li>Transducteurs de pression frigorifique \u00e0 l&#8217;aspiration et au refoulement<\/li><li>Surveillance 24\/7 des pressions critiques d&#8217;aspiration et de refoulement<\/li><li>pompe \u00e0 vide, chauffage du carter, moniteur de tension<\/li><li>accumulateur d&#8217;aspiration, s\u00e9parateur d&#8217;huile, surveillance de l&#8217;huile<\/li><\/ul><\/li><li>Voyants sur les r\u00e9cepteurs pour faciliter le chargement des syst\u00e8mes split sur le terrain<\/li><li>Ouvertures flexibles pour le soufflage et la reprise d&#8217;air &#8211; possibilit\u00e9 d&#8217;ouvertures multiples<\/li><li>Des configurations en miroir sont disponibles pour tous les mod\u00e8les \u00e0 double paroi afin de r\u00e9pondre aux exigences en mati\u00e8re de gaines.<\/li><li>Les meilleures armoires du secteur<\/li><li>Disponible en ext\u00e9rieur, en version packag\u00e9e ou split, avec condenseur \u00e0 air ou refroidisseur sec.<\/li><li>Conception de la base compatible avec les bordures de toit ou les dalles<\/li><li>Registre de d\u00e9rivation de l \u00ab \u00e9vaporateur motoris\u00e9 pour une charge correcte de l \u00bb \u00e9vaporateur et une efficacit\u00e9 maximale.<\/li><li>Filtres MERV-13<\/li><li>Chauffage de l&#8217;eau de piscine<\/li><\/ul><\/div>\n\t\t\t\t<\/div>\n\t\t\t\t\t\t\t<div class=\"elementor-accordion-item\">\n\t\t\t\t\t<div id=\"elementor-tab-title-1245\" class=\"elementor-tab-title\" data-tab=\"5\" role=\"button\" aria-controls=\"elementor-tab-content-1245\" aria-expanded=\"false\">\n\t\t\t\t\t\t\t\t\t\t\t\t<a class=\"elementor-accordion-title\" tabindex=\"0\">T\u00c9L\u00c9CHARGEMENTS<\/a>\n\t\t\t\t\t<\/div>\n\t\t\t\t\t<div id=\"elementor-tab-content-1245\" class=\"elementor-tab-content elementor-clearfix\" data-tab=\"5\" role=\"region\" aria-labelledby=\"elementor-tab-title-1245\"><style><span data-mce-type=\"bookmark\" style=\"display: inline-block; width: 0px; overflow: hidden; line-height: 0;\" class=\"mce_SELRES_start\">\ufeff<\/span><span data-mce-type=\"bookmark\" style=\"display: inline-block; width: 0px; overflow: hidden; line-height: 0;\" class=\"mce_SELRES_start\">\ufeff<\/span><br \/>table {border-collapse: collapse;}<br \/>td {argin: 0px; padding: 5px; text-align: left; border:0px solid #EDF4F8 !important; background-color: #EDF4F8 !important; }<br \/>.border {border: 0px solid #EDF4F8  !important; }<br \/>.noborders td {border:0; }<br \/><\/style>\n<table border=\"0\" width=\"100%\">\n<tbody>\n<tr>\n<td><a href=\"https:\/\/dectron.com\/wp-content\/uploads\/2019\/11\/Dectron-DS-Series_fr.pdf\" target=\"_blank\" rel=\"noopener\"><img decoding=\"async\" src=\"https:\/\/dectron.com\/wp-content\/uploads\/2025\/06\/dry-o-tron-ds-brochure-fr.jpg\" width=\"150\" height=\"194\" \/><br>\n<\/a>\n<a href=\"https:\/\/dectron.com\/wp-content\/uploads\/2019\/11\/Dectron-DS-Series_fr.pdf\" target=\"_blank\" rel=\"noopener\">S\u00e9rie DS\nde Dry\u2011O\u2011Tron\nde <strong>Dectron<\/strong>\n<\/a><\/td>\n<td><a href=\"https:\/\/dectron.com\/wp-content\/uploads\/2025\/06\/dectron-low-dewpoint-systems-fr.pdf\" target=\"_blank\" rel=\"noopener\"><img decoding=\"async\" class=\"alignnone\" src=\"https:\/\/dectron.com\/wp-content\/uploads\/2025\/06\/dectron-low-dewpoint-systems-thumbnail-fr.png\" alt=\"\" width=\"150\" height=\"194\" data-wp-editing=\"1\" \/><br>\n<\/a>\n<a href=\"https:\/\/dectron.com\/wp-content\/uploads\/2025\/06\/dectron-low-dewpoint-systems-fr.pdf\" target=\"_blank\" rel=\"noopener\">\n<strong>Dectron<\/strong>\nS\u00e9rie DS avec option bas point de ros\u00e9e\n<\/a><\/td>\n<\/tr>\n<\/tbody>\n<\/table><\/div>\n\t\t\t\t<\/div>\n\t\t\t\t\t\t\t\t<\/div>\n\t\t\t\t\t\t<\/div>\n\t\t\t\t<\/div>\n\t\t\t\t\t<\/div>\n\t\t<\/div>\n\t\t\t\t\t<\/div>\n\t\t<\/section>\n\t\t\t\t<\/div>\n\t\t","protected":false},"excerpt":{"rendered":"<p>Dry-O-Tron w\/ Option bas point de ros\u00e9e Fiabilit\u00e9 in\u00e9gal\u00e9e dans divers environnements Les syst\u00e8mes CVC \u00e0 faible point de ros\u00e9e de Dectron sont sp\u00e9cialement con\u00e7us pour r\u00e9pondre aux besoins extr\u00eames de d\u00e9shumidification des centres de traitement de l&#8217;eau, des installations d&#8217;archivage ou de tout autre environnement o\u00f9 la d\u00e9shumidification est n\u00e9cessaire \u00e0 des points de [&hellip;]<\/p>\n","protected":false},"author":6,"featured_media":11548,"parent":5121,"menu_order":0,"comment_status":"closed","ping_status":"closed","template":"","meta":{"_acf_changed":false,"footnotes":""},"class_list":["post-11510","page","type-page","status-publish","has-post-thumbnail","hentry"],"acf":[],"yoast_head":"<!-- This site is optimized with the Yoast SEO plugin v27.1.1 - https:\/\/yoast.com\/product\/yoast-seo-wordpress\/ -->\n<title>Dry-O-Tron S\u00e9rie DS avec option point de ros\u00e9e bas - Dectron<\/title>\n<meta name=\"robots\" content=\"index, follow, max-snippet:-1, max-image-preview:large, max-video-preview:-1\" \/>\n<link rel=\"canonical\" href=\"https:\/\/dectron.com\/products\/strongdry-o-tron-strong-ds-seriesbrw-low-dew-point-option\/\" \/>\n<meta property=\"og:locale\" content=\"fr_FR\" \/>\n<meta property=\"og:type\" content=\"article\" \/>\n<meta property=\"og:title\" content=\"Dry-O-Tron S\u00e9rie DS avec option point de ros\u00e9e bas - Dectron\" \/>\n<meta property=\"og:description\" content=\"Dry-O-Tron w\/ Option bas point de ros\u00e9e Fiabilit\u00e9 in\u00e9gal\u00e9e dans divers environnements Les syst\u00e8mes CVC \u00e0 faible point de ros\u00e9e de Dectron sont sp\u00e9cialement con\u00e7us pour r\u00e9pondre aux besoins extr\u00eames de d\u00e9shumidification des centres de traitement de l&#8217;eau, des installations d&#8217;archivage ou de tout autre environnement o\u00f9 la d\u00e9shumidification est n\u00e9cessaire \u00e0 des points de [&hellip;]\" \/>\n<meta property=\"og:url\" content=\"https:\/\/dectron.com\/products\/strongdry-o-tron-strong-ds-seriesbrw-low-dew-point-option\/\" \/>\n<meta property=\"og:site_name\" content=\"Dectron\" \/>\n<meta property=\"article:modified_time\" content=\"2025-06-03T14:33:42+00:00\" \/>\n<meta property=\"og:image\" content=\"https:\/\/dectron.com\/wp-content\/uploads\/2024\/08\/dectron-low-dew-point-header.jpg\" \/>\n\t<meta property=\"og:image:width\" content=\"1920\" \/>\n\t<meta property=\"og:image:height\" content=\"615\" \/>\n\t<meta property=\"og:image:type\" content=\"image\/jpeg\" \/>\n<meta name=\"twitter:card\" content=\"summary_large_image\" \/>\n<meta name=\"twitter:label1\" content=\"Dur\u00e9e de lecture estim\u00e9e\" \/>\n\t<meta name=\"twitter:data1\" content=\"5 minutes\" \/>\n<script type=\"application\/ld+json\" class=\"yoast-schema-graph\">{\"@context\":\"https:\/\/schema.org\",\"@graph\":[{\"@type\":\"WebPage\",\"@id\":\"https:\/\/dectron.com\/products\/strongdry-o-tron-strong-ds-seriesbrw-low-dew-point-option\/\",\"url\":\"https:\/\/dectron.com\/products\/strongdry-o-tron-strong-ds-seriesbrw-low-dew-point-option\/\",\"name\":\"Dry-O-Tron S\u00e9rie DS avec option point de ros\u00e9e bas - Dectron\",\"isPartOf\":{\"@id\":\"https:\/\/dectron.com\/#website\"},\"primaryImageOfPage\":{\"@id\":\"https:\/\/dectron.com\/products\/strongdry-o-tron-strong-ds-seriesbrw-low-dew-point-option\/#primaryimage\"},\"image\":{\"@id\":\"https:\/\/dectron.com\/products\/strongdry-o-tron-strong-ds-seriesbrw-low-dew-point-option\/#primaryimage\"},\"thumbnailUrl\":\"https:\/\/dectron.com\/wp-content\/uploads\/2024\/08\/dectron-low-dew-point-header.jpg\",\"datePublished\":\"2025-06-02T20:04:47+00:00\",\"dateModified\":\"2025-06-03T14:33:42+00:00\",\"breadcrumb\":{\"@id\":\"https:\/\/dectron.com\/products\/strongdry-o-tron-strong-ds-seriesbrw-low-dew-point-option\/#breadcrumb\"},\"inLanguage\":\"fr-FR\",\"potentialAction\":[{\"@type\":\"ReadAction\",\"target\":[\"https:\/\/dectron.com\/products\/strongdry-o-tron-strong-ds-seriesbrw-low-dew-point-option\/\"]}]},{\"@type\":\"ImageObject\",\"inLanguage\":\"fr-FR\",\"@id\":\"https:\/\/dectron.com\/products\/strongdry-o-tron-strong-ds-seriesbrw-low-dew-point-option\/#primaryimage\",\"url\":\"https:\/\/dectron.com\/wp-content\/uploads\/2024\/08\/dectron-low-dew-point-header.jpg\",\"contentUrl\":\"https:\/\/dectron.com\/wp-content\/uploads\/2024\/08\/dectron-low-dew-point-header.jpg\",\"width\":1920,\"height\":615},{\"@type\":\"BreadcrumbList\",\"@id\":\"https:\/\/dectron.com\/products\/strongdry-o-tron-strong-ds-seriesbrw-low-dew-point-option\/#breadcrumb\",\"itemListElement\":[{\"@type\":\"ListItem\",\"position\":1,\"name\":\"Produits\",\"item\":\"https:\/\/dectron.com\/products\/\"},{\"@type\":\"ListItem\",\"position\":2,\"name\":\"Dry-O-Tron S\u00e9rie DS avec option point de ros\u00e9e bas\"}]},{\"@type\":\"WebSite\",\"@id\":\"https:\/\/dectron.com\/#website\",\"url\":\"https:\/\/dectron.com\/\",\"name\":\"Dectron\",\"description\":\"DRY-O-TRON\",\"potentialAction\":[{\"@type\":\"SearchAction\",\"target\":{\"@type\":\"EntryPoint\",\"urlTemplate\":\"https:\/\/dectron.com\/?s={search_term_string}\"},\"query-input\":{\"@type\":\"PropertyValueSpecification\",\"valueRequired\":true,\"valueName\":\"search_term_string\"}}],\"inLanguage\":\"fr-FR\"}]}<\/script>\n<!-- \/ Yoast SEO plugin. -->","yoast_head_json":{"title":"Dry-O-Tron S\u00e9rie DS avec option point de ros\u00e9e bas - Dectron","robots":{"index":"index","follow":"follow","max-snippet":"max-snippet:-1","max-image-preview":"max-image-preview:large","max-video-preview":"max-video-preview:-1"},"canonical":"https:\/\/dectron.com\/products\/strongdry-o-tron-strong-ds-seriesbrw-low-dew-point-option\/","og_locale":"fr_FR","og_type":"article","og_title":"Dry-O-Tron S\u00e9rie DS avec option point de ros\u00e9e bas - Dectron","og_description":"Dry-O-Tron w\/ Option bas point de ros\u00e9e Fiabilit\u00e9 in\u00e9gal\u00e9e dans divers environnements Les syst\u00e8mes CVC \u00e0 faible point de ros\u00e9e de Dectron sont sp\u00e9cialement con\u00e7us pour r\u00e9pondre aux besoins extr\u00eames de d\u00e9shumidification des centres de traitement de l&#8217;eau, des installations d&#8217;archivage ou de tout autre environnement o\u00f9 la d\u00e9shumidification est n\u00e9cessaire \u00e0 des points de [&hellip;]","og_url":"https:\/\/dectron.com\/products\/strongdry-o-tron-strong-ds-seriesbrw-low-dew-point-option\/","og_site_name":"Dectron","article_modified_time":"2025-06-03T14:33:42+00:00","og_image":[{"width":1920,"height":615,"url":"https:\/\/dectron.com\/wp-content\/uploads\/2024\/08\/dectron-low-dew-point-header.jpg","type":"image\/jpeg"}],"twitter_card":"summary_large_image","twitter_misc":{"Dur\u00e9e de lecture estim\u00e9e":"5 minutes"},"schema":{"@context":"https:\/\/schema.org","@graph":[{"@type":"WebPage","@id":"https:\/\/dectron.com\/products\/strongdry-o-tron-strong-ds-seriesbrw-low-dew-point-option\/","url":"https:\/\/dectron.com\/products\/strongdry-o-tron-strong-ds-seriesbrw-low-dew-point-option\/","name":"Dry-O-Tron S\u00e9rie DS avec option point de ros\u00e9e bas - Dectron","isPartOf":{"@id":"https:\/\/dectron.com\/#website"},"primaryImageOfPage":{"@id":"https:\/\/dectron.com\/products\/strongdry-o-tron-strong-ds-seriesbrw-low-dew-point-option\/#primaryimage"},"image":{"@id":"https:\/\/dectron.com\/products\/strongdry-o-tron-strong-ds-seriesbrw-low-dew-point-option\/#primaryimage"},"thumbnailUrl":"https:\/\/dectron.com\/wp-content\/uploads\/2024\/08\/dectron-low-dew-point-header.jpg","datePublished":"2025-06-02T20:04:47+00:00","dateModified":"2025-06-03T14:33:42+00:00","breadcrumb":{"@id":"https:\/\/dectron.com\/products\/strongdry-o-tron-strong-ds-seriesbrw-low-dew-point-option\/#breadcrumb"},"inLanguage":"fr-FR","potentialAction":[{"@type":"ReadAction","target":["https:\/\/dectron.com\/products\/strongdry-o-tron-strong-ds-seriesbrw-low-dew-point-option\/"]}]},{"@type":"ImageObject","inLanguage":"fr-FR","@id":"https:\/\/dectron.com\/products\/strongdry-o-tron-strong-ds-seriesbrw-low-dew-point-option\/#primaryimage","url":"https:\/\/dectron.com\/wp-content\/uploads\/2024\/08\/dectron-low-dew-point-header.jpg","contentUrl":"https:\/\/dectron.com\/wp-content\/uploads\/2024\/08\/dectron-low-dew-point-header.jpg","width":1920,"height":615},{"@type":"BreadcrumbList","@id":"https:\/\/dectron.com\/products\/strongdry-o-tron-strong-ds-seriesbrw-low-dew-point-option\/#breadcrumb","itemListElement":[{"@type":"ListItem","position":1,"name":"Produits","item":"https:\/\/dectron.com\/products\/"},{"@type":"ListItem","position":2,"name":"Dry-O-Tron S\u00e9rie DS avec option point de ros\u00e9e bas"}]},{"@type":"WebSite","@id":"https:\/\/dectron.com\/#website","url":"https:\/\/dectron.com\/","name":"Dectron","description":"DRY-O-TRON","potentialAction":[{"@type":"SearchAction","target":{"@type":"EntryPoint","urlTemplate":"https:\/\/dectron.com\/?s={search_term_string}"},"query-input":{"@type":"PropertyValueSpecification","valueRequired":true,"valueName":"search_term_string"}}],"inLanguage":"fr-FR"}]}},"_links":{"self":[{"href":"https:\/\/dectron.com\/fr\/wp-json\/wp\/v2\/pages\/11510","targetHints":{"allow":["GET"]}}],"collection":[{"href":"https:\/\/dectron.com\/fr\/wp-json\/wp\/v2\/pages"}],"about":[{"href":"https:\/\/dectron.com\/fr\/wp-json\/wp\/v2\/types\/page"}],"author":[{"embeddable":true,"href":"https:\/\/dectron.com\/fr\/wp-json\/wp\/v2\/users\/6"}],"replies":[{"embeddable":true,"href":"https:\/\/dectron.com\/fr\/wp-json\/wp\/v2\/comments?post=11510"}],"version-history":[{"count":12,"href":"https:\/\/dectron.com\/fr\/wp-json\/wp\/v2\/pages\/11510\/revisions"}],"predecessor-version":[{"id":12053,"href":"https:\/\/dectron.com\/fr\/wp-json\/wp\/v2\/pages\/11510\/revisions\/12053"}],"up":[{"embeddable":true,"href":"https:\/\/dectron.com\/fr\/wp-json\/wp\/v2\/pages\/5121"}],"wp:featuredmedia":[{"embeddable":true,"href":"https:\/\/dectron.com\/fr\/wp-json\/wp\/v2\/media\/11548"}],"wp:attachment":[{"href":"https:\/\/dectron.com\/fr\/wp-json\/wp\/v2\/media?parent=11510"}],"curies":[{"name":"wp","href":"https:\/\/api.w.org\/{rel}","templated":true}]}}