{"id":11667,"date":"2024-11-21T15:46:44","date_gmt":"2024-11-21T20:46:44","guid":{"rendered":"https:\/\/dectron.com\/?page_id=11667"},"modified":"2024-11-21T16:01:02","modified_gmt":"2024-11-21T21:01:02","slug":"guide-de-conception-du-natatorium","status":"publish","type":"page","link":"https:\/\/dectron.com\/fr\/guide-de-conception-du-natatorium\/","title":{"rendered":"Guide de conception du Natatorium"},"content":{"rendered":"\t\t<div data-elementor-type=\"wp-page\" data-elementor-id=\"11667\" class=\"elementor elementor-11667 elementor-6737\" data-elementor-post-type=\"page\">\n\t\t\t\t\t\t<section class=\"elementor-section elementor-top-section elementor-element elementor-element-c5a52df elementor-section-boxed elementor-section-height-default elementor-section-height-default\" data-id=\"c5a52df\" data-element_type=\"section\" data-e-type=\"section\">\n\t\t\t\t\t\t<div class=\"elementor-container elementor-column-gap-default\">\n\t\t\t\t\t<div class=\"elementor-column elementor-col-100 elementor-top-column elementor-element elementor-element-5876c8f\" data-id=\"5876c8f\" data-element_type=\"column\" data-e-type=\"column\">\n\t\t\t<div class=\"elementor-widget-wrap elementor-element-populated\">\n\t\t\t\t\t\t<div class=\"elementor-element elementor-element-5ad143f elementor-widget elementor-widget-heading\" data-id=\"5ad143f\" data-element_type=\"widget\" data-e-type=\"widget\" data-widget_type=\"heading.default\">\n\t\t\t\t<div class=\"elementor-widget-container\">\n\t\t\t\t\t<h2 class=\"elementor-heading-title elementor-size-default\"><em>\u201cTout le monde devrait s'attendre \u00e0 un environnement de piscine int\u00e9rieure de premi\u00e8re classe.\u201d<\/em><\/h2>\t\t\t\t<\/div>\n\t\t\t\t<\/div>\n\t\t\t\t<div class=\"elementor-element elementor-element-6a0f09e elementor-widget elementor-widget-text-editor\" data-id=\"6a0f09e\" data-element_type=\"widget\" data-e-type=\"widget\" data-widget_type=\"text-editor.default\">\n\t\t\t\t<div class=\"elementor-widget-container\">\n\t\t\t\t\t\t\t\t\t<p>Un natatorium est l&#8217;une des installations les plus difficiles \u00e0 concevoir, en raison du grand nombre de consid\u00e9rations critiques qui, si elles sont n\u00e9glig\u00e9es, peuvent donner lieu \u00e0 des plaintes de la part des clients ou se transformer en probl\u00e8mes affectant s\u00e9rieusement la structure du b\u00e2timent.<\/p><p>Heureusement, offrir une exp\u00e9rience de piscine int\u00e9rieure de premier ordre est \u00e0 la port\u00e9e de tous ceux qui disposent des bonnes ressources.\u00a0<\/p><p>Le Natatorium Design Guide de Dectron est un ouvrage incontournable pour les ing\u00e9nieurs, les entrepreneurs et les propri\u00e9taires de piscines couvertes. Ce guide est l&#8217;aboutissement de plusieurs d\u00e9cennies d&#8217;exp\u00e9rience de v\u00e9t\u00e9rans de la d\u00e9shumidification des piscines int\u00e9rieures qui ont vu de leurs propres yeux ce qui fonctionne et ce qui ne fonctionne pas, et qui proposent les meilleures pratiques bas\u00e9es sur ce qu&#8217;ils ont vu fonctionner avec succ\u00e8s.<\/p>\t\t\t\t\t\t\t\t<\/div>\n\t\t\t\t<\/div>\n\t\t\t\t\t<\/div>\n\t\t<\/div>\n\t\t\t\t\t<\/div>\n\t\t<\/section>\n\t\t\t\t<section class=\"elementor-section elementor-top-section elementor-element elementor-element-00046b8 elementor-section-boxed elementor-section-height-default elementor-section-height-default\" data-id=\"00046b8\" data-element_type=\"section\" data-e-type=\"section\">\n\t\t\t\t\t\t<div class=\"elementor-container elementor-column-gap-default\">\n\t\t\t\t\t<div class=\"elementor-column elementor-col-100 elementor-top-column elementor-element elementor-element-95f42a5\" data-id=\"95f42a5\" data-element_type=\"column\" data-e-type=\"column\">\n\t\t\t<div class=\"elementor-widget-wrap elementor-element-populated\">\n\t\t\t\t\t\t<div class=\"elementor-element elementor-element-cd38969 elementor-widget elementor-widget-image\" data-id=\"cd38969\" data-element_type=\"widget\" data-e-type=\"widget\" data-widget_type=\"image.default\">\n\t\t\t\t<div class=\"elementor-widget-container\">\n\t\t\t\t\t\t\t\t\t\t\t\t\t\t\t\t<a href=\"https:\/\/dectron.com\/wp-content\/uploads\/2024\/11\/dectron-pg-french-2024.pdf\">\n\t\t\t\t\t\t\t<img fetchpriority=\"high\" decoding=\"async\" width=\"1978\" height=\"2560\" src=\"https:\/\/dectron.com\/wp-content\/uploads\/2024\/11\/dectron-pg-french-2024-scaled.jpg\" class=\"attachment-full size-full wp-image-11666\" alt=\"\" srcset=\"https:\/\/dectron.com\/wp-content\/uploads\/2024\/11\/dectron-pg-french-2024-scaled.jpg 1978w, https:\/\/dectron.com\/wp-content\/uploads\/2024\/11\/dectron-pg-french-2024-232x300.jpg 232w, https:\/\/dectron.com\/wp-content\/uploads\/2024\/11\/dectron-pg-french-2024-791x1024.jpg 791w, https:\/\/dectron.com\/wp-content\/uploads\/2024\/11\/dectron-pg-french-2024-768x994.jpg 768w, https:\/\/dectron.com\/wp-content\/uploads\/2024\/11\/dectron-pg-french-2024-1187x1536.jpg 1187w, https:\/\/dectron.com\/wp-content\/uploads\/2024\/11\/dectron-pg-french-2024-1583x2048.jpg 1583w\" sizes=\"(max-width: 1978px) 100vw, 1978px\" \/>\t\t\t\t\t\t\t\t<\/a>\n\t\t\t\t\t\t\t\t\t\t\t\t\t\t\t<\/div>\n\t\t\t\t<\/div>\n\t\t\t\t<div class=\"elementor-element elementor-element-37ac9b4 elementor-widget elementor-widget-text-editor\" data-id=\"37ac9b4\" data-element_type=\"widget\" data-e-type=\"widget\" data-widget_type=\"text-editor.default\">\n\t\t\t\t<div class=\"elementor-widget-container\">\n\t\t\t\t\t\t\t\t\t<h3><a style=\"background-color: initial; font-size: 16px;\" href=\"https:\/\/dectron.com\/wp-content\/uploads\/2024\/11\/dectron-pg-french-2024.pdf\">T\u00e9l\u00e9charger le guide<\/a><\/h3>\t\t\t\t\t\t\t\t<\/div>\n\t\t\t\t<\/div>\n\t\t\t\t\t<\/div>\n\t\t<\/div>\n\t\t\t\t\t<\/div>\n\t\t<\/section>\n\t\t\t\t<\/div>\n\t\t","protected":false},"excerpt":{"rendered":"<p>\u201cTout le monde devrait s&#8217;attendre \u00e0 un environnement de piscine int\u00e9rieure de premi\u00e8re classe.\u201d Un natatorium est l&#8217;une des installations les plus difficiles \u00e0 concevoir, en raison du grand nombre de consid\u00e9rations critiques qui, si elles sont n\u00e9glig\u00e9es, peuvent donner lieu \u00e0 des plaintes de la part des clients ou se transformer en probl\u00e8mes affectant [&hellip;]<\/p>\n","protected":false},"author":6,"featured_media":5472,"parent":0,"menu_order":0,"comment_status":"closed","ping_status":"closed","template":"","meta":{"_acf_changed":false,"footnotes":""},"class_list":["post-11667","page","type-page","status-publish","has-post-thumbnail","hentry"],"acf":[],"yoast_head":"<!-- This site is optimized with the Yoast SEO plugin v27.4 - https:\/\/yoast.com\/product\/yoast-seo-wordpress\/ -->\n<title>Guide de conception du Natatorium - Dectron<\/title>\n<meta name=\"robots\" content=\"index, follow, max-snippet:-1, max-image-preview:large, max-video-preview:-1\" \/>\n<link rel=\"canonical\" href=\"https:\/\/dectron.com\/fr\/guide-de-conception-du-natatorium\/\" \/>\n<meta property=\"og:locale\" content=\"fr_FR\" \/>\n<meta property=\"og:type\" content=\"article\" \/>\n<meta property=\"og:title\" content=\"Guide de conception du Natatorium - Dectron\" \/>\n<meta property=\"og:description\" content=\"\u201cTout le monde devrait s&#8217;attendre \u00e0 un environnement de piscine int\u00e9rieure de premi\u00e8re classe.\u201d Un natatorium est l&#8217;une des installations les plus difficiles \u00e0 concevoir, en raison du grand nombre de consid\u00e9rations critiques qui, si elles sont n\u00e9glig\u00e9es, peuvent donner lieu \u00e0 des plaintes de la part des clients ou se transformer en probl\u00e8mes affectant [&hellip;]\" \/>\n<meta property=\"og:url\" content=\"https:\/\/dectron.com\/fr\/guide-de-conception-du-natatorium\/\" \/>\n<meta property=\"og:site_name\" content=\"Dectron\" \/>\n<meta property=\"article:modified_time\" content=\"2024-11-21T21:01:02+00:00\" \/>\n<meta property=\"og:image\" content=\"https:\/\/dectron.com\/wp-content\/uploads\/2021\/05\/banner-dectron.jpg\" \/>\n\t<meta property=\"og:image:width\" content=\"1736\" \/>\n\t<meta property=\"og:image:height\" content=\"633\" \/>\n\t<meta property=\"og:image:type\" content=\"image\/jpeg\" \/>\n<meta name=\"twitter:card\" content=\"summary_large_image\" \/>\n<meta name=\"twitter:label1\" content=\"Dur\u00e9e de lecture estim\u00e9e\" \/>\n\t<meta name=\"twitter:data1\" content=\"1 minute\" \/>\n<script type=\"application\/ld+json\" class=\"yoast-schema-graph\">{\"@context\":\"https:\\\/\\\/schema.org\",\"@graph\":[{\"@type\":\"WebPage\",\"@id\":\"https:\\\/\\\/dectron.com\\\/fr\\\/guide-de-conception-du-natatorium\\\/\",\"url\":\"https:\\\/\\\/dectron.com\\\/fr\\\/guide-de-conception-du-natatorium\\\/\",\"name\":\"Guide de conception du Natatorium - Dectron\",\"isPartOf\":{\"@id\":\"https:\\\/\\\/dectron.com\\\/#website\"},\"primaryImageOfPage\":{\"@id\":\"https:\\\/\\\/dectron.com\\\/fr\\\/guide-de-conception-du-natatorium\\\/#primaryimage\"},\"image\":{\"@id\":\"https:\\\/\\\/dectron.com\\\/fr\\\/guide-de-conception-du-natatorium\\\/#primaryimage\"},\"thumbnailUrl\":\"https:\\\/\\\/dectron.com\\\/wp-content\\\/uploads\\\/2021\\\/05\\\/banner-dectron.jpg\",\"datePublished\":\"2024-11-21T20:46:44+00:00\",\"dateModified\":\"2024-11-21T21:01:02+00:00\",\"inLanguage\":\"fr-FR\",\"potentialAction\":[{\"@type\":\"ReadAction\",\"target\":[\"https:\\\/\\\/dectron.com\\\/fr\\\/guide-de-conception-du-natatorium\\\/\"]}]},{\"@type\":\"ImageObject\",\"inLanguage\":\"fr-FR\",\"@id\":\"https:\\\/\\\/dectron.com\\\/fr\\\/guide-de-conception-du-natatorium\\\/#primaryimage\",\"url\":\"https:\\\/\\\/dectron.com\\\/wp-content\\\/uploads\\\/2021\\\/05\\\/banner-dectron.jpg\",\"contentUrl\":\"https:\\\/\\\/dectron.com\\\/wp-content\\\/uploads\\\/2021\\\/05\\\/banner-dectron.jpg\",\"width\":1736,\"height\":633},{\"@type\":\"WebSite\",\"@id\":\"https:\\\/\\\/dectron.com\\\/#website\",\"url\":\"https:\\\/\\\/dectron.com\\\/\",\"name\":\"Dectron\",\"description\":\"DRY-O-TRON\",\"potentialAction\":[{\"@type\":\"SearchAction\",\"target\":{\"@type\":\"EntryPoint\",\"urlTemplate\":\"https:\\\/\\\/dectron.com\\\/?s={search_term_string}\"},\"query-input\":{\"@type\":\"PropertyValueSpecification\",\"valueRequired\":true,\"valueName\":\"search_term_string\"}}],\"inLanguage\":\"fr-FR\"}]}<\/script>\n<!-- \/ Yoast SEO plugin. -->","yoast_head_json":{"title":"Guide de conception du Natatorium - Dectron","robots":{"index":"index","follow":"follow","max-snippet":"max-snippet:-1","max-image-preview":"max-image-preview:large","max-video-preview":"max-video-preview:-1"},"canonical":"https:\/\/dectron.com\/fr\/guide-de-conception-du-natatorium\/","og_locale":"fr_FR","og_type":"article","og_title":"Guide de conception du Natatorium - Dectron","og_description":"\u201cTout le monde devrait s&#8217;attendre \u00e0 un environnement de piscine int\u00e9rieure de premi\u00e8re classe.\u201d Un natatorium est l&#8217;une des installations les plus difficiles \u00e0 concevoir, en raison du grand nombre de consid\u00e9rations critiques qui, si elles sont n\u00e9glig\u00e9es, peuvent donner lieu \u00e0 des plaintes de la part des clients ou se transformer en probl\u00e8mes affectant [&hellip;]","og_url":"https:\/\/dectron.com\/fr\/guide-de-conception-du-natatorium\/","og_site_name":"Dectron","article_modified_time":"2024-11-21T21:01:02+00:00","og_image":[{"width":1736,"height":633,"url":"https:\/\/dectron.com\/wp-content\/uploads\/2021\/05\/banner-dectron.jpg","type":"image\/jpeg"}],"twitter_card":"summary_large_image","twitter_misc":{"Dur\u00e9e de lecture estim\u00e9e":"1 minute"},"schema":{"@context":"https:\/\/schema.org","@graph":[{"@type":"WebPage","@id":"https:\/\/dectron.com\/fr\/guide-de-conception-du-natatorium\/","url":"https:\/\/dectron.com\/fr\/guide-de-conception-du-natatorium\/","name":"Guide de conception du Natatorium - Dectron","isPartOf":{"@id":"https:\/\/dectron.com\/#website"},"primaryImageOfPage":{"@id":"https:\/\/dectron.com\/fr\/guide-de-conception-du-natatorium\/#primaryimage"},"image":{"@id":"https:\/\/dectron.com\/fr\/guide-de-conception-du-natatorium\/#primaryimage"},"thumbnailUrl":"https:\/\/dectron.com\/wp-content\/uploads\/2021\/05\/banner-dectron.jpg","datePublished":"2024-11-21T20:46:44+00:00","dateModified":"2024-11-21T21:01:02+00:00","inLanguage":"fr-FR","potentialAction":[{"@type":"ReadAction","target":["https:\/\/dectron.com\/fr\/guide-de-conception-du-natatorium\/"]}]},{"@type":"ImageObject","inLanguage":"fr-FR","@id":"https:\/\/dectron.com\/fr\/guide-de-conception-du-natatorium\/#primaryimage","url":"https:\/\/dectron.com\/wp-content\/uploads\/2021\/05\/banner-dectron.jpg","contentUrl":"https:\/\/dectron.com\/wp-content\/uploads\/2021\/05\/banner-dectron.jpg","width":1736,"height":633},{"@type":"WebSite","@id":"https:\/\/dectron.com\/#website","url":"https:\/\/dectron.com\/","name":"Dectron","description":"DRY-O-TRON","potentialAction":[{"@type":"SearchAction","target":{"@type":"EntryPoint","urlTemplate":"https:\/\/dectron.com\/?s={search_term_string}"},"query-input":{"@type":"PropertyValueSpecification","valueRequired":true,"valueName":"search_term_string"}}],"inLanguage":"fr-FR"}]}},"_links":{"self":[{"href":"https:\/\/dectron.com\/fr\/wp-json\/wp\/v2\/pages\/11667","targetHints":{"allow":["GET"]}}],"collection":[{"href":"https:\/\/dectron.com\/fr\/wp-json\/wp\/v2\/pages"}],"about":[{"href":"https:\/\/dectron.com\/fr\/wp-json\/wp\/v2\/types\/page"}],"author":[{"embeddable":true,"href":"https:\/\/dectron.com\/fr\/wp-json\/wp\/v2\/users\/6"}],"replies":[{"embeddable":true,"href":"https:\/\/dectron.com\/fr\/wp-json\/wp\/v2\/comments?post=11667"}],"version-history":[{"count":14,"href":"https:\/\/dectron.com\/fr\/wp-json\/wp\/v2\/pages\/11667\/revisions"}],"predecessor-version":[{"id":11682,"href":"https:\/\/dectron.com\/fr\/wp-json\/wp\/v2\/pages\/11667\/revisions\/11682"}],"wp:featuredmedia":[{"embeddable":true,"href":"https:\/\/dectron.com\/fr\/wp-json\/wp\/v2\/media\/5472"}],"wp:attachment":[{"href":"https:\/\/dectron.com\/fr\/wp-json\/wp\/v2\/media?parent=11667"}],"curies":[{"name":"wp","href":"https:\/\/api.w.org\/{rel}","templated":true}]}}