{"id":11750,"date":"2025-01-17T10:50:39","date_gmt":"2025-01-17T15:50:39","guid":{"rendered":"https:\/\/dectron.com\/?page_id=11750"},"modified":"2025-06-13T10:28:42","modified_gmt":"2025-06-13T14:28:42","slug":"refroidisseurs-de-fluide-vs-condenseurs-dair-exterieur","status":"publish","type":"page","link":"https:\/\/dectron.com\/fr\/refroidisseurs-de-fluide-vs-condenseurs-dair-exterieur\/","title":{"rendered":"Refroidisseurs de fluide vs. condenseurs d&#8217;air ext\u00e9rieur"},"content":{"rendered":"\t\t<div data-elementor-type=\"wp-page\" data-elementor-id=\"11750\" class=\"elementor elementor-11750 elementor-11719\" data-elementor-post-type=\"page\">\n\t\t\t\t\t\t<section class=\"elementor-section elementor-top-section elementor-element elementor-element-75b20ccd elementor-section-full_width elementor-section-height-default elementor-section-height-default elementor-invisible\" data-id=\"75b20ccd\" data-element_type=\"section\" data-e-type=\"section\" data-settings=\"{&quot;animation&quot;:&quot;fadeIn&quot;}\">\n\t\t\t\t\t\t<div class=\"elementor-container elementor-column-gap-no\">\n\t\t\t\t\t<div class=\"elementor-column elementor-col-100 elementor-top-column elementor-element elementor-element-330bbb3f\" data-id=\"330bbb3f\" data-element_type=\"column\" data-e-type=\"column\">\n\t\t\t<div class=\"elementor-widget-wrap elementor-element-populated\">\n\t\t\t\t<div class=\"elementor-element elementor-element-2c826af3 e-con-full e-flex e-con e-parent\" data-id=\"2c826af3\" data-element_type=\"container\" data-e-type=\"container\">\n\t\t<div class=\"elementor-element elementor-element-6e05fd46 e-con-full e-flex e-con e-child\" data-id=\"6e05fd46\" data-element_type=\"container\" data-e-type=\"container\">\n\t\t\t\t<div class=\"elementor-element elementor-element-35f4c928 elementor-widget elementor-widget-heading\" data-id=\"35f4c928\" data-element_type=\"widget\" data-e-type=\"widget\" data-widget_type=\"heading.default\">\n\t\t\t\t<div class=\"elementor-widget-container\">\n\t\t\t\t\t<h1 class=\"elementor-heading-title elementor-size-default\">Refroidisseurs de fluide vs. condenseurs d'air ext\u00e9rieur<\/h1>\t\t\t\t<\/div>\n\t\t\t\t<\/div>\n\t\t\t\t<div class=\"elementor-element elementor-element-2f273451 elementor-widget elementor-widget-heading\" data-id=\"2f273451\" data-element_type=\"widget\" data-e-type=\"widget\" data-widget_type=\"heading.default\">\n\t\t\t\t<div class=\"elementor-widget-container\">\n\t\t\t\t\t<p class=\"elementor-heading-title elementor-size-default\">Comparer la consommation d'\u00e9nergie, les co\u00fbts des services et l'impact sur l'environnement.<\/p>\t\t\t\t<\/div>\n\t\t\t\t<\/div>\n\t\t\t\t<div class=\"elementor-element elementor-element-c4fa892 elementor-widget elementor-widget-heading\" data-id=\"c4fa892\" data-element_type=\"widget\" data-e-type=\"widget\" data-widget_type=\"heading.default\">\n\t\t\t\t<div class=\"elementor-widget-container\">\n\t\t\t\t\t<div class=\"elementor-heading-title elementor-size-default\"><a href=\"#download\">T\u00c9L\u00c9CHARGER LE DOCUMENT &gt;<\/a><\/div>\t\t\t\t<\/div>\n\t\t\t\t<\/div>\n\t\t\t\t<\/div>\n\t\t\t\t<\/div>\n\t\t\t\t<div class=\"elementor-element elementor-element-908c4af elementor-widget elementor-widget-spacer\" data-id=\"908c4af\" data-element_type=\"widget\" data-e-type=\"widget\" data-widget_type=\"spacer.default\">\n\t\t\t\t<div class=\"elementor-widget-container\">\n\t\t\t\t\t\t\t<div class=\"elementor-spacer\">\n\t\t\t<div class=\"elementor-spacer-inner\"><\/div>\n\t\t<\/div>\n\t\t\t\t\t\t<\/div>\n\t\t\t\t<\/div>\n\t\t\t\t\t<\/div>\n\t\t<\/div>\n\t\t\t\t\t<\/div>\n\t\t<\/section>\n\t\t<div class=\"elementor-element elementor-element-6a2c1f4 e-con-full e-flex e-con e-parent\" data-id=\"6a2c1f4\" data-element_type=\"container\" data-e-type=\"container\" id=\"download\">\n\t\t<div class=\"elementor-element elementor-element-40d3553 e-con-full e-flex e-con e-child\" data-id=\"40d3553\" data-element_type=\"container\" data-e-type=\"container\" data-settings=\"{&quot;background_background&quot;:&quot;classic&quot;}\">\n\t\t\t\t<div class=\"elementor-element elementor-element-35500cd elementor-widget elementor-widget-image\" data-id=\"35500cd\" data-element_type=\"widget\" data-e-type=\"widget\" data-widget_type=\"image.default\">\n\t\t\t\t<div class=\"elementor-widget-container\">\n\t\t\t\t\t\t\t\t\t\t\t\t\t\t\t<img fetchpriority=\"high\" decoding=\"async\" width=\"800\" height=\"441\" src=\"https:\/\/dectron.com\/wp-content\/uploads\/2025\/01\/dectron-dry-cooler-whitepaper-cropped-1024x565.jpg\" class=\"attachment-large size-large wp-image-11741\" alt=\"\" srcset=\"https:\/\/dectron.com\/wp-content\/uploads\/2025\/01\/dectron-dry-cooler-whitepaper-cropped-1024x565.jpg 1024w, https:\/\/dectron.com\/wp-content\/uploads\/2025\/01\/dectron-dry-cooler-whitepaper-cropped-300x165.jpg 300w, https:\/\/dectron.com\/wp-content\/uploads\/2025\/01\/dectron-dry-cooler-whitepaper-cropped-768x423.jpg 768w, https:\/\/dectron.com\/wp-content\/uploads\/2025\/01\/dectron-dry-cooler-whitepaper-cropped-1536x847.jpg 1536w, https:\/\/dectron.com\/wp-content\/uploads\/2025\/01\/dectron-dry-cooler-whitepaper-cropped-2048x1129.jpg 2048w\" sizes=\"(max-width: 800px) 100vw, 800px\" \/>\t\t\t\t\t\t\t\t\t\t\t\t\t\t\t<\/div>\n\t\t\t\t<\/div>\n\t\t\t\t<div class=\"elementor-element elementor-element-2b314ac elementor-widget elementor-widget-spacer\" data-id=\"2b314ac\" data-element_type=\"widget\" data-e-type=\"widget\" data-widget_type=\"spacer.default\">\n\t\t\t\t<div class=\"elementor-widget-container\">\n\t\t\t\t\t\t\t<div class=\"elementor-spacer\">\n\t\t\t<div class=\"elementor-spacer-inner\"><\/div>\n\t\t<\/div>\n\t\t\t\t\t\t<\/div>\n\t\t\t\t<\/div>\n\t\t\t\t<div class=\"elementor-element elementor-element-b4831df elementor-widget elementor-widget-text-editor\" data-id=\"b4831df\" data-element_type=\"widget\" data-e-type=\"widget\" data-widget_type=\"text-editor.default\">\n\t\t\t\t<div class=\"elementor-widget-container\">\n\t\t\t\t\t\t\t\t\t<p>Les syst\u00e8mes \u00e0 refroidissement par fluide sont devenus la norme mondiale en mati\u00e8re de CVC en raison de leur fiabilit\u00e9 et de leur long\u00e9vit\u00e9. Cette technologie est disponible chez tous les fabricants depuis des d\u00e9cennies. La tendance \u00e0 l&#8217;\u00e9lectrification, aux \u00e9nergies propres et \u00e0 la r\u00e9duction des \u00e9missions de carbone et de gaz \u00e0 effet de serre a encore acc\u00e9l\u00e9r\u00e9 l&#8217;adoption des technologies de refroidissement par fluide.<\/p><p>T\u00e9l\u00e9chargez le document pour en savoir plus sur les avantages de cette technologie par rapport aux syst\u00e8mes DX traditionnels utilisant des condenseurs \u00e0 air ext\u00e9rieur.<\/p>\t\t\t\t\t\t\t\t<\/div>\n\t\t\t\t<\/div>\n\t\t\t\t<div class=\"elementor-element elementor-element-3930e07 elementor-widget elementor-widget-button\" data-id=\"3930e07\" data-element_type=\"widget\" data-e-type=\"widget\" data-widget_type=\"button.default\">\n\t\t\t\t<div class=\"elementor-widget-container\">\n\t\t\t\t\t\t\t\t\t<div class=\"elementor-button-wrapper\">\n\t\t\t\t\t<a class=\"elementor-button elementor-button-link elementor-size-sm\" href=\"https:\/\/dectron.com\/about\/contact\/\">\n\t\t\t\t\t\t<span class=\"elementor-button-content-wrapper\">\n\t\t\t\t\t\t\t\t\t<span class=\"elementor-button-text\">CONTACTER UN EXPERT<\/span>\n\t\t\t\t\t<\/span>\n\t\t\t\t\t<\/a>\n\t\t\t\t<\/div>\n\t\t\t\t\t\t\t\t<\/div>\n\t\t\t\t<\/div>\n\t\t\t\t<\/div>\n\t\t<div class=\"elementor-element elementor-element-6802988 e-con-full e-flex e-con e-child\" data-id=\"6802988\" data-element_type=\"container\" data-e-type=\"container\">\n\t\t\t\t<div class=\"elementor-element elementor-element-3d3c088 elementor-widget elementor-widget-heading\" data-id=\"3d3c088\" data-element_type=\"widget\" data-e-type=\"widget\" data-widget_type=\"heading.default\">\n\t\t\t\t<div class=\"elementor-widget-container\">\n\t\t\t\t\t<h2 class=\"elementor-heading-title elementor-size-default\">T\u00e9l\u00e9charger le document<\/h2>\t\t\t\t<\/div>\n\t\t\t\t<\/div>\n\t\t\t\t<div class=\"elementor-element elementor-element-5e6bdf9 elementor-widget elementor-widget-text-editor\" data-id=\"5e6bdf9\" data-element_type=\"widget\" data-e-type=\"widget\" data-widget_type=\"text-editor.default\">\n\t\t\t\t<div class=\"elementor-widget-container\">\n\t\t\t\t\t\t\t\t\t<p>Remplissez le formulaire ci-dessous pour obtenir votre exemplaire num\u00e9rique.<\/p>\t\t\t\t\t\t\t\t<\/div>\n\t\t\t\t<\/div>\n\t\t\t\t<div class=\"elementor-element elementor-element-4a4e307 elementor-widget elementor-widget-html\" data-id=\"4a4e307\" data-element_type=\"widget\" data-e-type=\"widget\" data-widget_type=\"html.default\">\n\t\t\t\t<div class=\"elementor-widget-container\">\n\t\t\t\t\t<script charset=\"utf-8\" type=\"text\/javascript\" src=\"\/\/js.hsforms.net\/forms\/embed\/v2.js\"><\/script>\n<script>\n  hbspt.forms.create({\n    portalId: \"21212828\",\n    formId: \"6023cd4f-e54d-43f3-9958-6cff8bcaebc5\"\n  });\n<\/script>\t\t\t\t<\/div>\n\t\t\t\t<\/div>\n\t\t\t\t<\/div>\n\t\t\t\t<\/div>\n\t\t<div class=\"elementor-element elementor-element-44ac81b e-flex e-con-boxed e-con e-parent\" data-id=\"44ac81b\" data-element_type=\"container\" data-e-type=\"container\">\n\t\t\t\t\t<div class=\"e-con-inner\">\n\t\t<div class=\"elementor-element elementor-element-01b79b1 e-con-full e-flex e-con e-child\" data-id=\"01b79b1\" data-element_type=\"container\" data-e-type=\"container\" data-settings=\"{&quot;background_background&quot;:&quot;classic&quot;}\">\n\t\t<div class=\"elementor-element elementor-element-d373d83 e-con-full e-flex e-con e-child\" data-id=\"d373d83\" data-element_type=\"container\" data-e-type=\"container\" data-settings=\"{&quot;background_background&quot;:&quot;classic&quot;}\">\n\t\t\t\t<div class=\"elementor-element elementor-element-1361798 elementor-widget elementor-widget-heading\" data-id=\"1361798\" data-element_type=\"widget\" data-e-type=\"widget\" data-widget_type=\"heading.default\">\n\t\t\t\t<div class=\"elementor-widget-container\">\n\t\t\t\t\t<h2 class=\"elementor-heading-title elementor-size-default\">Table des mati\u00e8res<\/h2>\t\t\t\t<\/div>\n\t\t\t\t<\/div>\n\t\t\t\t<div class=\"elementor-element elementor-element-73bc1b6 elementor-widget elementor-widget-text-editor\" data-id=\"73bc1b6\" data-element_type=\"widget\" data-e-type=\"widget\" data-widget_type=\"text-editor.default\">\n\t\t\t\t<div class=\"elementor-widget-container\">\n\t\t\t\t\t\t\t\t\t<p><strong>Section 1 &#8211;<\/strong> R\u00e9sum\u00e9<br \/><strong>Section 2 &#8211; <\/strong>Fonctionnement du condenseur d&#8217;air ext\u00e9rieur<br \/><strong>Section 3 &#8211; <\/strong>Fonctionnement du refroidisseur \u00e0 fluide\/sec<br \/><strong>Section 4 &#8211; <\/strong>Co\u00fbt initial et co\u00fbt total de possession<br \/><strong>Section 5 &#8211; <\/strong>Les co\u00fbts cach\u00e9s des syst\u00e8mes DX \u00e0 air split refroidis par air<br \/><strong>Section 6 &#8211; <\/strong>Conformit\u00e9<br \/><strong>Section 7 &#8211; <\/strong>Limites d&#8217;emplacement<br \/><strong>Section 8 &#8211; <\/strong>Fiabilit\u00e9 et facilit\u00e9 d&#8217;entretien<br \/><strong>Section 9 &#8211; <\/strong>R\u00e9sum\u00e9 de la comparaison<br \/><strong>Section 10 &#8211; <\/strong>R\u00e9f\u00e9rences<\/p>\t\t\t\t\t\t\t\t<\/div>\n\t\t\t\t<\/div>\n\t\t\t\t<\/div>\n\t\t<div class=\"elementor-element elementor-element-c3f53d4 e-con-full e-flex e-con e-child\" data-id=\"c3f53d4\" data-element_type=\"container\" data-e-type=\"container\">\n\t\t\t\t<div class=\"elementor-element elementor-element-530e21c elementor-widget elementor-widget-image\" data-id=\"530e21c\" data-element_type=\"widget\" data-e-type=\"widget\" data-widget_type=\"image.default\">\n\t\t\t\t<div class=\"elementor-widget-container\">\n\t\t\t\t\t\t\t\t\t\t\t\t\t\t\t<img decoding=\"async\" width=\"791\" height=\"1024\" src=\"https:\/\/dectron.com\/wp-content\/uploads\/2025\/06\/dectron-fluid-coolers-vs-outdoor-air-condensers-white-paper-sample-fr-791x1024.jpg\" class=\"attachment-large size-large wp-image-12148\" alt=\"\" srcset=\"https:\/\/dectron.com\/wp-content\/uploads\/2025\/06\/dectron-fluid-coolers-vs-outdoor-air-condensers-white-paper-sample-fr-791x1024.jpg 791w, https:\/\/dectron.com\/wp-content\/uploads\/2025\/06\/dectron-fluid-coolers-vs-outdoor-air-condensers-white-paper-sample-fr-232x300.jpg 232w, https:\/\/dectron.com\/wp-content\/uploads\/2025\/06\/dectron-fluid-coolers-vs-outdoor-air-condensers-white-paper-sample-fr-768x994.jpg 768w, https:\/\/dectron.com\/wp-content\/uploads\/2025\/06\/dectron-fluid-coolers-vs-outdoor-air-condensers-white-paper-sample-fr.jpg 800w\" sizes=\"(max-width: 791px) 100vw, 791px\" \/>\t\t\t\t\t\t\t\t\t\t\t\t\t\t\t<\/div>\n\t\t\t\t<\/div>\n\t\t\t\t<\/div>\n\t\t\t\t<\/div>\n\t\t\t\t\t<\/div>\n\t\t\t\t<\/div>\n\t\t\t\t<\/div>\n\t\t","protected":false},"excerpt":{"rendered":"<p>Refroidisseurs de fluide vs. condenseurs d&#8217;air ext\u00e9rieur Comparer la consommation d&#8217;\u00e9nergie, les co\u00fbts des services et l&#8217;impact sur l&#8217;environnement. T\u00c9L\u00c9CHARGER LE DOCUMENT &gt; Les syst\u00e8mes \u00e0 refroidissement par fluide sont devenus la norme mondiale en mati\u00e8re de CVC en raison de leur fiabilit\u00e9 et de leur long\u00e9vit\u00e9. Cette technologie est disponible chez tous les fabricants [&hellip;]<\/p>\n","protected":false},"author":6,"featured_media":11741,"parent":0,"menu_order":0,"comment_status":"closed","ping_status":"closed","template":"elementor_header_footer","meta":{"_acf_changed":false,"footnotes":""},"class_list":["post-11750","page","type-page","status-publish","has-post-thumbnail","hentry"],"acf":[],"yoast_head":"<!-- This site is optimized with the Yoast SEO plugin v27.1.1 - https:\/\/yoast.com\/product\/yoast-seo-wordpress\/ -->\n<title>Refroidisseurs de fluide vs. condenseurs d&#039;air ext\u00e9rieur - Dectron<\/title>\n<meta name=\"robots\" content=\"index, follow, max-snippet:-1, max-image-preview:large, max-video-preview:-1\" \/>\n<link rel=\"canonical\" href=\"https:\/\/dectron.com\/fluid-coolers-vs-outdoor-air-condensers\/\" \/>\n<meta property=\"og:locale\" content=\"fr_FR\" \/>\n<meta property=\"og:type\" content=\"article\" \/>\n<meta property=\"og:title\" content=\"Refroidisseurs de fluide vs. condenseurs d&#039;air ext\u00e9rieur - Dectron\" \/>\n<meta property=\"og:description\" content=\"Refroidisseurs de fluide vs. condenseurs d&#8217;air ext\u00e9rieur Comparer la consommation d&#8217;\u00e9nergie, les co\u00fbts des services et l&#8217;impact sur l&#8217;environnement. T\u00c9L\u00c9CHARGER LE DOCUMENT &gt; Les syst\u00e8mes \u00e0 refroidissement par fluide sont devenus la norme mondiale en mati\u00e8re de CVC en raison de leur fiabilit\u00e9 et de leur long\u00e9vit\u00e9. Cette technologie est disponible chez tous les fabricants [&hellip;]\" \/>\n<meta property=\"og:url\" content=\"https:\/\/dectron.com\/fluid-coolers-vs-outdoor-air-condensers\/\" \/>\n<meta property=\"og:site_name\" content=\"Dectron\" \/>\n<meta property=\"article:modified_time\" content=\"2025-06-13T14:28:42+00:00\" \/>\n<meta property=\"og:image\" content=\"https:\/\/dectron.com\/wp-content\/uploads\/2025\/01\/dectron-dry-cooler-whitepaper-cropped.jpg\" \/>\n\t<meta property=\"og:image:width\" content=\"2474\" \/>\n\t<meta property=\"og:image:height\" content=\"1364\" \/>\n\t<meta property=\"og:image:type\" content=\"image\/jpeg\" \/>\n<meta name=\"twitter:card\" content=\"summary_large_image\" \/>\n<meta name=\"twitter:label1\" content=\"Dur\u00e9e de lecture estim\u00e9e\" \/>\n\t<meta name=\"twitter:data1\" content=\"2 minutes\" \/>\n<script type=\"application\/ld+json\" class=\"yoast-schema-graph\">{\"@context\":\"https:\/\/schema.org\",\"@graph\":[{\"@type\":\"WebPage\",\"@id\":\"https:\/\/dectron.com\/fluid-coolers-vs-outdoor-air-condensers\/\",\"url\":\"https:\/\/dectron.com\/fluid-coolers-vs-outdoor-air-condensers\/\",\"name\":\"Refroidisseurs de fluide vs. condenseurs d'air ext\u00e9rieur - Dectron\",\"isPartOf\":{\"@id\":\"https:\/\/dectron.com\/#website\"},\"primaryImageOfPage\":{\"@id\":\"https:\/\/dectron.com\/fluid-coolers-vs-outdoor-air-condensers\/#primaryimage\"},\"image\":{\"@id\":\"https:\/\/dectron.com\/fluid-coolers-vs-outdoor-air-condensers\/#primaryimage\"},\"thumbnailUrl\":\"https:\/\/dectron.com\/wp-content\/uploads\/2025\/01\/dectron-dry-cooler-whitepaper-cropped.jpg\",\"datePublished\":\"2025-01-17T15:50:39+00:00\",\"dateModified\":\"2025-06-13T14:28:42+00:00\",\"inLanguage\":\"fr-FR\",\"potentialAction\":[{\"@type\":\"ReadAction\",\"target\":[\"https:\/\/dectron.com\/fluid-coolers-vs-outdoor-air-condensers\/\"]}]},{\"@type\":\"ImageObject\",\"inLanguage\":\"fr-FR\",\"@id\":\"https:\/\/dectron.com\/fluid-coolers-vs-outdoor-air-condensers\/#primaryimage\",\"url\":\"https:\/\/dectron.com\/wp-content\/uploads\/2025\/01\/dectron-dry-cooler-whitepaper-cropped.jpg\",\"contentUrl\":\"https:\/\/dectron.com\/wp-content\/uploads\/2025\/01\/dectron-dry-cooler-whitepaper-cropped.jpg\",\"width\":2474,\"height\":1364},{\"@type\":\"WebSite\",\"@id\":\"https:\/\/dectron.com\/#website\",\"url\":\"https:\/\/dectron.com\/\",\"name\":\"Dectron\",\"description\":\"DRY-O-TRON\",\"potentialAction\":[{\"@type\":\"SearchAction\",\"target\":{\"@type\":\"EntryPoint\",\"urlTemplate\":\"https:\/\/dectron.com\/?s={search_term_string}\"},\"query-input\":{\"@type\":\"PropertyValueSpecification\",\"valueRequired\":true,\"valueName\":\"search_term_string\"}}],\"inLanguage\":\"fr-FR\"}]}<\/script>\n<!-- \/ Yoast SEO plugin. -->","yoast_head_json":{"title":"Refroidisseurs de fluide vs. condenseurs d'air ext\u00e9rieur - Dectron","robots":{"index":"index","follow":"follow","max-snippet":"max-snippet:-1","max-image-preview":"max-image-preview:large","max-video-preview":"max-video-preview:-1"},"canonical":"https:\/\/dectron.com\/fluid-coolers-vs-outdoor-air-condensers\/","og_locale":"fr_FR","og_type":"article","og_title":"Refroidisseurs de fluide vs. condenseurs d'air ext\u00e9rieur - Dectron","og_description":"Refroidisseurs de fluide vs. condenseurs d&#8217;air ext\u00e9rieur Comparer la consommation d&#8217;\u00e9nergie, les co\u00fbts des services et l&#8217;impact sur l&#8217;environnement. T\u00c9L\u00c9CHARGER LE DOCUMENT &gt; Les syst\u00e8mes \u00e0 refroidissement par fluide sont devenus la norme mondiale en mati\u00e8re de CVC en raison de leur fiabilit\u00e9 et de leur long\u00e9vit\u00e9. Cette technologie est disponible chez tous les fabricants [&hellip;]","og_url":"https:\/\/dectron.com\/fluid-coolers-vs-outdoor-air-condensers\/","og_site_name":"Dectron","article_modified_time":"2025-06-13T14:28:42+00:00","og_image":[{"width":2474,"height":1364,"url":"https:\/\/dectron.com\/wp-content\/uploads\/2025\/01\/dectron-dry-cooler-whitepaper-cropped.jpg","type":"image\/jpeg"}],"twitter_card":"summary_large_image","twitter_misc":{"Dur\u00e9e de lecture estim\u00e9e":"2 minutes"},"schema":{"@context":"https:\/\/schema.org","@graph":[{"@type":"WebPage","@id":"https:\/\/dectron.com\/fluid-coolers-vs-outdoor-air-condensers\/","url":"https:\/\/dectron.com\/fluid-coolers-vs-outdoor-air-condensers\/","name":"Refroidisseurs de fluide vs. condenseurs d'air ext\u00e9rieur - Dectron","isPartOf":{"@id":"https:\/\/dectron.com\/#website"},"primaryImageOfPage":{"@id":"https:\/\/dectron.com\/fluid-coolers-vs-outdoor-air-condensers\/#primaryimage"},"image":{"@id":"https:\/\/dectron.com\/fluid-coolers-vs-outdoor-air-condensers\/#primaryimage"},"thumbnailUrl":"https:\/\/dectron.com\/wp-content\/uploads\/2025\/01\/dectron-dry-cooler-whitepaper-cropped.jpg","datePublished":"2025-01-17T15:50:39+00:00","dateModified":"2025-06-13T14:28:42+00:00","inLanguage":"fr-FR","potentialAction":[{"@type":"ReadAction","target":["https:\/\/dectron.com\/fluid-coolers-vs-outdoor-air-condensers\/"]}]},{"@type":"ImageObject","inLanguage":"fr-FR","@id":"https:\/\/dectron.com\/fluid-coolers-vs-outdoor-air-condensers\/#primaryimage","url":"https:\/\/dectron.com\/wp-content\/uploads\/2025\/01\/dectron-dry-cooler-whitepaper-cropped.jpg","contentUrl":"https:\/\/dectron.com\/wp-content\/uploads\/2025\/01\/dectron-dry-cooler-whitepaper-cropped.jpg","width":2474,"height":1364},{"@type":"WebSite","@id":"https:\/\/dectron.com\/#website","url":"https:\/\/dectron.com\/","name":"Dectron","description":"DRY-O-TRON","potentialAction":[{"@type":"SearchAction","target":{"@type":"EntryPoint","urlTemplate":"https:\/\/dectron.com\/?s={search_term_string}"},"query-input":{"@type":"PropertyValueSpecification","valueRequired":true,"valueName":"search_term_string"}}],"inLanguage":"fr-FR"}]}},"_links":{"self":[{"href":"https:\/\/dectron.com\/fr\/wp-json\/wp\/v2\/pages\/11750","targetHints":{"allow":["GET"]}}],"collection":[{"href":"https:\/\/dectron.com\/fr\/wp-json\/wp\/v2\/pages"}],"about":[{"href":"https:\/\/dectron.com\/fr\/wp-json\/wp\/v2\/types\/page"}],"author":[{"embeddable":true,"href":"https:\/\/dectron.com\/fr\/wp-json\/wp\/v2\/users\/6"}],"replies":[{"embeddable":true,"href":"https:\/\/dectron.com\/fr\/wp-json\/wp\/v2\/comments?post=11750"}],"version-history":[{"count":10,"href":"https:\/\/dectron.com\/fr\/wp-json\/wp\/v2\/pages\/11750\/revisions"}],"predecessor-version":[{"id":12152,"href":"https:\/\/dectron.com\/fr\/wp-json\/wp\/v2\/pages\/11750\/revisions\/12152"}],"wp:featuredmedia":[{"embeddable":true,"href":"https:\/\/dectron.com\/fr\/wp-json\/wp\/v2\/media\/11741"}],"wp:attachment":[{"href":"https:\/\/dectron.com\/fr\/wp-json\/wp\/v2\/media?parent=11750"}],"curies":[{"name":"wp","href":"https:\/\/api.w.org\/{rel}","templated":true}]}}