{"id":12018,"date":"2025-06-02T15:31:14","date_gmt":"2025-06-02T19:31:14","guid":{"rendered":"https:\/\/dectron.com\/produits\/serie-hybride\/"},"modified":"2025-06-03T11:28:14","modified_gmt":"2025-06-03T15:28:14","slug":"serie-hybride","status":"publish","type":"page","link":"https:\/\/dectron.com\/fr\/produits\/serie-hybride\/","title":{"rendered":"S\u00e9rie hybride"},"content":{"rendered":"\t\t<div data-elementor-type=\"wp-page\" data-elementor-id=\"12018\" class=\"elementor elementor-12018 elementor-5440\" data-elementor-post-type=\"page\">\n\t\t\t\t\t\t<section class=\"elementor-section elementor-top-section elementor-element elementor-element-291cc4f7 elementor-section-boxed elementor-section-height-default elementor-section-height-default\" data-id=\"291cc4f7\" data-element_type=\"section\" data-e-type=\"section\">\n\t\t\t\t\t\t<div class=\"elementor-container elementor-column-gap-default\">\n\t\t\t\t\t<div class=\"elementor-column elementor-col-100 elementor-top-column elementor-element elementor-element-5d577d08\" data-id=\"5d577d08\" data-element_type=\"column\" data-e-type=\"column\">\n\t\t\t<div class=\"elementor-widget-wrap elementor-element-populated\">\n\t\t\t\t\t\t<div class=\"elementor-element elementor-element-2283d35a elementor-widget elementor-widget-heading\" data-id=\"2283d35a\" data-element_type=\"widget\" data-e-type=\"widget\" data-widget_type=\"heading.default\">\n\t\t\t\t<div class=\"elementor-widget-container\">\n\t\t\t\t\t<h2 class=\"elementor-heading-title elementor-size-default\">S\u00e9rie Dectron Hybrid<\/h2>\t\t\t\t<\/div>\n\t\t\t\t<\/div>\n\t\t\t\t<div class=\"elementor-element elementor-element-26f9cf86 elementor-widget elementor-widget-heading\" data-id=\"26f9cf86\" data-element_type=\"widget\" data-e-type=\"widget\" data-widget_type=\"heading.default\">\n\t\t\t\t<div class=\"elementor-widget-container\">\n\t\t\t\t\t<h3 class=\"elementor-heading-title elementor-size-default\">La puissance de la d\u00e9shumidification naturelle<\/h3>\t\t\t\t<\/div>\n\t\t\t\t<\/div>\n\t\t\t\t<div class=\"elementor-element elementor-element-33d69a28 elementor-widget elementor-widget-text-editor\" data-id=\"33d69a28\" data-element_type=\"widget\" data-e-type=\"widget\" data-widget_type=\"text-editor.default\">\n\t\t\t\t<div class=\"elementor-widget-container\">\n\t\t\t\t\t\t\t\t\t<p>La <strong>s\u00e9rie Dectron Hybrid<\/strong> offre la simplicit\u00e9, la fiabilit\u00e9 et l&#8217;efficacit\u00e9 de la d\u00e9shumidification par ventilation pour les piscines int\u00e9rieures, ainsi qu&#8217;un circuit de r\u00e9frig\u00e9ration pour fournir une climatisation optionnelle si n\u00e9cessaire.<\/p><p>Les d\u00e9shumidificateurs de piscine classiques utilisent un circuit de r\u00e9frig\u00e9ration pour refroidir l&#8217;air en dessous de son point de ros\u00e9e et en retirer l&#8217;humidit\u00e9, avant de le r\u00e9chauffer et de le renvoyer dans l&#8217;espace. Bien qu&#8217;efficace, il peut \u00e9galement \u00eatre souhaitable d&#8217;utiliser l&#8217;air ext\u00e9rieur pour g\u00e9rer les niveaux d&#8217;humidit\u00e9 \u00e0 l&#8217;int\u00e9rieur lorsque les conditions sont favorables.<\/p><p>La s\u00e9rie Hybrid exploite le potentiel de l&#8217;air ext\u00e9rieur sec pour r\u00e9aliser la d\u00e9shumidification, tout en incorporant un circuit de r\u00e9frig\u00e9ration pour fournir un refroidissement sensible qui maintient l&#8217;espace de la piscine confortable.<\/p>\t\t\t\t\t\t\t\t<\/div>\n\t\t\t\t<\/div>\n\t\t\t\t<div class=\"elementor-element elementor-element-53f9a05 elementor-widget elementor-widget-heading\" data-id=\"53f9a05\" data-element_type=\"widget\" data-e-type=\"widget\" data-widget_type=\"heading.default\">\n\t\t\t\t<div class=\"elementor-widget-container\">\n\t\t\t\t\t<h3 class=\"elementor-heading-title elementor-size-default\">Applications<\/h3>\t\t\t\t<\/div>\n\t\t\t\t<\/div>\n\t\t\t\t<div class=\"elementor-element elementor-element-48cbedce elementor-widget elementor-widget-text-editor\" data-id=\"48cbedce\" data-element_type=\"widget\" data-e-type=\"widget\" data-widget_type=\"text-editor.default\">\n\t\t\t\t<div class=\"elementor-widget-container\">\n\t\t\t\t\t\t\t\t\t<p>Si notre <strong>s\u00e9rie Hybrid<\/strong> est une solution de d\u00e9shumidification adapt\u00e9e aux piscines int\u00e9rieures dans la plupart des climats d&#8217;Am\u00e9rique du Nord, elle est plus rentable dans les r\u00e9gions o\u00f9 l&#8217;air ext\u00e9rieur est sec pendant la majeure partie de l&#8217;ann\u00e9e. Cependant, contrairement \u00e0 d&#8217;autres d\u00e9shumidificateurs bas\u00e9s sur la ventilation, notre s\u00e9rie Hybrid offre \u00e9galement une capacit\u00e9 de refroidissement sensible, de sorte que les temp\u00e9ratures \u00e9lev\u00e9es de l&#8217;air ext\u00e9rieur ne sont plus un probl\u00e8me.<\/p>\t\t\t\t\t\t\t\t<\/div>\n\t\t\t\t<\/div>\n\t\t\t\t<div class=\"elementor-element elementor-element-20f1397b elementor-widget elementor-widget-accordion\" data-id=\"20f1397b\" data-element_type=\"widget\" data-e-type=\"widget\" data-widget_type=\"accordion.default\">\n\t\t\t\t<div class=\"elementor-widget-container\">\n\t\t\t\t\t\t\t<div class=\"elementor-accordion\">\n\t\t\t\t\t\t\t<div class=\"elementor-accordion-item\">\n\t\t\t\t\t<div id=\"elementor-tab-title-5521\" class=\"elementor-tab-title\" data-tab=\"1\" role=\"button\" aria-controls=\"elementor-tab-content-5521\" aria-expanded=\"false\">\n\t\t\t\t\t\t\t\t\t\t\t\t<a class=\"elementor-accordion-title\" tabindex=\"0\">FAITS MARQUANTS<\/a>\n\t\t\t\t\t<\/div>\n\t\t\t\t\t<div id=\"elementor-tab-content-5521\" class=\"elementor-tab-content elementor-clearfix\" data-tab=\"1\" role=\"region\" aria-labelledby=\"elementor-tab-title-5521\"><ul class=\"clo-2\"><li>La d\u00e9shumidification par air ext\u00e9rieur est une alternative rentable \u00e0 la d\u00e9shumidification m\u00e9canique dans de nombreuses r\u00e9gions d&#8217;Am\u00e9rique du Nord et peut r\u00e9duire la consommation d&#8217;\u00e9nergie car les compresseurs ne sont pas utilis\u00e9s pour d\u00e9shumidifier.<\/li><li>Sa conception simple facilite l&#8217;entretien et la maintenance ; moins de composants de r\u00e9frig\u00e9ration co\u00fbtent moins cher \u00e0 faire fonctionner et \u00e0 entretenir.<\/li><li>Le refroidissement m\u00e9canique maintient la temp\u00e9rature de l&#8217;espace \u00e0 un niveau confortable en r\u00e9pondant \u00e0 la charge sensible.<\/li><li>L&#8217;algorithme de contr\u00f4le avanc\u00e9 module pr\u00e9cis\u00e9ment l&#8217;air ext\u00e9rieur, en n&#8217;utilisant que le minimum n\u00e9cessaire pour maintenir l&#8217;humidit\u00e9 de l&#8217;espace.<\/li><li>Les ventilateurs \u00e0 entra\u00eenement direct et les moteurs ECM permettent de r\u00e9duire les co\u00fbts \u00e9nerg\u00e9tiques et d&#8217;\u00e9liminer les courroies !<\/li><li>La r\u00e9cup\u00e9ration de chaleur utilise une boucle de glycol, r\u00e9duisant ainsi le co\u00fbt \u00e9nerg\u00e9tique du pr\u00e9chauffage de l&#8217;air ext\u00e9rieur.<\/li><\/ul><\/div>\n\t\t\t\t<\/div>\n\t\t\t\t\t\t\t<div class=\"elementor-accordion-item\">\n\t\t\t\t\t<div id=\"elementor-tab-title-5522\" class=\"elementor-tab-title\" data-tab=\"2\" role=\"button\" aria-controls=\"elementor-tab-content-5522\" aria-expanded=\"false\">\n\t\t\t\t\t\t\t\t\t\t\t\t<a class=\"elementor-accordion-title\" tabindex=\"0\">CARACT\u00c9RISTIQUES TECHNIQUES<\/a>\n\t\t\t\t\t<\/div>\n\t\t\t\t\t<div id=\"elementor-tab-content-5522\" class=\"elementor-tab-content elementor-clearfix\" data-tab=\"2\" role=\"region\" aria-labelledby=\"elementor-tab-title-5522\"><p>Bient\u00f4t disponible<\/p><\/div>\n\t\t\t\t<\/div>\n\t\t\t\t\t\t\t<div class=\"elementor-accordion-item\">\n\t\t\t\t\t<div id=\"elementor-tab-title-5523\" class=\"elementor-tab-title\" data-tab=\"3\" role=\"button\" aria-controls=\"elementor-tab-content-5523\" aria-expanded=\"false\">\n\t\t\t\t\t\t\t\t\t\t\t\t<a class=\"elementor-accordion-title\" tabindex=\"0\">OPTIONS<\/a>\n\t\t\t\t\t<\/div>\n\t\t\t\t\t<div id=\"elementor-tab-content-5523\" class=\"elementor-tab-content elementor-clearfix\" data-tab=\"3\" role=\"region\" aria-labelledby=\"elementor-tab-title-5523\"><ul class=\"clo-2\"><li>Refroidissement sensible de l&#8217;air disponible de 20 \u00e0 128 tonnes avec dx ou avec batterie \u00e0 eau glac\u00e9e<\/li><li>Chauffage des locaux en batterie &#8211; eau chaude, chaudi\u00e8re \u00e9lectrique ou \u00e0 gaz<\/li><\/ul><\/div>\n\t\t\t\t<\/div>\n\t\t\t\t\t\t\t<div class=\"elementor-accordion-item\">\n\t\t\t\t\t<div id=\"elementor-tab-title-5524\" class=\"elementor-tab-title\" data-tab=\"4\" role=\"button\" aria-controls=\"elementor-tab-content-5524\" aria-expanded=\"false\">\n\t\t\t\t\t\t\t\t\t\t\t\t<a class=\"elementor-accordion-title\" tabindex=\"0\">CARACT\u00c9RISTIQUES STANDARD<\/a>\n\t\t\t\t\t<\/div>\n\t\t\t\t\t<div id=\"elementor-tab-content-5524\" class=\"elementor-tab-content elementor-clearfix\" data-tab=\"4\" role=\"region\" aria-labelledby=\"elementor-tab-title-5524\"><ul class=\"clo-2\"><li>D\u00e9bit d&#8217;air de 6 000 \u00e0 64 000 CFM gr\u00e2ce aux ventilateurs pilot\u00e9s par l&#8217;ECM<\/li><li>R\u00e9cup\u00e9ration de chaleur fiable et hors gel via une boucle de glycol lorsque cela est n\u00e9cessaire (jusqu&#8217;\u00e0 -29\u02da F \/ -34\u02da C).<\/li><li>Modulation compl\u00e8te de l&#8217;air ext\u00e9rieur jusqu&#8217;\u00e0 100<\/li><li>Bobines enti\u00e8rement rev\u00eatues et faciles \u00e0 nettoyer<\/li><li>Mode de purge de la pi\u00e8ce en option<\/li><\/ul><\/div>\n\t\t\t\t<\/div>\n\t\t\t\t\t\t\t<div class=\"elementor-accordion-item\">\n\t\t\t\t\t<div id=\"elementor-tab-title-5525\" class=\"elementor-tab-title\" data-tab=\"5\" role=\"button\" aria-controls=\"elementor-tab-content-5525\" aria-expanded=\"false\">\n\t\t\t\t\t\t\t\t\t\t\t\t<a class=\"elementor-accordion-title\" tabindex=\"0\">T\u00c9L\u00c9CHARGEMENTS<\/a>\n\t\t\t\t\t<\/div>\n\t\t\t\t\t<div id=\"elementor-tab-content-5525\" class=\"elementor-tab-content elementor-clearfix\" data-tab=\"5\" role=\"region\" aria-labelledby=\"elementor-tab-title-5525\"><div style=\"display: flex;\">\n<div style=\"margin-right: 30px; width: 40%;\">\n\n<a href=\"https:\/\/dectron.com\/wp-content\/uploads\/2025\/06\/dectron-green-hybrid-fr.pdf\"><img fetchpriority=\"high\" decoding=\"async\" class=\"alignnone\" src=\"https:\/\/dectron.com\/wp-content\/uploads\/2025\/06\/dectron-green-hybrid-thumb-fr.png\" alt=\"\" width=\"2550\" height=\"3300\" \/><\/a>\n\n<a href=\"https:\/\/dectron.com\/wp-content\/uploads\/2025\/06\/dectron-green-hybrid-fr.pdf\" target=\"_blank\" rel=\"noopener\"><strong>Dectron<\/strong>\nHybrid Series\nAvantages \u00e9cologiques\n<\/a>\n\n<\/div>\n<div style=\"width: 40%;\">\n\n<a href=\"https:\/\/dectron.com\/wp-content\/uploads\/2025\/06\/dectron-hybrid-fr.pdf\"><img decoding=\"async\" class=\"alignnone\" src=\"https:\/\/dectron.com\/wp-content\/uploads\/2025\/06\/dectron-hybrid-thumb-fr.png\" alt=\"\" width=\"1978\" height=\"2560\" \/><\/a>\n\n<a href=\"https:\/\/dectron.com\/wp-content\/uploads\/2025\/06\/dectron-hybrid-fr.pdf\" target=\"_blank\" rel=\"noopener\"><strong>Dectron<\/strong>\nS\u00e9rie hybride\n<\/a>\n\n<\/div>\n<\/div><\/div>\n\t\t\t\t<\/div>\n\t\t\t\t\t\t\t\t<\/div>\n\t\t\t\t\t\t<\/div>\n\t\t\t\t<\/div>\n\t\t\t\t\t<\/div>\n\t\t<\/div>\n\t\t\t\t\t<\/div>\n\t\t<\/section>\n\t\t\t\t<\/div>\n\t\t","protected":false},"excerpt":{"rendered":"<p>S\u00e9rie Dectron Hybrid La puissance de la d\u00e9shumidification naturelle La s\u00e9rie Dectron Hybrid offre la simplicit\u00e9, la fiabilit\u00e9 et l&#8217;efficacit\u00e9 de la d\u00e9shumidification par ventilation pour les piscines int\u00e9rieures, ainsi qu&#8217;un circuit de r\u00e9frig\u00e9ration pour fournir une climatisation optionnelle si n\u00e9cessaire. Les d\u00e9shumidificateurs de piscine classiques utilisent un circuit de r\u00e9frig\u00e9ration pour refroidir l&#8217;air en [&hellip;]<\/p>\n","protected":false},"author":6,"featured_media":5454,"parent":5121,"menu_order":0,"comment_status":"closed","ping_status":"closed","template":"","meta":{"_acf_changed":false,"footnotes":""},"class_list":["post-12018","page","type-page","status-publish","has-post-thumbnail","hentry"],"acf":[],"yoast_head":"<!-- This site is optimized with the Yoast SEO plugin v27.4 - https:\/\/yoast.com\/product\/yoast-seo-wordpress\/ -->\n<title>S\u00e9rie hybride - Dectron<\/title>\n<meta name=\"robots\" content=\"index, follow, max-snippet:-1, max-image-preview:large, max-video-preview:-1\" \/>\n<link rel=\"canonical\" href=\"https:\/\/dectron.com\/products\/hybrid-series\/\" \/>\n<meta property=\"og:locale\" content=\"fr_FR\" \/>\n<meta property=\"og:type\" content=\"article\" \/>\n<meta property=\"og:title\" content=\"S\u00e9rie hybride - Dectron\" \/>\n<meta property=\"og:description\" content=\"S\u00e9rie Dectron Hybrid La puissance de la d\u00e9shumidification naturelle La s\u00e9rie Dectron Hybrid offre la simplicit\u00e9, la fiabilit\u00e9 et l&#8217;efficacit\u00e9 de la d\u00e9shumidification par ventilation pour les piscines int\u00e9rieures, ainsi qu&#8217;un circuit de r\u00e9frig\u00e9ration pour fournir une climatisation optionnelle si n\u00e9cessaire. Les d\u00e9shumidificateurs de piscine classiques utilisent un circuit de r\u00e9frig\u00e9ration pour refroidir l&#8217;air en [&hellip;]\" \/>\n<meta property=\"og:url\" content=\"https:\/\/dectron.com\/products\/hybrid-series\/\" \/>\n<meta property=\"og:site_name\" content=\"Dectron\" \/>\n<meta property=\"article:modified_time\" content=\"2025-06-03T15:28:14+00:00\" \/>\n<meta property=\"og:image\" content=\"https:\/\/dectron.com\/wp-content\/uploads\/2021\/05\/hybrid-heading.jpg\" \/>\n\t<meta property=\"og:image:width\" content=\"1920\" \/>\n\t<meta property=\"og:image:height\" content=\"615\" \/>\n\t<meta property=\"og:image:type\" content=\"image\/jpeg\" \/>\n<meta name=\"twitter:card\" content=\"summary_large_image\" \/>\n<meta name=\"twitter:label1\" content=\"Dur\u00e9e de lecture estim\u00e9e\" \/>\n\t<meta name=\"twitter:data1\" content=\"3 minutes\" \/>\n<script type=\"application\/ld+json\" class=\"yoast-schema-graph\">{\"@context\":\"https:\\\/\\\/schema.org\",\"@graph\":[{\"@type\":\"WebPage\",\"@id\":\"https:\\\/\\\/dectron.com\\\/products\\\/hybrid-series\\\/\",\"url\":\"https:\\\/\\\/dectron.com\\\/products\\\/hybrid-series\\\/\",\"name\":\"S\u00e9rie hybride - Dectron\",\"isPartOf\":{\"@id\":\"https:\\\/\\\/dectron.com\\\/#website\"},\"primaryImageOfPage\":{\"@id\":\"https:\\\/\\\/dectron.com\\\/products\\\/hybrid-series\\\/#primaryimage\"},\"image\":{\"@id\":\"https:\\\/\\\/dectron.com\\\/products\\\/hybrid-series\\\/#primaryimage\"},\"thumbnailUrl\":\"https:\\\/\\\/dectron.com\\\/wp-content\\\/uploads\\\/2021\\\/05\\\/hybrid-heading.jpg\",\"datePublished\":\"2025-06-02T19:31:14+00:00\",\"dateModified\":\"2025-06-03T15:28:14+00:00\",\"breadcrumb\":{\"@id\":\"https:\\\/\\\/dectron.com\\\/products\\\/hybrid-series\\\/#breadcrumb\"},\"inLanguage\":\"fr-FR\",\"potentialAction\":[{\"@type\":\"ReadAction\",\"target\":[\"https:\\\/\\\/dectron.com\\\/products\\\/hybrid-series\\\/\"]}]},{\"@type\":\"ImageObject\",\"inLanguage\":\"fr-FR\",\"@id\":\"https:\\\/\\\/dectron.com\\\/products\\\/hybrid-series\\\/#primaryimage\",\"url\":\"https:\\\/\\\/dectron.com\\\/wp-content\\\/uploads\\\/2021\\\/05\\\/hybrid-heading.jpg\",\"contentUrl\":\"https:\\\/\\\/dectron.com\\\/wp-content\\\/uploads\\\/2021\\\/05\\\/hybrid-heading.jpg\",\"width\":1920,\"height\":615},{\"@type\":\"BreadcrumbList\",\"@id\":\"https:\\\/\\\/dectron.com\\\/products\\\/hybrid-series\\\/#breadcrumb\",\"itemListElement\":[{\"@type\":\"ListItem\",\"position\":1,\"name\":\"Produits\",\"item\":\"https:\\\/\\\/dectron.com\\\/products\\\/\"},{\"@type\":\"ListItem\",\"position\":2,\"name\":\"S\u00e9rie hybride\"}]},{\"@type\":\"WebSite\",\"@id\":\"https:\\\/\\\/dectron.com\\\/#website\",\"url\":\"https:\\\/\\\/dectron.com\\\/\",\"name\":\"Dectron\",\"description\":\"DRY-O-TRON\",\"potentialAction\":[{\"@type\":\"SearchAction\",\"target\":{\"@type\":\"EntryPoint\",\"urlTemplate\":\"https:\\\/\\\/dectron.com\\\/?s={search_term_string}\"},\"query-input\":{\"@type\":\"PropertyValueSpecification\",\"valueRequired\":true,\"valueName\":\"search_term_string\"}}],\"inLanguage\":\"fr-FR\"}]}<\/script>\n<!-- \/ Yoast SEO plugin. -->","yoast_head_json":{"title":"S\u00e9rie hybride - Dectron","robots":{"index":"index","follow":"follow","max-snippet":"max-snippet:-1","max-image-preview":"max-image-preview:large","max-video-preview":"max-video-preview:-1"},"canonical":"https:\/\/dectron.com\/products\/hybrid-series\/","og_locale":"fr_FR","og_type":"article","og_title":"S\u00e9rie hybride - Dectron","og_description":"S\u00e9rie Dectron Hybrid La puissance de la d\u00e9shumidification naturelle La s\u00e9rie Dectron Hybrid offre la simplicit\u00e9, la fiabilit\u00e9 et l&#8217;efficacit\u00e9 de la d\u00e9shumidification par ventilation pour les piscines int\u00e9rieures, ainsi qu&#8217;un circuit de r\u00e9frig\u00e9ration pour fournir une climatisation optionnelle si n\u00e9cessaire. Les d\u00e9shumidificateurs de piscine classiques utilisent un circuit de r\u00e9frig\u00e9ration pour refroidir l&#8217;air en [&hellip;]","og_url":"https:\/\/dectron.com\/products\/hybrid-series\/","og_site_name":"Dectron","article_modified_time":"2025-06-03T15:28:14+00:00","og_image":[{"width":1920,"height":615,"url":"https:\/\/dectron.com\/wp-content\/uploads\/2021\/05\/hybrid-heading.jpg","type":"image\/jpeg"}],"twitter_card":"summary_large_image","twitter_misc":{"Dur\u00e9e de lecture estim\u00e9e":"3 minutes"},"schema":{"@context":"https:\/\/schema.org","@graph":[{"@type":"WebPage","@id":"https:\/\/dectron.com\/products\/hybrid-series\/","url":"https:\/\/dectron.com\/products\/hybrid-series\/","name":"S\u00e9rie hybride - Dectron","isPartOf":{"@id":"https:\/\/dectron.com\/#website"},"primaryImageOfPage":{"@id":"https:\/\/dectron.com\/products\/hybrid-series\/#primaryimage"},"image":{"@id":"https:\/\/dectron.com\/products\/hybrid-series\/#primaryimage"},"thumbnailUrl":"https:\/\/dectron.com\/wp-content\/uploads\/2021\/05\/hybrid-heading.jpg","datePublished":"2025-06-02T19:31:14+00:00","dateModified":"2025-06-03T15:28:14+00:00","breadcrumb":{"@id":"https:\/\/dectron.com\/products\/hybrid-series\/#breadcrumb"},"inLanguage":"fr-FR","potentialAction":[{"@type":"ReadAction","target":["https:\/\/dectron.com\/products\/hybrid-series\/"]}]},{"@type":"ImageObject","inLanguage":"fr-FR","@id":"https:\/\/dectron.com\/products\/hybrid-series\/#primaryimage","url":"https:\/\/dectron.com\/wp-content\/uploads\/2021\/05\/hybrid-heading.jpg","contentUrl":"https:\/\/dectron.com\/wp-content\/uploads\/2021\/05\/hybrid-heading.jpg","width":1920,"height":615},{"@type":"BreadcrumbList","@id":"https:\/\/dectron.com\/products\/hybrid-series\/#breadcrumb","itemListElement":[{"@type":"ListItem","position":1,"name":"Produits","item":"https:\/\/dectron.com\/products\/"},{"@type":"ListItem","position":2,"name":"S\u00e9rie hybride"}]},{"@type":"WebSite","@id":"https:\/\/dectron.com\/#website","url":"https:\/\/dectron.com\/","name":"Dectron","description":"DRY-O-TRON","potentialAction":[{"@type":"SearchAction","target":{"@type":"EntryPoint","urlTemplate":"https:\/\/dectron.com\/?s={search_term_string}"},"query-input":{"@type":"PropertyValueSpecification","valueRequired":true,"valueName":"search_term_string"}}],"inLanguage":"fr-FR"}]}},"_links":{"self":[{"href":"https:\/\/dectron.com\/fr\/wp-json\/wp\/v2\/pages\/12018","targetHints":{"allow":["GET"]}}],"collection":[{"href":"https:\/\/dectron.com\/fr\/wp-json\/wp\/v2\/pages"}],"about":[{"href":"https:\/\/dectron.com\/fr\/wp-json\/wp\/v2\/types\/page"}],"author":[{"embeddable":true,"href":"https:\/\/dectron.com\/fr\/wp-json\/wp\/v2\/users\/6"}],"replies":[{"embeddable":true,"href":"https:\/\/dectron.com\/fr\/wp-json\/wp\/v2\/comments?post=12018"}],"version-history":[{"count":4,"href":"https:\/\/dectron.com\/fr\/wp-json\/wp\/v2\/pages\/12018\/revisions"}],"predecessor-version":[{"id":12064,"href":"https:\/\/dectron.com\/fr\/wp-json\/wp\/v2\/pages\/12018\/revisions\/12064"}],"up":[{"embeddable":true,"href":"https:\/\/dectron.com\/fr\/wp-json\/wp\/v2\/pages\/5121"}],"wp:featuredmedia":[{"embeddable":true,"href":"https:\/\/dectron.com\/fr\/wp-json\/wp\/v2\/media\/5454"}],"wp:attachment":[{"href":"https:\/\/dectron.com\/fr\/wp-json\/wp\/v2\/media?parent=12018"}],"curies":[{"name":"wp","href":"https:\/\/api.w.org\/{rel}","templated":true}]}}