{"id":12264,"date":"2025-08-05T14:04:42","date_gmt":"2025-08-05T18:04:42","guid":{"rendered":"https:\/\/dectron.com\/?page_id=12264"},"modified":"2025-08-06T16:42:34","modified_gmt":"2025-08-06T20:42:34","slug":"norme-ashrae90-1","status":"publish","type":"page","link":"https:\/\/dectron.com\/fr\/norme-ashrae90-1\/","title":{"rendered":"Norme ASHRAE 90.1"},"content":{"rendered":"\t\t<div data-elementor-type=\"wp-page\" data-elementor-id=\"12264\" class=\"elementor elementor-12264 elementor-12263\" data-elementor-post-type=\"page\">\n\t\t\t\t\t\t<section class=\"elementor-section elementor-top-section elementor-element elementor-element-75b20ccd elementor-section-full_width elementor-section-height-default elementor-section-height-default elementor-invisible\" data-id=\"75b20ccd\" data-element_type=\"section\" data-e-type=\"section\" data-settings=\"{&quot;animation&quot;:&quot;fadeIn&quot;}\">\n\t\t\t\t\t\t<div class=\"elementor-container elementor-column-gap-no\">\n\t\t\t\t\t<div class=\"elementor-column elementor-col-100 elementor-top-column elementor-element elementor-element-330bbb3f\" data-id=\"330bbb3f\" data-element_type=\"column\" data-e-type=\"column\">\n\t\t\t<div class=\"elementor-widget-wrap elementor-element-populated\">\n\t\t\t\t<div class=\"elementor-element elementor-element-2c826af3 e-con-full e-flex e-con e-parent\" data-id=\"2c826af3\" data-element_type=\"container\" data-e-type=\"container\">\n\t\t<div class=\"elementor-element elementor-element-6e05fd46 e-con-full e-flex e-con e-child\" data-id=\"6e05fd46\" data-element_type=\"container\" data-e-type=\"container\">\n\t\t\t\t<div class=\"elementor-element elementor-element-35f4c928 elementor-widget elementor-widget-heading\" data-id=\"35f4c928\" data-element_type=\"widget\" data-e-type=\"widget\" data-widget_type=\"heading.default\">\n\t\t\t\t<div class=\"elementor-widget-container\">\n\t\t\t\t\t<h1 class=\"elementor-heading-title elementor-size-default\">Norme ASHRAE 90.1\u200b<\/h1>\t\t\t\t<\/div>\n\t\t\t\t<\/div>\n\t\t\t\t<div class=\"elementor-element elementor-element-2f273451 elementor-widget elementor-widget-heading\" data-id=\"2f273451\" data-element_type=\"widget\" data-e-type=\"widget\" data-widget_type=\"heading.default\">\n\t\t\t\t<div class=\"elementor-widget-container\">\n\t\t\t\t\t<p class=\"elementor-heading-title elementor-size-default\">Comment les d\u00e9shumidificateurs de piscine int\u00e9rieure con\u00e7us sur\nmesure respectent la norme\nASHRAE 90.1\net permettent\nd'\u00e9conomiser jusqu'\u00e0 442 265$\nen co\u00fbts \u00e9nerg\u00e9tiques sur leur dur\u00e9e de vie.<\/p>\t\t\t\t<\/div>\n\t\t\t\t<\/div>\n\t\t\t\t<div class=\"elementor-element elementor-element-c4fa892 elementor-widget elementor-widget-heading\" data-id=\"c4fa892\" data-element_type=\"widget\" data-e-type=\"widget\" data-widget_type=\"heading.default\">\n\t\t\t\t<div class=\"elementor-widget-container\">\n\t\t\t\t\t<div class=\"elementor-heading-title elementor-size-default\"><a href=\"#download\">T\u00c9L\u00c9CHARGER LE DOCUMENT &gt;<\/a><\/div>\t\t\t\t<\/div>\n\t\t\t\t<\/div>\n\t\t\t\t<\/div>\n\t\t\t\t<\/div>\n\t\t\t\t<div class=\"elementor-element elementor-element-908c4af elementor-widget elementor-widget-spacer\" data-id=\"908c4af\" data-element_type=\"widget\" data-e-type=\"widget\" data-widget_type=\"spacer.default\">\n\t\t\t\t<div class=\"elementor-widget-container\">\n\t\t\t\t\t\t\t<div class=\"elementor-spacer\">\n\t\t\t<div class=\"elementor-spacer-inner\"><\/div>\n\t\t<\/div>\n\t\t\t\t\t\t<\/div>\n\t\t\t\t<\/div>\n\t\t\t\t\t<\/div>\n\t\t<\/div>\n\t\t\t\t\t<\/div>\n\t\t<\/section>\n\t\t<div class=\"elementor-element elementor-element-6a2c1f4 e-con-full e-flex e-con e-parent\" data-id=\"6a2c1f4\" data-element_type=\"container\" data-e-type=\"container\" id=\"download\">\n\t\t<div class=\"elementor-element elementor-element-40d3553 e-con-full e-flex e-con e-child\" data-id=\"40d3553\" data-element_type=\"container\" data-e-type=\"container\" data-settings=\"{&quot;background_background&quot;:&quot;classic&quot;}\">\n\t\t\t\t<div class=\"elementor-element elementor-element-35500cd elementor-widget elementor-widget-image\" data-id=\"35500cd\" data-element_type=\"widget\" data-e-type=\"widget\" data-widget_type=\"image.default\">\n\t\t\t\t<div class=\"elementor-widget-container\">\n\t\t\t\t\t\t\t\t\t\t\t\t\t\t\t<img fetchpriority=\"high\" decoding=\"async\" width=\"800\" height=\"585\" src=\"https:\/\/dectron.com\/wp-content\/uploads\/2025\/08\/dectron-cover-fr-1024x749.jpg\" class=\"attachment-large size-large wp-image-12294\" alt=\"\" srcset=\"https:\/\/dectron.com\/wp-content\/uploads\/2025\/08\/dectron-cover-fr-1024x749.jpg 1024w, https:\/\/dectron.com\/wp-content\/uploads\/2025\/08\/dectron-cover-fr-300x219.jpg 300w, https:\/\/dectron.com\/wp-content\/uploads\/2025\/08\/dectron-cover-fr-768x562.jpg 768w, https:\/\/dectron.com\/wp-content\/uploads\/2025\/08\/dectron-cover-fr.jpg 1276w\" sizes=\"(max-width: 800px) 100vw, 800px\" \/>\t\t\t\t\t\t\t\t\t\t\t\t\t\t\t<\/div>\n\t\t\t\t<\/div>\n\t\t\t\t<div class=\"elementor-element elementor-element-2b314ac elementor-widget elementor-widget-spacer\" data-id=\"2b314ac\" data-element_type=\"widget\" data-e-type=\"widget\" data-widget_type=\"spacer.default\">\n\t\t\t\t<div class=\"elementor-widget-container\">\n\t\t\t\t\t\t\t<div class=\"elementor-spacer\">\n\t\t\t<div class=\"elementor-spacer-inner\"><\/div>\n\t\t<\/div>\n\t\t\t\t\t\t<\/div>\n\t\t\t\t<\/div>\n\t\t\t\t<div class=\"elementor-element elementor-element-cab630e elementor-widget elementor-widget-heading\" data-id=\"cab630e\" data-element_type=\"widget\" data-e-type=\"widget\" data-widget_type=\"heading.default\">\n\t\t\t\t<div class=\"elementor-widget-container\">\n\t\t\t\t\t<h2 class=\"elementor-heading-title elementor-size-default\">Table des Mati\u00e8res<\/h2>\t\t\t\t<\/div>\n\t\t\t\t<\/div>\n\t\t\t\t<div class=\"elementor-element elementor-element-b4831df elementor-widget elementor-widget-text-editor\" data-id=\"b4831df\" data-element_type=\"widget\" data-e-type=\"widget\" data-widget_type=\"text-editor.default\">\n\t\t\t\t<div class=\"elementor-widget-container\">\n\t\t\t\t\t\t\t\t\t<p><strong>Section 1 &#8211;<\/strong> Le bon produit contribuera \u00e0 la r\u00e9ussite d&#8217;une piscine int\u00e9rieure et permettra de r\u00e9duire les co\u00fbts \u00e9nerg\u00e9tiques<br \/><strong>Section 2 &#8211; <\/strong>Pr\u00e9sentation de la norme ASHRAE 90.1<br \/><strong>Section 3 &#8211; <\/strong>R\u00e9cup\u00e9ration de la chaleur r\u00e9siduelle du compresseur<br \/><strong>Section 4 &#8211; <\/strong>R\u00e9cup\u00e9ration de la chaleur de l&#8217;air \u00e9vacu\u00e9<br \/><strong>Section 5 &#8211; <\/strong>Conformit\u00e9 de la technologie \u00e0 la norme ASHRAE 90.1<\/p>\t\t\t\t\t\t\t\t<\/div>\n\t\t\t\t<\/div>\n\t\t\t\t<div class=\"elementor-element elementor-element-3930e07 elementor-widget elementor-widget-button\" data-id=\"3930e07\" data-element_type=\"widget\" data-e-type=\"widget\" data-widget_type=\"button.default\">\n\t\t\t\t<div class=\"elementor-widget-container\">\n\t\t\t\t\t\t\t\t\t<div class=\"elementor-button-wrapper\">\n\t\t\t\t\t<a class=\"elementor-button elementor-button-link elementor-size-sm\" href=\"https:\/\/dectron.com\/about\/contact\/\">\n\t\t\t\t\t\t<span class=\"elementor-button-content-wrapper\">\n\t\t\t\t\t\t\t\t\t<span class=\"elementor-button-text\">CONTACTER UN EXPERT<\/span>\n\t\t\t\t\t<\/span>\n\t\t\t\t\t<\/a>\n\t\t\t\t<\/div>\n\t\t\t\t\t\t\t\t<\/div>\n\t\t\t\t<\/div>\n\t\t\t\t<\/div>\n\t\t<div class=\"elementor-element elementor-element-6802988 e-con-full e-flex e-con e-child\" data-id=\"6802988\" data-element_type=\"container\" data-e-type=\"container\">\n\t\t\t\t<div class=\"elementor-element elementor-element-3d3c088 elementor-widget elementor-widget-heading\" data-id=\"3d3c088\" data-element_type=\"widget\" data-e-type=\"widget\" data-widget_type=\"heading.default\">\n\t\t\t\t<div class=\"elementor-widget-container\">\n\t\t\t\t\t<h2 class=\"elementor-heading-title elementor-size-default\">T\u00e9l\u00e9charger le document<\/h2>\t\t\t\t<\/div>\n\t\t\t\t<\/div>\n\t\t\t\t<div class=\"elementor-element elementor-element-5e6bdf9 elementor-widget elementor-widget-text-editor\" data-id=\"5e6bdf9\" data-element_type=\"widget\" data-e-type=\"widget\" data-widget_type=\"text-editor.default\">\n\t\t\t\t<div class=\"elementor-widget-container\">\n\t\t\t\t\t\t\t\t\t<p>Remplissez le formulaire ci-dessous pour obtenir votre exemplaire num\u00e9rique.<\/p>\t\t\t\t\t\t\t\t<\/div>\n\t\t\t\t<\/div>\n\t\t\t\t<div class=\"elementor-element elementor-element-4a4e307 elementor-widget elementor-widget-html\" data-id=\"4a4e307\" data-element_type=\"widget\" data-e-type=\"widget\" data-widget_type=\"html.default\">\n\t\t\t\t<div class=\"elementor-widget-container\">\n\t\t\t\t\t<script charset=\"utf-8\" type=\"text\/javascript\" src=\"\/\/js.hsforms.net\/forms\/embed\/v2.js\"><\/script>\r\n<script>\r\n  hbspt.forms.create({\r\n    portalId: \"21212828\",\r\n    formId: \"68e0abd8-eeb4-4d82-8a5e-ee800a6c5387\",\r\n    region: \"na1\"\r\n  });\r\n<\/script>\t\t\t\t<\/div>\n\t\t\t\t<\/div>\n\t\t\t\t<\/div>\n\t\t\t\t<\/div>\n\t\t<div class=\"elementor-element elementor-element-44ac81b e-flex e-con-boxed e-con e-parent\" data-id=\"44ac81b\" data-element_type=\"container\" data-e-type=\"container\">\n\t\t\t\t\t<div class=\"e-con-inner\">\n\t\t<div class=\"elementor-element elementor-element-01b79b1 e-con-full e-flex e-con e-child\" data-id=\"01b79b1\" data-element_type=\"container\" data-e-type=\"container\" data-settings=\"{&quot;background_background&quot;:&quot;classic&quot;}\">\n\t\t<div class=\"elementor-element elementor-element-d373d83 e-con-full e-flex e-con e-child\" data-id=\"d373d83\" data-element_type=\"container\" data-e-type=\"container\" data-settings=\"{&quot;background_background&quot;:&quot;classic&quot;}\">\n\t\t\t\t<div class=\"elementor-element elementor-element-1361798 elementor-widget elementor-widget-heading\" data-id=\"1361798\" data-element_type=\"widget\" data-e-type=\"widget\" data-widget_type=\"heading.default\">\n\t\t\t\t<div class=\"elementor-widget-container\">\n\t\t\t\t\t<h2 class=\"elementor-heading-title elementor-size-default\">R\u00e9sum\u00e9\u200b<\/h2>\t\t\t\t<\/div>\n\t\t\t\t<\/div>\n\t\t\t\t<div class=\"elementor-element elementor-element-80742d2 elementor-widget elementor-widget-text-editor\" data-id=\"80742d2\" data-element_type=\"widget\" data-e-type=\"widget\" data-widget_type=\"text-editor.default\">\n\t\t\t\t<div class=\"elementor-widget-container\">\n\t\t\t\t\t\t\t\t\t<p>Les piscines couvertes sont complexes et n\u00e9cessitent une attention particuli\u00e8re aux d\u00e9tails pour obtenir un r\u00e9sultat satisfaisant.<\/p><p>Le choix d&#8217;un d\u00e9shumidificateur sp\u00e9cialement con\u00e7u pour r\u00e9pondre aux exigences particuli\u00e8res des piscines d&#8217;int\u00e9rieur est la meilleure solution. Ils sont \u00e9galement con\u00e7us dans un souci d&#8217;efficacit\u00e9 \u00e9nerg\u00e9tique et permettent de r\u00e9aliser des \u00e9conomies sup\u00e9rieures \u00e0 celles offertes par les syst\u00e8mes habituels. En raison de la forte demande en \u00e9nergie pour le contr\u00f4le de l&#8217;humidit\u00e9 des piscines int\u00e9rieures, la norme ASHRAE 90.1 exige que les syst\u00e8mes maximisent la r\u00e9cup\u00e9ration de chaleur et minimisent l&#8217;utilisation de chaleur auxiliaire.<\/p><p><b>T\u00e9l\u00e9chargez le livre blanc<\/b> pour d\u00e9couvrir comment les d\u00e9shumidificateurs pour piscines int\u00e9rieures sp\u00e9cialement con\u00e7us sont conformes \u00e0 la norme ASHRAE 90.1 et permettent d&#8217;\u00e9conomiser jusqu&#8217;\u00e0 442 265 $ en co\u00fbts \u00e9nerg\u00e9tiques sur toute la dur\u00e9e de vie de l&#8217;installation.<\/p>\t\t\t\t\t\t\t\t<\/div>\n\t\t\t\t<\/div>\n\t\t\t\t<\/div>\n\t\t<div class=\"elementor-element elementor-element-c3f53d4 e-con-full e-flex e-con e-child\" data-id=\"c3f53d4\" data-element_type=\"container\" data-e-type=\"container\">\n\t\t\t\t<div class=\"elementor-element elementor-element-530e21c elementor-widget elementor-widget-image\" data-id=\"530e21c\" data-element_type=\"widget\" data-e-type=\"widget\" data-widget_type=\"image.default\">\n\t\t\t\t<div class=\"elementor-widget-container\">\n\t\t\t\t\t\t\t\t\t\t\t\t\t\t\t<img decoding=\"async\" width=\"791\" height=\"1024\" src=\"https:\/\/dectron.com\/wp-content\/uploads\/2025\/08\/sample-5-791x1024.png\" class=\"attachment-large size-large wp-image-12286\" alt=\"\" srcset=\"https:\/\/dectron.com\/wp-content\/uploads\/2025\/08\/sample-5-791x1024.png 791w, https:\/\/dectron.com\/wp-content\/uploads\/2025\/08\/sample-5-232x300.png 232w, https:\/\/dectron.com\/wp-content\/uploads\/2025\/08\/sample-5-768x994.png 768w, https:\/\/dectron.com\/wp-content\/uploads\/2025\/08\/sample-5-1187x1536.png 1187w, https:\/\/dectron.com\/wp-content\/uploads\/2025\/08\/sample-5.png 1545w\" sizes=\"(max-width: 791px) 100vw, 791px\" \/>\t\t\t\t\t\t\t\t\t\t\t\t\t\t\t<\/div>\n\t\t\t\t<\/div>\n\t\t\t\t<\/div>\n\t\t\t\t<\/div>\n\t\t\t\t\t<\/div>\n\t\t\t\t<\/div>\n\t\t\t\t<\/div>\n\t\t","protected":false},"excerpt":{"rendered":"<p>Norme ASHRAE 90.1\u200b Comment les d\u00e9shumidificateurs de piscine int\u00e9rieure con\u00e7us sur mesure respectent la norme ASHRAE 90.1 et permettent d&#8217;\u00e9conomiser jusqu&#8217;\u00e0 442 265$ en co\u00fbts \u00e9nerg\u00e9tiques sur leur dur\u00e9e de vie. T\u00c9L\u00c9CHARGER LE DOCUMENT &gt; Table des Mati\u00e8res Section 1 &#8211; Le bon produit contribuera \u00e0 la r\u00e9ussite d&#8217;une piscine int\u00e9rieure et permettra de r\u00e9duire [&hellip;]<\/p>\n","protected":false},"author":6,"featured_media":12312,"parent":0,"menu_order":0,"comment_status":"closed","ping_status":"closed","template":"elementor_header_footer","meta":{"_acf_changed":false,"footnotes":""},"class_list":["post-12264","page","type-page","status-publish","has-post-thumbnail","hentry"],"acf":[],"yoast_head":"<!-- This site is optimized with the Yoast SEO plugin v27.1.1 - https:\/\/yoast.com\/product\/yoast-seo-wordpress\/ -->\n<title>Norme ASHRAE 90.1 - Dectron<\/title>\n<meta name=\"robots\" content=\"index, follow, max-snippet:-1, max-image-preview:large, max-video-preview:-1\" \/>\n<link rel=\"canonical\" href=\"https:\/\/dectron.com\/ashrae90-1-standard\/\" \/>\n<meta property=\"og:locale\" content=\"fr_FR\" \/>\n<meta property=\"og:type\" content=\"article\" \/>\n<meta property=\"og:title\" content=\"Norme ASHRAE 90.1 - Dectron\" \/>\n<meta property=\"og:description\" content=\"Norme ASHRAE 90.1\u200b Comment les d\u00e9shumidificateurs de piscine int\u00e9rieure con\u00e7us sur mesure respectent la norme ASHRAE 90.1 et permettent d&#8217;\u00e9conomiser jusqu&#8217;\u00e0 442 265$ en co\u00fbts \u00e9nerg\u00e9tiques sur leur dur\u00e9e de vie. T\u00c9L\u00c9CHARGER LE DOCUMENT &gt; Table des Mati\u00e8res Section 1 &#8211; Le bon produit contribuera \u00e0 la r\u00e9ussite d&#8217;une piscine int\u00e9rieure et permettra de r\u00e9duire [&hellip;]\" \/>\n<meta property=\"og:url\" content=\"https:\/\/dectron.com\/ashrae90-1-standard\/\" \/>\n<meta property=\"og:site_name\" content=\"Dectron\" \/>\n<meta property=\"article:modified_time\" content=\"2025-08-06T20:42:34+00:00\" \/>\n<meta property=\"og:image\" content=\"https:\/\/dectron.com\/wp-content\/uploads\/2025\/08\/dectron-cover-fr-2.jpg\" \/>\n\t<meta property=\"og:image:width\" content=\"1276\" \/>\n\t<meta property=\"og:image:height\" content=\"933\" \/>\n\t<meta property=\"og:image:type\" content=\"image\/jpeg\" \/>\n<meta name=\"twitter:card\" content=\"summary_large_image\" \/>\n<meta name=\"twitter:label1\" content=\"Dur\u00e9e de lecture estim\u00e9e\" \/>\n\t<meta name=\"twitter:data1\" content=\"2 minutes\" \/>\n<script type=\"application\/ld+json\" class=\"yoast-schema-graph\">{\"@context\":\"https:\/\/schema.org\",\"@graph\":[{\"@type\":\"WebPage\",\"@id\":\"https:\/\/dectron.com\/ashrae90-1-standard\/\",\"url\":\"https:\/\/dectron.com\/ashrae90-1-standard\/\",\"name\":\"Norme ASHRAE 90.1 - Dectron\",\"isPartOf\":{\"@id\":\"https:\/\/dectron.com\/#website\"},\"primaryImageOfPage\":{\"@id\":\"https:\/\/dectron.com\/ashrae90-1-standard\/#primaryimage\"},\"image\":{\"@id\":\"https:\/\/dectron.com\/ashrae90-1-standard\/#primaryimage\"},\"thumbnailUrl\":\"https:\/\/dectron.com\/wp-content\/uploads\/2025\/08\/dectron-cover-fr-2.jpg\",\"datePublished\":\"2025-08-05T18:04:42+00:00\",\"dateModified\":\"2025-08-06T20:42:34+00:00\",\"inLanguage\":\"fr-FR\",\"potentialAction\":[{\"@type\":\"ReadAction\",\"target\":[\"https:\/\/dectron.com\/ashrae90-1-standard\/\"]}]},{\"@type\":\"ImageObject\",\"inLanguage\":\"fr-FR\",\"@id\":\"https:\/\/dectron.com\/ashrae90-1-standard\/#primaryimage\",\"url\":\"https:\/\/dectron.com\/wp-content\/uploads\/2025\/08\/dectron-cover-fr-2.jpg\",\"contentUrl\":\"https:\/\/dectron.com\/wp-content\/uploads\/2025\/08\/dectron-cover-fr-2.jpg\",\"width\":1276,\"height\":933},{\"@type\":\"WebSite\",\"@id\":\"https:\/\/dectron.com\/#website\",\"url\":\"https:\/\/dectron.com\/\",\"name\":\"Dectron\",\"description\":\"DRY-O-TRON\",\"potentialAction\":[{\"@type\":\"SearchAction\",\"target\":{\"@type\":\"EntryPoint\",\"urlTemplate\":\"https:\/\/dectron.com\/?s={search_term_string}\"},\"query-input\":{\"@type\":\"PropertyValueSpecification\",\"valueRequired\":true,\"valueName\":\"search_term_string\"}}],\"inLanguage\":\"fr-FR\"}]}<\/script>\n<!-- \/ Yoast SEO plugin. -->","yoast_head_json":{"title":"Norme ASHRAE 90.1 - Dectron","robots":{"index":"index","follow":"follow","max-snippet":"max-snippet:-1","max-image-preview":"max-image-preview:large","max-video-preview":"max-video-preview:-1"},"canonical":"https:\/\/dectron.com\/ashrae90-1-standard\/","og_locale":"fr_FR","og_type":"article","og_title":"Norme ASHRAE 90.1 - Dectron","og_description":"Norme ASHRAE 90.1\u200b Comment les d\u00e9shumidificateurs de piscine int\u00e9rieure con\u00e7us sur mesure respectent la norme ASHRAE 90.1 et permettent d&#8217;\u00e9conomiser jusqu&#8217;\u00e0 442 265$ en co\u00fbts \u00e9nerg\u00e9tiques sur leur dur\u00e9e de vie. T\u00c9L\u00c9CHARGER LE DOCUMENT &gt; Table des Mati\u00e8res Section 1 &#8211; Le bon produit contribuera \u00e0 la r\u00e9ussite d&#8217;une piscine int\u00e9rieure et permettra de r\u00e9duire [&hellip;]","og_url":"https:\/\/dectron.com\/ashrae90-1-standard\/","og_site_name":"Dectron","article_modified_time":"2025-08-06T20:42:34+00:00","og_image":[{"width":1276,"height":933,"url":"https:\/\/dectron.com\/wp-content\/uploads\/2025\/08\/dectron-cover-fr-2.jpg","type":"image\/jpeg"}],"twitter_card":"summary_large_image","twitter_misc":{"Dur\u00e9e de lecture estim\u00e9e":"2 minutes"},"schema":{"@context":"https:\/\/schema.org","@graph":[{"@type":"WebPage","@id":"https:\/\/dectron.com\/ashrae90-1-standard\/","url":"https:\/\/dectron.com\/ashrae90-1-standard\/","name":"Norme ASHRAE 90.1 - Dectron","isPartOf":{"@id":"https:\/\/dectron.com\/#website"},"primaryImageOfPage":{"@id":"https:\/\/dectron.com\/ashrae90-1-standard\/#primaryimage"},"image":{"@id":"https:\/\/dectron.com\/ashrae90-1-standard\/#primaryimage"},"thumbnailUrl":"https:\/\/dectron.com\/wp-content\/uploads\/2025\/08\/dectron-cover-fr-2.jpg","datePublished":"2025-08-05T18:04:42+00:00","dateModified":"2025-08-06T20:42:34+00:00","inLanguage":"fr-FR","potentialAction":[{"@type":"ReadAction","target":["https:\/\/dectron.com\/ashrae90-1-standard\/"]}]},{"@type":"ImageObject","inLanguage":"fr-FR","@id":"https:\/\/dectron.com\/ashrae90-1-standard\/#primaryimage","url":"https:\/\/dectron.com\/wp-content\/uploads\/2025\/08\/dectron-cover-fr-2.jpg","contentUrl":"https:\/\/dectron.com\/wp-content\/uploads\/2025\/08\/dectron-cover-fr-2.jpg","width":1276,"height":933},{"@type":"WebSite","@id":"https:\/\/dectron.com\/#website","url":"https:\/\/dectron.com\/","name":"Dectron","description":"DRY-O-TRON","potentialAction":[{"@type":"SearchAction","target":{"@type":"EntryPoint","urlTemplate":"https:\/\/dectron.com\/?s={search_term_string}"},"query-input":{"@type":"PropertyValueSpecification","valueRequired":true,"valueName":"search_term_string"}}],"inLanguage":"fr-FR"}]}},"_links":{"self":[{"href":"https:\/\/dectron.com\/fr\/wp-json\/wp\/v2\/pages\/12264","targetHints":{"allow":["GET"]}}],"collection":[{"href":"https:\/\/dectron.com\/fr\/wp-json\/wp\/v2\/pages"}],"about":[{"href":"https:\/\/dectron.com\/fr\/wp-json\/wp\/v2\/types\/page"}],"author":[{"embeddable":true,"href":"https:\/\/dectron.com\/fr\/wp-json\/wp\/v2\/users\/6"}],"replies":[{"embeddable":true,"href":"https:\/\/dectron.com\/fr\/wp-json\/wp\/v2\/comments?post=12264"}],"version-history":[{"count":17,"href":"https:\/\/dectron.com\/fr\/wp-json\/wp\/v2\/pages\/12264\/revisions"}],"predecessor-version":[{"id":12320,"href":"https:\/\/dectron.com\/fr\/wp-json\/wp\/v2\/pages\/12264\/revisions\/12320"}],"wp:featuredmedia":[{"embeddable":true,"href":"https:\/\/dectron.com\/fr\/wp-json\/wp\/v2\/media\/12312"}],"wp:attachment":[{"href":"https:\/\/dectron.com\/fr\/wp-json\/wp\/v2\/media?parent=12264"}],"curies":[{"name":"wp","href":"https:\/\/api.w.org\/{rel}","templated":true}]}}