{"id":12461,"date":"2026-01-15T14:30:00","date_gmt":"2026-01-15T19:30:00","guid":{"rendered":"https:\/\/dectron.com\/?page_id=12461"},"modified":"2026-04-17T10:50:54","modified_gmt":"2026-04-17T14:50:54","slug":"deshumidificateurs-aquadry","status":"publish","type":"page","link":"https:\/\/dectron.com\/fr\/produits\/deshumidificateurs-aquadry\/","title":{"rendered":"D\u00e9shumidificateurs AquaDry"},"content":{"rendered":"\t\t<div data-elementor-type=\"wp-page\" data-elementor-id=\"12461\" class=\"elementor elementor-12461 elementor-12460\" data-elementor-post-type=\"page\">\n\t\t\t\t<div class=\"elementor-element elementor-element-a97e30b e-flex e-con-boxed e-con e-parent\" data-id=\"a97e30b\" data-element_type=\"container\" data-e-type=\"container\">\n\t\t\t\t\t<div class=\"e-con-inner\">\n\t\t\t\t<div class=\"elementor-element elementor-element-b5a3002 elementor-widget elementor-widget-image\" data-id=\"b5a3002\" data-element_type=\"widget\" data-e-type=\"widget\" data-widget_type=\"image.default\">\n\t\t\t\t<div class=\"elementor-widget-container\">\n\t\t\t\t\t\t\t\t\t\t\t\t\t\t\t<img fetchpriority=\"high\" decoding=\"async\" width=\"800\" height=\"214\" src=\"https:\/\/dectron.com\/wp-content\/uploads\/2026\/01\/aquadry-logo-transparent-1024x274.png\" class=\"attachment-large size-large wp-image-12472\" alt=\"\" srcset=\"https:\/\/dectron.com\/wp-content\/uploads\/2026\/01\/aquadry-logo-transparent-1024x274.png 1024w, https:\/\/dectron.com\/wp-content\/uploads\/2026\/01\/aquadry-logo-transparent-300x80.png 300w, https:\/\/dectron.com\/wp-content\/uploads\/2026\/01\/aquadry-logo-transparent-768x205.png 768w, https:\/\/dectron.com\/wp-content\/uploads\/2026\/01\/aquadry-logo-transparent-1536x411.png 1536w, https:\/\/dectron.com\/wp-content\/uploads\/2026\/01\/aquadry-logo-transparent-2048x548.png 2048w\" sizes=\"(max-width: 800px) 100vw, 800px\" \/>\t\t\t\t\t\t\t\t\t\t\t\t\t\t\t<\/div>\n\t\t\t\t<\/div>\n\t\t\t\t<div class=\"elementor-element elementor-element-92c4097 elementor-widget elementor-widget-heading\" data-id=\"92c4097\" data-element_type=\"widget\" data-e-type=\"widget\" data-widget_type=\"heading.default\">\n\t\t\t\t<div class=\"elementor-widget-container\">\n\t\t\t\t\t<h2 class=\"elementor-heading-title elementor-size-default\">\nD\u00e9shumidificateurs sp\u00e9cialement con\u00e7us et \u00e9conomiques<\/h2>\t\t\t\t<\/div>\n\t\t\t\t<\/div>\n\t\t\t\t<div class=\"elementor-element elementor-element-31a8b7f elementor-widget elementor-widget-text-editor\" data-id=\"31a8b7f\" data-element_type=\"widget\" data-e-type=\"widget\" data-widget_type=\"text-editor.default\">\n\t\t\t\t<div class=\"elementor-widget-container\">\n\t\t\t\t\t\t\t\t\t<p>Les d\u00e9shumidificateurs AquaDry sont des unit\u00e9s compactes et \u00e9conomiques, sp\u00e9cialement con\u00e7ues pour r\u00e9sister aux environnements difficiles et corrosifs des piscines dans une large gamme d&#8217;applications r\u00e9sidentielles et commerciales.<\/p>\t\t\t\t\t\t\t\t<\/div>\n\t\t\t\t<\/div>\n\t\t\t\t<div class=\"elementor-element elementor-element-13cea71 elementor-widget elementor-widget-image\" data-id=\"13cea71\" data-element_type=\"widget\" data-e-type=\"widget\" data-widget_type=\"image.default\">\n\t\t\t\t<div class=\"elementor-widget-container\">\n\t\t\t\t\t\t\t\t\t\t\t\t\t\t\t<img decoding=\"async\" width=\"800\" height=\"255\" src=\"https:\/\/dectron.com\/wp-content\/uploads\/2026\/01\/capture-decran-2026-01-15-140714-1024x327.png\" class=\"attachment-large size-large wp-image-12486\" alt=\"\" srcset=\"https:\/\/dectron.com\/wp-content\/uploads\/2026\/01\/capture-decran-2026-01-15-140714-1024x327.png 1024w, https:\/\/dectron.com\/wp-content\/uploads\/2026\/01\/capture-decran-2026-01-15-140714-300x96.png 300w, https:\/\/dectron.com\/wp-content\/uploads\/2026\/01\/capture-decran-2026-01-15-140714-768x245.png 768w, https:\/\/dectron.com\/wp-content\/uploads\/2026\/01\/capture-decran-2026-01-15-140714.png 1389w\" sizes=\"(max-width: 800px) 100vw, 800px\" \/>\t\t\t\t\t\t\t\t\t\t\t\t\t\t\t<\/div>\n\t\t\t\t<\/div>\n\t\t\t\t<div class=\"elementor-element elementor-element-a4e1612 elementor-widget elementor-widget-heading\" data-id=\"a4e1612\" data-element_type=\"widget\" data-e-type=\"widget\" data-widget_type=\"heading.default\">\n\t\t\t\t<div class=\"elementor-widget-container\">\n\t\t\t\t\t<h2 class=\"elementor-heading-title elementor-size-default\">Applications appropri\u00e9es<\/h2>\t\t\t\t<\/div>\n\t\t\t\t<\/div>\n\t\t\t\t<div class=\"elementor-element elementor-element-57610e4 elementor--h-position-center elementor--v-position-middle elementor-arrows-position-inside elementor-pagination-position-inside elementor-widget elementor-widget-slides\" data-id=\"57610e4\" data-element_type=\"widget\" data-e-type=\"widget\" data-settings=\"{&quot;navigation&quot;:&quot;both&quot;,&quot;autoplay&quot;:&quot;yes&quot;,&quot;pause_on_hover&quot;:&quot;yes&quot;,&quot;pause_on_interaction&quot;:&quot;yes&quot;,&quot;autoplay_speed&quot;:5000,&quot;infinite&quot;:&quot;yes&quot;,&quot;transition&quot;:&quot;slide&quot;,&quot;transition_speed&quot;:500}\" data-widget_type=\"slides.default\">\n\t\t\t\t<div class=\"elementor-widget-container\">\n\t\t\t\t\t\t\t\t\t<div class=\"elementor-swiper\">\n\t\t\t\t\t<div class=\"elementor-slides-wrapper elementor-main-swiper swiper\" role=\"region\" aria-roledescription=\"carousel\" aria-label=\"Slides\" dir=\"ltr\" data-animation=\"fadeInUp\">\n\t\t\t\t<div class=\"swiper-wrapper elementor-slides\">\n\t\t\t\t\t\t\t\t\t\t<div class=\"elementor-repeater-item-49c00ac swiper-slide\" role=\"group\" aria-roledescription=\"slide\"><div class=\"swiper-slide-bg\"><\/div><div class=\"swiper-slide-inner\" ><div class=\"swiper-slide-contents\"><div class=\"elementor-slide-heading\">Piscines r\u00e9sidentielles<\/div><div class=\"elementor-slide-description\">Piscines int\u00e9rieures dans les\nimmeubles en copropri\u00e9t\u00e9, les\nr\u00e9sidences priv\u00e9es, les centres\npour personnes \u00e2g\u00e9es, etc.<\/div><\/div><\/div><\/div><div class=\"elementor-repeater-item-df56558 swiper-slide\" role=\"group\" aria-roledescription=\"slide\"><div class=\"swiper-slide-bg\"><\/div><div class=\"swiper-slide-inner\" ><div class=\"swiper-slide-contents\"><div class=\"elementor-slide-heading\">Piscines d'h\u00f4tel<\/div><div class=\"elementor-slide-description\">Piscines int\u00e9rieures dans\nles h\u00f4tels, motels, spas,\netc.<\/div><\/div><\/div><\/div><div class=\"elementor-repeater-item-06817d2 swiper-slide\" role=\"group\" aria-roledescription=\"slide\"><div class=\"swiper-slide-bg\"><\/div><div class=\"swiper-slide-inner\" ><div class=\"swiper-slide-contents\"><div class=\"elementor-slide-heading\">Point de ros\u00e9e bas<\/div><div class=\"elementor-slide-description\">Entrep\u00f4ts, centres de\ntraitement de l\u2019eau, terrains\nde pickleball, biblioth\u00e8ques,\ncasernes de pompiers, salles\nde stockage, etc.<\/div><\/div><\/div><\/div>\t\t\t\t<\/div>\n\t\t\t\t\t\t\t\t\t\t\t\t\t\t\t<div class=\"elementor-swiper-button elementor-swiper-button-prev\" role=\"button\" tabindex=\"0\" aria-label=\"Previous slide\">\n\t\t\t\t\t\t\t<i aria-hidden=\"true\" class=\"eicon-chevron-left\"><\/i>\t\t\t\t\t\t<\/div>\n\t\t\t\t\t\t<div class=\"elementor-swiper-button elementor-swiper-button-next\" role=\"button\" tabindex=\"0\" aria-label=\"Next slide\">\n\t\t\t\t\t\t\t<i aria-hidden=\"true\" class=\"eicon-chevron-right\"><\/i>\t\t\t\t\t\t<\/div>\n\t\t\t\t\t\t\t\t\t\t\t\t\t\t\t\t<div class=\"swiper-pagination\"><\/div>\n\t\t\t\t\t\t\t\t\t\t\t\t<\/div>\n\t\t\t\t<\/div>\n\t\t\t\t\t\t\t\t<\/div>\n\t\t\t\t<\/div>\n\t\t\t\t<div class=\"elementor-element elementor-element-195761f elementor-widget elementor-widget-heading\" data-id=\"195761f\" data-element_type=\"widget\" data-e-type=\"widget\" data-widget_type=\"heading.default\">\n\t\t\t\t<div class=\"elementor-widget-container\">\n\t\t\t\t\t<h2 class=\"elementor-heading-title elementor-size-default\">Caract\u00e9ristiques<\/h2>\t\t\t\t<\/div>\n\t\t\t\t<\/div>\n\t\t\t\t<div class=\"elementor-element elementor-element-b3a9469 elementor-widget elementor-widget-text-editor\" data-id=\"b3a9469\" data-element_type=\"widget\" data-e-type=\"widget\" data-widget_type=\"text-editor.default\">\n\t\t\t\t<div class=\"elementor-widget-container\">\n\t\t\t\t\t\t\t\t\t<p>\u2022 Option climatisation avec r\u00e9chauffage complet ou climatisation compl\u00e8te<br \/>\u2022 Chauffage : contr\u00f4le \u00e0 2 niveaux (chauffage par tiers)<br \/>\u2022 Air ext\u00e9rieur \u00e0 acheminer dans l&#8217;air de retour<br \/>\u2022 Hygrostat mural<br \/>\u2022 Construction galvanis\u00e9e peinte, circuits de r\u00e9frig\u00e9ration enti\u00e8rement rev\u00eatus<br \/>\u2022 Compresseur \u00e0 deux niveaux<br \/>\u2022 Valve d&#8217;expansion \u00e9lectronique<br \/>\u2022 Construction \u00e0 une seule paroi<br \/>\u2022 Voltage:<br \/>\u00a0 \u00a0 \u00a0 &#8211; 3 Tonne 230\/1<br \/>\u00a0 \u00a0 \u00a0 &#8211; 5 Tonne 230\/1 ou 208\/3<br \/>\u00a0 \u00a0 \u00a0 &#8211; 7 Tonne 208\/3<\/p>\t\t\t\t\t\t\t\t<\/div>\n\t\t\t\t<\/div>\n\t\t\t\t<div class=\"elementor-element elementor-element-a0d82d6 elementor-widget elementor-widget-button\" data-id=\"a0d82d6\" data-element_type=\"widget\" data-e-type=\"widget\" data-widget_type=\"button.default\">\n\t\t\t\t<div class=\"elementor-widget-container\">\n\t\t\t\t\t\t\t\t\t<div class=\"elementor-button-wrapper\">\n\t\t\t\t\t<a class=\"elementor-button elementor-button-link elementor-size-sm\" href=\"https:\/\/dectron.com\/wp-content\/uploads\/2026\/01\/aquadry-brochure-french.pdf\">\n\t\t\t\t\t\t<span class=\"elementor-button-content-wrapper\">\n\t\t\t\t\t\t\t\t\t<span class=\"elementor-button-text\">T\u00e9l\u00e9charger le PDF<\/span>\n\t\t\t\t\t<\/span>\n\t\t\t\t\t<\/a>\n\t\t\t\t<\/div>\n\t\t\t\t\t\t\t\t<\/div>\n\t\t\t\t<\/div>\n\t\t\t\t\t<\/div>\n\t\t\t\t<\/div>\n\t\t\t\t<\/div>\n\t\t","protected":false},"excerpt":{"rendered":"<p>D\u00e9shumidificateurs sp\u00e9cialement con\u00e7us et \u00e9conomiques Les d\u00e9shumidificateurs AquaDry sont des unit\u00e9s compactes et \u00e9conomiques, sp\u00e9cialement con\u00e7ues pour r\u00e9sister aux environnements difficiles et corrosifs des piscines dans une large gamme d&#8217;applications r\u00e9sidentielles et commerciales. Applications appropri\u00e9es Piscines r\u00e9sidentiellesPiscines int\u00e9rieures dans les immeubles en copropri\u00e9t\u00e9, les r\u00e9sidences priv\u00e9es, les centres pour personnes \u00e2g\u00e9es, etc.Piscines d&#8217;h\u00f4telPiscines int\u00e9rieures dans [&hellip;]<\/p>\n","protected":false},"author":6,"featured_media":12501,"parent":5121,"menu_order":0,"comment_status":"closed","ping_status":"closed","template":"","meta":{"_acf_changed":false,"footnotes":""},"class_list":["post-12461","page","type-page","status-publish","has-post-thumbnail","hentry"],"acf":[],"yoast_head":"<!-- This site is optimized with the Yoast SEO plugin v27.4 - https:\/\/yoast.com\/product\/yoast-seo-wordpress\/ -->\n<title>D\u00e9shumidificateurs AquaDry - Dectron<\/title>\n<meta name=\"robots\" content=\"index, follow, max-snippet:-1, max-image-preview:large, max-video-preview:-1\" \/>\n<link rel=\"canonical\" href=\"https:\/\/dectron.com\/products\/aquadry-dehumidifiers\/\" \/>\n<meta property=\"og:locale\" content=\"fr_FR\" \/>\n<meta property=\"og:type\" content=\"article\" \/>\n<meta property=\"og:title\" content=\"D\u00e9shumidificateurs AquaDry - Dectron\" \/>\n<meta property=\"og:description\" content=\"D\u00e9shumidificateurs sp\u00e9cialement con\u00e7us et \u00e9conomiques Les d\u00e9shumidificateurs AquaDry sont des unit\u00e9s compactes et \u00e9conomiques, sp\u00e9cialement con\u00e7ues pour r\u00e9sister aux environnements difficiles et corrosifs des piscines dans une large gamme d&#8217;applications r\u00e9sidentielles et commerciales. Applications appropri\u00e9es Piscines r\u00e9sidentiellesPiscines int\u00e9rieures dans les immeubles en copropri\u00e9t\u00e9, les r\u00e9sidences priv\u00e9es, les centres pour personnes \u00e2g\u00e9es, etc.Piscines d&#8217;h\u00f4telPiscines int\u00e9rieures dans [&hellip;]\" \/>\n<meta property=\"og:url\" content=\"https:\/\/dectron.com\/products\/aquadry-dehumidifiers\/\" \/>\n<meta property=\"og:site_name\" content=\"Dectron\" \/>\n<meta property=\"article:modified_time\" content=\"2026-04-17T14:50:54+00:00\" \/>\n<meta property=\"og:image\" content=\"https:\/\/dectron.com\/wp-content\/uploads\/2026\/01\/banner-aquadry-product-1.jpg\" \/>\n\t<meta property=\"og:image:width\" content=\"1920\" \/>\n\t<meta property=\"og:image:height\" content=\"615\" \/>\n\t<meta property=\"og:image:type\" content=\"image\/jpeg\" \/>\n<meta name=\"twitter:card\" content=\"summary_large_image\" \/>\n<meta name=\"twitter:label1\" content=\"Dur\u00e9e de lecture estim\u00e9e\" \/>\n\t<meta name=\"twitter:data1\" content=\"2 minutes\" \/>\n<script type=\"application\/ld+json\" class=\"yoast-schema-graph\">{\"@context\":\"https:\\\/\\\/schema.org\",\"@graph\":[{\"@type\":\"WebPage\",\"@id\":\"https:\\\/\\\/dectron.com\\\/products\\\/aquadry-dehumidifiers\\\/\",\"url\":\"https:\\\/\\\/dectron.com\\\/products\\\/aquadry-dehumidifiers\\\/\",\"name\":\"D\u00e9shumidificateurs AquaDry - Dectron\",\"isPartOf\":{\"@id\":\"https:\\\/\\\/dectron.com\\\/#website\"},\"primaryImageOfPage\":{\"@id\":\"https:\\\/\\\/dectron.com\\\/products\\\/aquadry-dehumidifiers\\\/#primaryimage\"},\"image\":{\"@id\":\"https:\\\/\\\/dectron.com\\\/products\\\/aquadry-dehumidifiers\\\/#primaryimage\"},\"thumbnailUrl\":\"https:\\\/\\\/dectron.com\\\/wp-content\\\/uploads\\\/2026\\\/01\\\/banner-aquadry-product-1.jpg\",\"datePublished\":\"2026-01-15T19:30:00+00:00\",\"dateModified\":\"2026-04-17T14:50:54+00:00\",\"breadcrumb\":{\"@id\":\"https:\\\/\\\/dectron.com\\\/products\\\/aquadry-dehumidifiers\\\/#breadcrumb\"},\"inLanguage\":\"fr-FR\",\"potentialAction\":[{\"@type\":\"ReadAction\",\"target\":[\"https:\\\/\\\/dectron.com\\\/products\\\/aquadry-dehumidifiers\\\/\"]}]},{\"@type\":\"ImageObject\",\"inLanguage\":\"fr-FR\",\"@id\":\"https:\\\/\\\/dectron.com\\\/products\\\/aquadry-dehumidifiers\\\/#primaryimage\",\"url\":\"https:\\\/\\\/dectron.com\\\/wp-content\\\/uploads\\\/2026\\\/01\\\/banner-aquadry-product-1.jpg\",\"contentUrl\":\"https:\\\/\\\/dectron.com\\\/wp-content\\\/uploads\\\/2026\\\/01\\\/banner-aquadry-product-1.jpg\",\"width\":1920,\"height\":615},{\"@type\":\"BreadcrumbList\",\"@id\":\"https:\\\/\\\/dectron.com\\\/products\\\/aquadry-dehumidifiers\\\/#breadcrumb\",\"itemListElement\":[{\"@type\":\"ListItem\",\"position\":1,\"name\":\"Produits\",\"item\":\"https:\\\/\\\/dectron.com\\\/products\\\/\"},{\"@type\":\"ListItem\",\"position\":2,\"name\":\"D\u00e9shumidificateurs AquaDry\"}]},{\"@type\":\"WebSite\",\"@id\":\"https:\\\/\\\/dectron.com\\\/#website\",\"url\":\"https:\\\/\\\/dectron.com\\\/\",\"name\":\"Dectron\",\"description\":\"DRY-O-TRON\",\"potentialAction\":[{\"@type\":\"SearchAction\",\"target\":{\"@type\":\"EntryPoint\",\"urlTemplate\":\"https:\\\/\\\/dectron.com\\\/?s={search_term_string}\"},\"query-input\":{\"@type\":\"PropertyValueSpecification\",\"valueRequired\":true,\"valueName\":\"search_term_string\"}}],\"inLanguage\":\"fr-FR\"}]}<\/script>\n<!-- \/ Yoast SEO plugin. -->","yoast_head_json":{"title":"D\u00e9shumidificateurs AquaDry - Dectron","robots":{"index":"index","follow":"follow","max-snippet":"max-snippet:-1","max-image-preview":"max-image-preview:large","max-video-preview":"max-video-preview:-1"},"canonical":"https:\/\/dectron.com\/products\/aquadry-dehumidifiers\/","og_locale":"fr_FR","og_type":"article","og_title":"D\u00e9shumidificateurs AquaDry - Dectron","og_description":"D\u00e9shumidificateurs sp\u00e9cialement con\u00e7us et \u00e9conomiques Les d\u00e9shumidificateurs AquaDry sont des unit\u00e9s compactes et \u00e9conomiques, sp\u00e9cialement con\u00e7ues pour r\u00e9sister aux environnements difficiles et corrosifs des piscines dans une large gamme d&#8217;applications r\u00e9sidentielles et commerciales. Applications appropri\u00e9es Piscines r\u00e9sidentiellesPiscines int\u00e9rieures dans les immeubles en copropri\u00e9t\u00e9, les r\u00e9sidences priv\u00e9es, les centres pour personnes \u00e2g\u00e9es, etc.Piscines d&#8217;h\u00f4telPiscines int\u00e9rieures dans [&hellip;]","og_url":"https:\/\/dectron.com\/products\/aquadry-dehumidifiers\/","og_site_name":"Dectron","article_modified_time":"2026-04-17T14:50:54+00:00","og_image":[{"width":1920,"height":615,"url":"https:\/\/dectron.com\/wp-content\/uploads\/2026\/01\/banner-aquadry-product-1.jpg","type":"image\/jpeg"}],"twitter_card":"summary_large_image","twitter_misc":{"Dur\u00e9e de lecture estim\u00e9e":"2 minutes"},"schema":{"@context":"https:\/\/schema.org","@graph":[{"@type":"WebPage","@id":"https:\/\/dectron.com\/products\/aquadry-dehumidifiers\/","url":"https:\/\/dectron.com\/products\/aquadry-dehumidifiers\/","name":"D\u00e9shumidificateurs AquaDry - Dectron","isPartOf":{"@id":"https:\/\/dectron.com\/#website"},"primaryImageOfPage":{"@id":"https:\/\/dectron.com\/products\/aquadry-dehumidifiers\/#primaryimage"},"image":{"@id":"https:\/\/dectron.com\/products\/aquadry-dehumidifiers\/#primaryimage"},"thumbnailUrl":"https:\/\/dectron.com\/wp-content\/uploads\/2026\/01\/banner-aquadry-product-1.jpg","datePublished":"2026-01-15T19:30:00+00:00","dateModified":"2026-04-17T14:50:54+00:00","breadcrumb":{"@id":"https:\/\/dectron.com\/products\/aquadry-dehumidifiers\/#breadcrumb"},"inLanguage":"fr-FR","potentialAction":[{"@type":"ReadAction","target":["https:\/\/dectron.com\/products\/aquadry-dehumidifiers\/"]}]},{"@type":"ImageObject","inLanguage":"fr-FR","@id":"https:\/\/dectron.com\/products\/aquadry-dehumidifiers\/#primaryimage","url":"https:\/\/dectron.com\/wp-content\/uploads\/2026\/01\/banner-aquadry-product-1.jpg","contentUrl":"https:\/\/dectron.com\/wp-content\/uploads\/2026\/01\/banner-aquadry-product-1.jpg","width":1920,"height":615},{"@type":"BreadcrumbList","@id":"https:\/\/dectron.com\/products\/aquadry-dehumidifiers\/#breadcrumb","itemListElement":[{"@type":"ListItem","position":1,"name":"Produits","item":"https:\/\/dectron.com\/products\/"},{"@type":"ListItem","position":2,"name":"D\u00e9shumidificateurs AquaDry"}]},{"@type":"WebSite","@id":"https:\/\/dectron.com\/#website","url":"https:\/\/dectron.com\/","name":"Dectron","description":"DRY-O-TRON","potentialAction":[{"@type":"SearchAction","target":{"@type":"EntryPoint","urlTemplate":"https:\/\/dectron.com\/?s={search_term_string}"},"query-input":{"@type":"PropertyValueSpecification","valueRequired":true,"valueName":"search_term_string"}}],"inLanguage":"fr-FR"}]}},"_links":{"self":[{"href":"https:\/\/dectron.com\/fr\/wp-json\/wp\/v2\/pages\/12461","targetHints":{"allow":["GET"]}}],"collection":[{"href":"https:\/\/dectron.com\/fr\/wp-json\/wp\/v2\/pages"}],"about":[{"href":"https:\/\/dectron.com\/fr\/wp-json\/wp\/v2\/types\/page"}],"author":[{"embeddable":true,"href":"https:\/\/dectron.com\/fr\/wp-json\/wp\/v2\/users\/6"}],"replies":[{"embeddable":true,"href":"https:\/\/dectron.com\/fr\/wp-json\/wp\/v2\/comments?post=12461"}],"version-history":[{"count":10,"href":"https:\/\/dectron.com\/fr\/wp-json\/wp\/v2\/pages\/12461\/revisions"}],"predecessor-version":[{"id":12661,"href":"https:\/\/dectron.com\/fr\/wp-json\/wp\/v2\/pages\/12461\/revisions\/12661"}],"up":[{"embeddable":true,"href":"https:\/\/dectron.com\/fr\/wp-json\/wp\/v2\/pages\/5121"}],"wp:featuredmedia":[{"embeddable":true,"href":"https:\/\/dectron.com\/fr\/wp-json\/wp\/v2\/media\/12501"}],"wp:attachment":[{"href":"https:\/\/dectron.com\/fr\/wp-json\/wp\/v2\/media?parent=12461"}],"curies":[{"name":"wp","href":"https:\/\/api.w.org\/{rel}","templated":true}]}}