{"id":12508,"date":"2026-01-23T10:59:36","date_gmt":"2026-01-23T15:59:36","guid":{"rendered":"https:\/\/dectron.com\/?page_id=12508"},"modified":"2026-02-16T13:30:44","modified_gmt":"2026-02-16T18:30:44","slug":"reparer-ou-remplacer-votre-deshumidificateur","status":"publish","type":"page","link":"https:\/\/dectron.com\/fr\/reparer-ou-remplacer-votre-deshumidificateur\/","title":{"rendered":"R\u00e9parer ou remplacer ?"},"content":{"rendered":"\t\t<div data-elementor-type=\"wp-page\" data-elementor-id=\"12508\" class=\"elementor elementor-12508 elementor-12507\" data-elementor-post-type=\"page\">\n\t\t\t\t\t\t<section class=\"elementor-section elementor-top-section elementor-element elementor-element-75b20ccd elementor-section-full_width elementor-section-height-default elementor-section-height-default elementor-invisible\" data-id=\"75b20ccd\" data-element_type=\"section\" data-e-type=\"section\" data-settings=\"{&quot;animation&quot;:&quot;fadeIn&quot;}\">\n\t\t\t\t\t\t<div class=\"elementor-container elementor-column-gap-no\">\n\t\t\t\t\t<div class=\"elementor-column elementor-col-100 elementor-top-column elementor-element elementor-element-330bbb3f\" data-id=\"330bbb3f\" data-element_type=\"column\" data-e-type=\"column\">\n\t\t\t<div class=\"elementor-widget-wrap elementor-element-populated\">\n\t\t\t\t<div class=\"elementor-element elementor-element-2c826af3 e-con-full e-flex e-con e-parent\" data-id=\"2c826af3\" data-element_type=\"container\" data-e-type=\"container\">\n\t\t<div class=\"elementor-element elementor-element-6e05fd46 e-con-full e-flex e-con e-child\" data-id=\"6e05fd46\" data-element_type=\"container\" data-e-type=\"container\">\n\t\t\t\t<div class=\"elementor-element elementor-element-35f4c928 elementor-widget elementor-widget-heading\" data-id=\"35f4c928\" data-element_type=\"widget\" data-e-type=\"widget\" data-widget_type=\"heading.default\">\n\t\t\t\t<div class=\"elementor-widget-container\">\n\t\t\t\t\t<h1 class=\"elementor-heading-title elementor-size-default\">R\u00e9parer ou remplacer ?<\/h1>\t\t\t\t<\/div>\n\t\t\t\t<\/div>\n\t\t\t\t<div class=\"elementor-element elementor-element-2f273451 elementor-widget elementor-widget-heading\" data-id=\"2f273451\" data-element_type=\"widget\" data-e-type=\"widget\" data-widget_type=\"heading.default\">\n\t\t\t\t<div class=\"elementor-widget-container\">\n\t\t\t\t\t<p class=\"elementor-heading-title elementor-size-default\">Votre guide pour choisir la meilleure option pour votre d\u00e9shumidificateur\n\n<\/p>\t\t\t\t<\/div>\n\t\t\t\t<\/div>\n\t\t\t\t<div class=\"elementor-element elementor-element-c4fa892 elementor-widget elementor-widget-heading\" data-id=\"c4fa892\" data-element_type=\"widget\" data-e-type=\"widget\" data-widget_type=\"heading.default\">\n\t\t\t\t<div class=\"elementor-widget-container\">\n\t\t\t\t\t<div class=\"elementor-heading-title elementor-size-default\"><a href=\"#download\">T\u00c9L\u00c9CHARGER LE DOCUMENT &gt;<\/a><\/div>\t\t\t\t<\/div>\n\t\t\t\t<\/div>\n\t\t\t\t<\/div>\n\t\t\t\t<\/div>\n\t\t\t\t<div class=\"elementor-element elementor-element-908c4af elementor-widget elementor-widget-spacer\" data-id=\"908c4af\" data-element_type=\"widget\" data-e-type=\"widget\" data-widget_type=\"spacer.default\">\n\t\t\t\t<div class=\"elementor-widget-container\">\n\t\t\t\t\t\t\t<div class=\"elementor-spacer\">\n\t\t\t<div class=\"elementor-spacer-inner\"><\/div>\n\t\t<\/div>\n\t\t\t\t\t\t<\/div>\n\t\t\t\t<\/div>\n\t\t\t\t\t<\/div>\n\t\t<\/div>\n\t\t\t\t\t<\/div>\n\t\t<\/section>\n\t\t<div class=\"elementor-element elementor-element-6a2c1f4 e-con-full e-flex e-con e-parent\" data-id=\"6a2c1f4\" data-element_type=\"container\" data-e-type=\"container\" id=\"download\">\n\t\t<div class=\"elementor-element elementor-element-40d3553 e-con-full e-flex e-con e-child\" data-id=\"40d3553\" data-element_type=\"container\" data-e-type=\"container\" data-settings=\"{&quot;background_background&quot;:&quot;classic&quot;}\">\n\t\t\t\t<div class=\"elementor-element elementor-element-35500cd elementor-widget elementor-widget-image\" data-id=\"35500cd\" data-element_type=\"widget\" data-e-type=\"widget\" data-widget_type=\"image.default\">\n\t\t\t\t<div class=\"elementor-widget-container\">\n\t\t\t\t\t\t\t\t\t\t\t\t\t\t\t<img fetchpriority=\"high\" decoding=\"async\" width=\"800\" height=\"566\" src=\"https:\/\/dectron.com\/wp-content\/uploads\/2026\/01\/replace-or-replair-dectron-cover-cropped-1024x725.jpg\" class=\"attachment-large size-large wp-image-12511\" alt=\"\" srcset=\"https:\/\/dectron.com\/wp-content\/uploads\/2026\/01\/replace-or-replair-dectron-cover-cropped-1024x725.jpg 1024w, https:\/\/dectron.com\/wp-content\/uploads\/2026\/01\/replace-or-replair-dectron-cover-cropped-300x212.jpg 300w, https:\/\/dectron.com\/wp-content\/uploads\/2026\/01\/replace-or-replair-dectron-cover-cropped-768x544.jpg 768w, https:\/\/dectron.com\/wp-content\/uploads\/2026\/01\/replace-or-replair-dectron-cover-cropped-1536x1088.jpg 1536w, https:\/\/dectron.com\/wp-content\/uploads\/2026\/01\/replace-or-replair-dectron-cover-cropped.jpg 1933w\" sizes=\"(max-width: 800px) 100vw, 800px\" \/>\t\t\t\t\t\t\t\t\t\t\t\t\t\t\t<\/div>\n\t\t\t\t<\/div>\n\t\t\t\t<div class=\"elementor-element elementor-element-2b314ac elementor-widget elementor-widget-spacer\" data-id=\"2b314ac\" data-element_type=\"widget\" data-e-type=\"widget\" data-widget_type=\"spacer.default\">\n\t\t\t\t<div class=\"elementor-widget-container\">\n\t\t\t\t\t\t\t<div class=\"elementor-spacer\">\n\t\t\t<div class=\"elementor-spacer-inner\"><\/div>\n\t\t<\/div>\n\t\t\t\t\t\t<\/div>\n\t\t\t\t<\/div>\n\t\t\t\t<div class=\"elementor-element elementor-element-cab630e elementor-widget elementor-widget-heading\" data-id=\"cab630e\" data-element_type=\"widget\" data-e-type=\"widget\" data-widget_type=\"heading.default\">\n\t\t\t\t<div class=\"elementor-widget-container\">\n\t\t\t\t\t<h2 class=\"elementor-heading-title elementor-size-default\">Table des Mati\u00e8res<\/h2>\t\t\t\t<\/div>\n\t\t\t\t<\/div>\n\t\t\t\t<div class=\"elementor-element elementor-element-b4831df elementor-widget elementor-widget-text-editor\" data-id=\"b4831df\" data-element_type=\"widget\" data-e-type=\"widget\" data-widget_type=\"text-editor.default\">\n\t\t\t\t<div class=\"elementor-widget-container\">\n\t\t\t\t\t\t\t\t\t<p><strong>Section 1<\/strong> \u2013 Cadre d\u00e9cisionnel<br \/><strong>Section 2<\/strong> \u2013 Facteurs cl\u00e9s du cadre d\u00e9cisionnel<br \/><strong>Section 3<\/strong> \u2013 Autres consid\u00e9rations<br \/><strong>Section 4<\/strong> \u2013 Les \u00e9checs les plus communs<\/p>\t\t\t\t\t\t\t\t<\/div>\n\t\t\t\t<\/div>\n\t\t\t\t<div class=\"elementor-element elementor-element-3930e07 elementor-widget elementor-widget-button\" data-id=\"3930e07\" data-element_type=\"widget\" data-e-type=\"widget\" data-widget_type=\"button.default\">\n\t\t\t\t<div class=\"elementor-widget-container\">\n\t\t\t\t\t\t\t\t\t<div class=\"elementor-button-wrapper\">\n\t\t\t\t\t<a class=\"elementor-button elementor-button-link elementor-size-sm\" href=\"https:\/\/dectron.com\/about\/contact\/\">\n\t\t\t\t\t\t<span class=\"elementor-button-content-wrapper\">\n\t\t\t\t\t\t\t\t\t<span class=\"elementor-button-text\">CONTACTER UN EXPERT<\/span>\n\t\t\t\t\t<\/span>\n\t\t\t\t\t<\/a>\n\t\t\t\t<\/div>\n\t\t\t\t\t\t\t\t<\/div>\n\t\t\t\t<\/div>\n\t\t\t\t<\/div>\n\t\t<div class=\"elementor-element elementor-element-6802988 e-con-full e-flex e-con e-child\" data-id=\"6802988\" data-element_type=\"container\" data-e-type=\"container\">\n\t\t\t\t<div class=\"elementor-element elementor-element-3d3c088 elementor-widget elementor-widget-heading\" data-id=\"3d3c088\" data-element_type=\"widget\" data-e-type=\"widget\" data-widget_type=\"heading.default\">\n\t\t\t\t<div class=\"elementor-widget-container\">\n\t\t\t\t\t<h2 class=\"elementor-heading-title elementor-size-default\">T\u00e9l\u00e9charger le document<\/h2>\t\t\t\t<\/div>\n\t\t\t\t<\/div>\n\t\t\t\t<div class=\"elementor-element elementor-element-5e6bdf9 elementor-widget elementor-widget-text-editor\" data-id=\"5e6bdf9\" data-element_type=\"widget\" data-e-type=\"widget\" data-widget_type=\"text-editor.default\">\n\t\t\t\t<div class=\"elementor-widget-container\">\n\t\t\t\t\t\t\t\t\t<p>Remplissez le formulaire ci-dessous pour obtenir votre exemplaire num\u00e9rique.<\/p>\t\t\t\t\t\t\t\t<\/div>\n\t\t\t\t<\/div>\n\t\t\t\t<div class=\"elementor-element elementor-element-4a4e307 elementor-widget elementor-widget-html\" data-id=\"4a4e307\" data-element_type=\"widget\" data-e-type=\"widget\" data-widget_type=\"html.default\">\n\t\t\t\t<div class=\"elementor-widget-container\">\n\t\t\t\t\t<script charset=\"utf-8\" type=\"text\/javascript\" src=\"\/\/js.hsforms.net\/forms\/embed\/v2.js\"><\/script>\r\n<script>\r\n  hbspt.forms.create({\r\n    portalId: \"21212828\",\r\n    formId: \"87168574-115c-43e3-80ae-bf887dfddbd8\",\r\n    region: \"na1\"\r\n  });\r\n<\/script>\t\t\t\t<\/div>\n\t\t\t\t<\/div>\n\t\t\t\t<\/div>\n\t\t\t\t<\/div>\n\t\t<div class=\"elementor-element elementor-element-44ac81b e-flex e-con-boxed e-con e-parent\" data-id=\"44ac81b\" data-element_type=\"container\" data-e-type=\"container\">\n\t\t\t\t\t<div class=\"e-con-inner\">\n\t\t<div class=\"elementor-element elementor-element-01b79b1 e-con-full e-flex e-con e-child\" data-id=\"01b79b1\" data-element_type=\"container\" data-e-type=\"container\" data-settings=\"{&quot;background_background&quot;:&quot;classic&quot;}\">\n\t\t<div class=\"elementor-element elementor-element-d373d83 e-con-full e-flex e-con e-child\" data-id=\"d373d83\" data-element_type=\"container\" data-e-type=\"container\" data-settings=\"{&quot;background_background&quot;:&quot;classic&quot;}\">\n\t\t\t\t<div class=\"elementor-element elementor-element-1361798 elementor-widget elementor-widget-heading\" data-id=\"1361798\" data-element_type=\"widget\" data-e-type=\"widget\" data-widget_type=\"heading.default\">\n\t\t\t\t<div class=\"elementor-widget-container\">\n\t\t\t\t\t<h2 class=\"elementor-heading-title elementor-size-default\">R\u00e9sum\u00e9\u200b<\/h2>\t\t\t\t<\/div>\n\t\t\t\t<\/div>\n\t\t\t\t<div class=\"elementor-element elementor-element-80742d2 elementor-widget elementor-widget-text-editor\" data-id=\"80742d2\" data-element_type=\"widget\" data-e-type=\"widget\" data-widget_type=\"text-editor.default\">\n\t\t\t\t<div class=\"elementor-widget-container\">\n\t\t\t\t\t\t\t\t\t<p>Lorsque vous suspectez un probl\u00e8me avec votre d\u00e9shumidificateur, la d\u00e9cision de le r\u00e9parer ou de le remplacer d\u00e9pend g\u00e9n\u00e9ralement d&#8217;une combinaison de consid\u00e9rations techniques et financi\u00e8res, notamment ses performances pass\u00e9es et actuelles, son historique de r\u00e9paration et les co\u00fbts associ\u00e9s.<\/p><p>Les co\u00fbts de r\u00e9paration ne se limitent pas au prix des nouveaux composants, ils incluent \u00e9galement la main-d&#8217;\u0153uvre n\u00e9cessaire pour effectuer la r\u00e9paration. Il peut \u00e9galement \u00eatre n\u00e9cessaire de prendre en compte le mat\u00e9riel et la main-d&#8217;\u0153uvre n\u00e9cessaires pour apporter les modifications requises au b\u00e2timent.<\/p><p>T\u00e9l\u00e9chargez le livre blanc pour d\u00e9terminer si la r\u00e9paration ou le remplacement est la meilleure option pour vous.<\/p>\t\t\t\t\t\t\t\t<\/div>\n\t\t\t\t<\/div>\n\t\t\t\t<\/div>\n\t\t<div class=\"elementor-element elementor-element-c3f53d4 e-con-full e-flex e-con e-child\" data-id=\"c3f53d4\" data-element_type=\"container\" data-e-type=\"container\">\n\t\t\t\t<div class=\"elementor-element elementor-element-530e21c elementor-widget elementor-widget-image\" data-id=\"530e21c\" data-element_type=\"widget\" data-e-type=\"widget\" data-widget_type=\"image.default\">\n\t\t\t\t<div class=\"elementor-widget-container\">\n\t\t\t\t\t\t\t\t\t\t\t\t\t\t\t<img decoding=\"async\" width=\"791\" height=\"1024\" src=\"https:\/\/dectron.com\/wp-content\/uploads\/2026\/01\/sample-dec-repair-or-replace-791x1024.png\" class=\"attachment-large size-large wp-image-12513\" alt=\"\" srcset=\"https:\/\/dectron.com\/wp-content\/uploads\/2026\/01\/sample-dec-repair-or-replace-791x1024.png 791w, https:\/\/dectron.com\/wp-content\/uploads\/2026\/01\/sample-dec-repair-or-replace-232x300.png 232w, https:\/\/dectron.com\/wp-content\/uploads\/2026\/01\/sample-dec-repair-or-replace-768x994.png 768w, https:\/\/dectron.com\/wp-content\/uploads\/2026\/01\/sample-dec-repair-or-replace-1187x1536.png 1187w, https:\/\/dectron.com\/wp-content\/uploads\/2026\/01\/sample-dec-repair-or-replace-1583x2048.png 1583w, https:\/\/dectron.com\/wp-content\/uploads\/2026\/01\/sample-dec-repair-or-replace-scaled.png 1978w\" sizes=\"(max-width: 791px) 100vw, 791px\" \/>\t\t\t\t\t\t\t\t\t\t\t\t\t\t\t<\/div>\n\t\t\t\t<\/div>\n\t\t\t\t<\/div>\n\t\t\t\t<\/div>\n\t\t\t\t\t<\/div>\n\t\t\t\t<\/div>\n\t\t\t\t<\/div>\n\t\t","protected":false},"excerpt":{"rendered":"<p>R\u00e9parer ou remplacer ? Votre guide pour choisir la meilleure option pour votre d\u00e9shumidificateur T\u00c9L\u00c9CHARGER LE DOCUMENT &gt; Table des Mati\u00e8res Section 1 \u2013 Cadre d\u00e9cisionnel Section 2 \u2013 Facteurs cl\u00e9s du cadre d\u00e9cisionnel Section 3 \u2013 Autres consid\u00e9rations Section 4 \u2013 Les \u00e9checs les plus communs CONTACTER UN EXPERT T\u00e9l\u00e9charger le document Remplissez le [&hellip;]<\/p>\n","protected":false},"author":6,"featured_media":0,"parent":0,"menu_order":0,"comment_status":"closed","ping_status":"closed","template":"elementor_header_footer","meta":{"_acf_changed":false,"footnotes":""},"class_list":["post-12508","page","type-page","status-publish","hentry"],"acf":[],"yoast_head":"<!-- This site is optimized with the Yoast SEO plugin v27.1.1 - https:\/\/yoast.com\/product\/yoast-seo-wordpress\/ -->\n<title>R\u00e9parer ou remplacer ? - Dectron<\/title>\n<meta name=\"description\" content=\"Votre guide pour choisir la meilleure option pour votre d\u00e9shumidificateur\" \/>\n<meta name=\"robots\" content=\"index, follow, max-snippet:-1, max-image-preview:large, max-video-preview:-1\" \/>\n<link rel=\"canonical\" href=\"https:\/\/dectron.com\/fr\/reparer-ou-remplacer-votre-deshumidificateur\/\" \/>\n<meta property=\"og:locale\" content=\"fr_FR\" \/>\n<meta property=\"og:type\" content=\"article\" \/>\n<meta property=\"og:title\" content=\"R\u00e9parer ou remplacer ? - Dectron\" \/>\n<meta property=\"og:description\" content=\"Votre guide pour choisir la meilleure option pour votre d\u00e9shumidificateur\" \/>\n<meta property=\"og:url\" content=\"https:\/\/dectron.com\/fr\/reparer-ou-remplacer-votre-deshumidificateur\/\" \/>\n<meta property=\"og:site_name\" content=\"Dectron\" \/>\n<meta property=\"article:modified_time\" content=\"2026-02-16T18:30:44+00:00\" \/>\n<meta property=\"og:image\" content=\"https:\/\/dectron.com\/wp-content\/uploads\/2026\/01\/replace-or-replair-dectron-cover-cropped-1024x725.jpg\" \/>\n<meta name=\"twitter:card\" content=\"summary_large_image\" \/>\n<meta name=\"twitter:label1\" content=\"Dur\u00e9e de lecture estim\u00e9e\" \/>\n\t<meta name=\"twitter:data1\" content=\"2 minutes\" \/>\n<script type=\"application\/ld+json\" class=\"yoast-schema-graph\">{\"@context\":\"https:\/\/schema.org\",\"@graph\":[{\"@type\":\"WebPage\",\"@id\":\"https:\/\/dectron.com\/fr\/reparer-ou-remplacer-votre-deshumidificateur\/\",\"url\":\"https:\/\/dectron.com\/fr\/reparer-ou-remplacer-votre-deshumidificateur\/\",\"name\":\"R\u00e9parer ou remplacer ? - Dectron\",\"isPartOf\":{\"@id\":\"https:\/\/dectron.com\/#website\"},\"primaryImageOfPage\":{\"@id\":\"https:\/\/dectron.com\/fr\/reparer-ou-remplacer-votre-deshumidificateur\/#primaryimage\"},\"image\":{\"@id\":\"https:\/\/dectron.com\/fr\/reparer-ou-remplacer-votre-deshumidificateur\/#primaryimage\"},\"thumbnailUrl\":\"https:\/\/dectron.com\/wp-content\/uploads\/2026\/01\/replace-or-replair-dectron-cover-cropped-1024x725.jpg\",\"datePublished\":\"2026-01-23T15:59:36+00:00\",\"dateModified\":\"2026-02-16T18:30:44+00:00\",\"description\":\"Votre guide pour choisir la meilleure option pour votre d\u00e9shumidificateur\",\"inLanguage\":\"fr-FR\",\"potentialAction\":[{\"@type\":\"ReadAction\",\"target\":[\"https:\/\/dectron.com\/fr\/reparer-ou-remplacer-votre-deshumidificateur\/\"]}]},{\"@type\":\"ImageObject\",\"inLanguage\":\"fr-FR\",\"@id\":\"https:\/\/dectron.com\/fr\/reparer-ou-remplacer-votre-deshumidificateur\/#primaryimage\",\"url\":\"https:\/\/dectron.com\/wp-content\/uploads\/2026\/01\/replace-or-replair-dectron-cover-cropped-1024x725.jpg\",\"contentUrl\":\"https:\/\/dectron.com\/wp-content\/uploads\/2026\/01\/replace-or-replair-dectron-cover-cropped-1024x725.jpg\"},{\"@type\":\"WebSite\",\"@id\":\"https:\/\/dectron.com\/#website\",\"url\":\"https:\/\/dectron.com\/\",\"name\":\"Dectron\",\"description\":\"DRY-O-TRON\",\"potentialAction\":[{\"@type\":\"SearchAction\",\"target\":{\"@type\":\"EntryPoint\",\"urlTemplate\":\"https:\/\/dectron.com\/?s={search_term_string}\"},\"query-input\":{\"@type\":\"PropertyValueSpecification\",\"valueRequired\":true,\"valueName\":\"search_term_string\"}}],\"inLanguage\":\"fr-FR\"}]}<\/script>\n<!-- \/ Yoast SEO plugin. -->","yoast_head_json":{"title":"R\u00e9parer ou remplacer ? - Dectron","description":"Votre guide pour choisir la meilleure option pour votre d\u00e9shumidificateur","robots":{"index":"index","follow":"follow","max-snippet":"max-snippet:-1","max-image-preview":"max-image-preview:large","max-video-preview":"max-video-preview:-1"},"canonical":"https:\/\/dectron.com\/fr\/reparer-ou-remplacer-votre-deshumidificateur\/","og_locale":"fr_FR","og_type":"article","og_title":"R\u00e9parer ou remplacer ? - Dectron","og_description":"Votre guide pour choisir la meilleure option pour votre d\u00e9shumidificateur","og_url":"https:\/\/dectron.com\/fr\/reparer-ou-remplacer-votre-deshumidificateur\/","og_site_name":"Dectron","article_modified_time":"2026-02-16T18:30:44+00:00","og_image":[{"url":"https:\/\/dectron.com\/wp-content\/uploads\/2026\/01\/replace-or-replair-dectron-cover-cropped-1024x725.jpg","type":"","width":"","height":""}],"twitter_card":"summary_large_image","twitter_misc":{"Dur\u00e9e de lecture estim\u00e9e":"2 minutes"},"schema":{"@context":"https:\/\/schema.org","@graph":[{"@type":"WebPage","@id":"https:\/\/dectron.com\/fr\/reparer-ou-remplacer-votre-deshumidificateur\/","url":"https:\/\/dectron.com\/fr\/reparer-ou-remplacer-votre-deshumidificateur\/","name":"R\u00e9parer ou remplacer ? - Dectron","isPartOf":{"@id":"https:\/\/dectron.com\/#website"},"primaryImageOfPage":{"@id":"https:\/\/dectron.com\/fr\/reparer-ou-remplacer-votre-deshumidificateur\/#primaryimage"},"image":{"@id":"https:\/\/dectron.com\/fr\/reparer-ou-remplacer-votre-deshumidificateur\/#primaryimage"},"thumbnailUrl":"https:\/\/dectron.com\/wp-content\/uploads\/2026\/01\/replace-or-replair-dectron-cover-cropped-1024x725.jpg","datePublished":"2026-01-23T15:59:36+00:00","dateModified":"2026-02-16T18:30:44+00:00","description":"Votre guide pour choisir la meilleure option pour votre d\u00e9shumidificateur","inLanguage":"fr-FR","potentialAction":[{"@type":"ReadAction","target":["https:\/\/dectron.com\/fr\/reparer-ou-remplacer-votre-deshumidificateur\/"]}]},{"@type":"ImageObject","inLanguage":"fr-FR","@id":"https:\/\/dectron.com\/fr\/reparer-ou-remplacer-votre-deshumidificateur\/#primaryimage","url":"https:\/\/dectron.com\/wp-content\/uploads\/2026\/01\/replace-or-replair-dectron-cover-cropped-1024x725.jpg","contentUrl":"https:\/\/dectron.com\/wp-content\/uploads\/2026\/01\/replace-or-replair-dectron-cover-cropped-1024x725.jpg"},{"@type":"WebSite","@id":"https:\/\/dectron.com\/#website","url":"https:\/\/dectron.com\/","name":"Dectron","description":"DRY-O-TRON","potentialAction":[{"@type":"SearchAction","target":{"@type":"EntryPoint","urlTemplate":"https:\/\/dectron.com\/?s={search_term_string}"},"query-input":{"@type":"PropertyValueSpecification","valueRequired":true,"valueName":"search_term_string"}}],"inLanguage":"fr-FR"}]}},"_links":{"self":[{"href":"https:\/\/dectron.com\/fr\/wp-json\/wp\/v2\/pages\/12508","targetHints":{"allow":["GET"]}}],"collection":[{"href":"https:\/\/dectron.com\/fr\/wp-json\/wp\/v2\/pages"}],"about":[{"href":"https:\/\/dectron.com\/fr\/wp-json\/wp\/v2\/types\/page"}],"author":[{"embeddable":true,"href":"https:\/\/dectron.com\/fr\/wp-json\/wp\/v2\/users\/6"}],"replies":[{"embeddable":true,"href":"https:\/\/dectron.com\/fr\/wp-json\/wp\/v2\/comments?post=12508"}],"version-history":[{"count":11,"href":"https:\/\/dectron.com\/fr\/wp-json\/wp\/v2\/pages\/12508\/revisions"}],"predecessor-version":[{"id":12528,"href":"https:\/\/dectron.com\/fr\/wp-json\/wp\/v2\/pages\/12508\/revisions\/12528"}],"wp:attachment":[{"href":"https:\/\/dectron.com\/fr\/wp-json\/wp\/v2\/media?parent=12508"}],"curies":[{"name":"wp","href":"https:\/\/api.w.org\/{rel}","templated":true}]}}