{"id":4895,"date":"2017-07-01T12:06:57","date_gmt":"2017-07-01T12:06:57","guid":{"rendered":"https:\/\/dectron.com\/contact\/"},"modified":"2025-01-17T14:23:41","modified_gmt":"2025-01-17T19:23:41","slug":"coordonnees","status":"publish","type":"page","link":"https:\/\/dectron.com\/fr\/a-propos\/coordonnees\/","title":{"rendered":"Coordonn\u00e9es"},"content":{"rendered":"\t\t<div data-elementor-type=\"wp-page\" data-elementor-id=\"4895\" class=\"elementor elementor-4895 elementor-299\" data-elementor-post-type=\"page\">\n\t\t\t\t\t\t<section class=\"elementor-section elementor-top-section elementor-element elementor-element-268c20d1 elementor-section-boxed elementor-section-height-default elementor-section-height-default\" data-id=\"268c20d1\" data-element_type=\"section\" data-e-type=\"section\">\n\t\t\t\t\t\t<div class=\"elementor-container elementor-column-gap-default\">\n\t\t\t\t\t<div class=\"elementor-column elementor-col-100 elementor-top-column elementor-element elementor-element-7eb0b9db\" data-id=\"7eb0b9db\" data-element_type=\"column\" data-e-type=\"column\">\n\t\t\t<div class=\"elementor-widget-wrap elementor-element-populated\">\n\t\t\t\t\t\t<div class=\"elementor-element elementor-element-20f64e6e elementor-widget elementor-widget-text-editor\" data-id=\"20f64e6e\" data-element_type=\"widget\" data-e-type=\"widget\" data-widget_type=\"text-editor.default\">\n\t\t\t\t<div class=\"elementor-widget-container\">\n\t\t\t\t\t\t\t\t\t<p>Pour acheter une nouvelle unit\u00e9 <strong>Dectron<\/strong>, contactez les repr\u00e9sentants commerciaux de Dectron dans votre r\u00e9gion en utilisant le formulaire ci-dessous.<\/p>\t\t\t\t\t\t\t\t<\/div>\n\t\t\t\t<\/div>\n\t\t\t\t<div class=\"elementor-element elementor-element-b87e2a3 elementor-widget elementor-widget-html\" data-id=\"b87e2a3\" data-element_type=\"widget\" data-e-type=\"widget\" data-widget_type=\"html.default\">\n\t\t\t\t<div class=\"elementor-widget-container\">\n\t\t\t\t\t<script charset=\"utf-8\" type=\"text\/javascript\" src=\"\/\/js.hsforms.net\/forms\/embed\/v2.js\"><\/script>\n\n<script src=\"https:\/\/ajax.googleapis.com\/ajax\/libs\/jquery\/3.6.1\/jquery.min.js\"><\/script>\n\n<script src=\"https:\/\/das-app-files.s3.amazonaws.com\/javascript\/SubmitLeadToACE.js\"><\/script>\n\n<script>\n  var submitLead = new SubmitLead(2, 'FR');\n\n  hbspt.forms.create({\n\tregion: \"na1\",\n\tportalId: submitLead.portalId,\n\tformId: submitLead.formId,\n\tonFormSubmit: submitLead.submit\n  });\n<\/script>\t\t\t\t<\/div>\n\t\t\t\t<\/div>\n\t\t\t\t<section class=\"elementor-section elementor-inner-section elementor-element elementor-element-46370fd elementor-section-boxed elementor-section-height-default elementor-section-height-default\" data-id=\"46370fd\" data-element_type=\"section\" data-e-type=\"section\">\n\t\t\t\t\t\t<div class=\"elementor-container elementor-column-gap-default\">\n\t\t\t\t\t<div class=\"elementor-column elementor-col-50 elementor-inner-column elementor-element elementor-element-aee1889\" data-id=\"aee1889\" data-element_type=\"column\" data-e-type=\"column\">\n\t\t\t<div class=\"elementor-widget-wrap elementor-element-populated\">\n\t\t\t\t\t\t<div class=\"elementor-element elementor-element-47b8c1c elementor-widget elementor-widget-heading\" data-id=\"47b8c1c\" data-element_type=\"widget\" data-e-type=\"widget\" data-widget_type=\"heading.default\">\n\t\t\t\t<div class=\"elementor-widget-container\">\n\t\t\t\t\t<h3 class=\"elementor-heading-title elementor-size-default\">\u00c9tats-Unis<\/h3>\t\t\t\t<\/div>\n\t\t\t\t<\/div>\n\t\t\t\t<div class=\"elementor-element elementor-element-d309331 elementor-widget elementor-widget-text-editor\" data-id=\"d309331\" data-element_type=\"widget\" data-e-type=\"widget\" data-widget_type=\"text-editor.default\">\n\t\t\t\t<div class=\"elementor-widget-container\">\n\t\t\t\t\t\t\t\t\t<p>491 E Princess St.<br \/>York, PA 17403<br \/>\u00c9tats-Unis<br \/>1-888-DECTRON<\/p>\t\t\t\t\t\t\t\t<\/div>\n\t\t\t\t<\/div>\n\t\t\t\t\t<\/div>\n\t\t<\/div>\n\t\t\t\t<div class=\"elementor-column elementor-col-50 elementor-inner-column elementor-element elementor-element-1e24a7e\" data-id=\"1e24a7e\" data-element_type=\"column\" data-e-type=\"column\">\n\t\t\t<div class=\"elementor-widget-wrap elementor-element-populated\">\n\t\t\t\t\t\t<div class=\"elementor-element elementor-element-51df9ba elementor-widget elementor-widget-heading\" data-id=\"51df9ba\" data-element_type=\"widget\" data-e-type=\"widget\" data-widget_type=\"heading.default\">\n\t\t\t\t<div class=\"elementor-widget-container\">\n\t\t\t\t\t<h3 class=\"elementor-heading-title elementor-size-default\">Canada<\/h3>\t\t\t\t<\/div>\n\t\t\t\t<\/div>\n\t\t\t\t<div class=\"elementor-element elementor-element-8eb8c86 elementor-widget elementor-widget-text-editor\" data-id=\"8eb8c86\" data-element_type=\"widget\" data-e-type=\"widget\" data-widget_type=\"text-editor.default\">\n\t\t\t\t<div class=\"elementor-widget-container\">\n\t\t\t\t\t\t\t\t\t<p>5685, Rue Cypihot<br \/>Ville Saint Laurent, Qc,<br \/>Canada, H4S 1R3<br \/>1.888.DECTRON<br \/>514-336-3330<\/p>\t\t\t\t\t\t\t\t<\/div>\n\t\t\t\t<\/div>\n\t\t\t\t\t<\/div>\n\t\t<\/div>\n\t\t\t\t\t<\/div>\n\t\t<\/section>\n\t\t\t\t\t<\/div>\n\t\t<\/div>\n\t\t\t\t\t<\/div>\n\t\t<\/section>\n\t\t\t\t<\/div>\n\t\t","protected":false},"excerpt":{"rendered":"<p>Pour acheter une nouvelle unit\u00e9 Dectron, contactez les repr\u00e9sentants commerciaux de Dectron dans votre r\u00e9gion en utilisant le formulaire ci-dessous. \u00c9tats-Unis 491 E Princess St.York, PA 17403\u00c9tats-Unis1-888-DECTRON Canada 5685, Rue CypihotVille Saint Laurent, Qc,Canada, H4S 1R31.888.DECTRON514-336-3330<\/p>\n","protected":false},"author":6,"featured_media":0,"parent":4909,"menu_order":0,"comment_status":"closed","ping_status":"closed","template":"","meta":{"_acf_changed":false,"footnotes":""},"class_list":["post-4895","page","type-page","status-publish","hentry"],"acf":[],"yoast_head":"<!-- This site is optimized with the Yoast SEO plugin v27.1.1 - https:\/\/yoast.com\/product\/yoast-seo-wordpress\/ -->\n<title>Coordonn\u00e9es - Dectron<\/title>\n<meta name=\"robots\" content=\"index, follow, max-snippet:-1, max-image-preview:large, max-video-preview:-1\" \/>\n<link rel=\"canonical\" href=\"https:\/\/dectron.com\/fr\/a-propos\/coordonnees\/\" \/>\n<meta property=\"og:locale\" content=\"fr_FR\" \/>\n<meta property=\"og:type\" content=\"article\" \/>\n<meta property=\"og:title\" content=\"Coordonn\u00e9es - Dectron\" \/>\n<meta property=\"og:description\" content=\"Pour acheter une nouvelle unit\u00e9 Dectron, contactez les repr\u00e9sentants commerciaux de Dectron dans votre r\u00e9gion en utilisant le formulaire ci-dessous. \u00c9tats-Unis 491 E Princess St.York, PA 17403\u00c9tats-Unis1-888-DECTRON Canada 5685, Rue CypihotVille Saint Laurent, Qc,Canada, H4S 1R31.888.DECTRON514-336-3330\" \/>\n<meta property=\"og:url\" content=\"https:\/\/dectron.com\/fr\/a-propos\/coordonnees\/\" \/>\n<meta property=\"og:site_name\" content=\"Dectron\" \/>\n<meta property=\"article:modified_time\" content=\"2025-01-17T19:23:41+00:00\" \/>\n<meta name=\"twitter:card\" content=\"summary_large_image\" \/>\n<meta name=\"twitter:label1\" content=\"Dur\u00e9e de lecture estim\u00e9e\" \/>\n\t<meta name=\"twitter:data1\" content=\"1 minute\" \/>\n<script type=\"application\/ld+json\" class=\"yoast-schema-graph\">{\"@context\":\"https:\/\/schema.org\",\"@graph\":[{\"@type\":\"WebPage\",\"@id\":\"https:\/\/dectron.com\/fr\/a-propos\/coordonnees\/\",\"url\":\"https:\/\/dectron.com\/fr\/a-propos\/coordonnees\/\",\"name\":\"Coordonn\u00e9es - Dectron\",\"isPartOf\":{\"@id\":\"https:\/\/dectron.com\/#website\"},\"datePublished\":\"2017-07-01T12:06:57+00:00\",\"dateModified\":\"2025-01-17T19:23:41+00:00\",\"breadcrumb\":{\"@id\":\"https:\/\/dectron.com\/fr\/a-propos\/coordonnees\/#breadcrumb\"},\"inLanguage\":\"fr-FR\",\"potentialAction\":[{\"@type\":\"ReadAction\",\"target\":[\"https:\/\/dectron.com\/fr\/a-propos\/coordonnees\/\"]}]},{\"@type\":\"BreadcrumbList\",\"@id\":\"https:\/\/dectron.com\/fr\/a-propos\/coordonnees\/#breadcrumb\",\"itemListElement\":[{\"@type\":\"ListItem\",\"position\":1,\"name\":\"\u00c0 propos\",\"item\":\"https:\/\/dectron.com\/fr\/a-propos\/\"},{\"@type\":\"ListItem\",\"position\":2,\"name\":\"Coordonn\u00e9es\"}]},{\"@type\":\"WebSite\",\"@id\":\"https:\/\/dectron.com\/#website\",\"url\":\"https:\/\/dectron.com\/\",\"name\":\"Dectron\",\"description\":\"DRY-O-TRON\",\"potentialAction\":[{\"@type\":\"SearchAction\",\"target\":{\"@type\":\"EntryPoint\",\"urlTemplate\":\"https:\/\/dectron.com\/?s={search_term_string}\"},\"query-input\":{\"@type\":\"PropertyValueSpecification\",\"valueRequired\":true,\"valueName\":\"search_term_string\"}}],\"inLanguage\":\"fr-FR\"}]}<\/script>\n<!-- \/ Yoast SEO plugin. -->","yoast_head_json":{"title":"Coordonn\u00e9es - Dectron","robots":{"index":"index","follow":"follow","max-snippet":"max-snippet:-1","max-image-preview":"max-image-preview:large","max-video-preview":"max-video-preview:-1"},"canonical":"https:\/\/dectron.com\/fr\/a-propos\/coordonnees\/","og_locale":"fr_FR","og_type":"article","og_title":"Coordonn\u00e9es - Dectron","og_description":"Pour acheter une nouvelle unit\u00e9 Dectron, contactez les repr\u00e9sentants commerciaux de Dectron dans votre r\u00e9gion en utilisant le formulaire ci-dessous. \u00c9tats-Unis 491 E Princess St.York, PA 17403\u00c9tats-Unis1-888-DECTRON Canada 5685, Rue CypihotVille Saint Laurent, Qc,Canada, H4S 1R31.888.DECTRON514-336-3330","og_url":"https:\/\/dectron.com\/fr\/a-propos\/coordonnees\/","og_site_name":"Dectron","article_modified_time":"2025-01-17T19:23:41+00:00","twitter_card":"summary_large_image","twitter_misc":{"Dur\u00e9e de lecture estim\u00e9e":"1 minute"},"schema":{"@context":"https:\/\/schema.org","@graph":[{"@type":"WebPage","@id":"https:\/\/dectron.com\/fr\/a-propos\/coordonnees\/","url":"https:\/\/dectron.com\/fr\/a-propos\/coordonnees\/","name":"Coordonn\u00e9es - Dectron","isPartOf":{"@id":"https:\/\/dectron.com\/#website"},"datePublished":"2017-07-01T12:06:57+00:00","dateModified":"2025-01-17T19:23:41+00:00","breadcrumb":{"@id":"https:\/\/dectron.com\/fr\/a-propos\/coordonnees\/#breadcrumb"},"inLanguage":"fr-FR","potentialAction":[{"@type":"ReadAction","target":["https:\/\/dectron.com\/fr\/a-propos\/coordonnees\/"]}]},{"@type":"BreadcrumbList","@id":"https:\/\/dectron.com\/fr\/a-propos\/coordonnees\/#breadcrumb","itemListElement":[{"@type":"ListItem","position":1,"name":"\u00c0 propos","item":"https:\/\/dectron.com\/fr\/a-propos\/"},{"@type":"ListItem","position":2,"name":"Coordonn\u00e9es"}]},{"@type":"WebSite","@id":"https:\/\/dectron.com\/#website","url":"https:\/\/dectron.com\/","name":"Dectron","description":"DRY-O-TRON","potentialAction":[{"@type":"SearchAction","target":{"@type":"EntryPoint","urlTemplate":"https:\/\/dectron.com\/?s={search_term_string}"},"query-input":{"@type":"PropertyValueSpecification","valueRequired":true,"valueName":"search_term_string"}}],"inLanguage":"fr-FR"}]}},"_links":{"self":[{"href":"https:\/\/dectron.com\/fr\/wp-json\/wp\/v2\/pages\/4895","targetHints":{"allow":["GET"]}}],"collection":[{"href":"https:\/\/dectron.com\/fr\/wp-json\/wp\/v2\/pages"}],"about":[{"href":"https:\/\/dectron.com\/fr\/wp-json\/wp\/v2\/types\/page"}],"author":[{"embeddable":true,"href":"https:\/\/dectron.com\/fr\/wp-json\/wp\/v2\/users\/6"}],"replies":[{"embeddable":true,"href":"https:\/\/dectron.com\/fr\/wp-json\/wp\/v2\/comments?post=4895"}],"version-history":[{"count":58,"href":"https:\/\/dectron.com\/fr\/wp-json\/wp\/v2\/pages\/4895\/revisions"}],"predecessor-version":[{"id":11787,"href":"https:\/\/dectron.com\/fr\/wp-json\/wp\/v2\/pages\/4895\/revisions\/11787"}],"up":[{"embeddable":true,"href":"https:\/\/dectron.com\/fr\/wp-json\/wp\/v2\/pages\/4909"}],"wp:attachment":[{"href":"https:\/\/dectron.com\/fr\/wp-json\/wp\/v2\/media?parent=4895"}],"curies":[{"name":"wp","href":"https:\/\/api.w.org\/{rel}","templated":true}]}}