{"id":4925,"date":"2017-12-07T09:12:15","date_gmt":"2017-12-07T14:12:15","guid":{"rendered":"https:\/\/dectron.com\/utilisation\/case-studies\/"},"modified":"2024-11-19T12:13:41","modified_gmt":"2024-11-19T17:13:41","slug":"etudes-de-cas","status":"publish","type":"page","link":"https:\/\/dectron.com\/fr\/utilisation\/etudes-de-cas\/","title":{"rendered":"\u00c9tudes de cas"},"content":{"rendered":"\t\t<div data-elementor-type=\"wp-page\" data-elementor-id=\"4925\" class=\"elementor elementor-4925 elementor-514\" data-elementor-post-type=\"page\">\n\t\t\t\t\t\t<section class=\"elementor-section elementor-top-section elementor-element elementor-element-193c18e7 elementor-section-boxed elementor-section-height-default elementor-section-height-default\" data-id=\"193c18e7\" data-element_type=\"section\" data-e-type=\"section\">\n\t\t\t\t\t\t<div class=\"elementor-container elementor-column-gap-default\">\n\t\t\t\t\t<div class=\"elementor-column elementor-col-100 elementor-top-column elementor-element elementor-element-42b96880\" data-id=\"42b96880\" data-element_type=\"column\" data-e-type=\"column\">\n\t\t\t<div class=\"elementor-widget-wrap elementor-element-populated\">\n\t\t\t\t\t\t<div class=\"elementor-element elementor-element-da25e16 elementor-widget elementor-widget-heading\" data-id=\"da25e16\" data-element_type=\"widget\" data-e-type=\"widget\" data-widget_type=\"heading.default\">\n\t\t\t\t<div class=\"elementor-widget-container\">\n\t\t\t\t\t<h2 class=\"elementor-heading-title elementor-size-default\">D\u00e9couvrez pourquoi les installations de classe internationale choisissent <strong>Dectron<\/strong>.<\/h2>\t\t\t\t<\/div>\n\t\t\t\t<\/div>\n\t\t\t\t<section class=\"elementor-section elementor-inner-section elementor-element elementor-element-b25bf1e elementor-section-boxed elementor-section-height-default elementor-section-height-default elementor-invisible\" data-id=\"b25bf1e\" data-element_type=\"section\" data-e-type=\"section\" data-settings=\"{&quot;animation&quot;:&quot;fadeIn&quot;}\">\n\t\t\t\t\t\t<div class=\"elementor-container elementor-column-gap-extended\">\n\t\t\t\t\t<div class=\"elementor-column elementor-col-25 elementor-inner-column elementor-element elementor-element-d23ca12\" data-id=\"d23ca12\" data-element_type=\"column\" data-e-type=\"column\">\n\t\t\t<div class=\"elementor-widget-wrap elementor-element-populated\">\n\t\t\t\t\t\t<div class=\"elementor-element elementor-element-cb3a1ea elementor-widget elementor-widget-image\" data-id=\"cb3a1ea\" data-element_type=\"widget\" data-e-type=\"widget\" data-widget_type=\"image.default\">\n\t\t\t\t<div class=\"elementor-widget-container\">\n\t\t\t\t\t\t\t\t\t\t\t\t\t\t\t<img fetchpriority=\"high\" decoding=\"async\" width=\"270\" height=\"281\" src=\"https:\/\/dectron.com\/wp-content\/uploads\/2017\/12\/cirque-du-soleil.png\" class=\"attachment-full size-full wp-image-4724\" alt=\"\" \/>\t\t\t\t\t\t\t\t\t\t\t\t\t\t\t<\/div>\n\t\t\t\t<\/div>\n\t\t\t\t\t<\/div>\n\t\t<\/div>\n\t\t\t\t<div class=\"elementor-column elementor-col-25 elementor-inner-column elementor-element elementor-element-b4f1ea1\" data-id=\"b4f1ea1\" data-element_type=\"column\" data-e-type=\"column\">\n\t\t\t<div class=\"elementor-widget-wrap elementor-element-populated\">\n\t\t\t\t\t\t<div class=\"elementor-element elementor-element-f8a6603 elementor-widget elementor-widget-heading\" data-id=\"f8a6603\" data-element_type=\"widget\" data-e-type=\"widget\" data-widget_type=\"heading.default\">\n\t\t\t\t<div class=\"elementor-widget-container\">\n\t\t\t\t\t<h4 class=\"elementor-heading-title elementor-size-default\">LE SPECTACLE \u00ab O \u00bb DU CIRQUE DU SOLEIL<\/h4>\t\t\t\t<\/div>\n\t\t\t\t<\/div>\n\t\t\t\t<div class=\"elementor-element elementor-element-d97cbfa elementor-widget elementor-widget-heading\" data-id=\"d97cbfa\" data-element_type=\"widget\" data-e-type=\"widget\" data-widget_type=\"heading.default\">\n\t\t\t\t<div class=\"elementor-widget-container\">\n\t\t\t\t\t<p class=\"elementor-heading-title elementor-size-default\">H\u00f4tel Bellagio, Las Vegas<\/p>\t\t\t\t<\/div>\n\t\t\t\t<\/div>\n\t\t\t\t<div class=\"elementor-element elementor-element-5a2ab1e elementor-widget elementor-widget-text-editor\" data-id=\"5a2ab1e\" data-element_type=\"widget\" data-e-type=\"widget\" data-widget_type=\"text-editor.default\">\n\t\t\t\t<div class=\"elementor-widget-container\">\n\t\t\t\t\t\t\t\t\tLes concepteurs des installations du cirque aquatique devaient faire en sorte que le public se sente immerg\u00e9 dans le spectacle, et non dans la piscine.<br><br>\n\n<strong><a class=\"read-more\" href=\"https:\/\/dectron.com\/wp-content\/uploads\/2024\/11\/bellagio-aquatic-theatre-casestudy-fr.pdf\" target=\"_blank\" rel=\"noopener\">EN SAVOIR PLUS &gt;<\/a><\/strong>\t\t\t\t\t\t\t\t<\/div>\n\t\t\t\t<\/div>\n\t\t\t\t\t<\/div>\n\t\t<\/div>\n\t\t\t\t<div class=\"elementor-column elementor-col-25 elementor-inner-column elementor-element elementor-element-02b5278\" data-id=\"02b5278\" data-element_type=\"column\" data-e-type=\"column\">\n\t\t\t<div class=\"elementor-widget-wrap elementor-element-populated\">\n\t\t\t\t\t\t<div class=\"elementor-element elementor-element-3bb6a29 elementor-widget elementor-widget-image\" data-id=\"3bb6a29\" data-element_type=\"widget\" data-e-type=\"widget\" data-widget_type=\"image.default\">\n\t\t\t\t<div class=\"elementor-widget-container\">\n\t\t\t\t\t\t\t\t\t\t\t\t\t\t\t<img decoding=\"async\" width=\"270\" height=\"281\" src=\"https:\/\/dectron.com\/wp-content\/uploads\/2019\/10\/dectron-50-laurier-thumb.jpg\" class=\"attachment-full size-full wp-image-4858\" alt=\"\" \/>\t\t\t\t\t\t\t\t\t\t\t\t\t\t\t<\/div>\n\t\t\t\t<\/div>\n\t\t\t\t\t<\/div>\n\t\t<\/div>\n\t\t\t\t<div class=\"elementor-column elementor-col-25 elementor-inner-column elementor-element elementor-element-7477b45\" data-id=\"7477b45\" data-element_type=\"column\" data-e-type=\"column\">\n\t\t\t<div class=\"elementor-widget-wrap elementor-element-populated\">\n\t\t\t\t\t\t<div class=\"elementor-element elementor-element-ba6ea5b elementor-widget elementor-widget-heading\" data-id=\"ba6ea5b\" data-element_type=\"widget\" data-e-type=\"widget\" data-widget_type=\"heading.default\">\n\t\t\t\t<div class=\"elementor-widget-container\">\n\t\t\t\t\t<h4 class=\"elementor-heading-title elementor-size-default\">LES APPARTEMENTS DU 50 AVENUE LAURIER<\/h4>\t\t\t\t<\/div>\n\t\t\t\t<\/div>\n\t\t\t\t<div class=\"elementor-element elementor-element-1a9fa5a elementor-widget elementor-widget-heading\" data-id=\"1a9fa5a\" data-element_type=\"widget\" data-e-type=\"widget\" data-widget_type=\"heading.default\">\n\t\t\t\t<div class=\"elementor-widget-container\">\n\t\t\t\t\t<p class=\"elementor-heading-title elementor-size-default\">Ottawa, ON<\/p>\t\t\t\t<\/div>\n\t\t\t\t<\/div>\n\t\t\t\t<div class=\"elementor-element elementor-element-0ba52b5 elementor-widget elementor-widget-text-editor\" data-id=\"0ba52b5\" data-element_type=\"widget\" data-e-type=\"widget\" data-widget_type=\"text-editor.default\">\n\t\t\t\t<div class=\"elementor-widget-container\">\n\t\t\t\t\t\t\t\t\tLe remplacement d\u2019anciens appareils par des unit\u00e9s de Dectron a permis \u00e0 l\u2019immeuble de luxe de b\u00e9n\u00e9ficier d\u2019une efficacit\u00e9 accrue et d\u2019une r\u00e9duction des co\u00fbts d\u2019entretien.<br><br>\n\n<strong><a class=\"read-more\" href=\"https:\/\/dectron.com\/wp-content\/uploads\/2024\/11\/hvac-insider-50-laurier-case-study-fr.pdf\" target=\"_blank\" rel=\"noopener\">EN SAVOIR PLUS &gt;<\/a><\/strong>\t\t\t\t\t\t\t\t<\/div>\n\t\t\t\t<\/div>\n\t\t\t\t\t<\/div>\n\t\t<\/div>\n\t\t\t\t\t<\/div>\n\t\t<\/section>\n\t\t\t\t<section class=\"elementor-section elementor-inner-section elementor-element elementor-element-2f9b572 elementor-section-boxed elementor-section-height-default elementor-section-height-default elementor-invisible\" data-id=\"2f9b572\" data-element_type=\"section\" data-e-type=\"section\" data-settings=\"{&quot;animation&quot;:&quot;fadeIn&quot;}\">\n\t\t\t\t\t\t<div class=\"elementor-container elementor-column-gap-extended\">\n\t\t\t\t\t<div class=\"elementor-column elementor-col-25 elementor-inner-column elementor-element elementor-element-2e88a10\" data-id=\"2e88a10\" data-element_type=\"column\" data-e-type=\"column\">\n\t\t\t<div class=\"elementor-widget-wrap elementor-element-populated\">\n\t\t\t\t\t\t<div class=\"elementor-element elementor-element-46420e8 elementor-widget elementor-widget-image\" data-id=\"46420e8\" data-element_type=\"widget\" data-e-type=\"widget\" data-widget_type=\"image.default\">\n\t\t\t\t<div class=\"elementor-widget-container\">\n\t\t\t\t\t\t\t\t\t\t\t\t\t\t\t<img decoding=\"async\" width=\"270\" height=\"281\" src=\"https:\/\/dectron.com\/wp-content\/uploads\/2017\/12\/LEED-PLATINUM-POOL.png\" class=\"attachment-full size-full wp-image-4725\" alt=\"\" \/>\t\t\t\t\t\t\t\t\t\t\t\t\t\t\t<\/div>\n\t\t\t\t<\/div>\n\t\t\t\t\t<\/div>\n\t\t<\/div>\n\t\t\t\t<div class=\"elementor-column elementor-col-25 elementor-inner-column elementor-element elementor-element-d5a5777\" data-id=\"d5a5777\" data-element_type=\"column\" data-e-type=\"column\">\n\t\t\t<div class=\"elementor-widget-wrap elementor-element-populated\">\n\t\t\t\t\t\t<div class=\"elementor-element elementor-element-fb8c46d elementor-widget elementor-widget-heading\" data-id=\"fb8c46d\" data-element_type=\"widget\" data-e-type=\"widget\" data-widget_type=\"heading.default\">\n\t\t\t\t<div class=\"elementor-widget-container\">\n\t\t\t\t\t<h4 class=\"elementor-heading-title elementor-size-default\">LE CENTRE AQUATIQUE KAPPEN<\/h4>\t\t\t\t<\/div>\n\t\t\t\t<\/div>\n\t\t\t\t<div class=\"elementor-element elementor-element-390cd42 elementor-widget elementor-widget-heading\" data-id=\"390cd42\" data-element_type=\"widget\" data-e-type=\"widget\" data-widget_type=\"heading.default\">\n\t\t\t\t<div class=\"elementor-widget-container\">\n\t\t\t\t\t<p class=\"elementor-heading-title elementor-size-default\">Philadelphie (Pennsylvanie)<\/p>\t\t\t\t<\/div>\n\t\t\t\t<\/div>\n\t\t\t\t<div class=\"elementor-element elementor-element-6aff815 elementor-widget elementor-widget-text-editor\" data-id=\"6aff815\" data-element_type=\"widget\" data-e-type=\"widget\" data-widget_type=\"text-editor.default\">\n\t\t\t\t<div class=\"elementor-widget-container\">\n\t\t\t\t\t\t\t\t\tLes concepteurs du centre aquatique Kappen n\u2019aspiraient pas \u00e0 construire le premier natatorium certifi\u00e9 LEEDMD Platine aux \u00c9tats-Unis. Pourtant, c\u2019est ce qui est arriv\u00e9 et Dectron a jou\u00e9 un r\u00f4le particulier dans cet exploit!<br><br>\n\n<strong><a href=\"https:\/\/dectron.com\/wp-content\/uploads\/2024\/11\/mkd-kapplcs-20190128-dectron-kappen-pool-case-study-fr.pdf\" target=\"_blank\" rel=\"noopener\">EN SAVOIR PLUS &gt;<\/a><\/strong>\t\t\t\t\t\t\t\t<\/div>\n\t\t\t\t<\/div>\n\t\t\t\t\t<\/div>\n\t\t<\/div>\n\t\t\t\t<div class=\"elementor-column elementor-col-25 elementor-inner-column elementor-element elementor-element-9986eb9\" data-id=\"9986eb9\" data-element_type=\"column\" data-e-type=\"column\">\n\t\t\t<div class=\"elementor-widget-wrap elementor-element-populated\">\n\t\t\t\t\t\t<div class=\"elementor-element elementor-element-ce71fc7 elementor-widget elementor-widget-image\" data-id=\"ce71fc7\" data-element_type=\"widget\" data-e-type=\"widget\" data-widget_type=\"image.default\">\n\t\t\t\t<div class=\"elementor-widget-container\">\n\t\t\t\t\t\t\t\t\t\t\t\t\t\t\t<img loading=\"lazy\" decoding=\"async\" width=\"270\" height=\"281\" src=\"https:\/\/dectron.com\/wp-content\/uploads\/2019\/10\/dectron-small.jpg\" class=\"attachment-full size-full wp-image-4856\" alt=\"\" \/>\t\t\t\t\t\t\t\t\t\t\t\t\t\t\t<\/div>\n\t\t\t\t<\/div>\n\t\t\t\t\t<\/div>\n\t\t<\/div>\n\t\t\t\t<div class=\"elementor-column elementor-col-25 elementor-inner-column elementor-element elementor-element-4ae0323\" data-id=\"4ae0323\" data-element_type=\"column\" data-e-type=\"column\">\n\t\t\t<div class=\"elementor-widget-wrap elementor-element-populated\">\n\t\t\t\t\t\t<div class=\"elementor-element elementor-element-7e36adf elementor-widget elementor-widget-heading\" data-id=\"7e36adf\" data-element_type=\"widget\" data-e-type=\"widget\" data-widget_type=\"heading.default\">\n\t\t\t\t<div class=\"elementor-widget-container\">\n\t\t\t\t\t<h4 class=\"elementor-heading-title elementor-size-default\">LE YMCA DE LOWER SHORE<\/h4>\t\t\t\t<\/div>\n\t\t\t\t<\/div>\n\t\t\t\t<div class=\"elementor-element elementor-element-ba5c511 elementor-widget elementor-widget-heading\" data-id=\"ba5c511\" data-element_type=\"widget\" data-e-type=\"widget\" data-widget_type=\"heading.default\">\n\t\t\t\t<div class=\"elementor-widget-container\">\n\t\t\t\t\t<p class=\"elementor-heading-title elementor-size-default\">Pocomoke City (Maryland)<\/p>\t\t\t\t<\/div>\n\t\t\t\t<\/div>\n\t\t\t\t<div class=\"elementor-element elementor-element-78d05d7 elementor-widget elementor-widget-text-editor\" data-id=\"78d05d7\" data-element_type=\"widget\" data-e-type=\"widget\" data-widget_type=\"text-editor.default\">\n\t\t\t\t<div class=\"elementor-widget-container\">\n\t\t\t\t\t\t\t\t\tIl \u00e9tait essentiel pour le Y d\u2019acheter pour son \u00e9tablissement de Lower Shore un d\u00e9shumidificateur de grande qualit\u00e9, peu co\u00fbteux \u00e0 faire fonctionner et \u00e0 entretenir et capable de durer pendant des ann\u00e9es\u00a0: le portrait exact d\u2019un DRY-O-TRON<sup>MD<\/sup>!<br><br>\n\n<strong><a class=\"read-more\" href=\"https:\/\/dectron.com\/wp-content\/uploads\/2024\/11\/dectron-lower-shore-ymca-case-study-fr.pdf\" target=\"_blank\" rel=\"noopener\">EN SAVOIR PLUS &gt;<\/a><\/strong>\t\t\t\t\t\t\t\t<\/div>\n\t\t\t\t<\/div>\n\t\t\t\t\t<\/div>\n\t\t<\/div>\n\t\t\t\t\t<\/div>\n\t\t<\/section>\n\t\t\t\t<section class=\"elementor-section elementor-inner-section elementor-element elementor-element-e1989dd elementor-section-boxed elementor-section-height-default elementor-section-height-default elementor-invisible\" data-id=\"e1989dd\" data-element_type=\"section\" data-e-type=\"section\" data-settings=\"{&quot;animation&quot;:&quot;fadeIn&quot;}\">\n\t\t\t\t\t\t<div class=\"elementor-container elementor-column-gap-extended\">\n\t\t\t\t\t<div class=\"elementor-column elementor-col-25 elementor-inner-column elementor-element elementor-element-eaafb3b\" data-id=\"eaafb3b\" data-element_type=\"column\" data-e-type=\"column\">\n\t\t\t<div class=\"elementor-widget-wrap elementor-element-populated\">\n\t\t\t\t\t\t<div class=\"elementor-element elementor-element-88ca7b0 elementor-widget elementor-widget-image\" data-id=\"88ca7b0\" data-element_type=\"widget\" data-e-type=\"widget\" data-widget_type=\"image.default\">\n\t\t\t\t<div class=\"elementor-widget-container\">\n\t\t\t\t\t\t\t\t\t\t\t\t\t\t\t<img loading=\"lazy\" decoding=\"async\" width=\"270\" height=\"281\" src=\"https:\/\/dectron.com\/wp-content\/uploads\/2019\/10\/pcc-mag-dectron.png\" class=\"attachment-full size-full wp-image-4857\" alt=\"\" \/>\t\t\t\t\t\t\t\t\t\t\t\t\t\t\t<\/div>\n\t\t\t\t<\/div>\n\t\t\t\t\t<\/div>\n\t\t<\/div>\n\t\t\t\t<div class=\"elementor-column elementor-col-25 elementor-inner-column elementor-element elementor-element-8a53cdd\" data-id=\"8a53cdd\" data-element_type=\"column\" data-e-type=\"column\">\n\t\t\t<div class=\"elementor-widget-wrap elementor-element-populated\">\n\t\t\t\t\t\t<div class=\"elementor-element elementor-element-605284c elementor-widget elementor-widget-heading\" data-id=\"605284c\" data-element_type=\"widget\" data-e-type=\"widget\" data-widget_type=\"heading.default\">\n\t\t\t\t<div class=\"elementor-widget-container\">\n\t\t\t\t\t<h4 class=\"elementor-heading-title elementor-size-default\">COMPLEXE SPORTIF DESJARDINS<\/h4>\t\t\t\t<\/div>\n\t\t\t\t<\/div>\n\t\t\t\t<div class=\"elementor-element elementor-element-8ba028c elementor-widget elementor-widget-heading\" data-id=\"8ba028c\" data-element_type=\"widget\" data-e-type=\"widget\" data-widget_type=\"heading.default\">\n\t\t\t\t<div class=\"elementor-widget-container\">\n\t\t\t\t\t<p class=\"elementor-heading-title elementor-size-default\">Rimouski, QC<\/p>\t\t\t\t<\/div>\n\t\t\t\t<\/div>\n\t\t\t\t<div class=\"elementor-element elementor-element-fa454c2 elementor-widget elementor-widget-text-editor\" data-id=\"fa454c2\" data-element_type=\"widget\" data-e-type=\"widget\" data-widget_type=\"text-editor.default\">\n\t\t\t\t<div class=\"elementor-widget-container\">\n\t\t\t\t\t\t\t\t\tBien que les d\u00e9shumidificateurs consomment beaucoup d\u2019\u00e9nergie, ils peuvent renfermer certaines caract\u00e9ristiques cl\u00e9s qui r\u00e9duiront leur demande et permettront de r\u00e9utiliser une partie de leur \u00e9nergie au profit de l\u2019\u00e9tablissement.<br><br>\n\n<strong><a href=\"https:\/\/dectron.com\/wp-content\/uploads\/2019\/09\/PCC_magazine-dectron.pdf\" target=\"_blank\" rel=\"noopener\">EN SAVOIR PLUS &gt;<\/a><\/strong>\t\t\t\t\t\t\t\t<\/div>\n\t\t\t\t<\/div>\n\t\t\t\t\t<\/div>\n\t\t<\/div>\n\t\t\t\t<div class=\"elementor-column elementor-col-25 elementor-inner-column elementor-element elementor-element-bf94ff9\" data-id=\"bf94ff9\" data-element_type=\"column\" data-e-type=\"column\">\n\t\t\t<div class=\"elementor-widget-wrap\">\n\t\t\t\t\t\t\t<\/div>\n\t\t<\/div>\n\t\t\t\t<div class=\"elementor-column elementor-col-25 elementor-inner-column elementor-element elementor-element-ce1cb88\" data-id=\"ce1cb88\" data-element_type=\"column\" data-e-type=\"column\">\n\t\t\t<div class=\"elementor-widget-wrap\">\n\t\t\t\t\t\t\t<\/div>\n\t\t<\/div>\n\t\t\t\t\t<\/div>\n\t\t<\/section>\n\t\t\t\t\t<\/div>\n\t\t<\/div>\n\t\t\t\t\t<\/div>\n\t\t<\/section>\n\t\t\t\t<\/div>\n\t\t","protected":false},"excerpt":{"rendered":"<p>D\u00e9couvrez pourquoi les installations de classe internationale choisissent Dectron. LE SPECTACLE \u00ab O \u00bb DU CIRQUE DU SOLEIL H\u00f4tel Bellagio, Las Vegas Les concepteurs des installations du cirque aquatique devaient faire en sorte que le public se sente immerg\u00e9 dans le spectacle, et non dans la piscine. EN SAVOIR PLUS &gt; LES APPARTEMENTS DU 50 [&hellip;]<\/p>\n","protected":false},"author":6,"featured_media":4762,"parent":4917,"menu_order":0,"comment_status":"closed","ping_status":"closed","template":"","meta":{"_acf_changed":false,"footnotes":""},"class_list":["post-4925","page","type-page","status-publish","has-post-thumbnail","hentry"],"acf":[],"yoast_head":"<!-- This site is optimized with the Yoast SEO plugin v27.1.1 - https:\/\/yoast.com\/product\/yoast-seo-wordpress\/ -->\n<title>\u00c9tudes de cas - Dectron<\/title>\n<meta name=\"robots\" content=\"index, follow, max-snippet:-1, max-image-preview:large, max-video-preview:-1\" \/>\n<link rel=\"canonical\" href=\"https:\/\/dectron.com\/fr\/utilisation\/etudes-de-cas\/\" \/>\n<meta property=\"og:locale\" content=\"fr_FR\" \/>\n<meta property=\"og:type\" content=\"article\" \/>\n<meta property=\"og:title\" content=\"\u00c9tudes de cas - Dectron\" \/>\n<meta property=\"og:description\" content=\"D\u00e9couvrez pourquoi les installations de classe internationale choisissent Dectron. LE SPECTACLE \u00ab O \u00bb DU CIRQUE DU SOLEIL H\u00f4tel Bellagio, Las Vegas Les concepteurs des installations du cirque aquatique devaient faire en sorte que le public se sente immerg\u00e9 dans le spectacle, et non dans la piscine. EN SAVOIR PLUS &gt; LES APPARTEMENTS DU 50 [&hellip;]\" \/>\n<meta property=\"og:url\" content=\"https:\/\/dectron.com\/fr\/utilisation\/etudes-de-cas\/\" \/>\n<meta property=\"og:site_name\" content=\"Dectron\" \/>\n<meta property=\"article:modified_time\" content=\"2024-11-19T17:13:41+00:00\" \/>\n<meta property=\"og:image\" content=\"https:\/\/dectron.com\/wp-content\/uploads\/2017\/12\/case-study.jpg\" \/>\n\t<meta property=\"og:image:width\" content=\"1920\" \/>\n\t<meta property=\"og:image:height\" content=\"615\" \/>\n\t<meta property=\"og:image:type\" content=\"image\/jpeg\" \/>\n<meta name=\"twitter:card\" content=\"summary_large_image\" \/>\n<meta name=\"twitter:label1\" content=\"Dur\u00e9e de lecture estim\u00e9e\" \/>\n\t<meta name=\"twitter:data1\" content=\"3 minutes\" \/>\n<script type=\"application\/ld+json\" class=\"yoast-schema-graph\">{\"@context\":\"https:\/\/schema.org\",\"@graph\":[{\"@type\":\"WebPage\",\"@id\":\"https:\/\/dectron.com\/fr\/utilisation\/etudes-de-cas\/\",\"url\":\"https:\/\/dectron.com\/fr\/utilisation\/etudes-de-cas\/\",\"name\":\"\u00c9tudes de cas - Dectron\",\"isPartOf\":{\"@id\":\"https:\/\/dectron.com\/#website\"},\"primaryImageOfPage\":{\"@id\":\"https:\/\/dectron.com\/fr\/utilisation\/etudes-de-cas\/#primaryimage\"},\"image\":{\"@id\":\"https:\/\/dectron.com\/fr\/utilisation\/etudes-de-cas\/#primaryimage\"},\"thumbnailUrl\":\"https:\/\/dectron.com\/wp-content\/uploads\/2017\/12\/case-study.jpg\",\"datePublished\":\"2017-12-07T14:12:15+00:00\",\"dateModified\":\"2024-11-19T17:13:41+00:00\",\"breadcrumb\":{\"@id\":\"https:\/\/dectron.com\/fr\/utilisation\/etudes-de-cas\/#breadcrumb\"},\"inLanguage\":\"fr-FR\",\"potentialAction\":[{\"@type\":\"ReadAction\",\"target\":[\"https:\/\/dectron.com\/fr\/utilisation\/etudes-de-cas\/\"]}]},{\"@type\":\"ImageObject\",\"inLanguage\":\"fr-FR\",\"@id\":\"https:\/\/dectron.com\/fr\/utilisation\/etudes-de-cas\/#primaryimage\",\"url\":\"https:\/\/dectron.com\/wp-content\/uploads\/2017\/12\/case-study.jpg\",\"contentUrl\":\"https:\/\/dectron.com\/wp-content\/uploads\/2017\/12\/case-study.jpg\",\"width\":1920,\"height\":615},{\"@type\":\"BreadcrumbList\",\"@id\":\"https:\/\/dectron.com\/fr\/utilisation\/etudes-de-cas\/#breadcrumb\",\"itemListElement\":[{\"@type\":\"ListItem\",\"position\":1,\"name\":\"Utilisation\",\"item\":\"https:\/\/dectron.com\/applications\/\"},{\"@type\":\"ListItem\",\"position\":2,\"name\":\"\u00c9tudes de cas\"}]},{\"@type\":\"WebSite\",\"@id\":\"https:\/\/dectron.com\/#website\",\"url\":\"https:\/\/dectron.com\/\",\"name\":\"Dectron\",\"description\":\"DRY-O-TRON\",\"potentialAction\":[{\"@type\":\"SearchAction\",\"target\":{\"@type\":\"EntryPoint\",\"urlTemplate\":\"https:\/\/dectron.com\/?s={search_term_string}\"},\"query-input\":{\"@type\":\"PropertyValueSpecification\",\"valueRequired\":true,\"valueName\":\"search_term_string\"}}],\"inLanguage\":\"fr-FR\"}]}<\/script>\n<!-- \/ Yoast SEO plugin. -->","yoast_head_json":{"title":"\u00c9tudes de cas - Dectron","robots":{"index":"index","follow":"follow","max-snippet":"max-snippet:-1","max-image-preview":"max-image-preview:large","max-video-preview":"max-video-preview:-1"},"canonical":"https:\/\/dectron.com\/fr\/utilisation\/etudes-de-cas\/","og_locale":"fr_FR","og_type":"article","og_title":"\u00c9tudes de cas - Dectron","og_description":"D\u00e9couvrez pourquoi les installations de classe internationale choisissent Dectron. LE SPECTACLE \u00ab O \u00bb DU CIRQUE DU SOLEIL H\u00f4tel Bellagio, Las Vegas Les concepteurs des installations du cirque aquatique devaient faire en sorte que le public se sente immerg\u00e9 dans le spectacle, et non dans la piscine. EN SAVOIR PLUS &gt; LES APPARTEMENTS DU 50 [&hellip;]","og_url":"https:\/\/dectron.com\/fr\/utilisation\/etudes-de-cas\/","og_site_name":"Dectron","article_modified_time":"2024-11-19T17:13:41+00:00","og_image":[{"width":1920,"height":615,"url":"https:\/\/dectron.com\/wp-content\/uploads\/2017\/12\/case-study.jpg","type":"image\/jpeg"}],"twitter_card":"summary_large_image","twitter_misc":{"Dur\u00e9e de lecture estim\u00e9e":"3 minutes"},"schema":{"@context":"https:\/\/schema.org","@graph":[{"@type":"WebPage","@id":"https:\/\/dectron.com\/fr\/utilisation\/etudes-de-cas\/","url":"https:\/\/dectron.com\/fr\/utilisation\/etudes-de-cas\/","name":"\u00c9tudes de cas - Dectron","isPartOf":{"@id":"https:\/\/dectron.com\/#website"},"primaryImageOfPage":{"@id":"https:\/\/dectron.com\/fr\/utilisation\/etudes-de-cas\/#primaryimage"},"image":{"@id":"https:\/\/dectron.com\/fr\/utilisation\/etudes-de-cas\/#primaryimage"},"thumbnailUrl":"https:\/\/dectron.com\/wp-content\/uploads\/2017\/12\/case-study.jpg","datePublished":"2017-12-07T14:12:15+00:00","dateModified":"2024-11-19T17:13:41+00:00","breadcrumb":{"@id":"https:\/\/dectron.com\/fr\/utilisation\/etudes-de-cas\/#breadcrumb"},"inLanguage":"fr-FR","potentialAction":[{"@type":"ReadAction","target":["https:\/\/dectron.com\/fr\/utilisation\/etudes-de-cas\/"]}]},{"@type":"ImageObject","inLanguage":"fr-FR","@id":"https:\/\/dectron.com\/fr\/utilisation\/etudes-de-cas\/#primaryimage","url":"https:\/\/dectron.com\/wp-content\/uploads\/2017\/12\/case-study.jpg","contentUrl":"https:\/\/dectron.com\/wp-content\/uploads\/2017\/12\/case-study.jpg","width":1920,"height":615},{"@type":"BreadcrumbList","@id":"https:\/\/dectron.com\/fr\/utilisation\/etudes-de-cas\/#breadcrumb","itemListElement":[{"@type":"ListItem","position":1,"name":"Utilisation","item":"https:\/\/dectron.com\/applications\/"},{"@type":"ListItem","position":2,"name":"\u00c9tudes de cas"}]},{"@type":"WebSite","@id":"https:\/\/dectron.com\/#website","url":"https:\/\/dectron.com\/","name":"Dectron","description":"DRY-O-TRON","potentialAction":[{"@type":"SearchAction","target":{"@type":"EntryPoint","urlTemplate":"https:\/\/dectron.com\/?s={search_term_string}"},"query-input":{"@type":"PropertyValueSpecification","valueRequired":true,"valueName":"search_term_string"}}],"inLanguage":"fr-FR"}]}},"_links":{"self":[{"href":"https:\/\/dectron.com\/fr\/wp-json\/wp\/v2\/pages\/4925","targetHints":{"allow":["GET"]}}],"collection":[{"href":"https:\/\/dectron.com\/fr\/wp-json\/wp\/v2\/pages"}],"about":[{"href":"https:\/\/dectron.com\/fr\/wp-json\/wp\/v2\/types\/page"}],"author":[{"embeddable":true,"href":"https:\/\/dectron.com\/fr\/wp-json\/wp\/v2\/users\/6"}],"replies":[{"embeddable":true,"href":"https:\/\/dectron.com\/fr\/wp-json\/wp\/v2\/comments?post=4925"}],"version-history":[{"count":36,"href":"https:\/\/dectron.com\/fr\/wp-json\/wp\/v2\/pages\/4925\/revisions"}],"predecessor-version":[{"id":11656,"href":"https:\/\/dectron.com\/fr\/wp-json\/wp\/v2\/pages\/4925\/revisions\/11656"}],"up":[{"embeddable":true,"href":"https:\/\/dectron.com\/fr\/wp-json\/wp\/v2\/pages\/4917"}],"wp:featuredmedia":[{"embeddable":true,"href":"https:\/\/dectron.com\/fr\/wp-json\/wp\/v2\/media\/4762"}],"wp:attachment":[{"href":"https:\/\/dectron.com\/fr\/wp-json\/wp\/v2\/media?parent=4925"}],"curies":[{"name":"wp","href":"https:\/\/api.w.org\/{rel}","templated":true}]}}