{"id":4973,"date":"2019-10-26T18:40:32","date_gmt":"2019-10-26T22:40:32","guid":{"rendered":"https:\/\/dectron.com\/?page_id=4973"},"modified":"2023-11-23T17:23:35","modified_gmt":"2023-11-23T22:23:35","slug":"notre-histoire","status":"publish","type":"page","link":"https:\/\/dectron.com\/fr\/a-propos\/notre-histoire\/","title":{"rendered":"Notre histoire"},"content":{"rendered":"\t\t<div data-elementor-type=\"wp-page\" data-elementor-id=\"4973\" class=\"elementor elementor-4973 elementor-509\" data-elementor-post-type=\"page\">\n\t\t\t\t\t\t<section class=\"elementor-section elementor-top-section elementor-element elementor-element-5d373865 elementor-section-boxed elementor-section-height-default elementor-section-height-default\" data-id=\"5d373865\" data-element_type=\"section\" data-e-type=\"section\">\n\t\t\t\t\t\t<div class=\"elementor-container elementor-column-gap-default\">\n\t\t\t\t\t<div class=\"elementor-column elementor-col-100 elementor-top-column elementor-element elementor-element-6bd669d\" data-id=\"6bd669d\" data-element_type=\"column\" data-e-type=\"column\">\n\t\t\t<div class=\"elementor-widget-wrap elementor-element-populated\">\n\t\t\t\t\t\t<div class=\"elementor-element elementor-element-475593f elementor-widget elementor-widget-heading\" data-id=\"475593f\" data-element_type=\"widget\" data-e-type=\"widget\" data-widget_type=\"heading.default\">\n\t\t\t\t<div class=\"elementor-widget-container\">\n\t\t\t\t\t<h2 class=\"elementor-heading-title elementor-size-default\">Dectron : \u00e0 votre service depuis plus de 40 ans<\/h2>\t\t\t\t<\/div>\n\t\t\t\t<\/div>\n\t\t\t\t<div class=\"elementor-element elementor-element-23965702 elementor-widget elementor-widget-text-editor\" data-id=\"23965702\" data-element_type=\"widget\" data-e-type=\"widget\" data-widget_type=\"text-editor.default\">\n\t\t\t\t<div class=\"elementor-widget-container\">\n\t\t\t\t\t\t\t\t\t<p>Depuis 1976, notre mission consiste \u00e0 offrir les produits de d\u00e9shumidification les plus fiables et durables de l\u2019industrie. Apr\u00e8s plus de 40 ans de services, nous somme de loin la plus grande entreprise de d\u00e9shumidificateurs au pays, gr\u00e2ce \u00e0 notre produit phare, Dry-O-Tron , la marque la plus reconnue et \u00e9prouv\u00e9e du secteur.<\/p><p>Dans un souci constant d\u2019innovation et d\u2019\u00e9conomie d\u2019\u00e9nergie, nous profitons des avanc\u00e9es technologiques dans le domaine des mat\u00e9riaux, des contr\u00f4les, de la conception de ventilateur et du suivi de la performance pour vous offrir les meilleurs produits possible.<\/p><p>Notre r\u00e9cente adh\u00e9sion \u00e0 Solutions d\u2019air d\u00e9shumidifi\u00e9 nous permettra d\u2019\u00e9tendre encore davantage notre gramme de technologies, de ressources et de services et de rester l\u2019une des marques les plus respect\u00e9es sur le march\u00e9.<\/p>\t\t\t\t\t\t\t\t<\/div>\n\t\t\t\t<\/div>\n\t\t\t\t\t<\/div>\n\t\t<\/div>\n\t\t\t\t\t<\/div>\n\t\t<\/section>\n\t\t\t\t<\/div>\n\t\t","protected":false},"excerpt":{"rendered":"<p>Dectron : \u00e0 votre service depuis plus de 40 ans Depuis 1976, notre mission consiste \u00e0 offrir les produits de d\u00e9shumidification les plus fiables et durables de l\u2019industrie. Apr\u00e8s plus de 40 ans de services, nous somme de loin la plus grande entreprise de d\u00e9shumidificateurs au pays, gr\u00e2ce \u00e0 notre produit phare, Dry-O-Tron , la [&hellip;]<\/p>\n","protected":false},"author":6,"featured_media":5085,"parent":4909,"menu_order":0,"comment_status":"closed","ping_status":"closed","template":"","meta":{"_acf_changed":false,"footnotes":""},"class_list":["post-4973","page","type-page","status-publish","has-post-thumbnail","hentry"],"acf":[],"yoast_head":"<!-- This site is optimized with the Yoast SEO plugin v27.1.1 - https:\/\/yoast.com\/product\/yoast-seo-wordpress\/ -->\n<title>Notre histoire - Dectron<\/title>\n<meta name=\"robots\" content=\"index, follow, max-snippet:-1, max-image-preview:large, max-video-preview:-1\" \/>\n<link rel=\"canonical\" href=\"https:\/\/dectron.com\/fr\/a-propos\/notre-histoire\/\" \/>\n<meta property=\"og:locale\" content=\"fr_FR\" \/>\n<meta property=\"og:type\" content=\"article\" \/>\n<meta property=\"og:title\" content=\"Notre histoire - Dectron\" \/>\n<meta property=\"og:description\" content=\"Dectron : \u00e0 votre service depuis plus de 40 ans Depuis 1976, notre mission consiste \u00e0 offrir les produits de d\u00e9shumidification les plus fiables et durables de l\u2019industrie. Apr\u00e8s plus de 40 ans de services, nous somme de loin la plus grande entreprise de d\u00e9shumidificateurs au pays, gr\u00e2ce \u00e0 notre produit phare, Dry-O-Tron , la [&hellip;]\" \/>\n<meta property=\"og:url\" content=\"https:\/\/dectron.com\/fr\/a-propos\/notre-histoire\/\" \/>\n<meta property=\"og:site_name\" content=\"Dectron\" \/>\n<meta property=\"article:modified_time\" content=\"2023-11-23T22:23:35+00:00\" \/>\n<meta property=\"og:image\" content=\"https:\/\/dectron.com\/wp-content\/uploads\/2019\/10\/slider-banner2.jpg\" \/>\n\t<meta property=\"og:image:width\" content=\"1920\" \/>\n\t<meta property=\"og:image:height\" content=\"615\" \/>\n\t<meta property=\"og:image:type\" content=\"image\/jpeg\" \/>\n<meta name=\"twitter:card\" content=\"summary_large_image\" \/>\n<meta name=\"twitter:label1\" content=\"Dur\u00e9e de lecture estim\u00e9e\" \/>\n\t<meta name=\"twitter:data1\" content=\"1 minute\" \/>\n<script type=\"application\/ld+json\" class=\"yoast-schema-graph\">{\"@context\":\"https:\/\/schema.org\",\"@graph\":[{\"@type\":\"WebPage\",\"@id\":\"https:\/\/dectron.com\/fr\/a-propos\/notre-histoire\/\",\"url\":\"https:\/\/dectron.com\/fr\/a-propos\/notre-histoire\/\",\"name\":\"Notre histoire - Dectron\",\"isPartOf\":{\"@id\":\"https:\/\/dectron.com\/#website\"},\"primaryImageOfPage\":{\"@id\":\"https:\/\/dectron.com\/fr\/a-propos\/notre-histoire\/#primaryimage\"},\"image\":{\"@id\":\"https:\/\/dectron.com\/fr\/a-propos\/notre-histoire\/#primaryimage\"},\"thumbnailUrl\":\"https:\/\/dectron.com\/wp-content\/uploads\/2019\/10\/slider-banner2.jpg\",\"datePublished\":\"2019-10-26T22:40:32+00:00\",\"dateModified\":\"2023-11-23T22:23:35+00:00\",\"breadcrumb\":{\"@id\":\"https:\/\/dectron.com\/fr\/a-propos\/notre-histoire\/#breadcrumb\"},\"inLanguage\":\"fr-FR\",\"potentialAction\":[{\"@type\":\"ReadAction\",\"target\":[\"https:\/\/dectron.com\/fr\/a-propos\/notre-histoire\/\"]}]},{\"@type\":\"ImageObject\",\"inLanguage\":\"fr-FR\",\"@id\":\"https:\/\/dectron.com\/fr\/a-propos\/notre-histoire\/#primaryimage\",\"url\":\"https:\/\/dectron.com\/wp-content\/uploads\/2019\/10\/slider-banner2.jpg\",\"contentUrl\":\"https:\/\/dectron.com\/wp-content\/uploads\/2019\/10\/slider-banner2.jpg\",\"width\":1920,\"height\":615},{\"@type\":\"BreadcrumbList\",\"@id\":\"https:\/\/dectron.com\/fr\/a-propos\/notre-histoire\/#breadcrumb\",\"itemListElement\":[{\"@type\":\"ListItem\",\"position\":1,\"name\":\"\u00c0 propos\",\"item\":\"https:\/\/dectron.com\/fr\/a-propos\/\"},{\"@type\":\"ListItem\",\"position\":2,\"name\":\"Notre histoire\"}]},{\"@type\":\"WebSite\",\"@id\":\"https:\/\/dectron.com\/#website\",\"url\":\"https:\/\/dectron.com\/\",\"name\":\"Dectron\",\"description\":\"DRY-O-TRON\",\"potentialAction\":[{\"@type\":\"SearchAction\",\"target\":{\"@type\":\"EntryPoint\",\"urlTemplate\":\"https:\/\/dectron.com\/?s={search_term_string}\"},\"query-input\":{\"@type\":\"PropertyValueSpecification\",\"valueRequired\":true,\"valueName\":\"search_term_string\"}}],\"inLanguage\":\"fr-FR\"}]}<\/script>\n<!-- \/ Yoast SEO plugin. -->","yoast_head_json":{"title":"Notre histoire - Dectron","robots":{"index":"index","follow":"follow","max-snippet":"max-snippet:-1","max-image-preview":"max-image-preview:large","max-video-preview":"max-video-preview:-1"},"canonical":"https:\/\/dectron.com\/fr\/a-propos\/notre-histoire\/","og_locale":"fr_FR","og_type":"article","og_title":"Notre histoire - Dectron","og_description":"Dectron : \u00e0 votre service depuis plus de 40 ans Depuis 1976, notre mission consiste \u00e0 offrir les produits de d\u00e9shumidification les plus fiables et durables de l\u2019industrie. Apr\u00e8s plus de 40 ans de services, nous somme de loin la plus grande entreprise de d\u00e9shumidificateurs au pays, gr\u00e2ce \u00e0 notre produit phare, Dry-O-Tron , la [&hellip;]","og_url":"https:\/\/dectron.com\/fr\/a-propos\/notre-histoire\/","og_site_name":"Dectron","article_modified_time":"2023-11-23T22:23:35+00:00","og_image":[{"width":1920,"height":615,"url":"https:\/\/dectron.com\/wp-content\/uploads\/2019\/10\/slider-banner2.jpg","type":"image\/jpeg"}],"twitter_card":"summary_large_image","twitter_misc":{"Dur\u00e9e de lecture estim\u00e9e":"1 minute"},"schema":{"@context":"https:\/\/schema.org","@graph":[{"@type":"WebPage","@id":"https:\/\/dectron.com\/fr\/a-propos\/notre-histoire\/","url":"https:\/\/dectron.com\/fr\/a-propos\/notre-histoire\/","name":"Notre histoire - Dectron","isPartOf":{"@id":"https:\/\/dectron.com\/#website"},"primaryImageOfPage":{"@id":"https:\/\/dectron.com\/fr\/a-propos\/notre-histoire\/#primaryimage"},"image":{"@id":"https:\/\/dectron.com\/fr\/a-propos\/notre-histoire\/#primaryimage"},"thumbnailUrl":"https:\/\/dectron.com\/wp-content\/uploads\/2019\/10\/slider-banner2.jpg","datePublished":"2019-10-26T22:40:32+00:00","dateModified":"2023-11-23T22:23:35+00:00","breadcrumb":{"@id":"https:\/\/dectron.com\/fr\/a-propos\/notre-histoire\/#breadcrumb"},"inLanguage":"fr-FR","potentialAction":[{"@type":"ReadAction","target":["https:\/\/dectron.com\/fr\/a-propos\/notre-histoire\/"]}]},{"@type":"ImageObject","inLanguage":"fr-FR","@id":"https:\/\/dectron.com\/fr\/a-propos\/notre-histoire\/#primaryimage","url":"https:\/\/dectron.com\/wp-content\/uploads\/2019\/10\/slider-banner2.jpg","contentUrl":"https:\/\/dectron.com\/wp-content\/uploads\/2019\/10\/slider-banner2.jpg","width":1920,"height":615},{"@type":"BreadcrumbList","@id":"https:\/\/dectron.com\/fr\/a-propos\/notre-histoire\/#breadcrumb","itemListElement":[{"@type":"ListItem","position":1,"name":"\u00c0 propos","item":"https:\/\/dectron.com\/fr\/a-propos\/"},{"@type":"ListItem","position":2,"name":"Notre histoire"}]},{"@type":"WebSite","@id":"https:\/\/dectron.com\/#website","url":"https:\/\/dectron.com\/","name":"Dectron","description":"DRY-O-TRON","potentialAction":[{"@type":"SearchAction","target":{"@type":"EntryPoint","urlTemplate":"https:\/\/dectron.com\/?s={search_term_string}"},"query-input":{"@type":"PropertyValueSpecification","valueRequired":true,"valueName":"search_term_string"}}],"inLanguage":"fr-FR"}]}},"_links":{"self":[{"href":"https:\/\/dectron.com\/fr\/wp-json\/wp\/v2\/pages\/4973","targetHints":{"allow":["GET"]}}],"collection":[{"href":"https:\/\/dectron.com\/fr\/wp-json\/wp\/v2\/pages"}],"about":[{"href":"https:\/\/dectron.com\/fr\/wp-json\/wp\/v2\/types\/page"}],"author":[{"embeddable":true,"href":"https:\/\/dectron.com\/fr\/wp-json\/wp\/v2\/users\/6"}],"replies":[{"embeddable":true,"href":"https:\/\/dectron.com\/fr\/wp-json\/wp\/v2\/comments?post=4973"}],"version-history":[{"count":26,"href":"https:\/\/dectron.com\/fr\/wp-json\/wp\/v2\/pages\/4973\/revisions"}],"predecessor-version":[{"id":10226,"href":"https:\/\/dectron.com\/fr\/wp-json\/wp\/v2\/pages\/4973\/revisions\/10226"}],"up":[{"embeddable":true,"href":"https:\/\/dectron.com\/fr\/wp-json\/wp\/v2\/pages\/4909"}],"wp:featuredmedia":[{"embeddable":true,"href":"https:\/\/dectron.com\/fr\/wp-json\/wp\/v2\/media\/5085"}],"wp:attachment":[{"href":"https:\/\/dectron.com\/fr\/wp-json\/wp\/v2\/media?parent=4973"}],"curies":[{"name":"wp","href":"https:\/\/api.w.org\/{rel}","templated":true}]}}