{"id":5033,"date":"2017-12-07T23:40:42","date_gmt":"2017-12-08T04:40:42","guid":{"rendered":"https:\/\/dectron.com\/?page_id=5033"},"modified":"2024-11-19T10:54:45","modified_gmt":"2024-11-19T15:54:45","slug":"websentry","status":"publish","type":"page","link":"https:\/\/dectron.com\/fr\/websentry\/","title":{"rendered":"Websentry"},"content":{"rendered":"\t\t<div data-elementor-type=\"wp-page\" data-elementor-id=\"5033\" class=\"elementor elementor-5033 elementor-524\" data-elementor-post-type=\"page\">\n\t\t\t\t\t\t<section class=\"elementor-section elementor-top-section elementor-element elementor-element-5d53fc0f elementor-section-full_width elementor-section-height-default elementor-section-height-default\" data-id=\"5d53fc0f\" data-element_type=\"section\" data-e-type=\"section\">\n\t\t\t\t\t\t<div class=\"elementor-container elementor-column-gap-default\">\n\t\t\t\t\t<div class=\"elementor-column elementor-col-100 elementor-top-column elementor-element elementor-element-3d49ac57\" data-id=\"3d49ac57\" data-element_type=\"column\" data-e-type=\"column\">\n\t\t\t<div class=\"elementor-widget-wrap elementor-element-populated\">\n\t\t\t\t\t\t<div class=\"elementor-element elementor-element-eae2fad elementor-widget elementor-widget-heading\" data-id=\"eae2fad\" data-element_type=\"widget\" data-e-type=\"widget\" data-widget_type=\"heading.default\">\n\t\t\t\t<div class=\"elementor-widget-container\">\n\t\t\t\t\t<h2 class=\"elementor-heading-title elementor-size-default\">Technologie WebSentry de Dectron<br>\nSurveillance et contr\u00f4le num\u00e9riques en temps r\u00e9el<\/h2>\t\t\t\t<\/div>\n\t\t\t\t<\/div>\n\t\t\t\t<div class=\"elementor-element elementor-element-837d269 elementor-widget elementor-widget-text-editor\" data-id=\"837d269\" data-element_type=\"widget\" data-e-type=\"widget\" data-widget_type=\"text-editor.default\">\n\t\t\t\t<div class=\"elementor-widget-container\">\n\t\t\t\t\t\t\t\t\t<p>WebSentry est le sommet de la technologie de surveillance et de contr\u00f4le num\u00e9riques pour les d\u00e9shumidificateurs de piscine. Dix ans de d\u00e9veloppement et des milliers d\u2019installations plus tard, WebSentry a litt\u00e9ralement transform\u00e9 l\u2019industrie de la d\u00e9shumidification.<\/p><p>Gr\u00e2ce \u00e0 cette technologie, les techniciens peuvent d\u00e9sormais diagnostiquer les probl\u00e8mes \u00e0 distance. R\u00e9sultat : les propri\u00e9taires et les exploitants \u00e9conomisent sur les frais de visite d\u2019entretien, tout en ayant la certitude que l\u2019environnement de leur piscine int\u00e9rieure et le fonctionnement de leur appareil sont optimaux.<\/p><p>La technologie WebSentry assure la surveillance et la collecte num\u00e9riques de donn\u00e9es en continu de plus de 100 param\u00e8tres, offrant ainsi un excellent aper\u00e7u de la performance et du fonctionnement de votre d\u00e9shumidificateur. Il vous permet m\u00eame d\u2019ajuster \u00e0 distance des centaines de variables pour une performance encore plus optimis\u00e9e.<\/p>\t\t\t\t\t\t\t\t<\/div>\n\t\t\t\t<\/div>\n\t\t\t\t<div class=\"elementor-element elementor-element-ab10872 elementor-widget elementor-widget-image\" data-id=\"ab10872\" data-element_type=\"widget\" data-e-type=\"widget\" data-widget_type=\"image.default\">\n\t\t\t\t<div class=\"elementor-widget-container\">\n\t\t\t\t\t\t\t\t\t\t\t\t\t\t\t<img fetchpriority=\"high\" decoding=\"async\" width=\"2048\" height=\"1349\" src=\"https:\/\/dectron.com\/wp-content\/uploads\/2024\/11\/dectonwebsentrydevicesv2-fr.jpg\" class=\"attachment-full size-full wp-image-11638\" alt=\"\" srcset=\"https:\/\/dectron.com\/wp-content\/uploads\/2024\/11\/dectonwebsentrydevicesv2-fr.jpg 2048w, https:\/\/dectron.com\/wp-content\/uploads\/2024\/11\/dectonwebsentrydevicesv2-fr-300x198.jpg 300w, https:\/\/dectron.com\/wp-content\/uploads\/2024\/11\/dectonwebsentrydevicesv2-fr-1024x675.jpg 1024w, https:\/\/dectron.com\/wp-content\/uploads\/2024\/11\/dectonwebsentrydevicesv2-fr-768x506.jpg 768w, https:\/\/dectron.com\/wp-content\/uploads\/2024\/11\/dectonwebsentrydevicesv2-fr-1536x1012.jpg 1536w\" sizes=\"(max-width: 2048px) 100vw, 2048px\" \/>\t\t\t\t\t\t\t\t\t\t\t\t\t\t\t<\/div>\n\t\t\t\t<\/div>\n\t\t\t\t<div class=\"elementor-element elementor-element-5acec53 elementor-widget elementor-widget-heading\" data-id=\"5acec53\" data-element_type=\"widget\" data-e-type=\"widget\" data-widget_type=\"heading.default\">\n\t\t\t\t<div class=\"elementor-widget-container\">\n\t\t\t\t\t<h3 class=\"elementor-heading-title elementor-size-default\">Avantages de la technologie WebSentry<\/h3>\t\t\t\t<\/div>\n\t\t\t\t<\/div>\n\t\t\t\t<div class=\"elementor-element elementor-element-3b36b37e elementor-widget elementor-widget-text-editor\" data-id=\"3b36b37e\" data-element_type=\"widget\" data-e-type=\"widget\" data-widget_type=\"text-editor.default\">\n\t\t\t\t<div class=\"elementor-widget-container\">\n\t\t\t\t\t\t\t\t\t<ul>\n \t<li>Offre une tranquillit\u00e9 d\u2019esprit gr\u00e2ce \u00e0 une surveillance constante pendant toute la dur\u00e9e de vie de l\u2019appareil<\/li>\n \t<li>Produit des rapports exhaustifs en ligne sur la performance en temps r\u00e9el de l\u2019appareil<\/li>\n \t<li>Est int\u00e9gr\u00e9e \u00e0 tous les produits de Dectron\nN\u00e9cessite seulement une prise et un c\u00e2ble Ethernet<\/li>\n \t<li>Offre des options de connexions WiFi et cellulaire<\/li>\n \t<li>Fonctionne en parall\u00e8le avec BACnet, LonWorks et Modbus<\/li>\n \t<li>Permet un acc\u00e8s et un contr\u00f4le s\u00e9curis\u00e9s par ordinateur, tablette ou t\u00e9l\u00e9phone intelligent<\/li>\n \t<li>Permet de profiter d\u2019une garantie prolong\u00e9e d\u2019un an sur la main-d\u2019\u0153uvre d\u00e8s l\u2019activation<\/li>\n \t<li>Permet aux utilisateurs autoris\u00e9s de configurer \u00e0 distance leurs param\u00e8tres de performance<\/li>\n \t<li>Assure la surveillance en temps r\u00e9el des donn\u00e9es recueillies par les capteurs, y compris la pression des liquides refroidissant<\/li>\n \t<li>Enregistre un historique des donn\u00e9es de fonctionnement sur les serveurs de Dectron<\/li>\n \t<li>Permet au personnel autoris\u00e9 d\u2019acc\u00e9der \u00e0 l\u2019appareil et de le contr\u00f4ler \u00e0 distance<\/li>\n<\/ul>\t\t\t\t\t\t\t\t<\/div>\n\t\t\t\t<\/div>\n\t\t\t\t<section class=\"elementor-section elementor-inner-section elementor-element elementor-element-7898409 elementor-section-full_width elementor-section-height-default elementor-section-height-default\" data-id=\"7898409\" data-element_type=\"section\" data-e-type=\"section\">\n\t\t\t\t\t\t<div class=\"elementor-container elementor-column-gap-wider\">\n\t\t\t\t\t<div class=\"elementor-column elementor-col-33 elementor-inner-column elementor-element elementor-element-e8f8c83\" data-id=\"e8f8c83\" data-element_type=\"column\" data-e-type=\"column\">\n\t\t\t<div class=\"elementor-widget-wrap elementor-element-populated\">\n\t\t\t\t\t\t<div class=\"elementor-element elementor-element-be28c27 elementor-widget elementor-widget-heading\" data-id=\"be28c27\" data-element_type=\"widget\" data-e-type=\"widget\" data-widget_type=\"heading.default\">\n\t\t\t\t<div class=\"elementor-widget-container\">\n\t\t\t\t\t<h3 class=\"elementor-heading-title elementor-size-default\">Avantages de la surveillance WebSentry<\/h3>\t\t\t\t<\/div>\n\t\t\t\t<\/div>\n\t\t\t\t<div class=\"elementor-element elementor-element-dc902a5 elementor-widget elementor-widget-text-editor\" data-id=\"dc902a5\" data-element_type=\"widget\" data-e-type=\"widget\" data-widget_type=\"text-editor.default\">\n\t\t\t\t<div class=\"elementor-widget-container\">\n\t\t\t\t\t\t\t\t\t<ul>\n \t<li>Produit une analyse de la performance gr\u00e2ce \u00e0 des algorithmes sophistiqu\u00e9s<\/li>\n \t<li>Envoie les rapports de performances et d\u2019analyse par courriel<\/li>\n \t<li>Envoie des rappels pour les services et l\u2019entretien par courriel<\/li>\n \t<li>Comprend un service d\u2019alarme avec envoi automatique de courriels aux personnes d\u00e9sign\u00e9es en cas d\u2019urgence<\/li>\n<\/ul>\t\t\t\t\t\t\t\t<\/div>\n\t\t\t\t<\/div>\n\t\t\t\t\t<\/div>\n\t\t<\/div>\n\t\t\t\t<div class=\"elementor-column elementor-col-33 elementor-inner-column elementor-element elementor-element-cf138ae\" data-id=\"cf138ae\" data-element_type=\"column\" data-e-type=\"column\">\n\t\t\t<div class=\"elementor-widget-wrap elementor-element-populated\">\n\t\t\t\t\t\t<div class=\"elementor-element elementor-element-8188c27 elementor-widget elementor-widget-heading\" data-id=\"8188c27\" data-element_type=\"widget\" data-e-type=\"widget\" data-widget_type=\"heading.default\">\n\t\t\t\t<div class=\"elementor-widget-container\">\n\t\t\t\t\t<h3 class=\"elementor-heading-title elementor-size-default\">Vous avez des questions\u00a0?\u200b<\/h3>\t\t\t\t<\/div>\n\t\t\t\t<\/div>\n\t\t\t\t<div class=\"elementor-element elementor-element-ae4b039 elementor-widget elementor-widget-text-editor\" data-id=\"ae4b039\" data-element_type=\"widget\" data-e-type=\"widget\" data-widget_type=\"text-editor.default\">\n\t\t\t\t<div class=\"elementor-widget-container\">\n\t\t\t\t\t\t\t\t\t<p>Contactez votre repr\u00e9sentant local pour en savoir plus sur la surveillance \u00e0 distance de votre d\u00e9shumidificateur avec WebSentry.<\/p>\t\t\t\t\t\t\t\t<\/div>\n\t\t\t\t<\/div>\n\t\t\t\t\t<\/div>\n\t\t<\/div>\n\t\t\t\t<div class=\"elementor-column elementor-col-33 elementor-inner-column elementor-element elementor-element-d296dc4\" data-id=\"d296dc4\" data-element_type=\"column\" data-e-type=\"column\">\n\t\t\t<div class=\"elementor-widget-wrap elementor-element-populated\">\n\t\t\t\t\t\t<div class=\"elementor-element elementor-element-59a558d elementor-widget__width-auto elementor-widget elementor-widget-image\" data-id=\"59a558d\" data-element_type=\"widget\" data-e-type=\"widget\" data-widget_type=\"image.default\">\n\t\t\t\t<div class=\"elementor-widget-container\">\n\t\t\t\t\t\t\t\t\t\t\t\t\t\t\t\t<a href=\"https:\/\/dectron.com\/wp-content\/uploads\/2019\/11\/Dectron-Vision-2-0_fr.pdf\" target=\"_blank\" rel=\"nofollow\">\n\t\t\t\t\t\t\t<img decoding=\"async\" width=\"200\" height=\"259\" src=\"https:\/\/dectron.com\/wp-content\/uploads\/2018\/09\/dectron-vision-2-0-1-min.png\" class=\"attachment-full size-full wp-image-4825\" alt=\"\" \/>\t\t\t\t\t\t\t\t<\/a>\n\t\t\t\t\t\t\t\t\t\t\t\t\t\t\t<\/div>\n\t\t\t\t<\/div>\n\t\t\t\t<div class=\"elementor-element elementor-element-74e74b6 elementor-widget elementor-widget-heading\" data-id=\"74e74b6\" data-element_type=\"widget\" data-e-type=\"widget\" data-widget_type=\"heading.default\">\n\t\t\t\t<div class=\"elementor-widget-container\">\n\t\t\t\t\t<p class=\"elementor-heading-title elementor-size-default\"><a href=\"https:\/\/dectron.com\/wp-content\/uploads\/2019\/11\/Dectron-Vision-2-0_fr.pdf\" target=\"_blank\" rel=\"nofollow\">La technologie WebSentry<\/a><\/p>\t\t\t\t<\/div>\n\t\t\t\t<\/div>\n\t\t\t\t\t<\/div>\n\t\t<\/div>\n\t\t\t\t\t<\/div>\n\t\t<\/section>\n\t\t\t\t\t<\/div>\n\t\t<\/div>\n\t\t\t\t\t<\/div>\n\t\t<\/section>\n\t\t\t\t<\/div>\n\t\t","protected":false},"excerpt":{"rendered":"<p>Technologie WebSentry de Dectron Surveillance et contr\u00f4le num\u00e9riques en temps r\u00e9el WebSentry est le sommet de la technologie de surveillance et de contr\u00f4le num\u00e9riques pour les d\u00e9shumidificateurs de piscine. Dix ans de d\u00e9veloppement et des milliers d\u2019installations plus tard, WebSentry a litt\u00e9ralement transform\u00e9 l\u2019industrie de la d\u00e9shumidification. Gr\u00e2ce \u00e0 cette technologie, les techniciens peuvent d\u00e9sormais [&hellip;]<\/p>\n","protected":false},"author":6,"featured_media":4803,"parent":0,"menu_order":0,"comment_status":"closed","ping_status":"closed","template":"","meta":{"_acf_changed":false,"footnotes":""},"class_list":["post-5033","page","type-page","status-publish","has-post-thumbnail","hentry"],"acf":[],"yoast_head":"<!-- This site is optimized with the Yoast SEO plugin v27.1.1 - https:\/\/yoast.com\/product\/yoast-seo-wordpress\/ -->\n<title>Websentry - Dectron<\/title>\n<meta name=\"robots\" content=\"index, follow, max-snippet:-1, max-image-preview:large, max-video-preview:-1\" \/>\n<link rel=\"canonical\" href=\"https:\/\/dectron.com\/fr\/websentry\/\" \/>\n<meta property=\"og:locale\" content=\"fr_FR\" \/>\n<meta property=\"og:type\" content=\"article\" \/>\n<meta property=\"og:title\" content=\"Websentry - Dectron\" \/>\n<meta property=\"og:description\" content=\"Technologie WebSentry de Dectron Surveillance et contr\u00f4le num\u00e9riques en temps r\u00e9el WebSentry est le sommet de la technologie de surveillance et de contr\u00f4le num\u00e9riques pour les d\u00e9shumidificateurs de piscine. Dix ans de d\u00e9veloppement et des milliers d\u2019installations plus tard, WebSentry a litt\u00e9ralement transform\u00e9 l\u2019industrie de la d\u00e9shumidification. Gr\u00e2ce \u00e0 cette technologie, les techniciens peuvent d\u00e9sormais [&hellip;]\" \/>\n<meta property=\"og:url\" content=\"https:\/\/dectron.com\/fr\/websentry\/\" \/>\n<meta property=\"og:site_name\" content=\"Dectron\" \/>\n<meta property=\"article:modified_time\" content=\"2024-11-19T15:54:45+00:00\" \/>\n<meta property=\"og:image\" content=\"https:\/\/dectron.com\/wp-content\/uploads\/2018\/07\/Vision-2-0-hero.jpg\" \/>\n\t<meta property=\"og:image:width\" content=\"1920\" \/>\n\t<meta property=\"og:image:height\" content=\"615\" \/>\n\t<meta property=\"og:image:type\" content=\"image\/jpeg\" \/>\n<meta name=\"twitter:card\" content=\"summary_large_image\" \/>\n<meta name=\"twitter:label1\" content=\"Dur\u00e9e de lecture estim\u00e9e\" \/>\n\t<meta name=\"twitter:data1\" content=\"3 minutes\" \/>\n<script type=\"application\/ld+json\" class=\"yoast-schema-graph\">{\"@context\":\"https:\/\/schema.org\",\"@graph\":[{\"@type\":\"WebPage\",\"@id\":\"https:\/\/dectron.com\/fr\/websentry\/\",\"url\":\"https:\/\/dectron.com\/fr\/websentry\/\",\"name\":\"Websentry - Dectron\",\"isPartOf\":{\"@id\":\"https:\/\/dectron.com\/#website\"},\"primaryImageOfPage\":{\"@id\":\"https:\/\/dectron.com\/fr\/websentry\/#primaryimage\"},\"image\":{\"@id\":\"https:\/\/dectron.com\/fr\/websentry\/#primaryimage\"},\"thumbnailUrl\":\"https:\/\/dectron.com\/wp-content\/uploads\/2018\/07\/Vision-2-0-hero.jpg\",\"datePublished\":\"2017-12-08T04:40:42+00:00\",\"dateModified\":\"2024-11-19T15:54:45+00:00\",\"inLanguage\":\"fr-FR\",\"potentialAction\":[{\"@type\":\"ReadAction\",\"target\":[\"https:\/\/dectron.com\/fr\/websentry\/\"]}]},{\"@type\":\"ImageObject\",\"inLanguage\":\"fr-FR\",\"@id\":\"https:\/\/dectron.com\/fr\/websentry\/#primaryimage\",\"url\":\"https:\/\/dectron.com\/wp-content\/uploads\/2018\/07\/Vision-2-0-hero.jpg\",\"contentUrl\":\"https:\/\/dectron.com\/wp-content\/uploads\/2018\/07\/Vision-2-0-hero.jpg\",\"width\":1920,\"height\":615},{\"@type\":\"WebSite\",\"@id\":\"https:\/\/dectron.com\/#website\",\"url\":\"https:\/\/dectron.com\/\",\"name\":\"Dectron\",\"description\":\"DRY-O-TRON\",\"potentialAction\":[{\"@type\":\"SearchAction\",\"target\":{\"@type\":\"EntryPoint\",\"urlTemplate\":\"https:\/\/dectron.com\/?s={search_term_string}\"},\"query-input\":{\"@type\":\"PropertyValueSpecification\",\"valueRequired\":true,\"valueName\":\"search_term_string\"}}],\"inLanguage\":\"fr-FR\"}]}<\/script>\n<!-- \/ Yoast SEO plugin. -->","yoast_head_json":{"title":"Websentry - Dectron","robots":{"index":"index","follow":"follow","max-snippet":"max-snippet:-1","max-image-preview":"max-image-preview:large","max-video-preview":"max-video-preview:-1"},"canonical":"https:\/\/dectron.com\/fr\/websentry\/","og_locale":"fr_FR","og_type":"article","og_title":"Websentry - Dectron","og_description":"Technologie WebSentry de Dectron Surveillance et contr\u00f4le num\u00e9riques en temps r\u00e9el WebSentry est le sommet de la technologie de surveillance et de contr\u00f4le num\u00e9riques pour les d\u00e9shumidificateurs de piscine. Dix ans de d\u00e9veloppement et des milliers d\u2019installations plus tard, WebSentry a litt\u00e9ralement transform\u00e9 l\u2019industrie de la d\u00e9shumidification. Gr\u00e2ce \u00e0 cette technologie, les techniciens peuvent d\u00e9sormais [&hellip;]","og_url":"https:\/\/dectron.com\/fr\/websentry\/","og_site_name":"Dectron","article_modified_time":"2024-11-19T15:54:45+00:00","og_image":[{"width":1920,"height":615,"url":"https:\/\/dectron.com\/wp-content\/uploads\/2018\/07\/Vision-2-0-hero.jpg","type":"image\/jpeg"}],"twitter_card":"summary_large_image","twitter_misc":{"Dur\u00e9e de lecture estim\u00e9e":"3 minutes"},"schema":{"@context":"https:\/\/schema.org","@graph":[{"@type":"WebPage","@id":"https:\/\/dectron.com\/fr\/websentry\/","url":"https:\/\/dectron.com\/fr\/websentry\/","name":"Websentry - Dectron","isPartOf":{"@id":"https:\/\/dectron.com\/#website"},"primaryImageOfPage":{"@id":"https:\/\/dectron.com\/fr\/websentry\/#primaryimage"},"image":{"@id":"https:\/\/dectron.com\/fr\/websentry\/#primaryimage"},"thumbnailUrl":"https:\/\/dectron.com\/wp-content\/uploads\/2018\/07\/Vision-2-0-hero.jpg","datePublished":"2017-12-08T04:40:42+00:00","dateModified":"2024-11-19T15:54:45+00:00","inLanguage":"fr-FR","potentialAction":[{"@type":"ReadAction","target":["https:\/\/dectron.com\/fr\/websentry\/"]}]},{"@type":"ImageObject","inLanguage":"fr-FR","@id":"https:\/\/dectron.com\/fr\/websentry\/#primaryimage","url":"https:\/\/dectron.com\/wp-content\/uploads\/2018\/07\/Vision-2-0-hero.jpg","contentUrl":"https:\/\/dectron.com\/wp-content\/uploads\/2018\/07\/Vision-2-0-hero.jpg","width":1920,"height":615},{"@type":"WebSite","@id":"https:\/\/dectron.com\/#website","url":"https:\/\/dectron.com\/","name":"Dectron","description":"DRY-O-TRON","potentialAction":[{"@type":"SearchAction","target":{"@type":"EntryPoint","urlTemplate":"https:\/\/dectron.com\/?s={search_term_string}"},"query-input":{"@type":"PropertyValueSpecification","valueRequired":true,"valueName":"search_term_string"}}],"inLanguage":"fr-FR"}]}},"_links":{"self":[{"href":"https:\/\/dectron.com\/fr\/wp-json\/wp\/v2\/pages\/5033","targetHints":{"allow":["GET"]}}],"collection":[{"href":"https:\/\/dectron.com\/fr\/wp-json\/wp\/v2\/pages"}],"about":[{"href":"https:\/\/dectron.com\/fr\/wp-json\/wp\/v2\/types\/page"}],"author":[{"embeddable":true,"href":"https:\/\/dectron.com\/fr\/wp-json\/wp\/v2\/users\/6"}],"replies":[{"embeddable":true,"href":"https:\/\/dectron.com\/fr\/wp-json\/wp\/v2\/comments?post=5033"}],"version-history":[{"count":31,"href":"https:\/\/dectron.com\/fr\/wp-json\/wp\/v2\/pages\/5033\/revisions"}],"predecessor-version":[{"id":11642,"href":"https:\/\/dectron.com\/fr\/wp-json\/wp\/v2\/pages\/5033\/revisions\/11642"}],"wp:featuredmedia":[{"embeddable":true,"href":"https:\/\/dectron.com\/fr\/wp-json\/wp\/v2\/media\/4803"}],"wp:attachment":[{"href":"https:\/\/dectron.com\/fr\/wp-json\/wp\/v2\/media?parent=5033"}],"curies":[{"name":"wp","href":"https:\/\/api.w.org\/{rel}","templated":true}]}}