{"id":5040,"date":"2017-12-07T23:39:48","date_gmt":"2017-12-08T04:39:48","guid":{"rendered":"https:\/\/dectron.com\/?page_id=5040"},"modified":"2023-12-09T19:12:09","modified_gmt":"2023-12-10T00:12:09","slug":"replacements","status":"publish","type":"page","link":"https:\/\/dectron.com\/fr\/ressources\/replacements\/","title":{"rendered":"Replacements"},"content":{"rendered":"\t\t<div data-elementor-type=\"wp-page\" data-elementor-id=\"5040\" class=\"elementor elementor-5040 elementor-522\" data-elementor-post-type=\"page\">\n\t\t\t\t\t\t<section class=\"elementor-section elementor-top-section elementor-element elementor-element-6aa280c7 elementor-section-boxed elementor-section-height-default elementor-section-height-default\" data-id=\"6aa280c7\" data-element_type=\"section\" data-e-type=\"section\">\n\t\t\t\t\t\t<div class=\"elementor-container elementor-column-gap-wide\">\n\t\t\t\t\t<div class=\"elementor-column elementor-col-33 elementor-top-column elementor-element elementor-element-45e01bd0\" data-id=\"45e01bd0\" data-element_type=\"column\" data-e-type=\"column\">\n\t\t\t<div class=\"elementor-widget-wrap elementor-element-populated\">\n\t\t\t\t\t\t<div class=\"elementor-element elementor-element-b204aee elementor-widget__width-inherit elementor-widget elementor-widget-global elementor-global-10452 elementor-global-9674 elementor-widget-text-editor\" data-id=\"b204aee\" data-element_type=\"widget\" data-e-type=\"widget\" data-widget_type=\"text-editor.default\">\n\t\t\t\t<div class=\"elementor-widget-container\">\n\t\t\t\t\t\t\t\t\t<ul style=\"padding-left: 0px; margin-left: 0px; text-align: left;\">\n<li><a href=\"https:\/\/dectron.com\/fr\/ressources\/remplacement-dca\/\">DCA<\/a><\/li>\n<li style=\"margin-top: 15px;\"><a href=\"https:\/\/dectron.com\/fr\/ressources\/remplacement-des-champs-wringer\/\">Des Champs<\/a><\/li>\n<li style=\"margin-top: 15px;\"><a href=\"https:\/\/dectron.com\/fr\/ressources\/remplacement-desert-aire\/\">Desert Aire<\/a><\/li>\n<li style=\"margin-top: 15px;\"><a href=\"https:\/\/dectron.com\/fr\/ressources\/remplacement-dumont\/\">Dumont<\/a><\/li>\n<li style=\"margin-top: 15px;\"><a href=\"https:\/\/dectron.com\/fr\/ressources\/remplacement-dry-aire\/\">Dry Aire<\/a><\/li>\n<\/ul>\n\t\t\t\t\t\t\t\t<\/div>\n\t\t\t\t<\/div>\n\t\t\t\t\t<\/div>\n\t\t<\/div>\n\t\t\t\t<div class=\"elementor-column elementor-col-66 elementor-top-column elementor-element elementor-element-3f46107\" data-id=\"3f46107\" data-element_type=\"column\" data-e-type=\"column\">\n\t\t\t<div class=\"elementor-widget-wrap elementor-element-populated\">\n\t\t\t\t\t\t<div class=\"elementor-element elementor-element-7947f9d elementor-widget__width-inherit elementor-widget elementor-widget-text-editor\" data-id=\"7947f9d\" data-element_type=\"widget\" data-e-type=\"widget\" data-widget_type=\"text-editor.default\">\n\t\t\t\t<div class=\"elementor-widget-container\">\n\t\t\t\t\t\t\t\t\t<h2>Les d\u00e9shumidificateurs\u00a0<strong>Dectron<\/strong>\u00a0: le choix de remplacement par excellence<\/h2><p>Les appareils\u00a0<strong>Dectron<\/strong>\u00a0sont le choix de remplacement par excellence pour plusieurs marques de d\u00e9shumidificateurs. Vous souhaitez changer de marque ou de mod\u00e8le? Nous serons heureux de vous aider \u00e0 choisir l\u2019appareil qu\u2019il vous faut.<\/p><p>Le remplacement d\u2019appareils d\u00e9suets sous-performant ou n\u00e9cessitant un entretien intensif s\u2019av\u00e8re souvent un investissement judicieux pour \u00e9conomiser en frais d\u2019utilisation et assurer un meilleur contr\u00f4le de l\u2019humidit\u00e9 et de l\u2019environnement.<\/p><p><strong>Dectron<\/strong>\u00a0offre des d\u00e9shumidificateurs de remplacement discrets et personnalisables sp\u00e9cialement con\u00e7us pour les espaces restreints. Leur installation est donc facile et \u00e9conomique.<\/p><p>S\u00e9lectionnez d\u2019abord la marque de l\u2019appareil que vous souhaitez remplacer dans la liste \u00e0 gauche de l\u2019\u00e9cran.<\/p>\t\t\t\t\t\t\t\t<\/div>\n\t\t\t\t<\/div>\n\t\t\t\t\t<\/div>\n\t\t<\/div>\n\t\t\t\t\t<\/div>\n\t\t<\/section>\n\t\t\t\t<\/div>\n\t\t","protected":false},"excerpt":{"rendered":"<p>DCA Des Champs Desert Aire Dumont Dry Aire Les d\u00e9shumidificateurs\u00a0Dectron\u00a0: le choix de remplacement par excellence Les appareils\u00a0Dectron\u00a0sont le choix de remplacement par excellence pour plusieurs marques de d\u00e9shumidificateurs. Vous souhaitez changer de marque ou de mod\u00e8le? Nous serons heureux de vous aider \u00e0 choisir l\u2019appareil qu\u2019il vous faut. Le remplacement d\u2019appareils d\u00e9suets sous-performant ou [&hellip;]<\/p>\n","protected":false},"author":6,"featured_media":4831,"parent":5130,"menu_order":0,"comment_status":"closed","ping_status":"closed","template":"","meta":{"_acf_changed":false,"footnotes":""},"class_list":["post-5040","page","type-page","status-publish","has-post-thumbnail","hentry"],"acf":[],"yoast_head":"<!-- This site is optimized with the Yoast SEO plugin v27.4 - https:\/\/yoast.com\/product\/yoast-seo-wordpress\/ -->\n<title>Replacements - Dectron<\/title>\n<meta name=\"robots\" content=\"index, follow, max-snippet:-1, max-image-preview:large, max-video-preview:-1\" \/>\n<link rel=\"canonical\" href=\"https:\/\/dectron.com\/fr\/ressources\/replacements\/\" \/>\n<meta property=\"og:locale\" content=\"fr_FR\" \/>\n<meta property=\"og:type\" content=\"article\" \/>\n<meta property=\"og:title\" content=\"Replacements - Dectron\" \/>\n<meta property=\"og:description\" content=\"DCA Des Champs Desert Aire Dumont Dry Aire Les d\u00e9shumidificateurs\u00a0Dectron\u00a0: le choix de remplacement par excellence Les appareils\u00a0Dectron\u00a0sont le choix de remplacement par excellence pour plusieurs marques de d\u00e9shumidificateurs. Vous souhaitez changer de marque ou de mod\u00e8le? Nous serons heureux de vous aider \u00e0 choisir l\u2019appareil qu\u2019il vous faut. Le remplacement d\u2019appareils d\u00e9suets sous-performant ou [&hellip;]\" \/>\n<meta property=\"og:url\" content=\"https:\/\/dectron.com\/fr\/ressources\/replacements\/\" \/>\n<meta property=\"og:site_name\" content=\"Dectron\" \/>\n<meta property=\"article:modified_time\" content=\"2023-12-10T00:12:09+00:00\" \/>\n<meta property=\"og:image\" content=\"https:\/\/dectron.com\/wp-content\/uploads\/2019\/03\/banner_locate_a_rep-7.jpg\" \/>\n\t<meta property=\"og:image:width\" content=\"2000\" \/>\n\t<meta property=\"og:image:height\" content=\"200\" \/>\n\t<meta property=\"og:image:type\" content=\"image\/jpeg\" \/>\n<meta name=\"twitter:card\" content=\"summary_large_image\" \/>\n<meta name=\"twitter:label1\" content=\"Dur\u00e9e de lecture estim\u00e9e\" \/>\n\t<meta name=\"twitter:data1\" content=\"1 minute\" \/>\n<script type=\"application\/ld+json\" class=\"yoast-schema-graph\">{\"@context\":\"https:\\\/\\\/schema.org\",\"@graph\":[{\"@type\":\"WebPage\",\"@id\":\"https:\\\/\\\/dectron.com\\\/fr\\\/ressources\\\/replacements\\\/\",\"url\":\"https:\\\/\\\/dectron.com\\\/fr\\\/ressources\\\/replacements\\\/\",\"name\":\"Replacements - Dectron\",\"isPartOf\":{\"@id\":\"https:\\\/\\\/dectron.com\\\/#website\"},\"primaryImageOfPage\":{\"@id\":\"https:\\\/\\\/dectron.com\\\/fr\\\/ressources\\\/replacements\\\/#primaryimage\"},\"image\":{\"@id\":\"https:\\\/\\\/dectron.com\\\/fr\\\/ressources\\\/replacements\\\/#primaryimage\"},\"thumbnailUrl\":\"https:\\\/\\\/dectron.com\\\/wp-content\\\/uploads\\\/2019\\\/03\\\/banner_locate_a_rep-7.jpg\",\"datePublished\":\"2017-12-08T04:39:48+00:00\",\"dateModified\":\"2023-12-10T00:12:09+00:00\",\"breadcrumb\":{\"@id\":\"https:\\\/\\\/dectron.com\\\/fr\\\/ressources\\\/replacements\\\/#breadcrumb\"},\"inLanguage\":\"fr-FR\",\"potentialAction\":[{\"@type\":\"ReadAction\",\"target\":[\"https:\\\/\\\/dectron.com\\\/fr\\\/ressources\\\/replacements\\\/\"]}]},{\"@type\":\"ImageObject\",\"inLanguage\":\"fr-FR\",\"@id\":\"https:\\\/\\\/dectron.com\\\/fr\\\/ressources\\\/replacements\\\/#primaryimage\",\"url\":\"https:\\\/\\\/dectron.com\\\/wp-content\\\/uploads\\\/2019\\\/03\\\/banner_locate_a_rep-7.jpg\",\"contentUrl\":\"https:\\\/\\\/dectron.com\\\/wp-content\\\/uploads\\\/2019\\\/03\\\/banner_locate_a_rep-7.jpg\",\"width\":2000,\"height\":200},{\"@type\":\"BreadcrumbList\",\"@id\":\"https:\\\/\\\/dectron.com\\\/fr\\\/ressources\\\/replacements\\\/#breadcrumb\",\"itemListElement\":[{\"@type\":\"ListItem\",\"position\":1,\"name\":\"Ressources\",\"item\":\"https:\\\/\\\/dectron.com\\\/resources\\\/\"},{\"@type\":\"ListItem\",\"position\":2,\"name\":\"Replacements\"}]},{\"@type\":\"WebSite\",\"@id\":\"https:\\\/\\\/dectron.com\\\/#website\",\"url\":\"https:\\\/\\\/dectron.com\\\/\",\"name\":\"Dectron\",\"description\":\"DRY-O-TRON\",\"potentialAction\":[{\"@type\":\"SearchAction\",\"target\":{\"@type\":\"EntryPoint\",\"urlTemplate\":\"https:\\\/\\\/dectron.com\\\/?s={search_term_string}\"},\"query-input\":{\"@type\":\"PropertyValueSpecification\",\"valueRequired\":true,\"valueName\":\"search_term_string\"}}],\"inLanguage\":\"fr-FR\"}]}<\/script>\n<!-- \/ Yoast SEO plugin. -->","yoast_head_json":{"title":"Replacements - Dectron","robots":{"index":"index","follow":"follow","max-snippet":"max-snippet:-1","max-image-preview":"max-image-preview:large","max-video-preview":"max-video-preview:-1"},"canonical":"https:\/\/dectron.com\/fr\/ressources\/replacements\/","og_locale":"fr_FR","og_type":"article","og_title":"Replacements - Dectron","og_description":"DCA Des Champs Desert Aire Dumont Dry Aire Les d\u00e9shumidificateurs\u00a0Dectron\u00a0: le choix de remplacement par excellence Les appareils\u00a0Dectron\u00a0sont le choix de remplacement par excellence pour plusieurs marques de d\u00e9shumidificateurs. Vous souhaitez changer de marque ou de mod\u00e8le? Nous serons heureux de vous aider \u00e0 choisir l\u2019appareil qu\u2019il vous faut. Le remplacement d\u2019appareils d\u00e9suets sous-performant ou [&hellip;]","og_url":"https:\/\/dectron.com\/fr\/ressources\/replacements\/","og_site_name":"Dectron","article_modified_time":"2023-12-10T00:12:09+00:00","og_image":[{"width":2000,"height":200,"url":"https:\/\/dectron.com\/wp-content\/uploads\/2019\/03\/banner_locate_a_rep-7.jpg","type":"image\/jpeg"}],"twitter_card":"summary_large_image","twitter_misc":{"Dur\u00e9e de lecture estim\u00e9e":"1 minute"},"schema":{"@context":"https:\/\/schema.org","@graph":[{"@type":"WebPage","@id":"https:\/\/dectron.com\/fr\/ressources\/replacements\/","url":"https:\/\/dectron.com\/fr\/ressources\/replacements\/","name":"Replacements - Dectron","isPartOf":{"@id":"https:\/\/dectron.com\/#website"},"primaryImageOfPage":{"@id":"https:\/\/dectron.com\/fr\/ressources\/replacements\/#primaryimage"},"image":{"@id":"https:\/\/dectron.com\/fr\/ressources\/replacements\/#primaryimage"},"thumbnailUrl":"https:\/\/dectron.com\/wp-content\/uploads\/2019\/03\/banner_locate_a_rep-7.jpg","datePublished":"2017-12-08T04:39:48+00:00","dateModified":"2023-12-10T00:12:09+00:00","breadcrumb":{"@id":"https:\/\/dectron.com\/fr\/ressources\/replacements\/#breadcrumb"},"inLanguage":"fr-FR","potentialAction":[{"@type":"ReadAction","target":["https:\/\/dectron.com\/fr\/ressources\/replacements\/"]}]},{"@type":"ImageObject","inLanguage":"fr-FR","@id":"https:\/\/dectron.com\/fr\/ressources\/replacements\/#primaryimage","url":"https:\/\/dectron.com\/wp-content\/uploads\/2019\/03\/banner_locate_a_rep-7.jpg","contentUrl":"https:\/\/dectron.com\/wp-content\/uploads\/2019\/03\/banner_locate_a_rep-7.jpg","width":2000,"height":200},{"@type":"BreadcrumbList","@id":"https:\/\/dectron.com\/fr\/ressources\/replacements\/#breadcrumb","itemListElement":[{"@type":"ListItem","position":1,"name":"Ressources","item":"https:\/\/dectron.com\/resources\/"},{"@type":"ListItem","position":2,"name":"Replacements"}]},{"@type":"WebSite","@id":"https:\/\/dectron.com\/#website","url":"https:\/\/dectron.com\/","name":"Dectron","description":"DRY-O-TRON","potentialAction":[{"@type":"SearchAction","target":{"@type":"EntryPoint","urlTemplate":"https:\/\/dectron.com\/?s={search_term_string}"},"query-input":{"@type":"PropertyValueSpecification","valueRequired":true,"valueName":"search_term_string"}}],"inLanguage":"fr-FR"}]}},"_links":{"self":[{"href":"https:\/\/dectron.com\/fr\/wp-json\/wp\/v2\/pages\/5040","targetHints":{"allow":["GET"]}}],"collection":[{"href":"https:\/\/dectron.com\/fr\/wp-json\/wp\/v2\/pages"}],"about":[{"href":"https:\/\/dectron.com\/fr\/wp-json\/wp\/v2\/types\/page"}],"author":[{"embeddable":true,"href":"https:\/\/dectron.com\/fr\/wp-json\/wp\/v2\/users\/6"}],"replies":[{"embeddable":true,"href":"https:\/\/dectron.com\/fr\/wp-json\/wp\/v2\/comments?post=5040"}],"version-history":[{"count":15,"href":"https:\/\/dectron.com\/fr\/wp-json\/wp\/v2\/pages\/5040\/revisions"}],"predecessor-version":[{"id":10430,"href":"https:\/\/dectron.com\/fr\/wp-json\/wp\/v2\/pages\/5040\/revisions\/10430"}],"up":[{"embeddable":true,"href":"https:\/\/dectron.com\/fr\/wp-json\/wp\/v2\/pages\/5130"}],"wp:featuredmedia":[{"embeddable":true,"href":"https:\/\/dectron.com\/fr\/wp-json\/wp\/v2\/media\/4831"}],"wp:attachment":[{"href":"https:\/\/dectron.com\/fr\/wp-json\/wp\/v2\/media?parent=5040"}],"curies":[{"name":"wp","href":"https:\/\/api.w.org\/{rel}","templated":true}]}}