{"id":5047,"date":"2019-10-29T13:46:16","date_gmt":"2019-10-29T17:46:16","guid":{"rendered":"https:\/\/dectron.com\/?page_id=5047"},"modified":"2025-06-02T14:30:44","modified_gmt":"2025-06-02T18:30:44","slug":"clients","status":"publish","type":"page","link":"https:\/\/dectron.com\/fr\/clients\/","title":{"rendered":"Clients"},"content":{"rendered":"\t\t<div data-elementor-type=\"wp-page\" data-elementor-id=\"5047\" class=\"elementor elementor-5047 elementor-526\" data-elementor-post-type=\"page\">\n\t\t\t\t\t\t<section class=\"elementor-section elementor-top-section elementor-element elementor-element-1ed1fc59 elementor-section-boxed elementor-section-height-default elementor-section-height-default\" data-id=\"1ed1fc59\" data-element_type=\"section\" data-e-type=\"section\">\n\t\t\t\t\t\t<div class=\"elementor-container elementor-column-gap-default\">\n\t\t\t\t\t<div class=\"elementor-column elementor-col-100 elementor-top-column elementor-element elementor-element-43bdf22d\" data-id=\"43bdf22d\" data-element_type=\"column\" data-e-type=\"column\">\n\t\t\t<div class=\"elementor-widget-wrap elementor-element-populated\">\n\t\t\t\t\t\t<div class=\"elementor-element elementor-element-35aa7d4 elementor-widget elementor-widget-heading\" data-id=\"35aa7d4\" data-element_type=\"widget\" data-e-type=\"widget\" data-widget_type=\"heading.default\">\n\t\t\t\t<div class=\"elementor-widget-container\">\n\t\t\t\t\t<h2 class=\"elementor-heading-title elementor-size-default\"><strong>Dectron Dry-O-Tron<\/strong>\nSatisfaction garantie<\/h2>\t\t\t\t<\/div>\n\t\t\t\t<\/div>\n\t\t\t\t<div class=\"elementor-element elementor-element-654caf9 elementor-widget elementor-widget-text-editor\" data-id=\"654caf9\" data-element_type=\"widget\" data-e-type=\"widget\" data-widget_type=\"text-editor.default\">\n\t\t\t\t<div class=\"elementor-widget-container\">\n\t\t\t\t\t\t\t\t\t<p>Chez <strong>Dectron<\/strong>, nous faisons tout en notre pouvoir pour assurer la satisfaction de notre client\u00e8le. Quel que soit votre r\u00f4le dans un projet ou une installation, nous sommes l\u00e0 pour vous faciliter la t\u00e2che et vous procurer l\u2019\u00e9quipement correspondant \u00e0 vos besoins.<\/p>\t\t\t\t\t\t\t\t<\/div>\n\t\t\t\t<\/div>\n\t\t\t\t<section class=\"elementor-section elementor-inner-section elementor-element elementor-element-f5ac78a elementor-section-boxed elementor-section-height-default elementor-section-height-default\" data-id=\"f5ac78a\" data-element_type=\"section\" data-e-type=\"section\" id=\"owners\">\n\t\t\t\t\t\t<div class=\"elementor-container elementor-column-gap-extended\">\n\t\t\t\t\t<div class=\"elementor-column elementor-col-50 elementor-inner-column elementor-element elementor-element-ecefce5\" data-id=\"ecefce5\" data-element_type=\"column\" data-e-type=\"column\">\n\t\t\t<div class=\"elementor-widget-wrap elementor-element-populated\">\n\t\t\t\t\t\t<div class=\"elementor-element elementor-element-add5462 elementor-invisible elementor-widget elementor-widget-image\" data-id=\"add5462\" data-element_type=\"widget\" data-e-type=\"widget\" data-settings=\"{&quot;_animation&quot;:&quot;fadeInLeft&quot;}\" data-widget_type=\"image.default\">\n\t\t\t\t<div class=\"elementor-widget-container\">\n\t\t\t\t\t\t\t\t\t\t\t\t\t\t\t<img fetchpriority=\"high\" decoding=\"async\" width=\"670\" height=\"360\" src=\"https:\/\/dectron.com\/wp-content\/uploads\/2017\/12\/Owners.jpg\" class=\"attachment-full size-full wp-image-4732\" alt=\"\" srcset=\"https:\/\/dectron.com\/wp-content\/uploads\/2017\/12\/Owners.jpg 670w, https:\/\/dectron.com\/wp-content\/uploads\/2017\/12\/Owners-300x161.jpg 300w, https:\/\/dectron.com\/wp-content\/uploads\/2017\/12\/Owners-370x200.jpg 370w\" sizes=\"(max-width: 670px) 100vw, 670px\" \/>\t\t\t\t\t\t\t\t\t\t\t\t\t\t\t<\/div>\n\t\t\t\t<\/div>\n\t\t\t\t\t<\/div>\n\t\t<\/div>\n\t\t\t\t<div class=\"elementor-column elementor-col-50 elementor-inner-column elementor-element elementor-element-5cff769\" data-id=\"5cff769\" data-element_type=\"column\" data-e-type=\"column\">\n\t\t\t<div class=\"elementor-widget-wrap elementor-element-populated\">\n\t\t\t\t\t\t<div class=\"elementor-element elementor-element-0e796c3 elementor-widget elementor-widget-heading\" data-id=\"0e796c3\" data-element_type=\"widget\" data-e-type=\"widget\" data-widget_type=\"heading.default\">\n\t\t\t\t<div class=\"elementor-widget-container\">\n\t\t\t\t\t<h3 class=\"elementor-heading-title elementor-size-default\">Propri\u00e9taires<\/h3>\t\t\t\t<\/div>\n\t\t\t\t<\/div>\n\t\t\t\t<div class=\"elementor-element elementor-element-b469d06 elementor-widget elementor-widget-text-editor\" data-id=\"b469d06\" data-element_type=\"widget\" data-e-type=\"widget\" data-widget_type=\"text-editor.default\">\n\t\t\t\t<div class=\"elementor-widget-container\">\n\t\t\t\t\t\t\t\t\t<p style=\"font-weight: 400;\">Vous avez des questions? Nous avons des r\u00e9ponses! Vous verrez, le fonctionnement de notre \u00e9quipement, son efficacit\u00e9 \u00e9nerg\u00e9tique, son entretien et sa dur\u00e9e de vie utile n\u2019ont plus de secrets pour nous!<\/p><p style=\"font-weight: 400;\"><span style=\"font-style: inherit;\">Bien s\u00fbr, nous veillons \u00e9galement \u00e0 vous fournir l\u2019\u00e9quipement le plus \u00e9co\u00e9nerg\u00e9tique, \u00e9cologique et fiable possible, notamment gr\u00e2ce \u00e0 la technologie de surveillance WebSentry qui vous permet d\u2019\u00e9viter la plupart des probl\u00e8mes d\u2019utilisation tout en limitant vos frais d\u2019exploitation.<\/span><\/p>\t\t\t\t\t\t\t\t<\/div>\n\t\t\t\t<\/div>\n\t\t\t\t\t<\/div>\n\t\t<\/div>\n\t\t\t\t\t<\/div>\n\t\t<\/section>\n\t\t\t\t<section class=\"elementor-section elementor-inner-section elementor-element elementor-element-4dd8252 elementor-section-boxed elementor-section-height-default elementor-section-height-default\" data-id=\"4dd8252\" data-element_type=\"section\" data-e-type=\"section\" id=\"architects\">\n\t\t\t\t\t\t<div class=\"elementor-container elementor-column-gap-extended\">\n\t\t\t\t\t<div class=\"elementor-column elementor-col-50 elementor-inner-column elementor-element elementor-element-39a7b1f\" data-id=\"39a7b1f\" data-element_type=\"column\" data-e-type=\"column\">\n\t\t\t<div class=\"elementor-widget-wrap elementor-element-populated\">\n\t\t\t\t\t\t<div class=\"elementor-element elementor-element-fb78155 elementor-widget elementor-widget-heading\" data-id=\"fb78155\" data-element_type=\"widget\" data-e-type=\"widget\" data-widget_type=\"heading.default\">\n\t\t\t\t<div class=\"elementor-widget-container\">\n\t\t\t\t\t<h3 class=\"elementor-heading-title elementor-size-default\">Architectes<\/h3>\t\t\t\t<\/div>\n\t\t\t\t<\/div>\n\t\t\t\t<div class=\"elementor-element elementor-element-f25dc86 elementor-widget elementor-widget-text-editor\" data-id=\"f25dc86\" data-element_type=\"widget\" data-e-type=\"widget\" data-widget_type=\"text-editor.default\">\n\t\t\t\t<div class=\"elementor-widget-container\">\n\t\t\t\t\t\t\t\t\t<p>Un nombre grandissant d\u2019architectes font appel \u00e0 nos conseils pour leurs projets d\u2019installation de piscine. Pourquoi? Parce que toutes les piscines sont diff\u00e9rentes. Il faut donc tenir compte des consid\u00e9rations particuli\u00e8res concernant le syst\u00e8me CVC, les fen\u00eatres, les puits de lumi\u00e8re et les autres facteurs essentiels d\u2019un am\u00e9nagement r\u00e9ussi.<\/p><p>Nous sommes heureux de pouvoir mettre notre expertise \u00e0 votre service pour toute question concernant l\u2019humidit\u00e9 et le contr\u00f4le de l\u2019environnement d\u2019une piscine int\u00e9rieure. Apr\u00e8s tout, nous baignons dans le domaine de la d\u00e9shumidification depuis plus de 40 ans!<\/p>\t\t\t\t\t\t\t\t<\/div>\n\t\t\t\t<\/div>\n\t\t\t\t\t<\/div>\n\t\t<\/div>\n\t\t\t\t<div class=\"elementor-column elementor-col-50 elementor-inner-column elementor-element elementor-element-aefbaf5\" data-id=\"aefbaf5\" data-element_type=\"column\" data-e-type=\"column\">\n\t\t\t<div class=\"elementor-widget-wrap elementor-element-populated\">\n\t\t\t\t\t\t<div class=\"elementor-element elementor-element-6bd00b1 elementor-invisible elementor-widget elementor-widget-image\" data-id=\"6bd00b1\" data-element_type=\"widget\" data-e-type=\"widget\" data-settings=\"{&quot;_animation&quot;:&quot;fadeInRight&quot;}\" data-widget_type=\"image.default\">\n\t\t\t\t<div class=\"elementor-widget-container\">\n\t\t\t\t\t\t\t\t\t\t\t\t\t\t\t<img decoding=\"async\" width=\"670\" height=\"360\" src=\"https:\/\/dectron.com\/wp-content\/uploads\/2017\/12\/architect.jpg\" class=\"attachment-full size-full wp-image-4728\" alt=\"\" srcset=\"https:\/\/dectron.com\/wp-content\/uploads\/2017\/12\/architect.jpg 670w, https:\/\/dectron.com\/wp-content\/uploads\/2017\/12\/architect-300x161.jpg 300w, https:\/\/dectron.com\/wp-content\/uploads\/2017\/12\/architect-370x200.jpg 370w\" sizes=\"(max-width: 670px) 100vw, 670px\" \/>\t\t\t\t\t\t\t\t\t\t\t\t\t\t\t<\/div>\n\t\t\t\t<\/div>\n\t\t\t\t\t<\/div>\n\t\t<\/div>\n\t\t\t\t\t<\/div>\n\t\t<\/section>\n\t\t\t\t<section class=\"elementor-section elementor-inner-section elementor-element elementor-element-a42a8c1 elementor-section-boxed elementor-section-height-default elementor-section-height-default\" data-id=\"a42a8c1\" data-element_type=\"section\" data-e-type=\"section\" id=\"engineers\">\n\t\t\t\t\t\t<div class=\"elementor-container elementor-column-gap-extended\">\n\t\t\t\t\t<div class=\"elementor-column elementor-col-50 elementor-inner-column elementor-element elementor-element-b3ac47a\" data-id=\"b3ac47a\" data-element_type=\"column\" data-e-type=\"column\">\n\t\t\t<div class=\"elementor-widget-wrap elementor-element-populated\">\n\t\t\t\t\t\t<div class=\"elementor-element elementor-element-82d7d93 elementor-invisible elementor-widget elementor-widget-image\" data-id=\"82d7d93\" data-element_type=\"widget\" data-e-type=\"widget\" data-settings=\"{&quot;_animation&quot;:&quot;fadeInLeft&quot;}\" data-widget_type=\"image.default\">\n\t\t\t\t<div class=\"elementor-widget-container\">\n\t\t\t\t\t\t\t\t\t\t\t\t\t\t\t<img decoding=\"async\" width=\"670\" height=\"360\" src=\"https:\/\/dectron.com\/wp-content\/uploads\/2017\/12\/engineers.jpg\" class=\"attachment-full size-full wp-image-4731\" alt=\"\" srcset=\"https:\/\/dectron.com\/wp-content\/uploads\/2017\/12\/engineers.jpg 670w, https:\/\/dectron.com\/wp-content\/uploads\/2017\/12\/engineers-300x161.jpg 300w, https:\/\/dectron.com\/wp-content\/uploads\/2017\/12\/engineers-370x200.jpg 370w\" sizes=\"(max-width: 670px) 100vw, 670px\" \/>\t\t\t\t\t\t\t\t\t\t\t\t\t\t\t<\/div>\n\t\t\t\t<\/div>\n\t\t\t\t\t<\/div>\n\t\t<\/div>\n\t\t\t\t<div class=\"elementor-column elementor-col-50 elementor-inner-column elementor-element elementor-element-6b6c426\" data-id=\"6b6c426\" data-element_type=\"column\" data-e-type=\"column\">\n\t\t\t<div class=\"elementor-widget-wrap elementor-element-populated\">\n\t\t\t\t\t\t<div class=\"elementor-element elementor-element-cbf7420 elementor-widget elementor-widget-heading\" data-id=\"cbf7420\" data-element_type=\"widget\" data-e-type=\"widget\" data-widget_type=\"heading.default\">\n\t\t\t\t<div class=\"elementor-widget-container\">\n\t\t\t\t\t<h3 class=\"elementor-heading-title elementor-size-default\">Ing\u00e9nieurs<\/h3>\t\t\t\t<\/div>\n\t\t\t\t<\/div>\n\t\t\t\t<div class=\"elementor-element elementor-element-ae49a41 elementor-widget elementor-widget-text-editor\" data-id=\"ae49a41\" data-element_type=\"widget\" data-e-type=\"widget\" data-widget_type=\"text-editor.default\">\n\t\t\t\t<div class=\"elementor-widget-container\">\n\t\t\t\t\t\t\t\t\t<p>Ce n\u2019est pas simple de concevoir et d\u2019\u00e9tablir les besoins en CVC pour assurer la d\u00e9shumidification efficace d\u2019une piscine int\u00e9rieure. La formule gagnante d\u00e9pend de plusieurs mesures, calculs et particularit\u00e9s complexes. Mais nous serons pr\u00eats \u00e0 vous aider \u00e0 toutes les \u00e9tapes.<\/p><p>Nos outils de s\u00e9lection, de tarification et de sp\u00e9cification en ligne sont un moyen rapide et efficace d\u2019y arriver. Nos repr\u00e9sentants commerciaux vous aideront \u00e9galement \u00e0 obtenir des calculs, des r\u00e9sultats et des soumissions en un temps record, tout en tenant compte de vos besoins particuliers.<\/p>\t\t\t\t\t\t\t\t<\/div>\n\t\t\t\t<\/div>\n\t\t\t\t\t<\/div>\n\t\t<\/div>\n\t\t\t\t\t<\/div>\n\t\t<\/section>\n\t\t\t\t<section class=\"elementor-section elementor-inner-section elementor-element elementor-element-821f598 elementor-section-boxed elementor-section-height-default elementor-section-height-default\" data-id=\"821f598\" data-element_type=\"section\" data-e-type=\"section\" id=\"contractors\">\n\t\t\t\t\t\t<div class=\"elementor-container elementor-column-gap-extended\">\n\t\t\t\t\t<div class=\"elementor-column elementor-col-50 elementor-inner-column elementor-element elementor-element-f3eb7b4\" data-id=\"f3eb7b4\" data-element_type=\"column\" data-e-type=\"column\">\n\t\t\t<div class=\"elementor-widget-wrap elementor-element-populated\">\n\t\t\t\t\t\t<div class=\"elementor-element elementor-element-5e4496f elementor-widget elementor-widget-heading\" data-id=\"5e4496f\" data-element_type=\"widget\" data-e-type=\"widget\" data-widget_type=\"heading.default\">\n\t\t\t\t<div class=\"elementor-widget-container\">\n\t\t\t\t\t<h3 class=\"elementor-heading-title elementor-size-default\">Contracteurs<\/h3>\t\t\t\t<\/div>\n\t\t\t\t<\/div>\n\t\t\t\t<div class=\"elementor-element elementor-element-761b27b elementor-widget elementor-widget-text-editor\" data-id=\"761b27b\" data-element_type=\"widget\" data-e-type=\"widget\" data-widget_type=\"text-editor.default\">\n\t\t\t\t<div class=\"elementor-widget-container\">\n\t\t\t\t\t\t\t\t\t<p>Chez Dectron, nous imaginons et concevons pour les contracteurs. Notre objectif : rendre l\u2019installation aussi simple et efficace que possible. Comment? En nous mettant \u00e0 votre place pour pr\u00e9voir chaque d\u00e9tail. C\u2019est ce qui fait de Dectron un partenaire de choix!<\/p><p>Livraison ponctuelle, gestion des \u00e9ch\u00e9anciers de travaux, installation par un sp\u00e9cialiste : nous prenons toutes les mesures n\u00e9cessaires pour lancer vos activit\u00e9s du bon pied et satisfaire votre client\u00e8le. Gr\u00e2ce \u00e0 la technologie WebSentry, nous surveillerons de pr\u00e8s le bon fonctionnement de votre \u00e9quipement, en plus de notre garantie de deux ans sur les pi\u00e8ces et d\u2019un an sur la main-d\u2019\u0153uvre.<\/p>\t\t\t\t\t\t\t\t<\/div>\n\t\t\t\t<\/div>\n\t\t\t\t\t<\/div>\n\t\t<\/div>\n\t\t\t\t<div class=\"elementor-column elementor-col-50 elementor-inner-column elementor-element elementor-element-84107e2\" data-id=\"84107e2\" data-element_type=\"column\" data-e-type=\"column\">\n\t\t\t<div class=\"elementor-widget-wrap elementor-element-populated\">\n\t\t\t\t\t\t<div class=\"elementor-element elementor-element-d79e21a elementor-invisible elementor-widget elementor-widget-image\" data-id=\"d79e21a\" data-element_type=\"widget\" data-e-type=\"widget\" data-settings=\"{&quot;_animation&quot;:&quot;fadeInRight&quot;}\" data-widget_type=\"image.default\">\n\t\t\t\t<div class=\"elementor-widget-container\">\n\t\t\t\t\t\t\t\t\t\t\t\t\t\t\t<img loading=\"lazy\" decoding=\"async\" width=\"667\" height=\"412\" src=\"https:\/\/dectron.com\/wp-content\/uploads\/2017\/12\/contractor.jpg\" class=\"attachment-full size-full wp-image-4730\" alt=\"\" srcset=\"https:\/\/dectron.com\/wp-content\/uploads\/2017\/12\/contractor.jpg 667w, https:\/\/dectron.com\/wp-content\/uploads\/2017\/12\/contractor-300x185.jpg 300w\" sizes=\"(max-width: 667px) 100vw, 667px\" \/>\t\t\t\t\t\t\t\t\t\t\t\t\t\t\t<\/div>\n\t\t\t\t<\/div>\n\t\t\t\t\t<\/div>\n\t\t<\/div>\n\t\t\t\t\t<\/div>\n\t\t<\/section>\n\t\t\t\t\t<\/div>\n\t\t<\/div>\n\t\t\t\t\t<\/div>\n\t\t<\/section>\n\t\t\t\t<\/div>\n\t\t","protected":false},"excerpt":{"rendered":"<p>Dectron Dry-O-Tron Satisfaction garantie Chez Dectron, nous faisons tout en notre pouvoir pour assurer la satisfaction de notre client\u00e8le. Quel que soit votre r\u00f4le dans un projet ou une installation, nous sommes l\u00e0 pour vous faciliter la t\u00e2che et vous procurer l\u2019\u00e9quipement correspondant \u00e0 vos besoins. Propri\u00e9taires Vous avez des questions? Nous avons des r\u00e9ponses! [&hellip;]<\/p>\n","protected":false},"author":6,"featured_media":4729,"parent":0,"menu_order":0,"comment_status":"closed","ping_status":"closed","template":"","meta":{"_acf_changed":false,"footnotes":""},"class_list":["post-5047","page","type-page","status-publish","has-post-thumbnail","hentry"],"acf":[],"yoast_head":"<!-- This site is optimized with the Yoast SEO plugin v27.1.1 - https:\/\/yoast.com\/product\/yoast-seo-wordpress\/ -->\n<title>Clients - Dectron<\/title>\n<meta name=\"robots\" content=\"index, follow, max-snippet:-1, max-image-preview:large, max-video-preview:-1\" \/>\n<link rel=\"canonical\" href=\"https:\/\/dectron.com\/fr\/clients\/\" \/>\n<meta property=\"og:locale\" content=\"fr_FR\" \/>\n<meta property=\"og:type\" content=\"article\" \/>\n<meta property=\"og:title\" content=\"Clients - Dectron\" \/>\n<meta property=\"og:description\" content=\"Dectron Dry-O-Tron Satisfaction garantie Chez Dectron, nous faisons tout en notre pouvoir pour assurer la satisfaction de notre client\u00e8le. Quel que soit votre r\u00f4le dans un projet ou une installation, nous sommes l\u00e0 pour vous faciliter la t\u00e2che et vous procurer l\u2019\u00e9quipement correspondant \u00e0 vos besoins. Propri\u00e9taires Vous avez des questions? Nous avons des r\u00e9ponses! [&hellip;]\" \/>\n<meta property=\"og:url\" content=\"https:\/\/dectron.com\/fr\/clients\/\" \/>\n<meta property=\"og:site_name\" content=\"Dectron\" \/>\n<meta property=\"article:modified_time\" content=\"2025-06-02T18:30:44+00:00\" \/>\n<meta property=\"og:image\" content=\"https:\/\/dectron.com\/wp-content\/uploads\/2017\/12\/client-hero.jpg\" \/>\n\t<meta property=\"og:image:width\" content=\"1920\" \/>\n\t<meta property=\"og:image:height\" content=\"699\" \/>\n\t<meta property=\"og:image:type\" content=\"image\/jpeg\" \/>\n<meta name=\"twitter:card\" content=\"summary_large_image\" \/>\n<meta name=\"twitter:label1\" content=\"Dur\u00e9e de lecture estim\u00e9e\" \/>\n\t<meta name=\"twitter:data1\" content=\"3 minutes\" \/>\n<script type=\"application\/ld+json\" class=\"yoast-schema-graph\">{\"@context\":\"https:\/\/schema.org\",\"@graph\":[{\"@type\":\"WebPage\",\"@id\":\"https:\/\/dectron.com\/fr\/clients\/\",\"url\":\"https:\/\/dectron.com\/fr\/clients\/\",\"name\":\"Clients - Dectron\",\"isPartOf\":{\"@id\":\"https:\/\/dectron.com\/#website\"},\"primaryImageOfPage\":{\"@id\":\"https:\/\/dectron.com\/fr\/clients\/#primaryimage\"},\"image\":{\"@id\":\"https:\/\/dectron.com\/fr\/clients\/#primaryimage\"},\"thumbnailUrl\":\"https:\/\/dectron.com\/wp-content\/uploads\/2017\/12\/client-hero.jpg\",\"datePublished\":\"2019-10-29T17:46:16+00:00\",\"dateModified\":\"2025-06-02T18:30:44+00:00\",\"inLanguage\":\"fr-FR\",\"potentialAction\":[{\"@type\":\"ReadAction\",\"target\":[\"https:\/\/dectron.com\/fr\/clients\/\"]}]},{\"@type\":\"ImageObject\",\"inLanguage\":\"fr-FR\",\"@id\":\"https:\/\/dectron.com\/fr\/clients\/#primaryimage\",\"url\":\"https:\/\/dectron.com\/wp-content\/uploads\/2017\/12\/client-hero.jpg\",\"contentUrl\":\"https:\/\/dectron.com\/wp-content\/uploads\/2017\/12\/client-hero.jpg\",\"width\":1920,\"height\":699},{\"@type\":\"WebSite\",\"@id\":\"https:\/\/dectron.com\/#website\",\"url\":\"https:\/\/dectron.com\/\",\"name\":\"Dectron\",\"description\":\"DRY-O-TRON\",\"potentialAction\":[{\"@type\":\"SearchAction\",\"target\":{\"@type\":\"EntryPoint\",\"urlTemplate\":\"https:\/\/dectron.com\/?s={search_term_string}\"},\"query-input\":{\"@type\":\"PropertyValueSpecification\",\"valueRequired\":true,\"valueName\":\"search_term_string\"}}],\"inLanguage\":\"fr-FR\"}]}<\/script>\n<!-- \/ Yoast SEO plugin. -->","yoast_head_json":{"title":"Clients - Dectron","robots":{"index":"index","follow":"follow","max-snippet":"max-snippet:-1","max-image-preview":"max-image-preview:large","max-video-preview":"max-video-preview:-1"},"canonical":"https:\/\/dectron.com\/fr\/clients\/","og_locale":"fr_FR","og_type":"article","og_title":"Clients - Dectron","og_description":"Dectron Dry-O-Tron Satisfaction garantie Chez Dectron, nous faisons tout en notre pouvoir pour assurer la satisfaction de notre client\u00e8le. Quel que soit votre r\u00f4le dans un projet ou une installation, nous sommes l\u00e0 pour vous faciliter la t\u00e2che et vous procurer l\u2019\u00e9quipement correspondant \u00e0 vos besoins. Propri\u00e9taires Vous avez des questions? Nous avons des r\u00e9ponses! [&hellip;]","og_url":"https:\/\/dectron.com\/fr\/clients\/","og_site_name":"Dectron","article_modified_time":"2025-06-02T18:30:44+00:00","og_image":[{"width":1920,"height":699,"url":"https:\/\/dectron.com\/wp-content\/uploads\/2017\/12\/client-hero.jpg","type":"image\/jpeg"}],"twitter_card":"summary_large_image","twitter_misc":{"Dur\u00e9e de lecture estim\u00e9e":"3 minutes"},"schema":{"@context":"https:\/\/schema.org","@graph":[{"@type":"WebPage","@id":"https:\/\/dectron.com\/fr\/clients\/","url":"https:\/\/dectron.com\/fr\/clients\/","name":"Clients - Dectron","isPartOf":{"@id":"https:\/\/dectron.com\/#website"},"primaryImageOfPage":{"@id":"https:\/\/dectron.com\/fr\/clients\/#primaryimage"},"image":{"@id":"https:\/\/dectron.com\/fr\/clients\/#primaryimage"},"thumbnailUrl":"https:\/\/dectron.com\/wp-content\/uploads\/2017\/12\/client-hero.jpg","datePublished":"2019-10-29T17:46:16+00:00","dateModified":"2025-06-02T18:30:44+00:00","inLanguage":"fr-FR","potentialAction":[{"@type":"ReadAction","target":["https:\/\/dectron.com\/fr\/clients\/"]}]},{"@type":"ImageObject","inLanguage":"fr-FR","@id":"https:\/\/dectron.com\/fr\/clients\/#primaryimage","url":"https:\/\/dectron.com\/wp-content\/uploads\/2017\/12\/client-hero.jpg","contentUrl":"https:\/\/dectron.com\/wp-content\/uploads\/2017\/12\/client-hero.jpg","width":1920,"height":699},{"@type":"WebSite","@id":"https:\/\/dectron.com\/#website","url":"https:\/\/dectron.com\/","name":"Dectron","description":"DRY-O-TRON","potentialAction":[{"@type":"SearchAction","target":{"@type":"EntryPoint","urlTemplate":"https:\/\/dectron.com\/?s={search_term_string}"},"query-input":{"@type":"PropertyValueSpecification","valueRequired":true,"valueName":"search_term_string"}}],"inLanguage":"fr-FR"}]}},"_links":{"self":[{"href":"https:\/\/dectron.com\/fr\/wp-json\/wp\/v2\/pages\/5047","targetHints":{"allow":["GET"]}}],"collection":[{"href":"https:\/\/dectron.com\/fr\/wp-json\/wp\/v2\/pages"}],"about":[{"href":"https:\/\/dectron.com\/fr\/wp-json\/wp\/v2\/types\/page"}],"author":[{"embeddable":true,"href":"https:\/\/dectron.com\/fr\/wp-json\/wp\/v2\/users\/6"}],"replies":[{"embeddable":true,"href":"https:\/\/dectron.com\/fr\/wp-json\/wp\/v2\/comments?post=5047"}],"version-history":[{"count":17,"href":"https:\/\/dectron.com\/fr\/wp-json\/wp\/v2\/pages\/5047\/revisions"}],"predecessor-version":[{"id":12015,"href":"https:\/\/dectron.com\/fr\/wp-json\/wp\/v2\/pages\/5047\/revisions\/12015"}],"wp:featuredmedia":[{"embeddable":true,"href":"https:\/\/dectron.com\/fr\/wp-json\/wp\/v2\/media\/4729"}],"wp:attachment":[{"href":"https:\/\/dectron.com\/fr\/wp-json\/wp\/v2\/media?parent=5047"}],"curies":[{"name":"wp","href":"https:\/\/api.w.org\/{rel}","templated":true}]}}