{"id":5068,"date":"2019-10-29T14:34:26","date_gmt":"2019-10-29T18:34:26","guid":{"rendered":"https:\/\/dectron.com\/?page_id=5068"},"modified":"2024-11-21T14:09:55","modified_gmt":"2024-11-21T19:09:55","slug":"centre-de-service","status":"publish","type":"page","link":"https:\/\/dectron.com\/fr\/centre-de-service\/","title":{"rendered":"Centre de service"},"content":{"rendered":"\t\t<div data-elementor-type=\"wp-page\" data-elementor-id=\"5068\" class=\"elementor elementor-5068 elementor-528\" data-elementor-post-type=\"page\">\n\t\t\t\t\t\t<section class=\"elementor-section elementor-top-section elementor-element elementor-element-6daa7a6b elementor-section-boxed elementor-section-height-default elementor-section-height-default\" data-id=\"6daa7a6b\" data-element_type=\"section\" data-e-type=\"section\">\n\t\t\t\t\t\t<div class=\"elementor-container elementor-column-gap-default\">\n\t\t\t\t\t<div class=\"elementor-column elementor-col-100 elementor-top-column elementor-element elementor-element-401a4e9e\" data-id=\"401a4e9e\" data-element_type=\"column\" data-e-type=\"column\">\n\t\t\t<div class=\"elementor-widget-wrap elementor-element-populated\">\n\t\t\t\t\t\t<div class=\"elementor-element elementor-element-a88a29a elementor-widget elementor-widget-heading\" data-id=\"a88a29a\" data-element_type=\"widget\" data-e-type=\"widget\" data-widget_type=\"heading.default\">\n\t\t\t\t<div class=\"elementor-widget-container\">\n\t\t\t\t\t<h2 class=\"elementor-heading-title elementor-size-default\">Services d\u2019air d\u00e9shumidifi\u00e9 R\u00e9seau national d\u2019experts en d\u00e9shumidification\n<\/h2>\t\t\t\t<\/div>\n\t\t\t\t<\/div>\n\t\t\t\t<div class=\"elementor-element elementor-element-3efb7cbc elementor-widget elementor-widget-text-editor\" data-id=\"3efb7cbc\" data-element_type=\"widget\" data-e-type=\"widget\" data-widget_type=\"text-editor.default\">\n\t\t\t\t<div class=\"elementor-widget-container\">\n\t\t\t\t\t\t\t\t\t<p>\u00a0<\/p><p><img decoding=\"async\" class=\"size-full wp-image-11658 alignright\" src=\"https:\/\/dectron.com\/wp-content\/uploads\/2024\/11\/dasv-logo-fr.png\" alt=\"\" width=\"210\" height=\"110\" \/>Fier membre de Services d\u2019air d\u00e9shumidifi\u00e9, Dectron peut compter sur la plus grande \u00e9quipe hyper qualifi\u00e9e de l\u2019industrie. Notre r\u00e9seau national d\u2019experts en installation, entretien et r\u00e9paration de d\u00e9shumidificateurs met \u00e0 votre disposition une \u00e9quipe chevronn\u00e9e d\u2019un bout \u00e0 l\u2019autre du pays pour assurer la performance optimale de votre \u00e9quipement.<\/p><p><span style=\"font-style: inherit;\">Les d\u00e9shumidificateurs sont des appareils sp\u00e9cialis\u00e9s qui n\u00e9cessitent une expertise particuli\u00e8re. Faites confiance \u00e0 l\u2019\u00e9quipe Dectron pour vous fournir des services professionnels qui sauront optimiser le fonctionnement de votre d\u00e9shumidificateur.<\/span><\/p>\t\t\t\t\t\t\t\t<\/div>\n\t\t\t\t<\/div>\n\t\t\t\t<div class=\"elementor-element elementor-element-c99d965 elementor-widget elementor-widget-html\" data-id=\"c99d965\" data-element_type=\"widget\" data-e-type=\"widget\" data-widget_type=\"html.default\">\n\t\t\t\t<div class=\"elementor-widget-container\">\n\t\t\t\t\t<script charset=\"utf-8\" type=\"text\/javascript\" src=\"\/\/js.hsforms.net\/forms\/embed\/v2.js\"><\/script>\n<script>\n  hbspt.forms.create({\n    region: \"na1\",\n    portalId: \"21212828\",\n    formId: \"4b3a5b47-3a3d-4dd6-b976-ca9f482569cd\"\n  });\n<\/script>\t\t\t\t<\/div>\n\t\t\t\t<\/div>\n\t\t\t\t\t<\/div>\n\t\t<\/div>\n\t\t\t\t\t<\/div>\n\t\t<\/section>\n\t\t\t\t<\/div>\n\t\t","protected":false},"excerpt":{"rendered":"<p>Services d\u2019air d\u00e9shumidifi\u00e9 R\u00e9seau national d\u2019experts en d\u00e9shumidification \u00a0 Fier membre de Services d\u2019air d\u00e9shumidifi\u00e9, Dectron peut compter sur la plus grande \u00e9quipe hyper qualifi\u00e9e de l\u2019industrie. Notre r\u00e9seau national d\u2019experts en installation, entretien et r\u00e9paration de d\u00e9shumidificateurs met \u00e0 votre disposition une \u00e9quipe chevronn\u00e9e d\u2019un bout \u00e0 l\u2019autre du pays pour assurer la performance [&hellip;]<\/p>\n","protected":false},"author":6,"featured_media":0,"parent":0,"menu_order":0,"comment_status":"closed","ping_status":"closed","template":"","meta":{"_acf_changed":false,"footnotes":""},"class_list":["post-5068","page","type-page","status-publish","hentry"],"acf":[],"yoast_head":"<!-- This site is optimized with the Yoast SEO plugin v27.1.1 - https:\/\/yoast.com\/product\/yoast-seo-wordpress\/ -->\n<title>Centre de service - Dectron<\/title>\n<meta name=\"robots\" content=\"index, follow, max-snippet:-1, max-image-preview:large, max-video-preview:-1\" \/>\n<link rel=\"canonical\" href=\"https:\/\/dectron.com\/service-center\/\" \/>\n<meta property=\"og:locale\" content=\"fr_FR\" \/>\n<meta property=\"og:type\" content=\"article\" \/>\n<meta property=\"og:title\" content=\"Centre de service - Dectron\" \/>\n<meta property=\"og:description\" content=\"Services d\u2019air d\u00e9shumidifi\u00e9 R\u00e9seau national d\u2019experts en d\u00e9shumidification \u00a0 Fier membre de Services d\u2019air d\u00e9shumidifi\u00e9, Dectron peut compter sur la plus grande \u00e9quipe hyper qualifi\u00e9e de l\u2019industrie. Notre r\u00e9seau national d\u2019experts en installation, entretien et r\u00e9paration de d\u00e9shumidificateurs met \u00e0 votre disposition une \u00e9quipe chevronn\u00e9e d\u2019un bout \u00e0 l\u2019autre du pays pour assurer la performance [&hellip;]\" \/>\n<meta property=\"og:url\" content=\"https:\/\/dectron.com\/service-center\/\" \/>\n<meta property=\"og:site_name\" content=\"Dectron\" \/>\n<meta property=\"article:modified_time\" content=\"2024-11-21T19:09:55+00:00\" \/>\n<meta property=\"og:image\" content=\"https:\/\/dectron.com\/wp-content\/uploads\/2024\/11\/dasv-logo-fr.png\" \/>\n\t<meta property=\"og:image:width\" content=\"210\" \/>\n\t<meta property=\"og:image:height\" content=\"110\" \/>\n\t<meta property=\"og:image:type\" content=\"image\/png\" \/>\n<meta name=\"twitter:card\" content=\"summary_large_image\" \/>\n<meta name=\"twitter:label1\" content=\"Dur\u00e9e de lecture estim\u00e9e\" \/>\n\t<meta name=\"twitter:data1\" content=\"1 minute\" \/>\n<script type=\"application\/ld+json\" class=\"yoast-schema-graph\">{\"@context\":\"https:\/\/schema.org\",\"@graph\":[{\"@type\":\"WebPage\",\"@id\":\"https:\/\/dectron.com\/service-center\/\",\"url\":\"https:\/\/dectron.com\/service-center\/\",\"name\":\"Centre de service - Dectron\",\"isPartOf\":{\"@id\":\"https:\/\/dectron.com\/#website\"},\"primaryImageOfPage\":{\"@id\":\"https:\/\/dectron.com\/service-center\/#primaryimage\"},\"image\":{\"@id\":\"https:\/\/dectron.com\/service-center\/#primaryimage\"},\"thumbnailUrl\":\"https:\/\/dectron.com\/wp-content\/uploads\/2024\/11\/dasv-logo-fr.png\",\"datePublished\":\"2019-10-29T18:34:26+00:00\",\"dateModified\":\"2024-11-21T19:09:55+00:00\",\"inLanguage\":\"fr-FR\",\"potentialAction\":[{\"@type\":\"ReadAction\",\"target\":[\"https:\/\/dectron.com\/service-center\/\"]}]},{\"@type\":\"ImageObject\",\"inLanguage\":\"fr-FR\",\"@id\":\"https:\/\/dectron.com\/service-center\/#primaryimage\",\"url\":\"https:\/\/dectron.com\/wp-content\/uploads\/2024\/11\/dasv-logo-fr.png\",\"contentUrl\":\"https:\/\/dectron.com\/wp-content\/uploads\/2024\/11\/dasv-logo-fr.png\"},{\"@type\":\"WebSite\",\"@id\":\"https:\/\/dectron.com\/#website\",\"url\":\"https:\/\/dectron.com\/\",\"name\":\"Dectron\",\"description\":\"DRY-O-TRON\",\"potentialAction\":[{\"@type\":\"SearchAction\",\"target\":{\"@type\":\"EntryPoint\",\"urlTemplate\":\"https:\/\/dectron.com\/?s={search_term_string}\"},\"query-input\":{\"@type\":\"PropertyValueSpecification\",\"valueRequired\":true,\"valueName\":\"search_term_string\"}}],\"inLanguage\":\"fr-FR\"}]}<\/script>\n<!-- \/ Yoast SEO plugin. -->","yoast_head_json":{"title":"Centre de service - Dectron","robots":{"index":"index","follow":"follow","max-snippet":"max-snippet:-1","max-image-preview":"max-image-preview:large","max-video-preview":"max-video-preview:-1"},"canonical":"https:\/\/dectron.com\/service-center\/","og_locale":"fr_FR","og_type":"article","og_title":"Centre de service - Dectron","og_description":"Services d\u2019air d\u00e9shumidifi\u00e9 R\u00e9seau national d\u2019experts en d\u00e9shumidification \u00a0 Fier membre de Services d\u2019air d\u00e9shumidifi\u00e9, Dectron peut compter sur la plus grande \u00e9quipe hyper qualifi\u00e9e de l\u2019industrie. Notre r\u00e9seau national d\u2019experts en installation, entretien et r\u00e9paration de d\u00e9shumidificateurs met \u00e0 votre disposition une \u00e9quipe chevronn\u00e9e d\u2019un bout \u00e0 l\u2019autre du pays pour assurer la performance [&hellip;]","og_url":"https:\/\/dectron.com\/service-center\/","og_site_name":"Dectron","article_modified_time":"2024-11-21T19:09:55+00:00","og_image":[{"width":210,"height":110,"url":"https:\/\/dectron.com\/wp-content\/uploads\/2024\/11\/dasv-logo-fr.png","type":"image\/png"}],"twitter_card":"summary_large_image","twitter_misc":{"Dur\u00e9e de lecture estim\u00e9e":"1 minute"},"schema":{"@context":"https:\/\/schema.org","@graph":[{"@type":"WebPage","@id":"https:\/\/dectron.com\/service-center\/","url":"https:\/\/dectron.com\/service-center\/","name":"Centre de service - Dectron","isPartOf":{"@id":"https:\/\/dectron.com\/#website"},"primaryImageOfPage":{"@id":"https:\/\/dectron.com\/service-center\/#primaryimage"},"image":{"@id":"https:\/\/dectron.com\/service-center\/#primaryimage"},"thumbnailUrl":"https:\/\/dectron.com\/wp-content\/uploads\/2024\/11\/dasv-logo-fr.png","datePublished":"2019-10-29T18:34:26+00:00","dateModified":"2024-11-21T19:09:55+00:00","inLanguage":"fr-FR","potentialAction":[{"@type":"ReadAction","target":["https:\/\/dectron.com\/service-center\/"]}]},{"@type":"ImageObject","inLanguage":"fr-FR","@id":"https:\/\/dectron.com\/service-center\/#primaryimage","url":"https:\/\/dectron.com\/wp-content\/uploads\/2024\/11\/dasv-logo-fr.png","contentUrl":"https:\/\/dectron.com\/wp-content\/uploads\/2024\/11\/dasv-logo-fr.png"},{"@type":"WebSite","@id":"https:\/\/dectron.com\/#website","url":"https:\/\/dectron.com\/","name":"Dectron","description":"DRY-O-TRON","potentialAction":[{"@type":"SearchAction","target":{"@type":"EntryPoint","urlTemplate":"https:\/\/dectron.com\/?s={search_term_string}"},"query-input":{"@type":"PropertyValueSpecification","valueRequired":true,"valueName":"search_term_string"}}],"inLanguage":"fr-FR"}]}},"_links":{"self":[{"href":"https:\/\/dectron.com\/fr\/wp-json\/wp\/v2\/pages\/5068","targetHints":{"allow":["GET"]}}],"collection":[{"href":"https:\/\/dectron.com\/fr\/wp-json\/wp\/v2\/pages"}],"about":[{"href":"https:\/\/dectron.com\/fr\/wp-json\/wp\/v2\/types\/page"}],"author":[{"embeddable":true,"href":"https:\/\/dectron.com\/fr\/wp-json\/wp\/v2\/users\/6"}],"replies":[{"embeddable":true,"href":"https:\/\/dectron.com\/fr\/wp-json\/wp\/v2\/comments?post=5068"}],"version-history":[{"count":23,"href":"https:\/\/dectron.com\/fr\/wp-json\/wp\/v2\/pages\/5068\/revisions"}],"predecessor-version":[{"id":11662,"href":"https:\/\/dectron.com\/fr\/wp-json\/wp\/v2\/pages\/5068\/revisions\/11662"}],"wp:attachment":[{"href":"https:\/\/dectron.com\/fr\/wp-json\/wp\/v2\/media?parent=5068"}],"curies":[{"name":"wp","href":"https:\/\/api.w.org\/{rel}","templated":true}]}}