{"id":5090,"date":"2017-12-07T23:52:15","date_gmt":"2017-12-08T04:52:15","guid":{"rendered":"https:\/\/dectron.com\/?page_id=5090"},"modified":"2025-06-03T14:52:13","modified_gmt":"2025-06-03T18:52:13","slug":"refroidisseurs-dry-o-tron","status":"publish","type":"page","link":"https:\/\/dectron.com\/fr\/produits\/refroidisseurs-dry-o-tron\/","title":{"rendered":"Refroidisseurs Dry-O-Tron"},"content":{"rendered":"\t\t<div data-elementor-type=\"wp-page\" data-elementor-id=\"5090\" class=\"elementor elementor-5090 elementor-538\" data-elementor-post-type=\"page\">\n\t\t\t\t\t\t<section class=\"elementor-section elementor-top-section elementor-element elementor-element-4acd3c94 elementor-section-boxed elementor-section-height-default elementor-section-height-default\" data-id=\"4acd3c94\" data-element_type=\"section\" data-e-type=\"section\">\n\t\t\t\t\t\t<div class=\"elementor-container elementor-column-gap-default\">\n\t\t\t\t\t<div class=\"elementor-column elementor-col-100 elementor-top-column elementor-element elementor-element-1dcfb639\" data-id=\"1dcfb639\" data-element_type=\"column\" data-e-type=\"column\">\n\t\t\t<div class=\"elementor-widget-wrap elementor-element-populated\">\n\t\t\t\t\t\t<div class=\"elementor-element elementor-element-5f4f4aea elementor-widget elementor-widget-heading\" data-id=\"5f4f4aea\" data-element_type=\"widget\" data-e-type=\"widget\" data-widget_type=\"heading.default\">\n\t\t\t\t<div class=\"elementor-widget-container\">\n\t\t\t\t\t<h2 class=\"elementor-heading-title elementor-size-default\">Refroidisseurs Dry-O-Tron<\/h2>\t\t\t\t<\/div>\n\t\t\t\t<\/div>\n\t\t\t\t<div class=\"elementor-element elementor-element-2950255 elementor-widget elementor-widget-heading\" data-id=\"2950255\" data-element_type=\"widget\" data-e-type=\"widget\" data-widget_type=\"heading.default\">\n\t\t\t\t<div class=\"elementor-widget-container\">\n\t\t\t\t\t<h3 class=\"elementor-heading-title elementor-size-default\">Performance sup\u00e9rieure, efficacit\u00e9 exceptionnelle<\/h3>\t\t\t\t<\/div>\n\t\t\t\t<\/div>\n\t\t\t\t<div class=\"elementor-element elementor-element-3f81d97b elementor-widget elementor-widget-text-editor\" data-id=\"3f81d97b\" data-element_type=\"widget\" data-e-type=\"widget\" data-widget_type=\"text-editor.default\">\n\t\t\t\t<div class=\"elementor-widget-container\">\n\t\t\t\t\t\t\t\t\t<div class=\"kc-elm kc-css-935696 kc_text_block\"><p>La technologie de r\u00e9frig\u00e9ration repose sur un syst\u00e8me de rejet de chaleur efficace, adapt\u00e9 et contr\u00f4l\u00e9. En tant que chef de file du domaine de la d\u00e9shumidification de natatorium, il \u00e9tait de notre devoir de concevoir nos propres refroidisseurs.<\/p><p>En respectant nos standards \u00e9lev\u00e9s de conception et de construction, nous avons am\u00e9lior\u00e9 la performance du syst\u00e8me de rejet de chaleur de nos refroidisseurs et r\u00e9duit leur dimension et leur consommation d\u2019\u00e9nergie.<\/p><p>Nos refroidisseurs ont une empreinte \u00e9conomique att\u00e9nu\u00e9e gr\u00e2ce \u00e0 leur m\u00e9lange \u00e9cologique d\u2019eau et de glycol qui garantit une performance optimale, une efficacit\u00e9 \u00e9nerg\u00e9tique exceptionnelle et une dur\u00e9e de vie prolong\u00e9e.<\/p><\/div>\t\t\t\t\t\t\t\t<\/div>\n\t\t\t\t<\/div>\n\t\t\t\t<div class=\"elementor-element elementor-element-76cf4dfe elementor-widget elementor-widget-accordion\" data-id=\"76cf4dfe\" data-element_type=\"widget\" data-e-type=\"widget\" data-widget_type=\"accordion.default\">\n\t\t\t\t<div class=\"elementor-widget-container\">\n\t\t\t\t\t\t\t<div class=\"elementor-accordion\">\n\t\t\t\t\t\t\t<div class=\"elementor-accordion-item\">\n\t\t\t\t\t<div id=\"elementor-tab-title-1991\" class=\"elementor-tab-title\" data-tab=\"1\" role=\"button\" aria-controls=\"elementor-tab-content-1991\" aria-expanded=\"false\">\n\t\t\t\t\t\t\t\t\t\t\t\t<a class=\"elementor-accordion-title\" tabindex=\"0\">FAITS SAILLANTS<\/a>\n\t\t\t\t\t<\/div>\n\t\t\t\t\t<div id=\"elementor-tab-content-1991\" class=\"elementor-tab-content elementor-clearfix\" data-tab=\"1\" role=\"region\" aria-labelledby=\"elementor-tab-title-1991\"><ul class=\"clo-2\"><li>Capacit\u00e9 de rejet de la chaleur entre 71 500 et 1 875 000 BTU\/h<\/li><li>Serpentins dot\u00e9s d\u2019un rev\u00eatement pour protection compl\u00e8te<ul><li>Long\u00e9vit\u00e9 et protection contre la corrosion accrues<\/li><li>Rev\u00eatement hydrophile prot\u00e9geant les serpentins de la poussi\u00e8re et des salet\u00e9s<\/li><\/ul><\/li><li>Ventilateurs deux vitesses pour maintenir le plus faible taux de consommation d\u2019\u00e9nergie; pleine vitesse enclench\u00e9e au besoin seulement<\/li><li>Pales de ventilateur assurant un mouvement d\u2019air silencieux et efficace<\/li><li>Conception en V avec grands serpentins et d\u00e9bit d\u2019air sup\u00e9rieur pour une empreinte att\u00e9nu\u00e9e au maximum<\/li><li>Bo\u00eetier l\u00e9ger et compact pour manipulation ais\u00e9e et installation flexible<\/li><li>Serpentins doubles \u00e0 quatre rangs avec tubes et ailettes r\u00e9cents pour une durabilit\u00e9 et un rejet de la chaleur optimaux<\/li><li>Tr\u00e8s faible pression des fluides internes r\u00e9duisant les co\u00fbts de fonctionnement de la pompe<\/li><li>Brides en PVC sur\u00e9lev\u00e9s conformes aux normes ANSI aidant au raccordement des fluides<\/li><\/ul><\/div>\n\t\t\t\t<\/div>\n\t\t\t\t\t\t\t<div class=\"elementor-accordion-item\">\n\t\t\t\t\t<div id=\"elementor-tab-title-1992\" class=\"elementor-tab-title\" data-tab=\"2\" role=\"button\" aria-controls=\"elementor-tab-content-1992\" aria-expanded=\"false\">\n\t\t\t\t\t\t\t\t\t\t\t\t<a class=\"elementor-accordion-title\" tabindex=\"0\">SP\u00c9CIFICATIONS<\/a>\n\t\t\t\t\t<\/div>\n\t\t\t\t\t<div id=\"elementor-tab-content-1992\" class=\"elementor-tab-content elementor-clearfix\" data-tab=\"2\" role=\"region\" aria-labelledby=\"elementor-tab-title-1992\"><p>\u00c0 venir.<\/p><\/div>\n\t\t\t\t<\/div>\n\t\t\t\t\t\t\t<div class=\"elementor-accordion-item\">\n\t\t\t\t\t<div id=\"elementor-tab-title-1993\" class=\"elementor-tab-title\" data-tab=\"3\" role=\"button\" aria-controls=\"elementor-tab-content-1993\" aria-expanded=\"false\">\n\t\t\t\t\t\t\t\t\t\t\t\t<a class=\"elementor-accordion-title\" tabindex=\"0\">OPTIONS<\/a>\n\t\t\t\t\t<\/div>\n\t\t\t\t\t<div id=\"elementor-tab-content-1993\" class=\"elementor-tab-content elementor-clearfix\" data-tab=\"3\" role=\"region\" aria-labelledby=\"elementor-tab-title-1993\"><ul class=\"clo-2\"><li>N\u00e9cessaires de station de pompage<\/li><li>Raccords mont\u00e9s sur l\u2019unit\u00e9<\/li><li>Grille en m\u00e9tal pour prot\u00e9ger des chocs accidentels et des intemp\u00e9ries<\/li><li>Moteurs \u00e0 tension de 208 \u00e0 240, 480 ou 600 volts en courant alternatif \u00e0 trois phases (une phase \u00e9galement disponible)<\/li><\/ul><\/div>\n\t\t\t\t<\/div>\n\t\t\t\t\t\t\t<div class=\"elementor-accordion-item\">\n\t\t\t\t\t<div id=\"elementor-tab-title-1994\" class=\"elementor-tab-title\" data-tab=\"4\" role=\"button\" aria-controls=\"elementor-tab-content-1994\" aria-expanded=\"false\">\n\t\t\t\t\t\t\t\t\t\t\t\t<a class=\"elementor-accordion-title\" tabindex=\"0\">CARACT\u00c9RISTIQUES DE BASE<\/a>\n\t\t\t\t\t<\/div>\n\t\t\t\t\t<div id=\"elementor-tab-content-1994\" class=\"elementor-tab-content elementor-clearfix\" data-tab=\"4\" role=\"region\" aria-labelledby=\"elementor-tab-title-1994\"><ul class=\"clo-2\"><li>Serpentins dot\u00e9 d\u2019un rev\u00eatement pour protection compl\u00e8te<ul><li>Long\u00e9vit\u00e9 et protection contre la corrosion accrues<\/li><li>Rev\u00eatement hydrophile prot\u00e9geant les serpentins de la poussi\u00e8re et des salet\u00e9s<\/li><\/ul><\/li><li>Ventilateurs deux vitesses pour maintenir le plus faible taux de consommation d\u2019\u00e9nergie; pleine vitesse enclench\u00e9e au besoin seulement<\/li><li>Pales de ventilateur assurant un mouvement d\u2019air silencieux et efficace<\/li><li>Conception en V avec grands serpentins et d\u00e9bit d\u2019air sup\u00e9rieur pour une empreinte att\u00e9nu\u00e9e au maximum<\/li><li>Bo\u00eetier l\u00e9ger et compact pour manipulation ais\u00e9e et installation flexible<\/li><li>Serpentins doubles \u00e0 quatre rangs avec tubes et ailettes r\u00e9cents pour une durabilit\u00e9 et un rejet de la chaleur optimaux<\/li><li>Tr\u00e8s faible pression des fluides internes r\u00e9duisant les co\u00fbts de fonctionnement de la pompe<\/li><li>Brides en PVC sur\u00e9lev\u00e9s conformes aux normes ANSI aidant au raccordement des fluides<\/li><\/ul><\/div>\n\t\t\t\t<\/div>\n\t\t\t\t\t\t\t<div class=\"elementor-accordion-item\">\n\t\t\t\t\t<div id=\"elementor-tab-title-1995\" class=\"elementor-tab-title\" data-tab=\"5\" role=\"button\" aria-controls=\"elementor-tab-content-1995\" aria-expanded=\"false\">\n\t\t\t\t\t\t\t\t\t\t\t\t<a class=\"elementor-accordion-title\" tabindex=\"0\">T\u00c9L\u00c9CHARGEMENTS<\/a>\n\t\t\t\t\t<\/div>\n\t\t\t\t\t<div id=\"elementor-tab-content-1995\" class=\"elementor-tab-content elementor-clearfix\" data-tab=\"5\" role=\"region\" aria-labelledby=\"elementor-tab-title-1995\"><a href=\"https:\/\/dectron.com\/wp-content\/uploads\/2025\/06\/dry-o-tron-dry-coolers-fr.pdf\" target=\"_blank\" rel=\"noopener\"><img decoding=\"async\" src=\"https:\/\/dectron.com\/wp-content\/uploads\/2025\/06\/dry-o-tron-dry-coolers-thumb-fr.png\" width=\"150\" height=\"194\" \/>\n<\/a><br>\n<a href=\"https:\/\/dectron.com\/wp-content\/uploads\/2025\/06\/dry-o-tron-dry-coolers-fr.pdf\" target=\"_blank\" rel=\"noopener\">Refroidisseurs Secs\nde <strong>Dectron<\/strong>\n<\/a><\/div>\n\t\t\t\t<\/div>\n\t\t\t\t\t\t\t\t<\/div>\n\t\t\t\t\t\t<\/div>\n\t\t\t\t<\/div>\n\t\t\t\t\t<\/div>\n\t\t<\/div>\n\t\t\t\t\t<\/div>\n\t\t<\/section>\n\t\t\t\t<\/div>\n\t\t","protected":false},"excerpt":{"rendered":"<p>Refroidisseurs Dry-O-Tron Performance sup\u00e9rieure, efficacit\u00e9 exceptionnelle La technologie de r\u00e9frig\u00e9ration repose sur un syst\u00e8me de rejet de chaleur efficace, adapt\u00e9 et contr\u00f4l\u00e9. En tant que chef de file du domaine de la d\u00e9shumidification de natatorium, il \u00e9tait de notre devoir de concevoir nos propres refroidisseurs. En respectant nos standards \u00e9lev\u00e9s de conception et de construction, [&hellip;]<\/p>\n","protected":false},"author":6,"featured_media":5366,"parent":5121,"menu_order":0,"comment_status":"closed","ping_status":"closed","template":"","meta":{"_acf_changed":false,"footnotes":""},"class_list":["post-5090","page","type-page","status-publish","has-post-thumbnail","hentry"],"acf":[],"yoast_head":"<!-- This site is optimized with the Yoast SEO plugin v27.1.1 - https:\/\/yoast.com\/product\/yoast-seo-wordpress\/ -->\n<title>Refroidisseurs Dry-O-Tron - Dectron<\/title>\n<meta name=\"robots\" content=\"index, follow, max-snippet:-1, max-image-preview:large, max-video-preview:-1\" \/>\n<link rel=\"canonical\" href=\"https:\/\/dectron.com\/products\/dry-o-tron-dry-coolers\/\" \/>\n<meta property=\"og:locale\" content=\"fr_FR\" \/>\n<meta property=\"og:type\" content=\"article\" \/>\n<meta property=\"og:title\" content=\"Refroidisseurs Dry-O-Tron - Dectron\" \/>\n<meta property=\"og:description\" content=\"Refroidisseurs Dry-O-Tron Performance sup\u00e9rieure, efficacit\u00e9 exceptionnelle La technologie de r\u00e9frig\u00e9ration repose sur un syst\u00e8me de rejet de chaleur efficace, adapt\u00e9 et contr\u00f4l\u00e9. En tant que chef de file du domaine de la d\u00e9shumidification de natatorium, il \u00e9tait de notre devoir de concevoir nos propres refroidisseurs. En respectant nos standards \u00e9lev\u00e9s de conception et de construction, [&hellip;]\" \/>\n<meta property=\"og:url\" content=\"https:\/\/dectron.com\/products\/dry-o-tron-dry-coolers\/\" \/>\n<meta property=\"og:site_name\" content=\"Dectron\" \/>\n<meta property=\"article:modified_time\" content=\"2025-06-03T18:52:13+00:00\" \/>\n<meta property=\"og:image\" content=\"https:\/\/dectron.com\/wp-content\/uploads\/2020\/04\/new-dry-coolerheader.jpg\" \/>\n\t<meta property=\"og:image:width\" content=\"1920\" \/>\n\t<meta property=\"og:image:height\" content=\"615\" \/>\n\t<meta property=\"og:image:type\" content=\"image\/jpeg\" \/>\n<meta name=\"twitter:card\" content=\"summary_large_image\" \/>\n<meta name=\"twitter:label1\" content=\"Dur\u00e9e de lecture estim\u00e9e\" \/>\n\t<meta name=\"twitter:data1\" content=\"3 minutes\" \/>\n<script type=\"application\/ld+json\" class=\"yoast-schema-graph\">{\"@context\":\"https:\/\/schema.org\",\"@graph\":[{\"@type\":\"WebPage\",\"@id\":\"https:\/\/dectron.com\/products\/dry-o-tron-dry-coolers\/\",\"url\":\"https:\/\/dectron.com\/products\/dry-o-tron-dry-coolers\/\",\"name\":\"Refroidisseurs Dry-O-Tron - Dectron\",\"isPartOf\":{\"@id\":\"https:\/\/dectron.com\/#website\"},\"primaryImageOfPage\":{\"@id\":\"https:\/\/dectron.com\/products\/dry-o-tron-dry-coolers\/#primaryimage\"},\"image\":{\"@id\":\"https:\/\/dectron.com\/products\/dry-o-tron-dry-coolers\/#primaryimage\"},\"thumbnailUrl\":\"https:\/\/dectron.com\/wp-content\/uploads\/2020\/04\/new-dry-coolerheader.jpg\",\"datePublished\":\"2017-12-08T04:52:15+00:00\",\"dateModified\":\"2025-06-03T18:52:13+00:00\",\"breadcrumb\":{\"@id\":\"https:\/\/dectron.com\/products\/dry-o-tron-dry-coolers\/#breadcrumb\"},\"inLanguage\":\"fr-FR\",\"potentialAction\":[{\"@type\":\"ReadAction\",\"target\":[\"https:\/\/dectron.com\/products\/dry-o-tron-dry-coolers\/\"]}]},{\"@type\":\"ImageObject\",\"inLanguage\":\"fr-FR\",\"@id\":\"https:\/\/dectron.com\/products\/dry-o-tron-dry-coolers\/#primaryimage\",\"url\":\"https:\/\/dectron.com\/wp-content\/uploads\/2020\/04\/new-dry-coolerheader.jpg\",\"contentUrl\":\"https:\/\/dectron.com\/wp-content\/uploads\/2020\/04\/new-dry-coolerheader.jpg\",\"width\":1920,\"height\":615,\"caption\":\"Dectron Dry Cooler Fluid Cooled Heat Rejection\"},{\"@type\":\"BreadcrumbList\",\"@id\":\"https:\/\/dectron.com\/products\/dry-o-tron-dry-coolers\/#breadcrumb\",\"itemListElement\":[{\"@type\":\"ListItem\",\"position\":1,\"name\":\"Produits\",\"item\":\"https:\/\/dectron.com\/products\/\"},{\"@type\":\"ListItem\",\"position\":2,\"name\":\"Refroidisseurs Dry-O-Tron\"}]},{\"@type\":\"WebSite\",\"@id\":\"https:\/\/dectron.com\/#website\",\"url\":\"https:\/\/dectron.com\/\",\"name\":\"Dectron\",\"description\":\"DRY-O-TRON\",\"potentialAction\":[{\"@type\":\"SearchAction\",\"target\":{\"@type\":\"EntryPoint\",\"urlTemplate\":\"https:\/\/dectron.com\/?s={search_term_string}\"},\"query-input\":{\"@type\":\"PropertyValueSpecification\",\"valueRequired\":true,\"valueName\":\"search_term_string\"}}],\"inLanguage\":\"fr-FR\"}]}<\/script>\n<!-- \/ Yoast SEO plugin. -->","yoast_head_json":{"title":"Refroidisseurs Dry-O-Tron - Dectron","robots":{"index":"index","follow":"follow","max-snippet":"max-snippet:-1","max-image-preview":"max-image-preview:large","max-video-preview":"max-video-preview:-1"},"canonical":"https:\/\/dectron.com\/products\/dry-o-tron-dry-coolers\/","og_locale":"fr_FR","og_type":"article","og_title":"Refroidisseurs Dry-O-Tron - Dectron","og_description":"Refroidisseurs Dry-O-Tron Performance sup\u00e9rieure, efficacit\u00e9 exceptionnelle La technologie de r\u00e9frig\u00e9ration repose sur un syst\u00e8me de rejet de chaleur efficace, adapt\u00e9 et contr\u00f4l\u00e9. En tant que chef de file du domaine de la d\u00e9shumidification de natatorium, il \u00e9tait de notre devoir de concevoir nos propres refroidisseurs. En respectant nos standards \u00e9lev\u00e9s de conception et de construction, [&hellip;]","og_url":"https:\/\/dectron.com\/products\/dry-o-tron-dry-coolers\/","og_site_name":"Dectron","article_modified_time":"2025-06-03T18:52:13+00:00","og_image":[{"width":1920,"height":615,"url":"https:\/\/dectron.com\/wp-content\/uploads\/2020\/04\/new-dry-coolerheader.jpg","type":"image\/jpeg"}],"twitter_card":"summary_large_image","twitter_misc":{"Dur\u00e9e de lecture estim\u00e9e":"3 minutes"},"schema":{"@context":"https:\/\/schema.org","@graph":[{"@type":"WebPage","@id":"https:\/\/dectron.com\/products\/dry-o-tron-dry-coolers\/","url":"https:\/\/dectron.com\/products\/dry-o-tron-dry-coolers\/","name":"Refroidisseurs Dry-O-Tron - Dectron","isPartOf":{"@id":"https:\/\/dectron.com\/#website"},"primaryImageOfPage":{"@id":"https:\/\/dectron.com\/products\/dry-o-tron-dry-coolers\/#primaryimage"},"image":{"@id":"https:\/\/dectron.com\/products\/dry-o-tron-dry-coolers\/#primaryimage"},"thumbnailUrl":"https:\/\/dectron.com\/wp-content\/uploads\/2020\/04\/new-dry-coolerheader.jpg","datePublished":"2017-12-08T04:52:15+00:00","dateModified":"2025-06-03T18:52:13+00:00","breadcrumb":{"@id":"https:\/\/dectron.com\/products\/dry-o-tron-dry-coolers\/#breadcrumb"},"inLanguage":"fr-FR","potentialAction":[{"@type":"ReadAction","target":["https:\/\/dectron.com\/products\/dry-o-tron-dry-coolers\/"]}]},{"@type":"ImageObject","inLanguage":"fr-FR","@id":"https:\/\/dectron.com\/products\/dry-o-tron-dry-coolers\/#primaryimage","url":"https:\/\/dectron.com\/wp-content\/uploads\/2020\/04\/new-dry-coolerheader.jpg","contentUrl":"https:\/\/dectron.com\/wp-content\/uploads\/2020\/04\/new-dry-coolerheader.jpg","width":1920,"height":615,"caption":"Dectron Dry Cooler Fluid Cooled Heat Rejection"},{"@type":"BreadcrumbList","@id":"https:\/\/dectron.com\/products\/dry-o-tron-dry-coolers\/#breadcrumb","itemListElement":[{"@type":"ListItem","position":1,"name":"Produits","item":"https:\/\/dectron.com\/products\/"},{"@type":"ListItem","position":2,"name":"Refroidisseurs Dry-O-Tron"}]},{"@type":"WebSite","@id":"https:\/\/dectron.com\/#website","url":"https:\/\/dectron.com\/","name":"Dectron","description":"DRY-O-TRON","potentialAction":[{"@type":"SearchAction","target":{"@type":"EntryPoint","urlTemplate":"https:\/\/dectron.com\/?s={search_term_string}"},"query-input":{"@type":"PropertyValueSpecification","valueRequired":true,"valueName":"search_term_string"}}],"inLanguage":"fr-FR"}]}},"_links":{"self":[{"href":"https:\/\/dectron.com\/fr\/wp-json\/wp\/v2\/pages\/5090","targetHints":{"allow":["GET"]}}],"collection":[{"href":"https:\/\/dectron.com\/fr\/wp-json\/wp\/v2\/pages"}],"about":[{"href":"https:\/\/dectron.com\/fr\/wp-json\/wp\/v2\/types\/page"}],"author":[{"embeddable":true,"href":"https:\/\/dectron.com\/fr\/wp-json\/wp\/v2\/users\/6"}],"replies":[{"embeddable":true,"href":"https:\/\/dectron.com\/fr\/wp-json\/wp\/v2\/comments?post=5090"}],"version-history":[{"count":33,"href":"https:\/\/dectron.com\/fr\/wp-json\/wp\/v2\/pages\/5090\/revisions"}],"predecessor-version":[{"id":12100,"href":"https:\/\/dectron.com\/fr\/wp-json\/wp\/v2\/pages\/5090\/revisions\/12100"}],"up":[{"embeddable":true,"href":"https:\/\/dectron.com\/fr\/wp-json\/wp\/v2\/pages\/5121"}],"wp:featuredmedia":[{"embeddable":true,"href":"https:\/\/dectron.com\/fr\/wp-json\/wp\/v2\/media\/5366"}],"wp:attachment":[{"href":"https:\/\/dectron.com\/fr\/wp-json\/wp\/v2\/media?parent=5090"}],"curies":[{"name":"wp","href":"https:\/\/api.w.org\/{rel}","templated":true}]}}