{"id":5180,"date":"2017-12-07T23:49:27","date_gmt":"2017-12-08T04:49:27","guid":{"rendered":"https:\/\/dectron.com\/?page_id=5180"},"modified":"2023-12-09T11:37:45","modified_gmt":"2023-12-09T16:37:45","slug":"dry-o-tron-serie-ds-d","status":"publish","type":"page","link":"https:\/\/dectron.com\/fr\/produits\/dry-o-tron-serie-ds-d\/","title":{"rendered":"Dry-O-Tron : S\u00e9rie DS-D"},"content":{"rendered":"\t\t<div data-elementor-type=\"wp-page\" data-elementor-id=\"5180\" class=\"elementor elementor-5180 elementor-532\" data-elementor-post-type=\"page\">\n\t\t\t\t\t\t<section class=\"elementor-section elementor-top-section elementor-element elementor-element-1d17069e elementor-section-boxed elementor-section-height-default elementor-section-height-default\" data-id=\"1d17069e\" data-element_type=\"section\" data-e-type=\"section\">\n\t\t\t\t\t\t<div class=\"elementor-container elementor-column-gap-default\">\n\t\t\t\t\t<div class=\"elementor-column elementor-col-100 elementor-top-column elementor-element elementor-element-5839856\" data-id=\"5839856\" data-element_type=\"column\" data-e-type=\"column\">\n\t\t\t<div class=\"elementor-widget-wrap elementor-element-populated\">\n\t\t\t\t\t\t<div class=\"elementor-element elementor-element-7dec7947 elementor-widget elementor-widget-heading\" data-id=\"7dec7947\" data-element_type=\"widget\" data-e-type=\"widget\" data-widget_type=\"heading.default\">\n\t\t\t\t<div class=\"elementor-widget-container\">\n\t\t\t\t\t<h2 class=\"elementor-heading-title elementor-size-default\">Dry-O-Tron DS-D Series<\/h2>\t\t\t\t<\/div>\n\t\t\t\t<\/div>\n\t\t\t\t<div class=\"elementor-element elementor-element-4faab534 elementor-widget elementor-widget-heading\" data-id=\"4faab534\" data-element_type=\"widget\" data-e-type=\"widget\" data-widget_type=\"heading.default\">\n\t\t\t\t<div class=\"elementor-widget-container\">\n\t\t\t\t\t<h3 class=\"elementor-heading-title elementor-size-default\">Un concept brillant :<\/h3>\t\t\t\t<\/div>\n\t\t\t\t<\/div>\n\t\t\t\t<div class=\"elementor-element elementor-element-6a92bc12 elementor-widget elementor-widget-text-editor\" data-id=\"6a92bc12\" data-element_type=\"widget\" data-e-type=\"widget\" data-widget_type=\"text-editor.default\">\n\t\t\t\t<div class=\"elementor-widget-container\">\n\t\t\t\t\t\t\t\t\t<div class=\"kc-elm kc-css-222490 kc_text_block\"><p>Cette innovation ing\u00e9nieuse offre une capacit\u00e9 de d\u00e9shumidification deux fois plus grande qu\u2019un appareil traditionnel de m\u00eame taille. Son syst\u00e8me compact \u00e0 deux \u00e9tages combine deux syst\u00e8mes contr\u00f4l\u00e9s par une seule interface sophistiqu\u00e9e pour une performance et une capacit\u00e9 modulables.<\/p><\/div>\t\t\t\t\t\t\t\t<\/div>\n\t\t\t\t<\/div>\n\t\t\t\t<div class=\"elementor-element elementor-element-20de89e3 elementor-widget elementor-widget-heading\" data-id=\"20de89e3\" data-element_type=\"widget\" data-e-type=\"widget\" data-widget_type=\"heading.default\">\n\t\t\t\t<div class=\"elementor-widget-container\">\n\t\t\t\t\t<h3 class=\"elementor-heading-title elementor-size-default\">Parfait pour les r\u00e9nos :<\/h3>\t\t\t\t<\/div>\n\t\t\t\t<\/div>\n\t\t\t\t<div class=\"elementor-element elementor-element-662d1bb7 elementor-widget elementor-widget-text-editor\" data-id=\"662d1bb7\" data-element_type=\"widget\" data-e-type=\"widget\" data-widget_type=\"text-editor.default\">\n\t\t\t\t<div class=\"elementor-widget-container\">\n\t\t\t\t\t\t\t\t\t<p>Sp\u00e9cialement con\u00e7ue pour les travaux de r\u00e9novation, la S\u00e9rie\u00a0DS-D de Dry\u2011O\u2011Tron offre une capacit\u00e9 deux fois plus grande tout en r\u00e9duisant l\u2019empreinte au sol.<\/p><ul><li>Deux syst\u00e8mes dans un seul bo\u00eetier<\/li><li>Possibilit\u00e9 de s\u00e9parer les syst\u00e8mes et de les connecter par c\u00e2bles<\/li><li>Plus petite superficie de tous les produits de l\u2019industrie<\/li><\/ul>\t\t\t\t\t\t\t\t<\/div>\n\t\t\t\t<\/div>\n\t\t\t\t<div class=\"elementor-element elementor-element-5b6735f4 elementor-widget elementor-widget-accordion\" data-id=\"5b6735f4\" data-element_type=\"widget\" data-e-type=\"widget\" data-widget_type=\"accordion.default\">\n\t\t\t\t<div class=\"elementor-widget-container\">\n\t\t\t\t\t\t\t<div class=\"elementor-accordion\">\n\t\t\t\t\t\t\t<div class=\"elementor-accordion-item\">\n\t\t\t\t\t<div id=\"elementor-tab-title-1531\" class=\"elementor-tab-title\" data-tab=\"1\" role=\"button\" aria-controls=\"elementor-tab-content-1531\" aria-expanded=\"false\">\n\t\t\t\t\t\t\t\t\t\t\t\t<a class=\"elementor-accordion-title\" tabindex=\"0\">FAITS SAILLANTS<\/a>\n\t\t\t\t\t<\/div>\n\t\t\t\t\t<div id=\"elementor-tab-content-1531\" class=\"elementor-tab-content elementor-clearfix\" data-tab=\"1\" role=\"region\" aria-labelledby=\"elementor-tab-title-1531\"><ul class=\"clo-2\">\n \t<li>Syst\u00e8me le plus compact pour sa capacit\u00e9 d\u2019\u00e9limination de 48 \u00e0 186\u00a0livres d\u2019humidit\u00e9 \u00e0 l\u2019heure et de traitement de 2\u00a0600 \u00e0 14\u00a0400\u00a0PCM d\u2019air<\/li>\n \t<li>Mod\u00e8les\u00a004D \u00e0 07D assez compacts pour passer dans une embrasure de porte de 32\u00a0pouces tout en offrant une capacit\u00e9 d\u2019\u00e9limination de 80\u00a0livres d\u2019humidit\u00e9 \u00e0 l\u2019heure et de traitement de 7\u00a0200\u00a0PCM d\u2019air<\/li>\n \t<li>Deux syst\u00e8mes faciles \u00e0 s\u00e9parer sur place pour satisfaire aux besoins de l\u2019immeuble sans avoir besoin de modifier la tuyauterie\u00a0: il suffit d\u2019un simple faisceau de c\u00e2bles pour les connecter<\/li>\n \t<li>Option de syst\u00e8me monophas\u00e9 de 12\u00a0tonnes<\/li>\n \t<li>Acc\u00e8s bilat\u00e9ral facilitant l\u2019installation dans les espaces exigus<\/li>\n \t<li>Options d\u2019installation horizontale et verticale<\/li>\n \t<li>Multiples options d\u2019\u00e9vents pour l\u2019aspiration d\u2019air<\/li>\n \t<li>Technologie Vision\u00a02.0 de surveillance et de contr\u00f4le num\u00e9rique<\/li>\n \t<li>Syst\u00e8me de commande SuperviseAire \u00e0 \u00e9cran tactile<\/li>\n \t<li>Protection sup\u00e9rieure du compresseur<\/li>\n \t<li>R\u00e9sistance sup\u00e9rieure \u00e0 la corrosion<\/li>\n<\/ul><\/div>\n\t\t\t\t<\/div>\n\t\t\t\t\t\t\t<div class=\"elementor-accordion-item\">\n\t\t\t\t\t<div id=\"elementor-tab-title-1532\" class=\"elementor-tab-title\" data-tab=\"2\" role=\"button\" aria-controls=\"elementor-tab-content-1532\" aria-expanded=\"false\">\n\t\t\t\t\t\t\t\t\t\t\t\t<a class=\"elementor-accordion-title\" tabindex=\"0\">SP\u00c9CIFICATIONS<\/a>\n\t\t\t\t\t<\/div>\n\t\t\t\t\t<div id=\"elementor-tab-content-1532\" class=\"elementor-tab-content elementor-clearfix\" data-tab=\"2\" role=\"region\" aria-labelledby=\"elementor-tab-title-1532\"><p>\u00c0 venir.<\/p><\/div>\n\t\t\t\t<\/div>\n\t\t\t\t\t\t\t<div class=\"elementor-accordion-item\">\n\t\t\t\t\t<div id=\"elementor-tab-title-1533\" class=\"elementor-tab-title\" data-tab=\"3\" role=\"button\" aria-controls=\"elementor-tab-content-1533\" aria-expanded=\"false\">\n\t\t\t\t\t\t\t\t\t\t\t\t<a class=\"elementor-accordion-title\" tabindex=\"0\">OPTIONS<\/a>\n\t\t\t\t\t<\/div>\n\t\t\t\t\t<div id=\"elementor-tab-content-1533\" class=\"elementor-tab-content elementor-clearfix\" data-tab=\"3\" role=\"region\" aria-labelledby=\"elementor-tab-title-1533\"><ul class=\"clo-2\">\n \t<li>Chauffage de l\u2019eau<\/li>\n \t<li>R\u00e9cup\u00e9ration de la chaleur \u00e9vacu\u00e9e<\/li>\n \t<li>Mode de purge avec \u00e9conomiseur<\/li>\n \t<li>Climatisation\u00a0: refroidissement par air ou par eau, condensateur s\u00e9par\u00e9 ou compos\u00e9<\/li>\n \t<li>Chauffage \u00e0 air d\u2019appoint\u00a0: par eau chaude, \u00e9lectricit\u00e9, vapeur ou gaz<\/li>\n \t<li>Registre motoris\u00e9 ext\u00e9rieur connect\u00e9 \u00e0 l\u2019horloge interne pour une mise en marche et un arr\u00eat automatiques<\/li>\n \t<li>Ventilation ext\u00e9rieure int\u00e9gr\u00e9e comprenant un filtre et un registre \u00e0 r\u00e9glage manuel<\/li>\n \t<li>Version am\u00e9lior\u00e9e avec filtre\u00a0MERV-13<\/li>\n<\/ul><\/div>\n\t\t\t\t<\/div>\n\t\t\t\t\t\t\t<div class=\"elementor-accordion-item\">\n\t\t\t\t\t<div id=\"elementor-tab-title-1534\" class=\"elementor-tab-title\" data-tab=\"4\" role=\"button\" aria-controls=\"elementor-tab-content-1534\" aria-expanded=\"false\">\n\t\t\t\t\t\t\t\t\t\t\t\t<a class=\"elementor-accordion-title\" tabindex=\"0\">CARACT\u00c9RISTIQUES DE BASE<\/a>\n\t\t\t\t\t<\/div>\n\t\t\t\t\t<div id=\"elementor-tab-content-1534\" class=\"elementor-tab-content elementor-clearfix\" data-tab=\"4\" role=\"region\" aria-labelledby=\"elementor-tab-title-1534\"><ul class=\"clo-2\">\n \t<li>Technologie Vision\u00a02.0 de surveillance et de contr\u00f4le num\u00e9rique\n<ul>\n \t<li>D\u00e9marrage pr\u00e9r\u00e9gl\u00e9 en usine et entretien \u00e0 distance par Internet<\/li>\n \t<li>Suivi de la performance en tout temps<\/li>\n \t<li>Envoi d\u2019un courriel de mise en garde en cas de probl\u00e8me<\/li>\n \t<li>Acc\u00e8s et contr\u00f4le \u00e0 distance par Internet<\/li>\n \t<li>Acc\u00e8s et contr\u00f4le \u00e0 distance par t\u00e9l\u00e9phone intelligent<\/li>\n<\/ul>\n<\/li>\n \t<li>Garantie unique d\u2019un an sur la main-d\u2019\u0153uvre offerte avec la technologie\u00a0Vision\u00a02.0<\/li>\n \t<li>Garantie de deux ans sur les pi\u00e8ces<\/li>\n \t<li>Syst\u00e8me de commande SuperviseAire avec interface tactile en option\n<ul>\n \t<li>Contr\u00f4leur le plus performant et le plus sophistiqu\u00e9 de l\u2019industrie<\/li>\n \t<li>Connexion BACnet, LON et Modbus int\u00e9gr\u00e9e<\/li>\n<\/ul>\n<\/li>\n \t<li>Compartiment d\u2019entretien externe au syst\u00e8me d\u2019\u00e9coulement d\u2019air sur tous les appareils\n<ul>\n \t<li>Composants essentiels externes au syst\u00e8me d\u2019\u00e9coulement d\u2019air chlor\u00e9<\/li>\n \t<li>Induction \u00e0 courant alternatif pour une performance optimale sans gain de chaleur des composants<\/li>\n \t<li>Entretien facile m\u00eame lorsque l\u2019appareil est en marche<\/li>\n<\/ul>\n<\/li>\n \t<li>Ventilateurs \u00e0 entra\u00eenement direct et chambre de distribution munis d\u2019un aileron inclin\u00e9\n<ul>\n \t<li>Syst\u00e8me silencieux, efficace, fiable et \u00e9co\u00e9nerg\u00e9tique<\/li>\n \t<li>Pression statique \u00e9lev\u00e9e<\/li>\n \t<li>Fonctionnement \u00e9co\u00e9nerg\u00e9tique et silencieux<\/li>\n \t<li>Option d\u2019installation par le fabricant d\u2019un syst\u00e8me de chauffage auxiliaire<\/li>\n \t<li>Options infinies de raccord des conduits d\u2019air souffl\u00e9<\/li>\n \t<li>Aucune courroie \u00e0 ajuster, entretenir ou remplacer<\/li>\n<\/ul>\n<\/li>\n \t<li>Ailettes et serpentins enti\u00e8rement tremp\u00e9s pour une protection assur\u00e9e contre la corrosion<\/li>\n \t<li>Protection sup\u00e9rieure du compresseur\n<ul>\n \t<li>Aspiration et \u00e9coulement r\u00e9gul\u00e9 par la pression du syst\u00e8me de refroidissement \u2013\u00a0unique aux produits Dectron<\/li>\n \t<li>Surveillance continue de la pression g\u00e9n\u00e9r\u00e9e par l\u2019aspiration et l\u2019\u00e9coulement<\/li>\n \t<li>\u00c9vacuation du liquide refroidissant, chauffe-carter et r\u00e9gulateur de tension<\/li>\n \t<li>Bouteille anti-coup de liquide, d\u00e9shuileur et jauge d\u2019huile<\/li>\n<\/ul>\n<\/li>\n \t<li>Hublots donnant sur les r\u00e9servoirs pour un approvisionnement facile des deux syst\u00e8mes<\/li>\n \t<li>Syst\u00e8mes \u00e0 compresseurs multiples pour un contr\u00f4le \u00e9tag\u00e9<\/li>\n \t<li>Multiples options d\u2019\u00e9vents pour l\u2019aspiration et l\u2019\u00e9vacuation d\u2019air<\/li>\n \t<li>Compartiment m\u00e9canique externe au syst\u00e8me d\u2019\u00e9coulement d\u2019air pour un entretien facile<\/li>\n \t<li>Options d\u2019installation invers\u00e9e permettant d\u2019adapter tous les mod\u00e8les selon la disposition des gaines et conduits d\u2019air<\/li>\n \t<li>Bo\u00eetier \u00e0 la fine pointe de l\u2019industrie<\/li>\n \t<li>Registre de d\u00e9rivation des \u00e9vaporateurs motoris\u00e9s pour une capacit\u00e9 accrue et une performance optimale<\/li>\n \t<li>Filtres\u00a0MERV-8<\/li>\n<\/ul><\/div>\n\t\t\t\t<\/div>\n\t\t\t\t\t\t\t<div class=\"elementor-accordion-item\">\n\t\t\t\t\t<div id=\"elementor-tab-title-1535\" class=\"elementor-tab-title\" data-tab=\"5\" role=\"button\" aria-controls=\"elementor-tab-content-1535\" aria-expanded=\"false\">\n\t\t\t\t\t\t\t\t\t\t\t\t<a class=\"elementor-accordion-title\" tabindex=\"0\">T\u00c9L\u00c9CHARGEMENTS<\/a>\n\t\t\t\t\t<\/div>\n\t\t\t\t\t<div id=\"elementor-tab-content-1535\" class=\"elementor-tab-content elementor-clearfix\" data-tab=\"5\" role=\"region\" aria-labelledby=\"elementor-tab-title-1535\"><a href=\"https:\/\/dectron.com\/wp-content\/uploads\/2019\/11\/Dectron-DS-D-Series_fr.pdf\" target=\"_blank\" rel=\"noopener\"><img decoding=\"async\" src=\"https:\/\/dectron.com\/wp-content\/uploads\/2018\/04\/DS-D-Series-Brochure-image-e1523448421947.png\" width=\"150\" height=\"194\" \/><\/a><br>\n\n<a href=\"https:\/\/dectron.com\/wp-content\/uploads\/2019\/11\/Dectron-DS-D-Series_fr.pdf\"><strong>S\u00e9rie DS\nde Dry\u2011O\u2011Tron\nde <strong>Dectron<\/strong><\/strong><\/a><\/div>\n\t\t\t\t<\/div>\n\t\t\t\t\t\t\t\t<\/div>\n\t\t\t\t\t\t<\/div>\n\t\t\t\t<\/div>\n\t\t\t\t\t<\/div>\n\t\t<\/div>\n\t\t\t\t\t<\/div>\n\t\t<\/section>\n\t\t\t\t<section class=\"elementor-section elementor-top-section elementor-element elementor-element-4443929f elementor-section-boxed elementor-section-height-default elementor-section-height-default\" data-id=\"4443929f\" data-element_type=\"section\" data-e-type=\"section\">\n\t\t\t\t\t\t<div class=\"elementor-container elementor-column-gap-default\">\n\t\t\t\t\t<div class=\"elementor-column elementor-col-100 elementor-top-column elementor-element elementor-element-dad262f\" data-id=\"dad262f\" data-element_type=\"column\" data-e-type=\"column\">\n\t\t\t<div class=\"elementor-widget-wrap\">\n\t\t\t\t\t\t\t<\/div>\n\t\t<\/div>\n\t\t\t\t\t<\/div>\n\t\t<\/section>\n\t\t\t\t<\/div>\n\t\t","protected":false},"excerpt":{"rendered":"<p>Dry-O-Tron DS-D Series Un concept brillant : Cette innovation ing\u00e9nieuse offre une capacit\u00e9 de d\u00e9shumidification deux fois plus grande qu\u2019un appareil traditionnel de m\u00eame taille. Son syst\u00e8me compact \u00e0 deux \u00e9tages combine deux syst\u00e8mes contr\u00f4l\u00e9s par une seule interface sophistiqu\u00e9e pour une performance et une capacit\u00e9 modulables. Parfait pour les r\u00e9nos : Sp\u00e9cialement con\u00e7ue pour [&hellip;]<\/p>\n","protected":false},"author":6,"featured_media":9230,"parent":5121,"menu_order":0,"comment_status":"closed","ping_status":"closed","template":"","meta":{"_acf_changed":false,"footnotes":""},"class_list":["post-5180","page","type-page","status-publish","has-post-thumbnail","hentry"],"acf":[],"yoast_head":"<!-- This site is optimized with the Yoast SEO plugin v27.1.1 - https:\/\/yoast.com\/product\/yoast-seo-wordpress\/ -->\n<title>Dry-O-Tron : S\u00e9rie DS-D - Dectron<\/title>\n<meta name=\"robots\" content=\"index, follow, max-snippet:-1, max-image-preview:large, max-video-preview:-1\" \/>\n<link rel=\"canonical\" href=\"https:\/\/dectron.com\/fr\/produits\/dry-o-tron-serie-ds-d\/\" \/>\n<meta property=\"og:locale\" content=\"fr_FR\" \/>\n<meta property=\"og:type\" content=\"article\" \/>\n<meta property=\"og:title\" content=\"Dry-O-Tron : S\u00e9rie DS-D - Dectron\" \/>\n<meta property=\"og:description\" content=\"Dry-O-Tron DS-D Series Un concept brillant : Cette innovation ing\u00e9nieuse offre une capacit\u00e9 de d\u00e9shumidification deux fois plus grande qu\u2019un appareil traditionnel de m\u00eame taille. Son syst\u00e8me compact \u00e0 deux \u00e9tages combine deux syst\u00e8mes contr\u00f4l\u00e9s par une seule interface sophistiqu\u00e9e pour une performance et une capacit\u00e9 modulables. Parfait pour les r\u00e9nos : Sp\u00e9cialement con\u00e7ue pour [&hellip;]\" \/>\n<meta property=\"og:url\" content=\"https:\/\/dectron.com\/fr\/produits\/dry-o-tron-serie-ds-d\/\" \/>\n<meta property=\"og:site_name\" content=\"Dectron\" \/>\n<meta property=\"article:modified_time\" content=\"2023-12-09T16:37:45+00:00\" \/>\n<meta property=\"og:image\" content=\"https:\/\/dectron.com\/wp-content\/uploads\/2023\/02\/banner-dry-o-tron-ds2-d2.png\" \/>\n\t<meta property=\"og:image:width\" content=\"1365\" \/>\n\t<meta property=\"og:image:height\" content=\"433\" \/>\n\t<meta property=\"og:image:type\" content=\"image\/png\" \/>\n<meta name=\"twitter:card\" content=\"summary_large_image\" \/>\n<meta name=\"twitter:label1\" content=\"Dur\u00e9e de lecture estim\u00e9e\" \/>\n\t<meta name=\"twitter:data1\" content=\"4 minutes\" \/>\n<script type=\"application\/ld+json\" class=\"yoast-schema-graph\">{\"@context\":\"https:\/\/schema.org\",\"@graph\":[{\"@type\":\"WebPage\",\"@id\":\"https:\/\/dectron.com\/fr\/produits\/dry-o-tron-serie-ds-d\/\",\"url\":\"https:\/\/dectron.com\/fr\/produits\/dry-o-tron-serie-ds-d\/\",\"name\":\"Dry-O-Tron : S\u00e9rie DS-D - Dectron\",\"isPartOf\":{\"@id\":\"https:\/\/dectron.com\/#website\"},\"primaryImageOfPage\":{\"@id\":\"https:\/\/dectron.com\/fr\/produits\/dry-o-tron-serie-ds-d\/#primaryimage\"},\"image\":{\"@id\":\"https:\/\/dectron.com\/fr\/produits\/dry-o-tron-serie-ds-d\/#primaryimage\"},\"thumbnailUrl\":\"https:\/\/dectron.com\/wp-content\/uploads\/2023\/02\/banner-dry-o-tron-ds2-d2.png\",\"datePublished\":\"2017-12-08T04:49:27+00:00\",\"dateModified\":\"2023-12-09T16:37:45+00:00\",\"breadcrumb\":{\"@id\":\"https:\/\/dectron.com\/fr\/produits\/dry-o-tron-serie-ds-d\/#breadcrumb\"},\"inLanguage\":\"fr-FR\",\"potentialAction\":[{\"@type\":\"ReadAction\",\"target\":[\"https:\/\/dectron.com\/fr\/produits\/dry-o-tron-serie-ds-d\/\"]}]},{\"@type\":\"ImageObject\",\"inLanguage\":\"fr-FR\",\"@id\":\"https:\/\/dectron.com\/fr\/produits\/dry-o-tron-serie-ds-d\/#primaryimage\",\"url\":\"https:\/\/dectron.com\/wp-content\/uploads\/2023\/02\/banner-dry-o-tron-ds2-d2.png\",\"contentUrl\":\"https:\/\/dectron.com\/wp-content\/uploads\/2023\/02\/banner-dry-o-tron-ds2-d2.png\",\"width\":1365,\"height\":433},{\"@type\":\"BreadcrumbList\",\"@id\":\"https:\/\/dectron.com\/fr\/produits\/dry-o-tron-serie-ds-d\/#breadcrumb\",\"itemListElement\":[{\"@type\":\"ListItem\",\"position\":1,\"name\":\"Produits\",\"item\":\"https:\/\/dectron.com\/products\/\"},{\"@type\":\"ListItem\",\"position\":2,\"name\":\"Dry-O-Tron : S\u00e9rie DS-D\"}]},{\"@type\":\"WebSite\",\"@id\":\"https:\/\/dectron.com\/#website\",\"url\":\"https:\/\/dectron.com\/\",\"name\":\"Dectron\",\"description\":\"DRY-O-TRON\",\"potentialAction\":[{\"@type\":\"SearchAction\",\"target\":{\"@type\":\"EntryPoint\",\"urlTemplate\":\"https:\/\/dectron.com\/?s={search_term_string}\"},\"query-input\":{\"@type\":\"PropertyValueSpecification\",\"valueRequired\":true,\"valueName\":\"search_term_string\"}}],\"inLanguage\":\"fr-FR\"}]}<\/script>\n<!-- \/ Yoast SEO plugin. -->","yoast_head_json":{"title":"Dry-O-Tron : S\u00e9rie DS-D - Dectron","robots":{"index":"index","follow":"follow","max-snippet":"max-snippet:-1","max-image-preview":"max-image-preview:large","max-video-preview":"max-video-preview:-1"},"canonical":"https:\/\/dectron.com\/fr\/produits\/dry-o-tron-serie-ds-d\/","og_locale":"fr_FR","og_type":"article","og_title":"Dry-O-Tron : S\u00e9rie DS-D - Dectron","og_description":"Dry-O-Tron DS-D Series Un concept brillant : Cette innovation ing\u00e9nieuse offre une capacit\u00e9 de d\u00e9shumidification deux fois plus grande qu\u2019un appareil traditionnel de m\u00eame taille. Son syst\u00e8me compact \u00e0 deux \u00e9tages combine deux syst\u00e8mes contr\u00f4l\u00e9s par une seule interface sophistiqu\u00e9e pour une performance et une capacit\u00e9 modulables. Parfait pour les r\u00e9nos : Sp\u00e9cialement con\u00e7ue pour [&hellip;]","og_url":"https:\/\/dectron.com\/fr\/produits\/dry-o-tron-serie-ds-d\/","og_site_name":"Dectron","article_modified_time":"2023-12-09T16:37:45+00:00","og_image":[{"width":1365,"height":433,"url":"https:\/\/dectron.com\/wp-content\/uploads\/2023\/02\/banner-dry-o-tron-ds2-d2.png","type":"image\/png"}],"twitter_card":"summary_large_image","twitter_misc":{"Dur\u00e9e de lecture estim\u00e9e":"4 minutes"},"schema":{"@context":"https:\/\/schema.org","@graph":[{"@type":"WebPage","@id":"https:\/\/dectron.com\/fr\/produits\/dry-o-tron-serie-ds-d\/","url":"https:\/\/dectron.com\/fr\/produits\/dry-o-tron-serie-ds-d\/","name":"Dry-O-Tron : S\u00e9rie DS-D - Dectron","isPartOf":{"@id":"https:\/\/dectron.com\/#website"},"primaryImageOfPage":{"@id":"https:\/\/dectron.com\/fr\/produits\/dry-o-tron-serie-ds-d\/#primaryimage"},"image":{"@id":"https:\/\/dectron.com\/fr\/produits\/dry-o-tron-serie-ds-d\/#primaryimage"},"thumbnailUrl":"https:\/\/dectron.com\/wp-content\/uploads\/2023\/02\/banner-dry-o-tron-ds2-d2.png","datePublished":"2017-12-08T04:49:27+00:00","dateModified":"2023-12-09T16:37:45+00:00","breadcrumb":{"@id":"https:\/\/dectron.com\/fr\/produits\/dry-o-tron-serie-ds-d\/#breadcrumb"},"inLanguage":"fr-FR","potentialAction":[{"@type":"ReadAction","target":["https:\/\/dectron.com\/fr\/produits\/dry-o-tron-serie-ds-d\/"]}]},{"@type":"ImageObject","inLanguage":"fr-FR","@id":"https:\/\/dectron.com\/fr\/produits\/dry-o-tron-serie-ds-d\/#primaryimage","url":"https:\/\/dectron.com\/wp-content\/uploads\/2023\/02\/banner-dry-o-tron-ds2-d2.png","contentUrl":"https:\/\/dectron.com\/wp-content\/uploads\/2023\/02\/banner-dry-o-tron-ds2-d2.png","width":1365,"height":433},{"@type":"BreadcrumbList","@id":"https:\/\/dectron.com\/fr\/produits\/dry-o-tron-serie-ds-d\/#breadcrumb","itemListElement":[{"@type":"ListItem","position":1,"name":"Produits","item":"https:\/\/dectron.com\/products\/"},{"@type":"ListItem","position":2,"name":"Dry-O-Tron : S\u00e9rie DS-D"}]},{"@type":"WebSite","@id":"https:\/\/dectron.com\/#website","url":"https:\/\/dectron.com\/","name":"Dectron","description":"DRY-O-TRON","potentialAction":[{"@type":"SearchAction","target":{"@type":"EntryPoint","urlTemplate":"https:\/\/dectron.com\/?s={search_term_string}"},"query-input":{"@type":"PropertyValueSpecification","valueRequired":true,"valueName":"search_term_string"}}],"inLanguage":"fr-FR"}]}},"_links":{"self":[{"href":"https:\/\/dectron.com\/fr\/wp-json\/wp\/v2\/pages\/5180","targetHints":{"allow":["GET"]}}],"collection":[{"href":"https:\/\/dectron.com\/fr\/wp-json\/wp\/v2\/pages"}],"about":[{"href":"https:\/\/dectron.com\/fr\/wp-json\/wp\/v2\/types\/page"}],"author":[{"embeddable":true,"href":"https:\/\/dectron.com\/fr\/wp-json\/wp\/v2\/users\/6"}],"replies":[{"embeddable":true,"href":"https:\/\/dectron.com\/fr\/wp-json\/wp\/v2\/comments?post=5180"}],"version-history":[{"count":35,"href":"https:\/\/dectron.com\/fr\/wp-json\/wp\/v2\/pages\/5180\/revisions"}],"predecessor-version":[{"id":10336,"href":"https:\/\/dectron.com\/fr\/wp-json\/wp\/v2\/pages\/5180\/revisions\/10336"}],"up":[{"embeddable":true,"href":"https:\/\/dectron.com\/fr\/wp-json\/wp\/v2\/pages\/5121"}],"wp:featuredmedia":[{"embeddable":true,"href":"https:\/\/dectron.com\/fr\/wp-json\/wp\/v2\/media\/9230"}],"wp:attachment":[{"href":"https:\/\/dectron.com\/fr\/wp-json\/wp\/v2\/media?parent=5180"}],"curies":[{"name":"wp","href":"https:\/\/api.w.org\/{rel}","templated":true}]}}