{"id":5199,"date":"2017-12-07T23:48:42","date_gmt":"2017-12-08T04:48:42","guid":{"rendered":"https:\/\/dectron.com\/?page_id=5199"},"modified":"2025-06-03T10:32:40","modified_gmt":"2025-06-03T14:32:40","slug":"dry-o-tron-serie-ds","status":"publish","type":"page","link":"https:\/\/dectron.com\/fr\/produits\/dry-o-tron-serie-ds\/","title":{"rendered":"<strong>Dry-O-Tron<\/strong> : S\u00e9rie DS"},"content":{"rendered":"\t\t<div data-elementor-type=\"wp-page\" data-elementor-id=\"5199\" class=\"elementor elementor-5199 elementor-530\" data-elementor-post-type=\"page\">\n\t\t\t\t\t\t<section class=\"elementor-section elementor-top-section elementor-element elementor-element-426a82c elementor-section-boxed elementor-section-height-default elementor-section-height-default\" data-id=\"426a82c\" data-element_type=\"section\" data-e-type=\"section\">\n\t\t\t\t\t\t<div class=\"elementor-container elementor-column-gap-default\">\n\t\t\t\t\t<div class=\"elementor-column elementor-col-100 elementor-top-column elementor-element elementor-element-16a4d2ff\" data-id=\"16a4d2ff\" data-element_type=\"column\" data-e-type=\"column\">\n\t\t\t<div class=\"elementor-widget-wrap elementor-element-populated\">\n\t\t\t\t\t\t<div class=\"elementor-element elementor-element-ee28076 elementor-widget elementor-widget-heading\" data-id=\"ee28076\" data-element_type=\"widget\" data-e-type=\"widget\" data-widget_type=\"heading.default\">\n\t\t\t\t<div class=\"elementor-widget-container\">\n\t\t\t\t\t<h2 class=\"elementor-heading-title elementor-size-default\"><strong>Dry-O-Tron<\/strong> : S\u00e9rie DS\n<\/h2>\t\t\t\t<\/div>\n\t\t\t\t<\/div>\n\t\t\t\t<div class=\"elementor-element elementor-element-9be403b elementor-widget elementor-widget-heading\" data-id=\"9be403b\" data-element_type=\"widget\" data-e-type=\"widget\" data-widget_type=\"heading.default\">\n\t\t\t\t<div class=\"elementor-widget-container\">\n\t\t\t\t\t<h3 class=\"elementor-heading-title elementor-size-default\">Une technologie de d\u00e9shumidification r\u00e9volutionnaire<\/h3>\t\t\t\t<\/div>\n\t\t\t\t<\/div>\n\t\t\t\t<div class=\"elementor-element elementor-element-26652a4 elementor-widget elementor-widget-text-editor\" data-id=\"26652a4\" data-element_type=\"widget\" data-e-type=\"widget\" data-widget_type=\"text-editor.default\">\n\t\t\t\t<div class=\"elementor-widget-container\">\n\t\t\t\t\t\t\t\t\t<div class=\"kc-elm kc-css-886866 kc_text_block\"><p>La S\u00e9rie DS de\u00a0<strong>Dry\u2011O\u2011Tron<\/strong>\u00a0est ce qui se fait de mieux dans l\u2019industrie du d\u00e9shumidificateur \u00e0 compression. Sa technologie et sa conception exceptionnelles, combin\u00e9es \u00e0 ses composants de premi\u00e8re qualit\u00e9, font de la S\u00e9rie DS de\u00a0<strong>Dry\u2011O\u2011Tron<\/strong>\u00a0une gamme \u00e0 la fois \u00e9co\u00e9nerg\u00e9tique et extr\u00eamement fiable. Une unit\u00e9 de la S\u00e9rie DS de\u00a0<strong>Dry\u2011O\u2011Tron<\/strong> peut \u00e9liminer de 12 \u00e0 120\u00a0livres d\u2019humidit\u00e9 \u00e0 l\u2019heure et traiter de 600 \u00e0 8\u00a0000\u00a0PCM d\u2019air. Si vos besoins exigent une capacit\u00e9 plus \u00e9lev\u00e9e, nous vous conseillons de passer \u00e0 la S\u00e9rie LEEDeRMD.<\/p><\/div>\t\t\t\t\t\t\t\t<\/div>\n\t\t\t\t<\/div>\n\t\t\t\t<div class=\"elementor-element elementor-element-59a2526 elementor-widget elementor-widget-heading\" data-id=\"59a2526\" data-element_type=\"widget\" data-e-type=\"widget\" data-widget_type=\"heading.default\">\n\t\t\t\t<div class=\"elementor-widget-container\">\n\t\t\t\t\t<h3 class=\"elementor-heading-title elementor-size-default\">Des produits complets, du plus petit au plus grand<\/h3>\t\t\t\t<\/div>\n\t\t\t\t<\/div>\n\t\t\t\t<div class=\"elementor-element elementor-element-c8e1a32 elementor-widget elementor-widget-text-editor\" data-id=\"c8e1a32\" data-element_type=\"widget\" data-e-type=\"widget\" data-widget_type=\"text-editor.default\">\n\t\t\t\t<div class=\"elementor-widget-container\">\n\t\t\t\t\t\t\t\t\t<p>Notre gamme se d\u00e9cline en trois formats dot\u00e9s d\u2019innovations conceptuelles, de fonctionnalit\u00e9s standards et de caract\u00e9ristiques uniques que vous ne trouverez pas chez nos concurrents.<\/p><p>Maison, spa, h\u00f4tel, \u00e9cole ou YMCA\u00a0: avec sa multitude d\u2019options et sa polyvalence, la\u00a0<strong>S\u00e9rie\u00a0DS de Dry\u2011O\u2011Tron<\/strong>\u00a0saura r\u00e9pondre \u00e0 vos besoins. D\u2019autant plus qu\u2019elle est con\u00e7ue pour \u00eatre combin\u00e9e \u00e0 un syst\u00e8me d\u2019\u00e9limination des chloramines pour une performance optimale.<\/p>\t\t\t\t\t\t\t\t<\/div>\n\t\t\t\t<\/div>\n\t\t\t\t<div class=\"elementor-element elementor-element-769cc40 elementor-widget elementor-widget-accordion\" data-id=\"769cc40\" data-element_type=\"widget\" data-e-type=\"widget\" data-widget_type=\"accordion.default\">\n\t\t\t\t<div class=\"elementor-widget-container\">\n\t\t\t\t\t\t\t<div class=\"elementor-accordion\">\n\t\t\t\t\t\t\t<div class=\"elementor-accordion-item\">\n\t\t\t\t\t<div id=\"elementor-tab-title-1241\" class=\"elementor-tab-title\" data-tab=\"1\" role=\"button\" aria-controls=\"elementor-tab-content-1241\" aria-expanded=\"false\">\n\t\t\t\t\t\t\t\t\t\t\t\t<a class=\"elementor-accordion-title\" tabindex=\"0\">FAITS SAILLANTS<\/a>\n\t\t\t\t\t<\/div>\n\t\t\t\t\t<div id=\"elementor-tab-content-1241\" class=\"elementor-tab-content elementor-clearfix\" data-tab=\"1\" role=\"region\" aria-labelledby=\"elementor-tab-title-1241\"><ul class=\"clo-2\"><li>Technologie et conception exceptionnelles<\/li><li>Composants de qualit\u00e9 sup\u00e9rieure<\/li><li>Technologie Vision\u00a02.0 de surveillance et de contr\u00f4le num\u00e9rique<\/li><li>Syst\u00e8me de commande SuperviseAire \u00e0 \u00e9cran tactile<\/li><li>Protection sup\u00e9rieure du compresseur<\/li><li>R\u00e9sistance sup\u00e9rieure \u00e0 la corrosion<\/li><li>Conception personnalisable pour une installation verticale ou horizontale<\/li><li>Raccords de tuyaux flexibles\u00a0: sur le dessus, le dessous et les c\u00f4t\u00e9s de la plupart des appareils<\/li><li>Plus petite superficie de tous les produits de l\u2019industrie<\/li><li>Compartiment m\u00e9canique externe au syst\u00e8me d\u2019\u00e9coulement d\u2019air sur tous les appareils<ul><li>accro\u00eet l\u2019efficacit\u00e9 de l\u2019appareil<\/li><li>facilite l\u2019acc\u00e8s pour le personnel d\u2019entretien<\/li><li>prot\u00e8ge les composants essentiels de l\u2019humidit\u00e9 et des produits chimiques du syst\u00e8me d\u2019\u00e9coulement d\u2019air<\/li><\/ul><\/li><\/ul><\/div>\n\t\t\t\t<\/div>\n\t\t\t\t\t\t\t<div class=\"elementor-accordion-item\">\n\t\t\t\t\t<div id=\"elementor-tab-title-1242\" class=\"elementor-tab-title\" data-tab=\"2\" role=\"button\" aria-controls=\"elementor-tab-content-1242\" aria-expanded=\"false\">\n\t\t\t\t\t\t\t\t\t\t\t\t<a class=\"elementor-accordion-title\" tabindex=\"0\">SP\u00c9CIFICATIONS<\/a>\n\t\t\t\t\t<\/div>\n\t\t\t\t\t<div id=\"elementor-tab-content-1242\" class=\"elementor-tab-content elementor-clearfix\" data-tab=\"2\" role=\"region\" aria-labelledby=\"elementor-tab-title-1242\"><p>\u00c0 venir.<\/p><\/div>\n\t\t\t\t<\/div>\n\t\t\t\t\t\t\t<div class=\"elementor-accordion-item\">\n\t\t\t\t\t<div id=\"elementor-tab-title-1243\" class=\"elementor-tab-title\" data-tab=\"3\" role=\"button\" aria-controls=\"elementor-tab-content-1243\" aria-expanded=\"false\">\n\t\t\t\t\t\t\t\t\t\t\t\t<a class=\"elementor-accordion-title\" tabindex=\"0\">OPTIONS<\/a>\n\t\t\t\t\t<\/div>\n\t\t\t\t\t<div id=\"elementor-tab-content-1243\" class=\"elementor-tab-content elementor-clearfix\" data-tab=\"3\" role=\"region\" aria-labelledby=\"elementor-tab-title-1243\"><ul class=\"clo-2\"><li>Chauffage de l\u2019eau<\/li><li>R\u00e9cup\u00e9ration de la chaleur \u00e9vacu\u00e9e<\/li><li>Mode de purge avec \u00e9conomiseur<\/li><li>Climatisation\u00a0: refroidissement par air ou par eau, condensateur s\u00e9par\u00e9 ou compos\u00e9<\/li><li>Chauffage \u00e0 air d\u2019appoint\u00a0: par eau chaude, \u00e9lectricit\u00e9, vapeur ou gaz<\/li><li>Registre motoris\u00e9 ext\u00e9rieur connect\u00e9 \u00e0 l\u2019horloge int\u00e9gr\u00e9 pour une mise en marche et un arr\u00eat automatique<\/li><li>Ventilation ext\u00e9rieure int\u00e9gr\u00e9e comprenant un filtre et un registre \u00e0 r\u00e9glage manuel<\/li><li>Version am\u00e9lior\u00e9e avec filtre\u00a0MERV-13<\/li><\/ul><\/div>\n\t\t\t\t<\/div>\n\t\t\t\t\t\t\t<div class=\"elementor-accordion-item\">\n\t\t\t\t\t<div id=\"elementor-tab-title-1244\" class=\"elementor-tab-title\" data-tab=\"4\" role=\"button\" aria-controls=\"elementor-tab-content-1244\" aria-expanded=\"false\">\n\t\t\t\t\t\t\t\t\t\t\t\t<a class=\"elementor-accordion-title\" tabindex=\"0\">CARACT\u00c9RISTIQUES DE BASE<\/a>\n\t\t\t\t\t<\/div>\n\t\t\t\t\t<div id=\"elementor-tab-content-1244\" class=\"elementor-tab-content elementor-clearfix\" data-tab=\"4\" role=\"region\" aria-labelledby=\"elementor-tab-title-1244\"><ul class=\"clo-2\"><li>Technologie\u00a0Vision\u00a02.0 de surveillance et contr\u00f4le num\u00e9rique<ul><li>D\u00e9marrage pr\u00e9r\u00e9gl\u00e9 en usine et entretien \u00e0 distance par Internet<\/li><li>Suivi de la performance en tout temps<\/li><li>Envoi d\u2019un courriel de mise en garde en cas de probl\u00e8me<\/li><li>Acc\u00e8s et contr\u00f4le \u00e0 distance par Internet<\/li><li>Acc\u00e8s et contr\u00f4le \u00e0 distance par t\u00e9l\u00e9phone intelligent<\/li><\/ul><\/li><li>Garantie unique d\u2019un an sur la main-d\u2019\u0153uvre offerte avec la technologie\u00a0Vision\u00a02.0<\/li><li>Garantie de deux ans sur les pi\u00e8ces<\/li><li>Syst\u00e8me de commande SuperviseAire avec interface tactile en option<ul><li>Composants essentiels externes au syst\u00e8me d\u2019\u00e9coulement d\u2019air chlor\u00e9<\/li><li>Connexion BACnet, LON et Modbus int\u00e9gr\u00e9e<\/li><\/ul><\/li><li>Compartiment d\u2019entretien externe au syst\u00e8me d\u2019\u00e9coulement d\u2019air sur tous les appareils<ul><li>Composants essentiels externes au syst\u00e8me d\u2019\u00e9coulement d\u2019air chlor\u00e9<\/li><li>Induction \u00e0 courant alternatif pour une performance optimale sans gain de chaleur des composants<\/li><li>Entretien facile m\u00eame lorsque l\u2019appareil est en marche<\/li><\/ul><\/li><li>Ventilateurs \u00e0 entra\u00eenement direct et chambre de distribution munis d\u2019un aileron inclin\u00e9<ul><li>Syst\u00e8me silencieux, efficace, fiable et \u00e9co\u00e9nerg\u00e9tique<\/li><li>Pression statique \u00e9lev\u00e9e<\/li><li>Fonctionnement \u00e9co\u00e9nerg\u00e9tique et silencieux<\/li><li>Option d\u2019installation par le fabricant d\u2019un syst\u00e8me de chauffage auxiliaire<\/li><li>Options infinies de raccords des conduits d\u2019air souffl\u00e9<\/li><li>Aucune courroie \u00e0 ajuster, entretenir ou remplacer<\/li><\/ul><\/li><li>Ailettes et serpentins enti\u00e8rement tremp\u00e9s pour une protection assur\u00e9e contre la corrosion<\/li><li>Protection sup\u00e9rieure du compresseur<ul><li>Aspiration et \u00e9coulement r\u00e9gul\u00e9 par la pression du syst\u00e8me de refroidissement<\/li><li>Surveillance continue de la pression g\u00e9n\u00e9r\u00e9e par l\u2019aspiration et l\u2019\u00e9coulement<\/li><li>\u00c9vacuation du liquide refroidissant, chauffe-carter et r\u00e9gulateur de tension<\/li><li>Bouteille anti-coup de liquide, d\u00e9shuileur et jauge d\u2019huile<\/li><\/ul><\/li><li>Hublots donnant sur les r\u00e9servoirs pour un approvisionnement facile des divers syst\u00e8mes<\/li><li>Multiples options d\u2019\u00e9vents pour l\u2019aspiration et l\u2019\u00e9vacuation d\u2019air<\/li><li>Options d\u2019installation invers\u00e9e permettant d\u2019adapter tous les mod\u00e8les selon la disposition des gaines et conduits d\u2019air<\/li><li>Bo\u00eetier \u00e0 la fine pointe de l\u2019industrie<\/li><li>Condensateur \u00e0 air ou refroidisseur ext\u00e9rieur s\u00e9par\u00e9 ou compos\u00e9<\/li><li>Option d\u2019installation directement sur le toit ou sur une dalle<\/li><li>Registre de d\u00e9rivation des \u00e9vaporateurs motoris\u00e9s pour une capacit\u00e9 accrue et une performance optimale<\/li><li>Filtres\u00a0MERV-8<\/li><\/ul><\/div>\n\t\t\t\t<\/div>\n\t\t\t\t\t\t\t<div class=\"elementor-accordion-item\">\n\t\t\t\t\t<div id=\"elementor-tab-title-1245\" class=\"elementor-tab-title\" data-tab=\"5\" role=\"button\" aria-controls=\"elementor-tab-content-1245\" aria-expanded=\"false\">\n\t\t\t\t\t\t\t\t\t\t\t\t<a class=\"elementor-accordion-title\" tabindex=\"0\">T\u00c9L\u00c9CHARGEMENTS<\/a>\n\t\t\t\t\t<\/div>\n\t\t\t\t\t<div id=\"elementor-tab-content-1245\" class=\"elementor-tab-content elementor-clearfix\" data-tab=\"5\" role=\"region\" aria-labelledby=\"elementor-tab-title-1245\"><a href=\"https:\/\/dectron.com\/wp-content\/uploads\/2019\/11\/Dectron-DS-Series_fr.pdf\" target=\"_blank\" rel=\"noopener\"><img decoding=\"async\" src=\"https:\/\/dectron.com\/wp-content\/uploads\/2025\/06\/dry-o-tron-ds-brochure-fr.jpg\" width=\"150\" height=\"194\" \/><br><\/a>\n<a href=\"https:\/\/dectron.com\/wp-content\/uploads\/2019\/11\/Dectron-DS-Series_fr.pdf\" target=\"_blank\" rel=\"noopener\">S\u00e9rie DS\nde Dry\u2011O\u2011Tron\nde <strong>Dectron<\/strong>\n<\/a><\/div>\n\t\t\t\t<\/div>\n\t\t\t\t\t\t\t\t<\/div>\n\t\t\t\t\t\t<\/div>\n\t\t\t\t<\/div>\n\t\t\t\t\t<\/div>\n\t\t<\/div>\n\t\t\t\t\t<\/div>\n\t\t<\/section>\n\t\t\t\t<\/div>\n\t\t","protected":false},"excerpt":{"rendered":"<p>Dry-O-Tron : S\u00e9rie DS Une technologie de d\u00e9shumidification r\u00e9volutionnaire La S\u00e9rie DS de\u00a0Dry\u2011O\u2011Tron\u00a0est ce qui se fait de mieux dans l\u2019industrie du d\u00e9shumidificateur \u00e0 compression. Sa technologie et sa conception exceptionnelles, combin\u00e9es \u00e0 ses composants de premi\u00e8re qualit\u00e9, font de la S\u00e9rie DS de\u00a0Dry\u2011O\u2011Tron\u00a0une gamme \u00e0 la fois \u00e9co\u00e9nerg\u00e9tique et extr\u00eamement fiable. Une unit\u00e9 de [&hellip;]<\/p>\n","protected":false},"author":6,"featured_media":4768,"parent":5121,"menu_order":0,"comment_status":"closed","ping_status":"closed","template":"","meta":{"_acf_changed":false,"footnotes":""},"class_list":["post-5199","page","type-page","status-publish","has-post-thumbnail","hentry"],"acf":[],"yoast_head":"<!-- This site is optimized with the Yoast SEO plugin v27.1.1 - https:\/\/yoast.com\/product\/yoast-seo-wordpress\/ -->\n<title>Dry-O-Tron : S\u00e9rie DS - Dectron<\/title>\n<meta name=\"robots\" content=\"index, follow, max-snippet:-1, max-image-preview:large, max-video-preview:-1\" \/>\n<link rel=\"canonical\" href=\"https:\/\/dectron.com\/products\/dry-o-tron-ds\/\" \/>\n<meta property=\"og:locale\" content=\"fr_FR\" \/>\n<meta property=\"og:type\" content=\"article\" \/>\n<meta property=\"og:title\" content=\"Dry-O-Tron : S\u00e9rie DS - Dectron\" \/>\n<meta property=\"og:description\" content=\"Dry-O-Tron : S\u00e9rie DS Une technologie de d\u00e9shumidification r\u00e9volutionnaire La S\u00e9rie DS de\u00a0Dry\u2011O\u2011Tron\u00a0est ce qui se fait de mieux dans l\u2019industrie du d\u00e9shumidificateur \u00e0 compression. Sa technologie et sa conception exceptionnelles, combin\u00e9es \u00e0 ses composants de premi\u00e8re qualit\u00e9, font de la S\u00e9rie DS de\u00a0Dry\u2011O\u2011Tron\u00a0une gamme \u00e0 la fois \u00e9co\u00e9nerg\u00e9tique et extr\u00eamement fiable. Une unit\u00e9 de [&hellip;]\" \/>\n<meta property=\"og:url\" content=\"https:\/\/dectron.com\/products\/dry-o-tron-ds\/\" \/>\n<meta property=\"og:site_name\" content=\"Dectron\" \/>\n<meta property=\"article:modified_time\" content=\"2025-06-03T14:32:40+00:00\" \/>\n<meta property=\"og:image\" content=\"https:\/\/dectron.com\/wp-content\/uploads\/2017\/12\/banner-dry-o-tron-ds.jpg\" \/>\n\t<meta property=\"og:image:width\" content=\"1920\" \/>\n\t<meta property=\"og:image:height\" content=\"615\" \/>\n\t<meta property=\"og:image:type\" content=\"image\/jpeg\" \/>\n<meta name=\"twitter:card\" content=\"summary_large_image\" \/>\n<meta name=\"twitter:label1\" content=\"Dur\u00e9e de lecture estim\u00e9e\" \/>\n\t<meta name=\"twitter:data1\" content=\"4 minutes\" \/>\n<script type=\"application\/ld+json\" class=\"yoast-schema-graph\">{\"@context\":\"https:\/\/schema.org\",\"@graph\":[{\"@type\":\"WebPage\",\"@id\":\"https:\/\/dectron.com\/products\/dry-o-tron-ds\/\",\"url\":\"https:\/\/dectron.com\/products\/dry-o-tron-ds\/\",\"name\":\"Dry-O-Tron : S\u00e9rie DS - Dectron\",\"isPartOf\":{\"@id\":\"https:\/\/dectron.com\/#website\"},\"primaryImageOfPage\":{\"@id\":\"https:\/\/dectron.com\/products\/dry-o-tron-ds\/#primaryimage\"},\"image\":{\"@id\":\"https:\/\/dectron.com\/products\/dry-o-tron-ds\/#primaryimage\"},\"thumbnailUrl\":\"https:\/\/dectron.com\/wp-content\/uploads\/2017\/12\/banner-dry-o-tron-ds.jpg\",\"datePublished\":\"2017-12-08T04:48:42+00:00\",\"dateModified\":\"2025-06-03T14:32:40+00:00\",\"breadcrumb\":{\"@id\":\"https:\/\/dectron.com\/products\/dry-o-tron-ds\/#breadcrumb\"},\"inLanguage\":\"fr-FR\",\"potentialAction\":[{\"@type\":\"ReadAction\",\"target\":[\"https:\/\/dectron.com\/products\/dry-o-tron-ds\/\"]}]},{\"@type\":\"ImageObject\",\"inLanguage\":\"fr-FR\",\"@id\":\"https:\/\/dectron.com\/products\/dry-o-tron-ds\/#primaryimage\",\"url\":\"https:\/\/dectron.com\/wp-content\/uploads\/2017\/12\/banner-dry-o-tron-ds.jpg\",\"contentUrl\":\"https:\/\/dectron.com\/wp-content\/uploads\/2017\/12\/banner-dry-o-tron-ds.jpg\",\"width\":1920,\"height\":615},{\"@type\":\"BreadcrumbList\",\"@id\":\"https:\/\/dectron.com\/products\/dry-o-tron-ds\/#breadcrumb\",\"itemListElement\":[{\"@type\":\"ListItem\",\"position\":1,\"name\":\"Produits\",\"item\":\"https:\/\/dectron.com\/products\/\"},{\"@type\":\"ListItem\",\"position\":2,\"name\":\"Dry-O-Tron : S\u00e9rie DS\"}]},{\"@type\":\"WebSite\",\"@id\":\"https:\/\/dectron.com\/#website\",\"url\":\"https:\/\/dectron.com\/\",\"name\":\"Dectron\",\"description\":\"DRY-O-TRON\",\"potentialAction\":[{\"@type\":\"SearchAction\",\"target\":{\"@type\":\"EntryPoint\",\"urlTemplate\":\"https:\/\/dectron.com\/?s={search_term_string}\"},\"query-input\":{\"@type\":\"PropertyValueSpecification\",\"valueRequired\":true,\"valueName\":\"search_term_string\"}}],\"inLanguage\":\"fr-FR\"}]}<\/script>\n<!-- \/ Yoast SEO plugin. -->","yoast_head_json":{"title":"Dry-O-Tron : S\u00e9rie DS - Dectron","robots":{"index":"index","follow":"follow","max-snippet":"max-snippet:-1","max-image-preview":"max-image-preview:large","max-video-preview":"max-video-preview:-1"},"canonical":"https:\/\/dectron.com\/products\/dry-o-tron-ds\/","og_locale":"fr_FR","og_type":"article","og_title":"Dry-O-Tron : S\u00e9rie DS - Dectron","og_description":"Dry-O-Tron : S\u00e9rie DS Une technologie de d\u00e9shumidification r\u00e9volutionnaire La S\u00e9rie DS de\u00a0Dry\u2011O\u2011Tron\u00a0est ce qui se fait de mieux dans l\u2019industrie du d\u00e9shumidificateur \u00e0 compression. Sa technologie et sa conception exceptionnelles, combin\u00e9es \u00e0 ses composants de premi\u00e8re qualit\u00e9, font de la S\u00e9rie DS de\u00a0Dry\u2011O\u2011Tron\u00a0une gamme \u00e0 la fois \u00e9co\u00e9nerg\u00e9tique et extr\u00eamement fiable. Une unit\u00e9 de [&hellip;]","og_url":"https:\/\/dectron.com\/products\/dry-o-tron-ds\/","og_site_name":"Dectron","article_modified_time":"2025-06-03T14:32:40+00:00","og_image":[{"width":1920,"height":615,"url":"https:\/\/dectron.com\/wp-content\/uploads\/2017\/12\/banner-dry-o-tron-ds.jpg","type":"image\/jpeg"}],"twitter_card":"summary_large_image","twitter_misc":{"Dur\u00e9e de lecture estim\u00e9e":"4 minutes"},"schema":{"@context":"https:\/\/schema.org","@graph":[{"@type":"WebPage","@id":"https:\/\/dectron.com\/products\/dry-o-tron-ds\/","url":"https:\/\/dectron.com\/products\/dry-o-tron-ds\/","name":"Dry-O-Tron : S\u00e9rie DS - Dectron","isPartOf":{"@id":"https:\/\/dectron.com\/#website"},"primaryImageOfPage":{"@id":"https:\/\/dectron.com\/products\/dry-o-tron-ds\/#primaryimage"},"image":{"@id":"https:\/\/dectron.com\/products\/dry-o-tron-ds\/#primaryimage"},"thumbnailUrl":"https:\/\/dectron.com\/wp-content\/uploads\/2017\/12\/banner-dry-o-tron-ds.jpg","datePublished":"2017-12-08T04:48:42+00:00","dateModified":"2025-06-03T14:32:40+00:00","breadcrumb":{"@id":"https:\/\/dectron.com\/products\/dry-o-tron-ds\/#breadcrumb"},"inLanguage":"fr-FR","potentialAction":[{"@type":"ReadAction","target":["https:\/\/dectron.com\/products\/dry-o-tron-ds\/"]}]},{"@type":"ImageObject","inLanguage":"fr-FR","@id":"https:\/\/dectron.com\/products\/dry-o-tron-ds\/#primaryimage","url":"https:\/\/dectron.com\/wp-content\/uploads\/2017\/12\/banner-dry-o-tron-ds.jpg","contentUrl":"https:\/\/dectron.com\/wp-content\/uploads\/2017\/12\/banner-dry-o-tron-ds.jpg","width":1920,"height":615},{"@type":"BreadcrumbList","@id":"https:\/\/dectron.com\/products\/dry-o-tron-ds\/#breadcrumb","itemListElement":[{"@type":"ListItem","position":1,"name":"Produits","item":"https:\/\/dectron.com\/products\/"},{"@type":"ListItem","position":2,"name":"Dry-O-Tron : S\u00e9rie DS"}]},{"@type":"WebSite","@id":"https:\/\/dectron.com\/#website","url":"https:\/\/dectron.com\/","name":"Dectron","description":"DRY-O-TRON","potentialAction":[{"@type":"SearchAction","target":{"@type":"EntryPoint","urlTemplate":"https:\/\/dectron.com\/?s={search_term_string}"},"query-input":{"@type":"PropertyValueSpecification","valueRequired":true,"valueName":"search_term_string"}}],"inLanguage":"fr-FR"}]}},"_links":{"self":[{"href":"https:\/\/dectron.com\/fr\/wp-json\/wp\/v2\/pages\/5199","targetHints":{"allow":["GET"]}}],"collection":[{"href":"https:\/\/dectron.com\/fr\/wp-json\/wp\/v2\/pages"}],"about":[{"href":"https:\/\/dectron.com\/fr\/wp-json\/wp\/v2\/types\/page"}],"author":[{"embeddable":true,"href":"https:\/\/dectron.com\/fr\/wp-json\/wp\/v2\/users\/6"}],"replies":[{"embeddable":true,"href":"https:\/\/dectron.com\/fr\/wp-json\/wp\/v2\/comments?post=5199"}],"version-history":[{"count":39,"href":"https:\/\/dectron.com\/fr\/wp-json\/wp\/v2\/pages\/5199\/revisions"}],"predecessor-version":[{"id":12097,"href":"https:\/\/dectron.com\/fr\/wp-json\/wp\/v2\/pages\/5199\/revisions\/12097"}],"up":[{"embeddable":true,"href":"https:\/\/dectron.com\/fr\/wp-json\/wp\/v2\/pages\/5121"}],"wp:featuredmedia":[{"embeddable":true,"href":"https:\/\/dectron.com\/fr\/wp-json\/wp\/v2\/media\/4768"}],"wp:attachment":[{"href":"https:\/\/dectron.com\/fr\/wp-json\/wp\/v2\/media?parent=5199"}],"curies":[{"name":"wp","href":"https:\/\/api.w.org\/{rel}","templated":true}]}}