{"id":5212,"date":"2017-12-07T23:50:17","date_gmt":"2017-12-08T04:50:17","guid":{"rendered":"https:\/\/dectron.com\/?page_id=5212"},"modified":"2025-06-03T14:33:09","modified_gmt":"2025-06-03T18:33:09","slug":"dry-o-tron-serie-ld-leeder","status":"publish","type":"page","link":"https:\/\/dectron.com\/fr\/produits\/dry-o-tron-serie-ld-leeder\/","title":{"rendered":"Dry-O-Tron : S\u00e9rie LD\/LEEDeR"},"content":{"rendered":"\t\t<div data-elementor-type=\"wp-page\" data-elementor-id=\"5212\" class=\"elementor elementor-5212 elementor-534\" data-elementor-post-type=\"page\">\n\t\t\t\t\t\t<section class=\"elementor-section elementor-top-section elementor-element elementor-element-5f3d21c elementor-section-boxed elementor-section-height-default elementor-section-height-default\" data-id=\"5f3d21c\" data-element_type=\"section\" data-e-type=\"section\">\n\t\t\t\t\t\t<div class=\"elementor-container elementor-column-gap-default\">\n\t\t\t\t\t<div class=\"elementor-column elementor-col-100 elementor-top-column elementor-element elementor-element-143dae1c\" data-id=\"143dae1c\" data-element_type=\"column\" data-e-type=\"column\">\n\t\t\t<div class=\"elementor-widget-wrap elementor-element-populated\">\n\t\t\t\t\t\t<div class=\"elementor-element elementor-element-2dfe0df9 elementor-widget elementor-widget-heading\" data-id=\"2dfe0df9\" data-element_type=\"widget\" data-e-type=\"widget\" data-widget_type=\"heading.default\">\n\t\t\t\t<div class=\"elementor-widget-container\">\n\t\t\t\t\t<h2 class=\"elementor-heading-title elementor-size-default\">Dectron : l\u2019avenir de la d\u00e9shumidification<\/h2>\t\t\t\t<\/div>\n\t\t\t\t<\/div>\n\t\t\t\t<div class=\"elementor-element elementor-element-7c45d524 elementor-widget elementor-widget-heading\" data-id=\"7c45d524\" data-element_type=\"widget\" data-e-type=\"widget\" data-widget_type=\"heading.default\">\n\t\t\t\t<div class=\"elementor-widget-container\">\n\t\t\t\t\t<h3 class=\"elementor-heading-title elementor-size-default\">Une innovation de g\u00e9nie<\/h3>\t\t\t\t<\/div>\n\t\t\t\t<\/div>\n\t\t\t\t<div class=\"elementor-element elementor-element-6c049ea0 elementor-widget elementor-widget-text-editor\" data-id=\"6c049ea0\" data-element_type=\"widget\" data-e-type=\"widget\" data-widget_type=\"text-editor.default\">\n\t\t\t\t<div class=\"elementor-widget-container\">\n\t\t\t\t\t\t\t\t\t<p>La\u00a0<strong>S\u00e9rie LD\/LEEDeR de Dry O Tron<\/strong>\u00a0\u2013 la plus importante innovation de l\u2019industrie des 20 derni\u00e8res ann\u00e9es \u2013 est litt\u00e9ralement l\u2019avenir de la d\u00e9shumidification. Dans les grandes piscines, un d\u00e9shumidificateur traditionnel exige de grandes quantit\u00e9s de liquide refroidissant, ce qui engendre non seulement des co\u00fbts importants, mais aussi des probl\u00e8mes de circulation susceptibles de nuire \u00e0 la fiabilit\u00e9 du compresseur.<\/p>\t\t\t\t\t\t\t\t<\/div>\n\t\t\t\t<\/div>\n\t\t\t\t<div class=\"elementor-element elementor-element-47d2085d elementor-widget elementor-widget-heading\" data-id=\"47d2085d\" data-element_type=\"widget\" data-e-type=\"widget\" data-widget_type=\"heading.default\">\n\t\t\t\t<div class=\"elementor-widget-container\">\n\t\t\t\t\t<h3 class=\"elementor-heading-title elementor-size-default\">La solution aux mod\u00e8les traditionnels<\/h3>\t\t\t\t<\/div>\n\t\t\t\t<\/div>\n\t\t\t\t<div class=\"elementor-element elementor-element-61c2188a elementor-widget elementor-widget-text-editor\" data-id=\"61c2188a\" data-element_type=\"widget\" data-e-type=\"widget\" data-widget_type=\"text-editor.default\">\n\t\t\t\t<div class=\"elementor-widget-container\">\n\t\t\t\t\t\t\t\t\t<p>Le syst\u00e8me de refroidissement \u00e0 condensateurs s\u00e9par\u00e9s des mod\u00e8les traditionnels limite aussi grandement la distance entre l\u2019appareil et ses condensateurs. Notre ing\u00e9nieuse\u00a0<strong>S\u00e9rie LD\/LEEDeR<\/strong>\u00a0fait d\u2019une pierre deux coups en utilisant un m\u00e9lange d\u2019eau et de glycol comme fluide secondaire de transfert de chaleur. Elle n\u2019utilise donc que le sixi\u00e8me de la quantit\u00e9 de liquide de refroidissement d\u2019un mod\u00e8le traditionnel, permettant ainsi un contr\u00f4le sup\u00e9rieur de l\u2019humidit\u00e9 et une fiabilit\u00e9 incomparable \u00e0 moindre co\u00fbt.<\/p>\t\t\t\t\t\t\t\t<\/div>\n\t\t\t\t<\/div>\n\t\t\t\t<div class=\"elementor-element elementor-element-c167e9a elementor-widget elementor-widget-heading\" data-id=\"c167e9a\" data-element_type=\"widget\" data-e-type=\"widget\" data-widget_type=\"heading.default\">\n\t\t\t\t<div class=\"elementor-widget-container\">\n\t\t\t\t\t<h3 class=\"elementor-heading-title elementor-size-default\">Un d\u00e9shumidificateur haute performance<\/h3>\t\t\t\t<\/div>\n\t\t\t\t<\/div>\n\t\t\t\t<div class=\"elementor-element elementor-element-b562f3e elementor-widget elementor-widget-text-editor\" data-id=\"b562f3e\" data-element_type=\"widget\" data-e-type=\"widget\" data-widget_type=\"text-editor.default\">\n\t\t\t\t<div class=\"elementor-widget-container\">\n\t\t\t\t\t\t\t\t\t<div class=\"kc-elm kc-css-699889 kc_text_block\"><p>Notre\u00a0<strong>S\u00e9rie LD\/LEEDeR de Dry O Tron<\/strong> est la meilleure de sa cat\u00e9gorie avec une capacit\u00e9 d\u2019\u00e9limination de 110 \u00e0 765 livres d\u2019humidit\u00e9 \u00e0 l\u2019heure et de traitement de 6 000 \u00e0 64 000 PCM d\u2019air! De plus, elle est con\u00e7ue pour \u00eatre combin\u00e9e au syst\u00e8me d\u2019\u00e9limination des chloramines de Paddock Evacuator pour en optimiser la performance.<\/p><\/div>\t\t\t\t\t\t\t\t<\/div>\n\t\t\t\t<\/div>\n\t\t\t\t<div class=\"elementor-element elementor-element-2780853c elementor-widget elementor-widget-accordion\" data-id=\"2780853c\" data-element_type=\"widget\" data-e-type=\"widget\" data-widget_type=\"accordion.default\">\n\t\t\t\t<div class=\"elementor-widget-container\">\n\t\t\t\t\t\t\t<div class=\"elementor-accordion\">\n\t\t\t\t\t\t\t<div class=\"elementor-accordion-item\">\n\t\t\t\t\t<div id=\"elementor-tab-title-6621\" class=\"elementor-tab-title\" data-tab=\"1\" role=\"button\" aria-controls=\"elementor-tab-content-6621\" aria-expanded=\"false\">\n\t\t\t\t\t\t\t\t\t\t\t\t<a class=\"elementor-accordion-title\" tabindex=\"0\">FAITS SAILLANTS<\/a>\n\t\t\t\t\t<\/div>\n\t\t\t\t\t<div id=\"elementor-tab-content-6621\" class=\"elementor-tab-content elementor-clearfix\" data-tab=\"1\" role=\"region\" aria-labelledby=\"elementor-tab-title-6621\"><ul class=\"clo-2\"><li>Le nec plus ultra dans le maintien des conditions d\u2019une piscine int\u00e9rieure gr\u00e2ce \u00e0 une r\u00e9gulation compl\u00e8te de la temp\u00e9rature de r\u00e9chauffage<\/li><li>Jusqu\u2019\u00e0 85 % d\u2019\u00e9conomie en liquide de refroidissement gr\u00e2ce \u00e0 notre syst\u00e8me compl\u00e8tement scell\u00e9 en usine<\/li><li>Aucun service d\u2019installation de syst\u00e8me de refroidissement requis<\/li><li>Faible co\u00fbt d\u2019installation et d\u2019entretien<\/li><li>Respect des normes ASHRAE 15 et 34<\/li><li>Aucun probl\u00e8me saisonnier de circulation de l\u2019huile et du liquide de refroidissement<\/li><li>Risque r\u00e9duit de probl\u00e8mes de compresseur<\/li><li>Performance accrue<\/li><li>Syst\u00e8me de refroidissement par eau con\u00e7u pour permettre une grande distance entre l\u2019\u00e9changeur de chaleur et l\u2019appareil<\/li><li>Possibilit\u00e9 d\u2019utiliser des tuyaux de PVC au lieu de tuyaux de cuivre pour l\u2019\u00e9changeur de chaleur<\/li><li>Efficacit\u00e9 de 5 \u00e0 7 % plus \u00e9lev\u00e9e qu\u2019un syst\u00e8me muni d\u2019un condensateur DX s\u00e9par\u00e9<\/li><li>Technologie WebSentry de surveillance et de contr\u00f4le num\u00e9rique<\/li><li>Syst\u00e8me de commande SuperviseAire \u00e0 \u00e9cran tactile<\/li><li>R\u00e9sistance sup\u00e9rieure \u00e0 la corrosion<\/li><li>Compartiment m\u00e9canique externe au syst\u00e8me d\u2019\u00e9coulement d\u2019air sur tous les appareils<ul><li>Augmente la performance du syst\u00e8me en \u00e9vitant que la chaleur du compresseur et du moteur souffleur se retrouve dans l\u2019air trait\u00e9<\/li><li>Permet l\u2019ex\u00e9cution d\u2019un grand nombre de travaux d\u2019entretien m\u00eame lorsque l\u2019appareil est en marche<\/li><li>Prot\u00e8ge les composants essentiels comme le compresseur et le moteur souffleur des jets d\u2019air<\/li><\/ul><\/li><\/ul><\/div>\n\t\t\t\t<\/div>\n\t\t\t\t\t\t\t<div class=\"elementor-accordion-item\">\n\t\t\t\t\t<div id=\"elementor-tab-title-6622\" class=\"elementor-tab-title\" data-tab=\"2\" role=\"button\" aria-controls=\"elementor-tab-content-6622\" aria-expanded=\"false\">\n\t\t\t\t\t\t\t\t\t\t\t\t<a class=\"elementor-accordion-title\" tabindex=\"0\">SP\u00c9CIFICATIONS<\/a>\n\t\t\t\t\t<\/div>\n\t\t\t\t\t<div id=\"elementor-tab-content-6622\" class=\"elementor-tab-content elementor-clearfix\" data-tab=\"2\" role=\"region\" aria-labelledby=\"elementor-tab-title-6622\"><p>\u00c0 venir.<\/p><\/div>\n\t\t\t\t<\/div>\n\t\t\t\t\t\t\t<div class=\"elementor-accordion-item\">\n\t\t\t\t\t<div id=\"elementor-tab-title-6623\" class=\"elementor-tab-title\" data-tab=\"3\" role=\"button\" aria-controls=\"elementor-tab-content-6623\" aria-expanded=\"false\">\n\t\t\t\t\t\t\t\t\t\t\t\t<a class=\"elementor-accordion-title\" tabindex=\"0\">OPTIONS<\/a>\n\t\t\t\t\t<\/div>\n\t\t\t\t\t<div id=\"elementor-tab-content-6623\" class=\"elementor-tab-content elementor-clearfix\" data-tab=\"3\" role=\"region\" aria-labelledby=\"elementor-tab-title-6623\"><ul class=\"clo-2\"><li>Chauffage de l\u2019eau de la piscine<\/li><li>R\u00e9cup\u00e9ration de la chaleur \u00e9vacu\u00e9e<\/li><li>Mode de purge avec \u00e9conomiseur<\/li><li>Climatisation : refroidissement par air (condensateur s\u00e9par\u00e9 ou compos\u00e9) ou par eau froide<\/li><li>Chauffage \u00e0 air d\u2019appoint : par eau chaude, \u00e9lectricit\u00e9, vapeur ou gaz<\/li><li>Registre motoris\u00e9 ext\u00e9rieur connect\u00e9 \u00e0 l\u2019horloge interne pour une mise en marche et un arr\u00eat automatiques<\/li><li>Ventilation ext\u00e9rieure int\u00e9gr\u00e9e comprenant un filtre et un registre \u00e0 r\u00e9glage manuel<\/li><li>Version am\u00e9lior\u00e9e avec filtre MERV-13<\/li><\/ul><\/div>\n\t\t\t\t<\/div>\n\t\t\t\t\t\t\t<div class=\"elementor-accordion-item\">\n\t\t\t\t\t<div id=\"elementor-tab-title-6624\" class=\"elementor-tab-title\" data-tab=\"4\" role=\"button\" aria-controls=\"elementor-tab-content-6624\" aria-expanded=\"false\">\n\t\t\t\t\t\t\t\t\t\t\t\t<a class=\"elementor-accordion-title\" tabindex=\"0\">CARACT\u00c9RISTIQUES DE BASE<\/a>\n\t\t\t\t\t<\/div>\n\t\t\t\t\t<div id=\"elementor-tab-content-6624\" class=\"elementor-tab-content elementor-clearfix\" data-tab=\"4\" role=\"region\" aria-labelledby=\"elementor-tab-title-6624\"><ul class=\"clo-2\"><li><a href=\"https:\/\/dectron.com\/fr\/technologie-vision-2-0\/\">Technologie WebSentry<\/a> de surveillance et de contr\u00f4le num\u00e9rique<ul><li>Entretien \u00e0 distance de l\u2019appareil par le fabricant<\/li><li>Suivi de la performance en tout temps<\/li><li>Historique complet de la performance de l\u2019appareil accessible en ligne pour faciliter la r\u00e9solution de probl\u00e8me<\/li><li>Envoi d\u2019un courriel de mise en garde en cas de probl\u00e8me<\/li><li>Acc\u00e8s et contr\u00f4le \u00e0 distance par t\u00e9l\u00e9phone intelligent<\/li><\/ul><\/li><li>Garantie unique d\u2019un an sur la main-d\u2019\u0153uvre offerte avec la technologie WebSentry<\/li><li>Garantie de deux ans sur les pi\u00e8ces<\/li><li>Syst\u00e8me de commande SuperviseAire avec interface tactile en option<ul><li>Contr\u00f4leur le plus performant et le plus sophistiqu\u00e9 de l\u2019industrie<\/li><li>Connexion BACnet, LON et Modbus int\u00e9gr\u00e9e<\/li><\/ul><\/li><li>Compartiment d\u2019entretien externe au syst\u00e8me d\u2019\u00e9coulement d\u2019air sur tous les appareils<ul><li>Composants essentiels externes au syst\u00e8me d\u2019\u00e9coulement d\u2019air chlor\u00e9<\/li><li>Induction \u00e0 courant alternatif pour une performance optimale sans gain de chaleur des composants<\/li><li>Entretien facile m\u00eame lorsque l\u2019appareil est en marche<\/li><\/ul><\/li><li>Ventilateurs \u00e0 entra\u00eenement direct et chambre de distribution munis d\u2019un aileron inclin\u00e9<ul><li>Syst\u00e8me silencieux, efficace, fiable et \u00e9co\u00e9nerg\u00e9tique<\/li><li>Pression statique \u00e9lev\u00e9e<\/li><li>Fonctionnement \u00e9co\u00e9nerg\u00e9tique et silencieux<\/li><li>Option d\u2019installation par le fabricant d\u2019un syst\u00e8me de chauffage auxiliaire<\/li><li>Options infinies de raccord des conduits d\u2019air souffl\u00e9<\/li><li>Aucune courroie \u00e0 ajuster, entretenir ou remplacer<\/li><li>\u00c9quilibrage facile de l\u2019air gr\u00e2ce au contr\u00f4leur ou \u00e0 la technologie WebSentry<\/li><\/ul><\/li><li>Ailettes et serpentins enti\u00e8rement tremp\u00e9s pour une protection assur\u00e9e contre la corrosion<\/li><li>Protection sup\u00e9rieure du compresseur<ul><li>Aspiration et \u00e9coulement r\u00e9gul\u00e9 par la pression du syst\u00e8me de refroidissement<\/li><li>Surveillance continue de la pression g\u00e9n\u00e9r\u00e9e par l\u2019aspiration et l\u2019\u00e9coulement<\/li><li>\u00c9vacuation du liquide refroidissant, chauffe-carter et r\u00e9gulateur de tension<\/li><li>Bouteille anti-coup de liquide, d\u00e9shuileur et jauge d\u2019huile<\/li><\/ul><\/li><li>Hublots donnant sur les r\u00e9servoirs pour un approvisionnement facile des deux syst\u00e8mes<\/li><li>Syst\u00e8mes \u00e0 compresseurs multiples pour un contr\u00f4le \u00e9tag\u00e9<\/li><li>Multiples options d\u2019\u00e9vents pour l\u2019aspiration et l\u2019\u00e9vacuation d\u2019air<\/li><li>Options d\u2019installation invers\u00e9e permettant d\u2019adapter tous les mod\u00e8les selon la disposition des gaines et conduits d\u2019air<\/li><li>Bo\u00eetier \u00e0 la fine pointe de l\u2019industrie<ul><li>Isolant de 5 cm<\/li><li>Construction \u00e0 double paroi et arr\u00eat de porte<\/li><li>Auvents au-dessus des portes<\/li><\/ul><\/li><li>Syst\u00e8me de refroidissement par eau qui renvoie la chaleur vers les refroidisseurs ou l\u2019eau froide<\/li><li>Option d\u2019installation directement sur le toit ou sur une dalle<\/li><li>Filtres MERV-8<\/li><\/ul><\/div>\n\t\t\t\t<\/div>\n\t\t\t\t\t\t\t<div class=\"elementor-accordion-item\">\n\t\t\t\t\t<div id=\"elementor-tab-title-6625\" class=\"elementor-tab-title\" data-tab=\"5\" role=\"button\" aria-controls=\"elementor-tab-content-6625\" aria-expanded=\"false\">\n\t\t\t\t\t\t\t\t\t\t\t\t<a class=\"elementor-accordion-title\" tabindex=\"0\">T\u00c9L\u00c9CHARGEMENTS<\/a>\n\t\t\t\t\t<\/div>\n\t\t\t\t\t<div id=\"elementor-tab-content-6625\" class=\"elementor-tab-content elementor-clearfix\" data-tab=\"5\" role=\"region\" aria-labelledby=\"elementor-tab-title-6625\"><style><span data-mce-type=\"bookmark\" style=\"display: inline-block; width: 0px; overflow: hidden; line-height: 0;\" class=\"mce_SELRES_start\">\ufeff<\/span><br \/>table {border-collapse: collapse;}<br \/>td {argin: 0px; padding: 5px; text-align: left; border:0px solid #EDF4F9 !important; background-color: #EDF4F9 !important; }<br \/>.border {border: 0px solid #EDF4F9<span data-mce-type=\"bookmark\" style=\"display: inline-block; width: 0px; overflow: hidden; line-height: 0;\" class=\"mce_SELRES_start\">\ufeff<\/span>  !important; }<br \/>.noborders td {border:0; }<br \/><\/style>\n<table border=\"0\" width=\"100%\">\n<tbody>\n<tr>\n<td><p><a href=\"https:\/\/dectron.com\/wp-content\/uploads\/2025\/06\/dectron-green-hybrid-fr.pdf\" target=\"_blank\" rel=\"noopener\"><img fetchpriority=\"high\" decoding=\"async\" class=\"alignnone\" src=\"https:\/\/dectron.com\/wp-content\/uploads\/2025\/06\/dectron-green-hybrid-thumb-fr.png\" alt=\"\" width=\"249\" height=\"323\"><\/a><br><\/p>\n<p><a href=\"https:\/\/dectron.com\/wp-content\/uploads\/2025\/06\/dectron-green-hybrid-fr.pdf\" target=\"_blank\" rel=\"noopener\"><strong>Dectron<\/strong>\nDry-O-Tron Hybride<br>Conception Ecologique<\/a><\/p><\/td>\n<td><p><a href=\"https:\/\/dectron.com\/wp-content\/uploads\/2025\/06\/dectron-hybrid-fr.pdf\" target=\"_blank\" rel=\"noopener\"><img decoding=\"async\" class=\"alignnone\" src=\"https:\/\/dectron.com\/wp-content\/uploads\/2025\/06\/dectron-hybrid-thumb-fr.png\" alt=\"\" width=\"249\" height=\"323\"><\/a><br><\/p>\n<p><a href=\"https:\/\/dectron.com\/wp-content\/uploads\/2025\/06\/dectron-hybrid-fr.pdf\" target=\"_blank\" rel=\"noopener\"><strong>Dectron<\/strong>\nHybride<br>\n<\/a><\/p><\/td>\n<\/tr>\n<tr>\n<td><p><a href=\"https:\/\/dectron.com\/wp-content\/uploads\/2025\/06\/dectron-ventilation-forward-fr.pdf\" target=\"_blank\" rel=\"noopener\"><img decoding=\"async\" class=\"alignnone\" src=\"https:\/\/dectron.com\/wp-content\/uploads\/2025\/06\/dectron-ventilation-forward-thumb-fr.png\" alt=\"\" width=\"249\" height=\"323\"><\/a><br><\/p>\n<p><a href=\"https:\/\/dectron.com\/wp-content\/uploads\/2025\/06\/dectron-ventilation-forward-fr.pdf\" target=\"_blank\" rel=\"noopener\"><strong>Dectron<\/strong>\nVentilation Avant<\/a><\/p><\/td>\n<td><p><a href=\"https:\/\/dectron.com\/wp-content\/uploads\/2025\/06\/dectron-smart-purge-fr.pdf\" target=\"_blank\" rel=\"noopener\"><img loading=\"lazy\" decoding=\"async\" class=\"alignnone\" src=\"https:\/\/dectron.com\/wp-content\/uploads\/2025\/06\/dectron-smart-purge-thumb-fr.png\" alt=\"\" width=\"249\" height=\"323\"><\/a><br><\/p>\n<p><a href=\"https:\/\/dectron.com\/wp-content\/uploads\/2025\/06\/dectron-smart-purge-fr.pdf\" target=\"_blank\" rel=\"noopener\"><strong>Dectron<\/strong>\nPurge Intelligente<br>\n<\/a><\/p><\/td>\n<\/tr>\n<\/tbody>\n<\/table><\/div>\n\t\t\t\t<\/div>\n\t\t\t\t\t\t\t\t<\/div>\n\t\t\t\t\t\t<\/div>\n\t\t\t\t<\/div>\n\t\t\t\t\t<\/div>\n\t\t<\/div>\n\t\t\t\t\t<\/div>\n\t\t<\/section>\n\t\t\t\t<\/div>\n\t\t","protected":false},"excerpt":{"rendered":"<p>Dectron : l\u2019avenir de la d\u00e9shumidification Une innovation de g\u00e9nie La\u00a0S\u00e9rie LD\/LEEDeR de Dry O Tron\u00a0\u2013 la plus importante innovation de l\u2019industrie des 20 derni\u00e8res ann\u00e9es \u2013 est litt\u00e9ralement l\u2019avenir de la d\u00e9shumidification. Dans les grandes piscines, un d\u00e9shumidificateur traditionnel exige de grandes quantit\u00e9s de liquide refroidissant, ce qui engendre non seulement des co\u00fbts importants, [&hellip;]<\/p>\n","protected":false},"author":6,"featured_media":4740,"parent":5121,"menu_order":0,"comment_status":"closed","ping_status":"closed","template":"","meta":{"_acf_changed":false,"footnotes":""},"class_list":["post-5212","page","type-page","status-publish","has-post-thumbnail","hentry"],"acf":[],"yoast_head":"<!-- This site is optimized with the Yoast SEO plugin v27.1.1 - https:\/\/yoast.com\/product\/yoast-seo-wordpress\/ -->\n<title>Dry-O-Tron : S\u00e9rie LD\/LEEDeR - Dectron<\/title>\n<meta name=\"robots\" content=\"index, follow, max-snippet:-1, max-image-preview:large, max-video-preview:-1\" \/>\n<link rel=\"canonical\" href=\"https:\/\/dectron.com\/products\/dry-o-tron-ld-leader\/\" \/>\n<meta property=\"og:locale\" content=\"fr_FR\" \/>\n<meta property=\"og:type\" content=\"article\" \/>\n<meta property=\"og:title\" content=\"Dry-O-Tron : S\u00e9rie LD\/LEEDeR - Dectron\" \/>\n<meta property=\"og:description\" content=\"Dectron : l\u2019avenir de la d\u00e9shumidification Une innovation de g\u00e9nie La\u00a0S\u00e9rie LD\/LEEDeR de Dry O Tron\u00a0\u2013 la plus importante innovation de l\u2019industrie des 20 derni\u00e8res ann\u00e9es \u2013 est litt\u00e9ralement l\u2019avenir de la d\u00e9shumidification. Dans les grandes piscines, un d\u00e9shumidificateur traditionnel exige de grandes quantit\u00e9s de liquide refroidissant, ce qui engendre non seulement des co\u00fbts importants, [&hellip;]\" \/>\n<meta property=\"og:url\" content=\"https:\/\/dectron.com\/products\/dry-o-tron-ld-leader\/\" \/>\n<meta property=\"og:site_name\" content=\"Dectron\" \/>\n<meta property=\"article:modified_time\" content=\"2025-06-03T18:33:09+00:00\" \/>\n<meta property=\"og:image\" content=\"https:\/\/dectron.com\/wp-content\/uploads\/2017\/12\/product-hero.jpg\" \/>\n\t<meta property=\"og:image:width\" content=\"1920\" \/>\n\t<meta property=\"og:image:height\" content=\"700\" \/>\n\t<meta property=\"og:image:type\" content=\"image\/jpeg\" \/>\n<meta name=\"twitter:card\" content=\"summary_large_image\" \/>\n<meta name=\"twitter:label1\" content=\"Dur\u00e9e de lecture estim\u00e9e\" \/>\n\t<meta name=\"twitter:data1\" content=\"6 minutes\" \/>\n<script type=\"application\/ld+json\" class=\"yoast-schema-graph\">{\"@context\":\"https:\/\/schema.org\",\"@graph\":[{\"@type\":\"WebPage\",\"@id\":\"https:\/\/dectron.com\/products\/dry-o-tron-ld-leader\/\",\"url\":\"https:\/\/dectron.com\/products\/dry-o-tron-ld-leader\/\",\"name\":\"Dry-O-Tron : S\u00e9rie LD\/LEEDeR - Dectron\",\"isPartOf\":{\"@id\":\"https:\/\/dectron.com\/#website\"},\"primaryImageOfPage\":{\"@id\":\"https:\/\/dectron.com\/products\/dry-o-tron-ld-leader\/#primaryimage\"},\"image\":{\"@id\":\"https:\/\/dectron.com\/products\/dry-o-tron-ld-leader\/#primaryimage\"},\"thumbnailUrl\":\"https:\/\/dectron.com\/wp-content\/uploads\/2017\/12\/product-hero.jpg\",\"datePublished\":\"2017-12-08T04:50:17+00:00\",\"dateModified\":\"2025-06-03T18:33:09+00:00\",\"breadcrumb\":{\"@id\":\"https:\/\/dectron.com\/products\/dry-o-tron-ld-leader\/#breadcrumb\"},\"inLanguage\":\"fr-FR\",\"potentialAction\":[{\"@type\":\"ReadAction\",\"target\":[\"https:\/\/dectron.com\/products\/dry-o-tron-ld-leader\/\"]}]},{\"@type\":\"ImageObject\",\"inLanguage\":\"fr-FR\",\"@id\":\"https:\/\/dectron.com\/products\/dry-o-tron-ld-leader\/#primaryimage\",\"url\":\"https:\/\/dectron.com\/wp-content\/uploads\/2017\/12\/product-hero.jpg\",\"contentUrl\":\"https:\/\/dectron.com\/wp-content\/uploads\/2017\/12\/product-hero.jpg\",\"width\":1920,\"height\":700},{\"@type\":\"BreadcrumbList\",\"@id\":\"https:\/\/dectron.com\/products\/dry-o-tron-ld-leader\/#breadcrumb\",\"itemListElement\":[{\"@type\":\"ListItem\",\"position\":1,\"name\":\"Produits\",\"item\":\"https:\/\/dectron.com\/products\/\"},{\"@type\":\"ListItem\",\"position\":2,\"name\":\"Dry-O-Tron : S\u00e9rie LD\/LEEDeR\"}]},{\"@type\":\"WebSite\",\"@id\":\"https:\/\/dectron.com\/#website\",\"url\":\"https:\/\/dectron.com\/\",\"name\":\"Dectron\",\"description\":\"DRY-O-TRON\",\"potentialAction\":[{\"@type\":\"SearchAction\",\"target\":{\"@type\":\"EntryPoint\",\"urlTemplate\":\"https:\/\/dectron.com\/?s={search_term_string}\"},\"query-input\":{\"@type\":\"PropertyValueSpecification\",\"valueRequired\":true,\"valueName\":\"search_term_string\"}}],\"inLanguage\":\"fr-FR\"}]}<\/script>\n<!-- \/ Yoast SEO plugin. -->","yoast_head_json":{"title":"Dry-O-Tron : S\u00e9rie LD\/LEEDeR - Dectron","robots":{"index":"index","follow":"follow","max-snippet":"max-snippet:-1","max-image-preview":"max-image-preview:large","max-video-preview":"max-video-preview:-1"},"canonical":"https:\/\/dectron.com\/products\/dry-o-tron-ld-leader\/","og_locale":"fr_FR","og_type":"article","og_title":"Dry-O-Tron : S\u00e9rie LD\/LEEDeR - Dectron","og_description":"Dectron : l\u2019avenir de la d\u00e9shumidification Une innovation de g\u00e9nie La\u00a0S\u00e9rie LD\/LEEDeR de Dry O Tron\u00a0\u2013 la plus importante innovation de l\u2019industrie des 20 derni\u00e8res ann\u00e9es \u2013 est litt\u00e9ralement l\u2019avenir de la d\u00e9shumidification. Dans les grandes piscines, un d\u00e9shumidificateur traditionnel exige de grandes quantit\u00e9s de liquide refroidissant, ce qui engendre non seulement des co\u00fbts importants, [&hellip;]","og_url":"https:\/\/dectron.com\/products\/dry-o-tron-ld-leader\/","og_site_name":"Dectron","article_modified_time":"2025-06-03T18:33:09+00:00","og_image":[{"width":1920,"height":700,"url":"https:\/\/dectron.com\/wp-content\/uploads\/2017\/12\/product-hero.jpg","type":"image\/jpeg"}],"twitter_card":"summary_large_image","twitter_misc":{"Dur\u00e9e de lecture estim\u00e9e":"6 minutes"},"schema":{"@context":"https:\/\/schema.org","@graph":[{"@type":"WebPage","@id":"https:\/\/dectron.com\/products\/dry-o-tron-ld-leader\/","url":"https:\/\/dectron.com\/products\/dry-o-tron-ld-leader\/","name":"Dry-O-Tron : S\u00e9rie LD\/LEEDeR - Dectron","isPartOf":{"@id":"https:\/\/dectron.com\/#website"},"primaryImageOfPage":{"@id":"https:\/\/dectron.com\/products\/dry-o-tron-ld-leader\/#primaryimage"},"image":{"@id":"https:\/\/dectron.com\/products\/dry-o-tron-ld-leader\/#primaryimage"},"thumbnailUrl":"https:\/\/dectron.com\/wp-content\/uploads\/2017\/12\/product-hero.jpg","datePublished":"2017-12-08T04:50:17+00:00","dateModified":"2025-06-03T18:33:09+00:00","breadcrumb":{"@id":"https:\/\/dectron.com\/products\/dry-o-tron-ld-leader\/#breadcrumb"},"inLanguage":"fr-FR","potentialAction":[{"@type":"ReadAction","target":["https:\/\/dectron.com\/products\/dry-o-tron-ld-leader\/"]}]},{"@type":"ImageObject","inLanguage":"fr-FR","@id":"https:\/\/dectron.com\/products\/dry-o-tron-ld-leader\/#primaryimage","url":"https:\/\/dectron.com\/wp-content\/uploads\/2017\/12\/product-hero.jpg","contentUrl":"https:\/\/dectron.com\/wp-content\/uploads\/2017\/12\/product-hero.jpg","width":1920,"height":700},{"@type":"BreadcrumbList","@id":"https:\/\/dectron.com\/products\/dry-o-tron-ld-leader\/#breadcrumb","itemListElement":[{"@type":"ListItem","position":1,"name":"Produits","item":"https:\/\/dectron.com\/products\/"},{"@type":"ListItem","position":2,"name":"Dry-O-Tron : S\u00e9rie LD\/LEEDeR"}]},{"@type":"WebSite","@id":"https:\/\/dectron.com\/#website","url":"https:\/\/dectron.com\/","name":"Dectron","description":"DRY-O-TRON","potentialAction":[{"@type":"SearchAction","target":{"@type":"EntryPoint","urlTemplate":"https:\/\/dectron.com\/?s={search_term_string}"},"query-input":{"@type":"PropertyValueSpecification","valueRequired":true,"valueName":"search_term_string"}}],"inLanguage":"fr-FR"}]}},"_links":{"self":[{"href":"https:\/\/dectron.com\/fr\/wp-json\/wp\/v2\/pages\/5212","targetHints":{"allow":["GET"]}}],"collection":[{"href":"https:\/\/dectron.com\/fr\/wp-json\/wp\/v2\/pages"}],"about":[{"href":"https:\/\/dectron.com\/fr\/wp-json\/wp\/v2\/types\/page"}],"author":[{"embeddable":true,"href":"https:\/\/dectron.com\/fr\/wp-json\/wp\/v2\/users\/6"}],"replies":[{"embeddable":true,"href":"https:\/\/dectron.com\/fr\/wp-json\/wp\/v2\/comments?post=5212"}],"version-history":[{"count":34,"href":"https:\/\/dectron.com\/fr\/wp-json\/wp\/v2\/pages\/5212\/revisions"}],"predecessor-version":[{"id":12092,"href":"https:\/\/dectron.com\/fr\/wp-json\/wp\/v2\/pages\/5212\/revisions\/12092"}],"up":[{"embeddable":true,"href":"https:\/\/dectron.com\/fr\/wp-json\/wp\/v2\/pages\/5121"}],"wp:featuredmedia":[{"embeddable":true,"href":"https:\/\/dectron.com\/fr\/wp-json\/wp\/v2\/media\/4740"}],"wp:attachment":[{"href":"https:\/\/dectron.com\/fr\/wp-json\/wp\/v2\/media?parent=5212"}],"curies":[{"name":"wp","href":"https:\/\/api.w.org\/{rel}","templated":true}]}}